{"id":1467,"date":"2023-03-09T19:23:08","date_gmt":"2023-03-09T19:23:08","guid":{"rendered":"https:\/\/monteriver.com\/najczesciej-zadawane-pytania\/"},"modified":"2023-04-11T12:53:05","modified_gmt":"2023-04-11T12:53:05","slug":"najczesciej-zadawane-pytania","status":"publish","type":"page","link":"https:\/\/monteriver.com\/pl\/najczesciej-zadawane-pytania\/","title":{"rendered":"Najcz\u0119\u015bciej zadawane pytania"},"content":{"rendered":"\n<h1 class=\"wp-block-heading has-text-align-center\">Najcz\u0119\u015bciej zadawane pytania<\/h1>\n\n\n\n<p class=\"has-text-align-center has-medium-font-size\">Poni\u017cej znajduj\u0105 si\u0119 najcz\u0119stsze pytania od naszych go\u015bci i go\u015bci <a href=\"https:\/\/monteriver.com\/pl\/\" data-type=\"URL\" data-id=\"https:\/\/monteriver.com\/pl\/\">rafting na Tarze<\/a> i innych wycieczkach, na kt\u00f3re dajemy odpowiedzi. <br>W przypadku dodatkowych pyta\u0144 skontaktuj si\u0119 z nami pod <a href=\"mailto:reservationrafting@gmail.com\">adresem reservationrafting@gmail.com<\/a> lub <a href=\"tel:+38267017419\" data-type=\"tel\" data-id=\"tel:+38267017419\">+38267017419<\/a> (Viber \/ WhatsApp).<\/p>\n\n\n<div class=\"wp-block-ub-content-toggle\" id=\"ub-content-toggle-95e80f85-7502-474b-8ef1-e5545d7c8c83\" data-showonlyone=\"true\" data-mobilecollapse=\"false\" data-desktopcollapse=\"true\">\n<div class=\"no-border wp-block-ub-content-toggle-accordion\">\n                <div class=\"wp-block-ub-content-toggle-accordion-title-wrap\" aria-expanded=\"true\" aria-controls=\"ub-content-toggle-panel-0-95e80f85-7502-474b-8ef1-e5545d7c8c83\" tabindex=\"0\">\n                    <p class=\"wp-block-ub-content-toggle-accordion-title ub-content-toggle-title-95e80f85-7502-474b-8ef1-e5545d7c8c83\"><strong>Jaka jest dok\u0142adna lokalizacja Rafting Camp Modra Rijeka?<\/strong><\/p><div class=\"wp-block-ub-content-toggle-accordion-toggle-wrap right\"><span class=\"wp-block-ub-content-toggle-accordion-state-indicator wp-block-ub-chevron-down open\"><\/span>\n                    <\/div><\/div><div role=\"region\" class=\"wp-block-ub-content-toggle-accordion-content-wrap\" id=\"ub-content-toggle-panel-0-95e80f85-7502-474b-8ef1-e5545d7c8c83\">\n\n<p><a href=\"https:\/\/monteriver.com\/pl\/rafting-kamp-modra-rijeka\/\" data-type=\"page\" data-id=\"438\">Rafting Camp Modra Rijeka<\/a> znajduje si\u0119 w samym <a href=\"https:\/\/monteriver.com\/pl\/scepan-polje-i-soko-grad\/\" data-type=\"page\" data-id=\"499\">sercu Scepan Polje<\/a>, w Czarnog\u00f3rze, w pobli\u017cu granicy z Bo\u015bni\u0105 i Hercegowin\u0105, na brzegu rzeki. Wsp\u00f3\u0142rz\u0119dne GPS kempingu s\u0105 nast\u0119puj\u0105ce: <\/p>\n\n\n\n<ul>\n<li><strong>43.343093  <\/strong><\/li>\n\n\n\n<li><strong>18.841690<\/strong><\/li>\n<\/ul>\n\n\n\n<p>Link do<a href=\"https:\/\/www.google.com\/maps\/place\/Rafting+Camp+Modra+Rijeka\/@43.3430024,18.8404302,17z\/data=!4m9!3m8!1s0x134d298f46d58561:0x821a37a674ba7ffd!5m2!4m1!1i2!8m2!3d43.3429985!4d18.8426189!16s%2Fg%2F11b6c9f_w_\" data-type=\"URL\" data-id=\"https:\/\/www.google.com\/maps\/place\/Rafting+Camp+Modra+Rijeka\/@43.3430024,18.8404302,17z\/data=!4m9!3m8!1s0x134d298f46d58561:0x821a37a674ba7ffd!5m2!4m1!1i2!8m2!3d43.3429985!4d18.8426189!16s%2Fg%2F11b6c9f_w_\" target=\"_blank\" rel=\"noreferrer noopener nofollow\"> lokalizacji na mapie Google<\/a>.<\/p>\n\n<\/div><\/div>\n\n<div class=\"no-border wp-block-ub-content-toggle-accordion\">\n                <div class=\"wp-block-ub-content-toggle-accordion-title-wrap\" aria-expanded=\"false\" aria-controls=\"ub-content-toggle-panel-1-95e80f85-7502-474b-8ef1-e5545d7c8c83\" tabindex=\"0\">\n                    <p class=\"wp-block-ub-content-toggle-accordion-title ub-content-toggle-title-95e80f85-7502-474b-8ef1-e5545d7c8c83\"><strong>Czy mamy przy sobie paszport na rafting?<\/strong><\/p><div class=\"wp-block-ub-content-toggle-accordion-toggle-wrap right\"><span class=\"wp-block-ub-content-toggle-accordion-state-indicator wp-block-ub-chevron-down\"><\/span>\n                    <\/div><\/div><div role=\"region\" class=\"wp-block-ub-content-toggle-accordion-content-wrap ub-hide\" id=\"ub-content-toggle-panel-1-95e80f85-7502-474b-8ef1-e5545d7c8c83\">\n\n<p>Nie, wszystkie dokumenty mo\u017cna zostawi\u0107 w samochodzie, pokoju lub w recepcji naszego kempingu. Wybieraj\u0105c si\u0119 na rafting, nie przekraczaj formalnie granicy z Bo\u015bni\u0105 i Hercegowin\u0105, a na rzece nie potrzebujesz dokument\u00f3w. <a href=\"https:\/\/monteriver.com\/pl\/kanion-i-rzeka-tara\/\" data-type=\"page\" data-id=\"459\">Rzeka Tara<\/a> stanowi naturaln\u0105 granic\u0119 mi\u0119dzy Czarnog\u00f3r\u0105 a Bo\u015bni\u0105.<\/p>\n\n<\/div><\/div>\n\n<div class=\"no-border wp-block-ub-content-toggle-accordion\">\n                <div class=\"wp-block-ub-content-toggle-accordion-title-wrap\" aria-expanded=\"false\" aria-controls=\"ub-content-toggle-panel-2-95e80f85-7502-474b-8ef1-e5545d7c8c83\" tabindex=\"0\">\n                    <p class=\"wp-block-ub-content-toggle-accordion-title ub-content-toggle-title-95e80f85-7502-474b-8ef1-e5545d7c8c83\"><strong>W co si\u0119 ubra\u0107 na sp\u0142ywow\u0105 przygod\u0119 i co zabra\u0107 ze sob\u0105?<\/strong><\/p><div class=\"wp-block-ub-content-toggle-accordion-toggle-wrap right\"><span class=\"wp-block-ub-content-toggle-accordion-state-indicator wp-block-ub-chevron-down\"><\/span>\n                    <\/div><\/div><div role=\"region\" class=\"wp-block-ub-content-toggle-accordion-content-wrap ub-hide\" id=\"ub-content-toggle-panel-2-95e80f85-7502-474b-8ef1-e5545d7c8c83\">\n\n<p>Tylko str\u00f3j k\u0105pielowy i dobry nastr\u00f3j! Aparat \/ telefon, aby robi\u0107 najpi\u0119kniejsze zdj\u0119cia \/ uj\u0119cia podczas przygody!<\/p>\n\n<\/div><\/div>\n\n<div class=\"no-border wp-block-ub-content-toggle-accordion\">\n                <div class=\"wp-block-ub-content-toggle-accordion-title-wrap\" aria-expanded=\"false\" aria-controls=\"ub-content-toggle-panel-3-95e80f85-7502-474b-8ef1-e5545d7c8c83\" tabindex=\"0\">\n                    <p class=\"wp-block-ub-content-toggle-accordion-title ub-content-toggle-title-95e80f85-7502-474b-8ef1-e5545d7c8c83\"><strong>Czy dzieci mog\u0105 p\u0142ywa\u0107 na raftingu?<\/strong><\/p><div class=\"wp-block-ub-content-toggle-accordion-toggle-wrap right\"><span class=\"wp-block-ub-content-toggle-accordion-state-indicator wp-block-ub-chevron-down\"><\/span>\n                    <\/div><\/div><div role=\"region\" class=\"wp-block-ub-content-toggle-accordion-content-wrap ub-hide\" id=\"ub-content-toggle-panel-3-95e80f85-7502-474b-8ef1-e5545d7c8c83\">\n\n<p>Oczywi\u015bcie dzieci s\u0105 naszymi ulubionymi go\u015b\u0107mi i najbardziej lubi\u0105 fenomenaln\u0105 przygod\u0119 z raftingiem. W maju i w pierwszej po\u0142owie czerwca dzieci nie wybieraj\u0105 si\u0119 na rafting, poniewa\u017c poziom wody w rzece jest wysoki, ale w miesi\u0105cach letnich dzieci korzystaj\u0105 z niego najbardziej. Wszystkie dzieci w wieku szkolnym mog\u0105 korzysta\u0107 ze raftingu. \u263a<\/p>\n\n<\/div><\/div>\n\n<div class=\"no-border wp-block-ub-content-toggle-accordion\">\n                <div class=\"wp-block-ub-content-toggle-accordion-title-wrap\" aria-expanded=\"false\" aria-controls=\"ub-content-toggle-panel-4-95e80f85-7502-474b-8ef1-e5545d7c8c83\" tabindex=\"0\">\n                    <p class=\"wp-block-ub-content-toggle-accordion-title ub-content-toggle-title-95e80f85-7502-474b-8ef1-e5545d7c8c83\"><strong>Czy mo\u017cemy wnie\u015b\u0107 w\u0142asne napoje i odtwarza\u0107 w\u0142asn\u0105 muzyk\u0119 na terenie obozu?<\/strong><\/p><div class=\"wp-block-ub-content-toggle-accordion-toggle-wrap right\"><span class=\"wp-block-ub-content-toggle-accordion-state-indicator wp-block-ub-chevron-down\"><\/span>\n                    <\/div><\/div><div role=\"region\" class=\"wp-block-ub-content-toggle-accordion-content-wrap ub-hide\" id=\"ub-content-toggle-panel-4-95e80f85-7502-474b-8ef1-e5545d7c8c83\">\n\n<p>Wszystkie napoje w obozie s\u0105 zabronione i b\u0119d\u0105 karane. W obozie znajduje si\u0119 restauracja z szerokim asortymentem wszystkich ogrod\u00f3w napoj\u00f3w bezalkoholowych i alkoholowych, gor\u0105cych napoj\u00f3w itp., Z niezwykle przyst\u0119pnymi i uczciwymi cenami. W zwi\u0105zku z tym jakiekolwiek wprowadzanie napoj\u00f3w na teren Obozu i obiekt\u00f3w obozowych jest zabronione i nie b\u0119dzie tolerowane.<\/p>\n\n\n\n<p>Ponadto na terenie kempingu znajduje si\u0119 pi\u0119kna restauracja z najpi\u0119kniejszym tarasem w okolicy nad rzek\u0105, gdzie mo\u017cna si\u0119 spotyka\u0107, cieszy\u0107 si\u0119, s\u0142ucha\u0107 muzyki i dobrze si\u0119 bawi\u0107. W weekendy b\u0119d\u0105 wyst\u0119py na \u017cywo. Odtwarzanie muzyki w obiektach przeznaczonych do zakwaterowania i spania jest jednak zabronione, gdy\u017c zak\u0142\u00f3ca spok\u00f3j i odpoczynek innych go\u015bci. Prosimy o przestrzeganie zasad domu i gwarantujemy, \u017ce znajdziemy najlepszy spos\u00f3b, aby umo\u017cliwi\u0107 Ci cieszenie si\u0119 pobytem u nas w spos\u00f3b, w jaki sobie wyobra\u017ca\u0142e\u015b.<\/p>\n\n<\/div><\/div>\n\n<div class=\"no-border wp-block-ub-content-toggle-accordion\">\n                <div class=\"wp-block-ub-content-toggle-accordion-title-wrap\" aria-expanded=\"false\" aria-controls=\"ub-content-toggle-panel-5-95e80f85-7502-474b-8ef1-e5545d7c8c83\" tabindex=\"0\">\n                    <p class=\"wp-block-ub-content-toggle-accordion-title ub-content-toggle-title-95e80f85-7502-474b-8ef1-e5545d7c8c83\"><strong>Oferujesz transport do obozu raftingowego?<\/strong><\/p><div class=\"wp-block-ub-content-toggle-accordion-toggle-wrap right\"><span class=\"wp-block-ub-content-toggle-accordion-state-indicator wp-block-ub-chevron-down\"><\/span>\n                    <\/div><\/div><div role=\"region\" class=\"wp-block-ub-content-toggle-accordion-content-wrap ub-hide\" id=\"ub-content-toggle-panel-5-95e80f85-7502-474b-8ef1-e5545d7c8c83\">\n\n<p>Mo\u017cliwo\u015b\u0107 zorganizowania transportu dla wi\u0119kszych grup! Skontaktuj si\u0119 z nami przez e-mail, viber, WhatsApp, a my um\u00f3wimy si\u0119 zgodnie z Twoimi \u017cyczeniami.<\/p>\n\n<\/div><\/div>\n\n<div class=\"no-border wp-block-ub-content-toggle-accordion\">\n                <div class=\"wp-block-ub-content-toggle-accordion-title-wrap\" aria-expanded=\"false\" aria-controls=\"ub-content-toggle-panel-6-95e80f85-7502-474b-8ef1-e5545d7c8c83\" tabindex=\"0\">\n                    <p class=\"wp-block-ub-content-toggle-accordion-title ub-content-toggle-title-95e80f85-7502-474b-8ef1-e5545d7c8c83\"><strong>Czy oferujecie inne wycieczki?<\/strong><\/p><div class=\"wp-block-ub-content-toggle-accordion-toggle-wrap right\"><span class=\"wp-block-ub-content-toggle-accordion-state-indicator wp-block-ub-chevron-down\"><\/span>\n                    <\/div><\/div><div role=\"region\" class=\"wp-block-ub-content-toggle-accordion-content-wrap ub-hide\" id=\"ub-content-toggle-panel-6-95e80f85-7502-474b-8ef1-e5545d7c8c83\">\n\n<p>Opr\u00f3cz raftingu, z oferty wyr\u00f3\u017cniamy <a href=\"https:\/\/monteriver.com\/pl\/kanioning-nevidio\/\" data-type=\"page\" data-id=\"344\">canyoning Nevidio<\/a>, <a href=\"https:\/\/monteriver.com\/pl\/jeep-safari-durmitor\/\" data-type=\"page\" data-id=\"271\">jeep safari Durmitor<\/a>, <a href=\"https:\/\/monteriver.com\/pl\/kolarstwo-gorskie\/\" data-type=\"page\" data-id=\"362\">tyrolk\u0119, kolarstwo g\u00f3rskie<\/a>, <a href=\"https:\/\/monteriver.com\/pl\/turystyka-piesza-trsa\/\" data-type=\"page\" data-id=\"370\">w\u0119dr\u00f3wki<\/a>, <a href=\"https:\/\/monteriver.com\/pl\/rejs-po-jeziorze-piwnym\/\" data-type=\"page\" data-id=\"295\">rejs po jeziorze<\/a>, <a href=\"https:\/\/monteriver.com\/pl\/jezdziectwo\/\" data-type=\"page\" data-id=\"341\">jazd\u0119 konn\u0105<\/a> itp.<\/p>\n\n<\/div><\/div>\n\n<div class=\"no-border wp-block-ub-content-toggle-accordion\">\n                <div class=\"wp-block-ub-content-toggle-accordion-title-wrap\" aria-expanded=\"false\" aria-controls=\"ub-content-toggle-panel-7-95e80f85-7502-474b-8ef1-e5545d7c8c83\" tabindex=\"0\">\n                    <p class=\"wp-block-ub-content-toggle-accordion-title ub-content-toggle-title-95e80f85-7502-474b-8ef1-e5545d7c8c83\"><strong>Czy osoby nie umiej\u0105ce p\u0142ywa\u0107 mog\u0105 p\u0142ywa\u0107 na raftingu?<\/strong><\/p><div class=\"wp-block-ub-content-toggle-accordion-toggle-wrap right\"><span class=\"wp-block-ub-content-toggle-accordion-state-indicator wp-block-ub-chevron-down\"><\/span>\n                    <\/div><\/div><div role=\"region\" class=\"wp-block-ub-content-toggle-accordion-content-wrap ub-hide\" id=\"ub-content-toggle-panel-7-95e80f85-7502-474b-8ef1-e5545d7c8c83\">\n\n<p>OCZYWI\u015aCIE! Dzi\u0119ki ca\u0142emu profesjonalnemu sprz\u0119towi, kt\u00f3ry jest obowi\u0105zkowy podczas raftingu, a tak\u017ce naszym licencjonowanym profesjonalnym skipperom, osoby nieumiej\u0105ce p\u0142ywa\u0107 mog\u0105 ca\u0142kowicie podda\u0107 si\u0119 urokom natury i cieszy\u0107 si\u0119 niezapomnian\u0105 przygod\u0105 raftingu!<\/p>\n\n<\/div><\/div>\n<\/div>","protected":false},"excerpt":{"rendered":"<p>Najcz\u0119\u015bciej zadawane pytania Poni\u017cej znajduj\u0105 si\u0119 najcz\u0119stsze pytania od naszych go\u015bci i go\u015bci rafting na Tarze i innych wycieczkach, na kt\u00f3re dajemy odpowiedzi. W przypadku dodatkowych pyta\u0144 skontaktuj si\u0119 z nami pod adresem reservationrafting@gmail.com lub +38267017419 (Viber \/ WhatsApp).<\/p>\n","protected":false},"author":1,"featured_media":0,"parent":0,"menu_order":0,"comment_status":"closed","ping_status":"closed","template":"","meta":{"_uag_custom_page_level_css":"","ub_ctt_via":"","site-sidebar-layout":"default","site-content-layout":"default","ast-global-header-display":"","ast-main-header-display":"","ast-hfb-above-header-display":"","ast-hfb-below-header-display":"","ast-hfb-mobile-header-display":"","site-post-title":"disabled","ast-breadcrumbs-content":"","ast-featured-img":"","footer-sml-layout":"","theme-transparent-header-meta":"","adv-header-id-meta":"","stick-header-meta":"","header-above-stick-meta":"","header-main-stick-meta":"","header-below-stick-meta":"","footnotes":""},"featured_image_src":null,"uagb_featured_image_src":{"full":false,"thumbnail":false,"medium":false,"medium_large":false,"large":false,"1536x1536":false,"2048x2048":false},"uagb_author_info":{"display_name":"Visitors","author_link":"https:\/\/monteriver.com\/pl\/author\/modrarijeka2023_vq6wkb\/"},"uagb_comment_info":0,"uagb_excerpt":"Najcz\u0119\u015bciej zadawane pytania Poni\u017cej znajduj\u0105 si\u0119 najcz\u0119stsze pytania od naszych go\u015bci i go\u015bci rafting na Tarze i innych wycieczkach, na kt\u00f3re dajemy odpowiedzi. W przypadku dodatkowych pyta\u0144 skontaktuj si\u0119 z nami pod adresem reservationrafting@gmail.com lub +38267017419 (Viber \/ WhatsApp).","_links":{"self":[{"href":"https:\/\/monteriver.com\/pl\/wp-json\/wp\/v2\/pages\/1467"}],"collection":[{"href":"https:\/\/monteriver.com\/pl\/wp-json\/wp\/v2\/pages"}],"about":[{"href":"https:\/\/monteriver.com\/pl\/wp-json\/wp\/v2\/types\/page"}],"author":[{"embeddable":true,"href":"https:\/\/monteriver.com\/pl\/wp-json\/wp\/v2\/users\/1"}],"replies":[{"embeddable":true,"href":"https:\/\/monteriver.com\/pl\/wp-json\/wp\/v2\/comments?post=1467"}],"version-history":[{"count":3,"href":"https:\/\/monteriver.com\/pl\/wp-json\/wp\/v2\/pages\/1467\/revisions"}],"predecessor-version":[{"id":1471,"href":"https:\/\/monteriver.com\/pl\/wp-json\/wp\/v2\/pages\/1467\/revisions\/1471"}],"wp:attachment":[{"href":"https:\/\/monteriver.com\/pl\/wp-json\/wp\/v2\/media?parent=1467"}],"curies":[{"name":"wp","href":"https:\/\/api.w.org\/{rel}","templated":true}]}}