{"id":1369,"date":"2023-03-16T21:41:33","date_gmt":"2023-03-16T21:41:33","guid":{"rendered":"https:\/\/monteriver.com\/rzeka-piwna\/"},"modified":"2023-04-10T21:04:09","modified_gmt":"2023-04-10T21:04:09","slug":"rzeka-piwna","status":"publish","type":"page","link":"https:\/\/monteriver.com\/pl\/rzeka-piwna\/","title":{"rendered":"Rzeka piwna"},"content":{"rendered":"\n<div class=\"wp-block-cover alignfull\" style=\"min-height:500px\"><span aria-hidden=\"true\" class=\"wp-block-cover__background has-background-dim-20 has-background-dim\"><\/span><img decoding=\"async\" loading=\"lazy\" width=\"1200\" height=\"500\" class=\"wp-block-cover__image-background wp-image-482\" alt=\"Drveni most na rijeci Piva kod Pluzina\" src=\"https:\/\/monteriver.com\/wp-content\/uploads\/2023\/03\/rijeka-piva-pluzine.webp\" data-object-fit=\"cover\" srcset=\"https:\/\/monteriver.com\/wp-content\/uploads\/2023\/03\/rijeka-piva-pluzine.webp 1200w, https:\/\/monteriver.com\/wp-content\/uploads\/2023\/03\/rijeka-piva-pluzine-300x125.webp 300w, https:\/\/monteriver.com\/wp-content\/uploads\/2023\/03\/rijeka-piva-pluzine-1024x427.webp 1024w, https:\/\/monteriver.com\/wp-content\/uploads\/2023\/03\/rijeka-piva-pluzine-768x320.webp 768w\" sizes=\"(max-width: 1200px) 100vw, 1200px\" \/><div class=\"wp-block-cover__inner-container is-layout-flow wp-block-cover-is-layout-flow\">\n<h1 class=\"wp-block-heading has-text-align-center\" style=\"font-size:70px\">Rzeka piwna<\/h1>\n<\/div><\/div>\n\n\n\n<div class=\"wp-block-columns alignfull are-vertically-aligned-top has-ast-global-color-5-background-color has-background is-layout-flex wp-container-5 wp-block-columns-is-layout-flex\">\n<div class=\"wp-block-column is-vertically-aligned-top is-layout-flow wp-block-column-is-layout-flow\" style=\"flex-basis:20%\"><\/div>\n\n\n\n<div class=\"wp-block-column is-vertically-aligned-top is-layout-flow wp-block-column-is-layout-flow\">\n<p class=\"has-text-align-left has-medium-font-size\"><strong>Kanion rzeki Pivy<\/strong>, kt\u00f3ry wzd\u0142u\u017c rzeki Tary stanowi jedn\u0105 z najpi\u0119kniejszych, je\u015bli nie najpi\u0119kniejsz\u0105 rzek\u0119 w Czarnog\u00f3rze, jest u\u015bredniony przez g\u00f3ry Magli\u0107, Volujak, Pivska planina. Kanion ma oko\u0142o 33 km d\u0142ugo\u015bci i oko\u0142o 1200 m g\u0142\u0119boko\u015bci.<\/p>\n<\/div>\n\n\n\n<div class=\"wp-block-column is-vertically-aligned-top is-layout-flow wp-block-column-is-layout-flow\" style=\"flex-basis:20%\"><\/div>\n<\/div>\n\n\n\n<div class=\"wp-block-columns alignfull is-layout-flex wp-container-10 wp-block-columns-is-layout-flex\">\n<div class=\"wp-block-column is-layout-flow wp-block-column-is-layout-flow\" style=\"flex-basis:5%\"><\/div>\n\n\n\n<div class=\"wp-block-column is-vertically-aligned-center is-layout-flow wp-block-column-is-layout-flow\">\n<p class=\"has-medium-font-size\">Elektrownia wodna Piva podzieli\u0142a kanion Piva w 1975 roku. Zapora Mratinje ma 220 m wysoko\u015bci i jest jedn\u0105 z najwi\u0119kszych zap\u00f3r w Europie. Zapora Mratinje jest niezwykle interesuj\u0105ca dla naszych go\u015bci i po przybyciu do obozu ka\u017cdy korzysta z okazji, aby zrobi\u0107 pi\u0119kne zdj\u0119cia z tego imponuj\u0105cego budynku.<\/p>\n<\/div>\n\n\n\n<div class=\"wp-block-column is-layout-flow wp-block-column-is-layout-flow\">\n<figure class=\"wp-block-image size-full has-custom-border\"><img decoding=\"async\" loading=\"lazy\" width=\"900\" height=\"600\" src=\"https:\/\/monteriver.com\/wp-content\/uploads\/2023\/03\/rijeka-piva-crna-gora.webp\" alt=\"Rzeka Piva Czarnog\u00f3ra\" class=\"wp-image-638\" style=\"border-radius:8px\" srcset=\"https:\/\/monteriver.com\/wp-content\/uploads\/2023\/03\/rijeka-piva-crna-gora.webp 900w, https:\/\/monteriver.com\/wp-content\/uploads\/2023\/03\/rijeka-piva-crna-gora-300x200.webp 300w, https:\/\/monteriver.com\/wp-content\/uploads\/2023\/03\/rijeka-piva-crna-gora-768x512.webp 768w\" sizes=\"(max-width: 900px) 100vw, 900px\" \/><\/figure>\n<\/div>\n\n\n\n<div class=\"wp-block-column is-layout-flow wp-block-column-is-layout-flow\" style=\"flex-basis:5%\"><\/div>\n<\/div>\n\n\n\n<div class=\"wp-block-columns alignfull has-ast-global-color-0-background-color has-background is-layout-flex wp-container-15 wp-block-columns-is-layout-flex\">\n<div class=\"wp-block-column is-layout-flow wp-block-column-is-layout-flow\" style=\"flex-basis:5%\"><\/div>\n\n\n\n<div class=\"wp-block-column is-layout-flow wp-block-column-is-layout-flow\">\n<figure class=\"wp-block-image size-full has-custom-border\"><img decoding=\"async\" loading=\"lazy\" width=\"1200\" height=\"800\" src=\"https:\/\/monteriver.com\/wp-content\/uploads\/2023\/03\/pivsko-jezero.webp\" alt=\"Jezioro piwne w Parku Przyrody Piva\" class=\"wp-image-476\" style=\"border-radius:8px\" srcset=\"https:\/\/monteriver.com\/wp-content\/uploads\/2023\/03\/pivsko-jezero.webp 1200w, https:\/\/monteriver.com\/wp-content\/uploads\/2023\/03\/pivsko-jezero-300x200.webp 300w, https:\/\/monteriver.com\/wp-content\/uploads\/2023\/03\/pivsko-jezero-1024x683.webp 1024w, https:\/\/monteriver.com\/wp-content\/uploads\/2023\/03\/pivsko-jezero-768x512.webp 768w\" sizes=\"(max-width: 1200px) 100vw, 1200px\" \/><\/figure>\n<\/div>\n\n\n\n<div class=\"wp-block-column is-vertically-aligned-center is-layout-flow wp-block-column-is-layout-flow\">\n<p class=\"has-ast-global-color-5-color has-text-color has-medium-font-size\">Zapora stworzy\u0142a r\u00f3wnie\u017c pi\u0119kne bajkowe jezioro Piva, kt\u00f3re w niekt\u00f3rych miejscach ma nawet 200m g\u0142\u0119boko\u015bci.<br>Rafting Camp Modra Rijeka zosta\u0142 nazwany na cze\u015b\u0107 pi\u0119knego, niebieskiego koloru rzeki Piva, na kt\u00f3rej brzegu si\u0119 znajduje. W bezpo\u015brednim s\u0105siedztwie obozu raftingowego znajduj\u0105 si\u0119 kompozycje Pivy, Tary i Driny, jako wyj\u0105tkowe miejsce na \u015bwiecie, gdzie trzy pi\u0119kne rzeki \u0142\u0105cz\u0105 si\u0119 w jeden punkt.<\/p>\n<\/div>\n\n\n\n<div class=\"wp-block-column is-layout-flow wp-block-column-is-layout-flow\" style=\"flex-basis:5%\"><\/div>\n<\/div>\n\n\n\n<div class=\"wp-block-columns alignfull is-layout-flex wp-container-20 wp-block-columns-is-layout-flex\">\n<div class=\"wp-block-column is-layout-flow wp-block-column-is-layout-flow\" style=\"flex-basis:5%\"><\/div>\n\n\n\n<div class=\"wp-block-column is-vertically-aligned-center is-layout-flow wp-block-column-is-layout-flow\">\n<p class=\"has-medium-font-size\">W pobli\u017cu obozu Rafting znajduje si\u0119 pi\u0119kny most druciany nad rzek\u0105 Piw\u0105, kt\u00f3ry co roku odwiedza du\u017ca liczba turyst\u00f3w, ciesz\u0105c si\u0119 pi\u0119kn\u0105 scen\u0105 \u017cyta i prawdopodobnie najcz\u0119\u015bciej fotografowanym miejscem w okolicy, kt\u00f3re pozostaje zapisane na zdj\u0119ciach wszystkich odwiedzaj\u0105cych.<\/p>\n<\/div>\n\n\n\n<div class=\"wp-block-column is-layout-flow wp-block-column-is-layout-flow\">\n<figure class=\"wp-block-image size-full has-custom-border\"><img decoding=\"async\" loading=\"lazy\" width=\"1200\" height=\"800\" src=\"https:\/\/monteriver.com\/wp-content\/uploads\/2023\/03\/most-rijeka-piva.webp\" alt=\"Drewniany most na rzece Piwie\" class=\"wp-image-477\" style=\"border-radius:8px\" srcset=\"https:\/\/monteriver.com\/wp-content\/uploads\/2023\/03\/most-rijeka-piva.webp 1200w, https:\/\/monteriver.com\/wp-content\/uploads\/2023\/03\/most-rijeka-piva-300x200.webp 300w, https:\/\/monteriver.com\/wp-content\/uploads\/2023\/03\/most-rijeka-piva-1024x683.webp 1024w, https:\/\/monteriver.com\/wp-content\/uploads\/2023\/03\/most-rijeka-piva-768x512.webp 768w\" sizes=\"(max-width: 1200px) 100vw, 1200px\" \/><\/figure>\n<\/div>\n\n\n\n<div class=\"wp-block-column is-layout-flow wp-block-column-is-layout-flow\" style=\"flex-basis:5%\"><\/div>\n<\/div>\n\n\n\n<div class=\"wp-block-columns is-layout-flex wp-container-22 wp-block-columns-is-layout-flex\">\n<div class=\"wp-block-column is-layout-flow wp-block-column-is-layout-flow\"><div class=\"ub-buttons align-button-center\"  id=\"ub-button-5ae4a744-32c6-4a1b-a7ab-b4a26f89241d\"><div class=\"ub-button-container\">\n    <a href=\"https:\/\/monteriver.com\/pl\/galeria\/\" target=\"_self\"\n    rel=\"noopener noreferrer\"\n    class=\"ub-button-block-main ub-button-medium ub-button-flex-medium\" role=\"button\">\n    <div class=\"ub-button-content-holder\"><span class=\"ub-button-icon-holder\"><svg xmlns=\"http:\/\/www.w3.org\/2000\/svg\"height=\"30\", width=\"30\"viewBox=\"0, 0, 256, 512\"><path fill=\"currentColor\" d=\"M246.6 233.4c12.5 12.5 12.5 32.8 0 45.3l-160 160c-12.5 12.5-32.8 12.5-45.3 0s-12.5-32.8 0-45.3L178.7 256 41.4 118.6c-12.5-12.5-12.5-32.8 0-45.3s32.8-12.5 45.3 0l160 160z\"><\/svg><\/span><span class=\"ub-button-block-btn\"><strong>SP\u00d3JRZ NA ZDJ\u0118CIA<\/strong><\/span>\n    <\/div><\/a><\/div><\/div><\/div>\n<\/div>\n","protected":false},"excerpt":{"rendered":"<p>Kanion rzeki Pivy, kt\u00f3ry wzd\u0142u\u017c rzeki Tary stanowi jedn\u0105 z najpi\u0119kniejszych, je\u015bli nie najpi\u0119kniejsz\u0105 rzek\u0119 w Czarnog\u00f3rze, jest u\u015bredniony przez g\u00f3ry Magli\u0107, Volujak, Pivska planina. Kanion ma oko\u0142o 33 km d\u0142ugo\u015bci i oko\u0142o 1200 m g\u0142\u0119boko\u015bci. Elektrownia wodna Piva podzieli\u0142a kanion Piva w 1975 roku. Zapora Mratinje ma 220 m wysoko\u015bci i jest jedn\u0105 z &hellip;<\/p>\n<p class=\"read-more\"> <a class=\"\" href=\"https:\/\/monteriver.com\/pl\/rzeka-piwna\/\"> <span class=\"screen-reader-text\">Rzeka piwna<\/span> Read More &raquo;<\/a><\/p>\n","protected":false},"author":1,"featured_media":0,"parent":0,"menu_order":0,"comment_status":"closed","ping_status":"closed","template":"","meta":{"_uag_custom_page_level_css":"","ub_ctt_via":"","site-sidebar-layout":"default","site-content-layout":"default","ast-global-header-display":"","ast-main-header-display":"","ast-hfb-above-header-display":"","ast-hfb-below-header-display":"","ast-hfb-mobile-header-display":"","site-post-title":"disabled","ast-breadcrumbs-content":"","ast-featured-img":"","footer-sml-layout":"","theme-transparent-header-meta":"","adv-header-id-meta":"","stick-header-meta":"","header-above-stick-meta":"","header-main-stick-meta":"","header-below-stick-meta":"","footnotes":""},"featured_image_src":null,"uagb_featured_image_src":{"full":false,"thumbnail":false,"medium":false,"medium_large":false,"large":false,"1536x1536":false,"2048x2048":false},"uagb_author_info":{"display_name":"Visitors","author_link":"https:\/\/monteriver.com\/pl\/author\/modrarijeka2023_vq6wkb\/"},"uagb_comment_info":0,"uagb_excerpt":"Kanion rzeki Pivy, kt\u00f3ry wzd\u0142u\u017c rzeki Tary stanowi jedn\u0105 z najpi\u0119kniejszych, je\u015bli nie najpi\u0119kniejsz\u0105 rzek\u0119 w Czarnog\u00f3rze, jest u\u015bredniony przez g\u00f3ry Magli\u0107, Volujak, Pivska planina. Kanion ma oko\u0142o 33 km d\u0142ugo\u015bci i oko\u0142o 1200 m g\u0142\u0119boko\u015bci. Elektrownia wodna Piva podzieli\u0142a kanion Piva w 1975 roku. Zapora Mratinje ma 220 m wysoko\u015bci i jest jedn\u0105 z&hellip;","_links":{"self":[{"href":"https:\/\/monteriver.com\/pl\/wp-json\/wp\/v2\/pages\/1369"}],"collection":[{"href":"https:\/\/monteriver.com\/pl\/wp-json\/wp\/v2\/pages"}],"about":[{"href":"https:\/\/monteriver.com\/pl\/wp-json\/wp\/v2\/types\/page"}],"author":[{"embeddable":true,"href":"https:\/\/monteriver.com\/pl\/wp-json\/wp\/v2\/users\/1"}],"replies":[{"embeddable":true,"href":"https:\/\/monteriver.com\/pl\/wp-json\/wp\/v2\/comments?post=1369"}],"version-history":[{"count":4,"href":"https:\/\/monteriver.com\/pl\/wp-json\/wp\/v2\/pages\/1369\/revisions"}],"predecessor-version":[{"id":1433,"href":"https:\/\/monteriver.com\/pl\/wp-json\/wp\/v2\/pages\/1369\/revisions\/1433"}],"wp:attachment":[{"href":"https:\/\/monteriver.com\/pl\/wp-json\/wp\/v2\/media?parent=1369"}],"curies":[{"name":"wp","href":"https:\/\/api.w.org\/{rel}","templated":true}]}}