{"id":1361,"date":"2023-03-15T20:44:41","date_gmt":"2023-03-15T20:44:41","guid":{"rendered":"https:\/\/monteriver.com\/kanion-i-rzeka-tara\/"},"modified":"2023-06-22T19:14:49","modified_gmt":"2023-06-22T19:14:49","slug":"kanion-i-rzeka-tara","status":"publish","type":"page","link":"https:\/\/monteriver.com\/pl\/kanion-i-rzeka-tara\/","title":{"rendered":"Kanion i rzeka Tara"},"content":{"rendered":"\n<div class=\"wp-block-cover alignfull\" style=\"min-height:500px\"><span aria-hidden=\"true\" class=\"wp-block-cover__background has-background-dim-20 has-background-dim\"><\/span><img decoding=\"async\" loading=\"lazy\" width=\"1200\" height=\"500\" class=\"wp-block-cover__image-background wp-image-464\" alt=\"Rijeka Tara i njen veli\u010danstveni kanjon\" src=\"https:\/\/monteriver.com\/wp-content\/uploads\/2023\/03\/kanjon-rijeka-tara.jpg\" data-object-fit=\"cover\" srcset=\"https:\/\/monteriver.com\/wp-content\/uploads\/2023\/03\/kanjon-rijeka-tara.jpg 1200w, https:\/\/monteriver.com\/wp-content\/uploads\/2023\/03\/kanjon-rijeka-tara-300x125.jpg 300w, https:\/\/monteriver.com\/wp-content\/uploads\/2023\/03\/kanjon-rijeka-tara-1024x427.jpg 1024w, https:\/\/monteriver.com\/wp-content\/uploads\/2023\/03\/kanjon-rijeka-tara-768x320.jpg 768w\" sizes=\"(max-width: 1200px) 100vw, 1200px\" \/><div class=\"wp-block-cover__inner-container is-layout-flow wp-block-cover-is-layout-flow\">\n<h1 class=\"wp-block-heading has-text-align-center\" style=\"font-size:70px\">Kanion i rzeka Tara<\/h1>\n<\/div><\/div>\n\n\n\n<div class=\"wp-block-columns alignfull are-vertically-aligned-top has-ast-global-color-5-background-color has-background is-layout-flex wp-container-5 wp-block-columns-is-layout-flex\">\n<div class=\"wp-block-column is-vertically-aligned-top is-layout-flow wp-block-column-is-layout-flow\" style=\"flex-basis:20%\"><\/div>\n\n\n\n<div class=\"wp-block-column is-vertically-aligned-top is-layout-flow wp-block-column-is-layout-flow\">\n<p class=\"has-text-align-left has-medium-font-size\"><strong>Tara<\/strong> jest najd\u0142u\u017csz\u0105, <strong>najpi\u0119kniejsz\u0105<\/strong> i <strong>najczystsz\u0105<\/strong> rzek\u0105 w <strong>Czarnog\u00f3rze<\/strong>, kt\u00f3ra wyp\u0142ywa w pa\u015bmie g\u00f3rskim po\u0142o\u017conym na p\u00f3\u0142nocy Czarnog\u00f3ry i p\u0142ynie przez 144 km, a\u017c spotyka si\u0119 z <a href=\"https:\/\/monteriver.com\/pl\/rzeka-piwna\/\" data-type=\"page\" data-id=\"1369\">rzek\u0105 Piva<\/a> na <a href=\"https:\/\/monteriver.com\/pl\/scepan-polje-i-soko-grad\/\" data-type=\"page\" data-id=\"1357\">\u0160\u0107epan Polje<\/a>, po czym powstaje <strong>rzeka<\/strong> Drina, jedna z <strong>najd\u0142u\u017cszych<\/strong> i najwi\u0119kszych rzek na Ba\u0142kanach. <\/p>\n\n\n\n<p class=\"has-text-align-left has-medium-font-size\">Tara przeci\u0119\u0142a w\u0105w\u00f3z kanionu o d\u0142ugo\u015bci oko\u0142o 80 km, a z najwi\u0119ksz\u0105 g\u0142\u0119boko\u015bci\u0105 1300 m jest najg\u0142\u0119bszym w Europie i drugim najg\u0142\u0119bszym kanionem na \u015bwiecie, zaraz po Kolorado.<\/p>\n<\/div>\n\n\n\n<div class=\"wp-block-column is-vertically-aligned-top is-layout-flow wp-block-column-is-layout-flow\" style=\"flex-basis:20%\"><\/div>\n<\/div>\n\n\n\n<div class=\"wp-block-columns alignfull is-layout-flex wp-container-10 wp-block-columns-is-layout-flex\">\n<div class=\"wp-block-column is-layout-flow wp-block-column-is-layout-flow\" style=\"flex-basis:5%\"><\/div>\n\n\n\n<div class=\"wp-block-column is-layout-flow wp-block-column-is-layout-flow\">\n<p class=\"has-medium-font-size\"><strong>Od maja do pa\u017adziernika<\/strong> <strong>rzeka<\/strong> <strong>Tara<\/strong> jest centrum <strong>raftingu<\/strong> <strong>przygodowego<\/strong>, od umiarkowanych do dzikich odcink\u00f3w. Mi\u0142o\u015bnikom sport\u00f3w ekstremalnych i wszystkim spragnionym adrenaliny polecamy <a href=\"https:\/\/monteriver.com\/pl\/\" data-type=\"URL\" data-id=\"https:\/\/monteriver.com\/pl\/\">sp\u0142yw Tar\u0105<\/a>, kt\u00f3rego stopie\u0144 trudno\u015bci w skali od trzeciego do pi\u0105tego stopnia czyni go jednym z najbardziej intensywnych i wymagaj\u0105cych sp\u0142yw\u00f3w w Europie. <\/p>\n<\/div>\n\n\n\n<div class=\"wp-block-column is-layout-flow wp-block-column-is-layout-flow\">\n<figure class=\"wp-block-image size-full has-custom-border\"><img decoding=\"async\" loading=\"lazy\" width=\"900\" height=\"600\" src=\"https:\/\/monteriver.com\/wp-content\/uploads\/2023\/03\/rafting-rijeka-tara-1.jpg\" alt=\"Rafting na rzece Tara w Czarnog\u00f3rze\" class=\"wp-image-460\" style=\"border-radius:8px\" srcset=\"https:\/\/monteriver.com\/wp-content\/uploads\/2023\/03\/rafting-rijeka-tara-1.jpg 900w, https:\/\/monteriver.com\/wp-content\/uploads\/2023\/03\/rafting-rijeka-tara-1-300x200.jpg 300w, https:\/\/monteriver.com\/wp-content\/uploads\/2023\/03\/rafting-rijeka-tara-1-768x512.jpg 768w\" sizes=\"(max-width: 900px) 100vw, 900px\" \/><\/figure>\n<\/div>\n\n\n\n<div class=\"wp-block-column is-layout-flow wp-block-column-is-layout-flow\" style=\"flex-basis:5%\"><\/div>\n<\/div>\n\n\n\n<div class=\"wp-block-columns alignfull has-ast-global-color-0-background-color has-background is-layout-flex wp-container-15 wp-block-columns-is-layout-flex\">\n<div class=\"wp-block-column is-layout-flow wp-block-column-is-layout-flow\" style=\"flex-basis:5%\"><\/div>\n\n\n\n<div class=\"wp-block-column is-layout-flow wp-block-column-is-layout-flow\">\n<figure class=\"wp-block-image size-full has-custom-border\"><img decoding=\"async\" loading=\"lazy\" width=\"900\" height=\"600\" src=\"https:\/\/monteriver.com\/wp-content\/uploads\/2023\/03\/rijeka-tara-vodopad.jpg\" alt=\"Wodospad na rzece Tara w Czarnog\u00f3rze\" class=\"wp-image-461\" style=\"border-radius:8px\" srcset=\"https:\/\/monteriver.com\/wp-content\/uploads\/2023\/03\/rijeka-tara-vodopad.jpg 900w, https:\/\/monteriver.com\/wp-content\/uploads\/2023\/03\/rijeka-tara-vodopad-300x200.jpg 300w, https:\/\/monteriver.com\/wp-content\/uploads\/2023\/03\/rijeka-tara-vodopad-768x512.jpg 768w\" sizes=\"(max-width: 900px) 100vw, 900px\" \/><\/figure>\n<\/div>\n\n\n\n<div class=\"wp-block-column is-vertically-aligned-center is-layout-flow wp-block-column-is-layout-flow\">\n<p class=\"has-ast-global-color-5-color has-text-color has-medium-font-size\">Najbardziej atrakcyjn\u0105 ofert\u0105 w <a href=\"https:\/\/monteriver.com\/pl\/rafting-kamp-modra-rijeka\/\" data-type=\"page\" data-id=\"1349\">Rafting Camp Modra Rijeka<\/a> jest fenomenalna przygoda <a href=\"https:\/\/monteriver.com\/pl\/\" data-type=\"URL\" data-id=\"https:\/\/monteriver.com\/pl\/\">raftingowa na Tarze<\/a>, jednej z najpi\u0119kniejszych rzek w Europie, kt\u00f3rej woda jest do picia w ca\u0142ej rzece Tara i nazywana jest &#8222;\u0142z\u0105 Europy&#8221;. <\/p>\n<\/div>\n\n\n\n<div class=\"wp-block-column is-layout-flow wp-block-column-is-layout-flow\" style=\"flex-basis:5%\"><\/div>\n<\/div>\n\n\n\n<div class=\"wp-block-columns is-layout-flex wp-container-17 wp-block-columns-is-layout-flex\">\n<div class=\"wp-block-column is-layout-flow wp-block-column-is-layout-flow\"><div class=\"ub-buttons align-button-center\"  id=\"ub-button-2bfa1858-c268-4456-8a13-f566122c3d51\"><div class=\"ub-button-container\">\n    <a href=\"https:\/\/monteriver.com\/pl\/galeria\/\" target=\"_self\"\n    rel=\"noopener noreferrer\"\n    class=\"ub-button-block-main ub-button-medium ub-button-flex-medium\" role=\"button\">\n    <div class=\"ub-button-content-holder\"><span class=\"ub-button-icon-holder\"><svg xmlns=\"http:\/\/www.w3.org\/2000\/svg\"height=\"30\", width=\"30\"viewBox=\"0, 0, 256, 512\"><path fill=\"currentColor\" d=\"M246.6 233.4c12.5 12.5 12.5 32.8 0 45.3l-160 160c-12.5 12.5-32.8 12.5-45.3 0s-12.5-32.8 0-45.3L178.7 256 41.4 118.6c-12.5-12.5-12.5-32.8 0-45.3s32.8-12.5 45.3 0l160 160z\"><\/svg><\/span><span class=\"ub-button-block-btn\"><strong>SP\u00d3JRZ NA ZDJ\u0118CIA<\/strong><\/span>\n    <\/div><\/a><\/div><\/div><\/div>\n<\/div>\n","protected":false},"excerpt":{"rendered":"<p>Tara jest najd\u0142u\u017csz\u0105, najpi\u0119kniejsz\u0105 i najczystsz\u0105 rzek\u0105 w Czarnog\u00f3rze, kt\u00f3ra wyp\u0142ywa w pa\u015bmie g\u00f3rskim po\u0142o\u017conym na p\u00f3\u0142nocy Czarnog\u00f3ry i p\u0142ynie przez 144 km, a\u017c spotyka si\u0119 z rzek\u0105 Piva na \u0160\u0107epan Polje, po czym powstaje rzeka Drina, jedna z najd\u0142u\u017cszych i najwi\u0119kszych rzek na Ba\u0142kanach. Tara przeci\u0119\u0142a w\u0105w\u00f3z kanionu o d\u0142ugo\u015bci oko\u0142o 80 km, a &hellip;<\/p>\n<p class=\"read-more\"> <a class=\"\" href=\"https:\/\/monteriver.com\/pl\/kanion-i-rzeka-tara\/\"> <span class=\"screen-reader-text\">Kanion i rzeka Tara<\/span> Read More &raquo;<\/a><\/p>\n","protected":false},"author":1,"featured_media":0,"parent":0,"menu_order":0,"comment_status":"closed","ping_status":"closed","template":"","meta":{"_uag_custom_page_level_css":"","ub_ctt_via":"","site-sidebar-layout":"default","site-content-layout":"default","ast-global-header-display":"","ast-main-header-display":"","ast-hfb-above-header-display":"","ast-hfb-below-header-display":"","ast-hfb-mobile-header-display":"","site-post-title":"disabled","ast-breadcrumbs-content":"","ast-featured-img":"","footer-sml-layout":"","theme-transparent-header-meta":"","adv-header-id-meta":"","stick-header-meta":"","header-above-stick-meta":"","header-main-stick-meta":"","header-below-stick-meta":"","footnotes":""},"featured_image_src":null,"uagb_featured_image_src":{"full":false,"thumbnail":false,"medium":false,"medium_large":false,"large":false,"1536x1536":false,"2048x2048":false},"uagb_author_info":{"display_name":"Visitors","author_link":"https:\/\/monteriver.com\/pl\/author\/modrarijeka2023_vq6wkb\/"},"uagb_comment_info":0,"uagb_excerpt":"Tara jest najd\u0142u\u017csz\u0105, najpi\u0119kniejsz\u0105 i najczystsz\u0105 rzek\u0105 w Czarnog\u00f3rze, kt\u00f3ra wyp\u0142ywa w pa\u015bmie g\u00f3rskim po\u0142o\u017conym na p\u00f3\u0142nocy Czarnog\u00f3ry i p\u0142ynie przez 144 km, a\u017c spotyka si\u0119 z rzek\u0105 Piva na \u0160\u0107epan Polje, po czym powstaje rzeka Drina, jedna z najd\u0142u\u017cszych i najwi\u0119kszych rzek na Ba\u0142kanach. Tara przeci\u0119\u0142a w\u0105w\u00f3z kanionu o d\u0142ugo\u015bci oko\u0142o 80 km, a&hellip;","_links":{"self":[{"href":"https:\/\/monteriver.com\/pl\/wp-json\/wp\/v2\/pages\/1361"}],"collection":[{"href":"https:\/\/monteriver.com\/pl\/wp-json\/wp\/v2\/pages"}],"about":[{"href":"https:\/\/monteriver.com\/pl\/wp-json\/wp\/v2\/types\/page"}],"author":[{"embeddable":true,"href":"https:\/\/monteriver.com\/pl\/wp-json\/wp\/v2\/users\/1"}],"replies":[{"embeddable":true,"href":"https:\/\/monteriver.com\/pl\/wp-json\/wp\/v2\/comments?post=1361"}],"version-history":[{"count":5,"href":"https:\/\/monteriver.com\/pl\/wp-json\/wp\/v2\/pages\/1361\/revisions"}],"predecessor-version":[{"id":2846,"href":"https:\/\/monteriver.com\/pl\/wp-json\/wp\/v2\/pages\/1361\/revisions\/2846"}],"wp:attachment":[{"href":"https:\/\/monteriver.com\/pl\/wp-json\/wp\/v2\/media?parent=1361"}],"curies":[{"name":"wp","href":"https:\/\/api.w.org\/{rel}","templated":true}]}}