{"id":1357,"date":"2023-03-17T11:24:01","date_gmt":"2023-03-17T11:24:01","guid":{"rendered":"https:\/\/monteriver.com\/scepan-polje-i-soko-grad\/"},"modified":"2023-06-22T19:23:21","modified_gmt":"2023-06-22T19:23:21","slug":"scepan-polje-i-soko-grad","status":"publish","type":"page","link":"https:\/\/monteriver.com\/pl\/scepan-polje-i-soko-grad\/","title":{"rendered":"Scepan Polje i Soko grad"},"content":{"rendered":"\n<div class=\"wp-block-cover alignfull\" style=\"min-height:500px\"><span aria-hidden=\"true\" class=\"wp-block-cover__background has-background-dim-20 has-background-dim\"><\/span><img decoding=\"async\" loading=\"lazy\" width=\"1200\" height=\"500\" class=\"wp-block-cover__image-background wp-image-501\" alt=\"\u0160\u0107epan Polje i Soko grad u Pivi\" src=\"https:\/\/monteriver.com\/wp-content\/uploads\/2023\/03\/scepan-polje-soko-grad-piva.webp\" data-object-fit=\"cover\" srcset=\"https:\/\/monteriver.com\/wp-content\/uploads\/2023\/03\/scepan-polje-soko-grad-piva.webp 1200w, https:\/\/monteriver.com\/wp-content\/uploads\/2023\/03\/scepan-polje-soko-grad-piva-300x125.webp 300w, https:\/\/monteriver.com\/wp-content\/uploads\/2023\/03\/scepan-polje-soko-grad-piva-1024x427.webp 1024w, https:\/\/monteriver.com\/wp-content\/uploads\/2023\/03\/scepan-polje-soko-grad-piva-768x320.webp 768w\" sizes=\"(max-width: 1200px) 100vw, 1200px\" \/><div class=\"wp-block-cover__inner-container is-layout-flow wp-block-cover-is-layout-flow\">\n<h1 class=\"wp-block-heading has-text-align-center\" style=\"font-size:70px\">Scepan Polje i Soko grad<\/h1>\n<\/div><\/div>\n\n\n\n<div class=\"wp-block-columns alignfull are-vertically-aligned-top has-ast-global-color-5-background-color has-background is-layout-flex wp-container-5 wp-block-columns-is-layout-flex\">\n<div class=\"wp-block-column is-vertically-aligned-top is-layout-flow wp-block-column-is-layout-flow\" style=\"flex-basis:20%\"><\/div>\n\n\n\n<div class=\"wp-block-column is-vertically-aligned-top is-layout-flow wp-block-column-is-layout-flow\">\n<p class=\"has-medium-font-size\">Scepan Polje, centrum turystyki przygodowej i <a href=\"https:\/\/monteriver.com\/pl\/\" data-type=\"page\" data-id=\"1310\">rafting w Czarnog\u00f3rze<\/a>, to ma\u0142e miasteczko w pobli\u017cu przej\u015bcia granicznego mi\u0119dzy Czarnog\u00f3r\u0105 a Bo\u015bni\u0105 i Hercegowin\u0105 (po\u0142o\u017cone przy g\u0142\u00f3wnej drodze Podgorica \u2013 Sarajewo). <a href=\"https:\/\/monteriver.com\/pl\/rafting-kamp-modra-rijeka\/\" data-type=\"page\" data-id=\"1349\">Rafting Camp Modra Rijeka<\/a> znajduje si\u0119 w najpi\u0119kniejszej cz\u0119\u015bci \u0160\u0107epan Polje, na brzegu rzeki, zaledwie 300m od centrum Scepan Polje.<\/p>\n\n\n\n<p class=\"has-medium-font-size\">Rafting Camp Modra Rijeka znajduje si\u0119 w samym sercu \u0160\u0107epan Polje, ale wystarczaj\u0105co os\u0142oni\u0119ty od centrum (mniej ni\u017c minut\u0119 jazdy samochodem), a rado\u015b\u0107 i relaks w pi\u0119knej, dziewiczej przyrodzie w naszym obozie raftingowym jest gwarantowany.<\/p>\n\n\n\n<p class=\"has-medium-font-size\">Nad \u0160\u0107epan Polje i z tarasu naszej <a href=\"https:\/\/monteriver.com\/pl\/restauracja\/\" data-type=\"page\" data-id=\"1365\">restauracji Modra Rijeka<\/a>, jest widok na \u015bredniowieczny Soko Grad, zbudowany przez Herceg \u0160\u0107epan Vuk\u010di\u0107 Kosa\u010da, po kt\u00f3rym \u0160\u0107epan Polje zosta\u0142 nazwany. Po drugiej stronie restauracji rozpo\u015bciera si\u0119 widok na nierealistyczny niebieski kolor rzeki Piwy i pi\u0119kny kanion&#8230;<\/p>\n<\/div>\n\n\n\n<div class=\"wp-block-column is-vertically-aligned-top is-layout-flow wp-block-column-is-layout-flow\" style=\"flex-basis:20%\"><\/div>\n<\/div>\n\n\n\n<div class=\"wp-block-columns is-layout-flex wp-container-7 wp-block-columns-is-layout-flex\">\n<div class=\"wp-block-column is-layout-flow wp-block-column-is-layout-flow\"><div class=\"ub-buttons align-button-center\"  id=\"ub-button-c837a183-cae2-450c-adfe-497b17184717\"><div class=\"ub-button-container\">\n    <a href=\"https:\/\/monteriver.com\/pl\/galeria\/\" target=\"_self\"\n    rel=\"noopener noreferrer\"\n    class=\"ub-button-block-main ub-button-medium ub-button-flex-medium\" role=\"button\">\n    <div class=\"ub-button-content-holder\"><span class=\"ub-button-icon-holder\"><svg xmlns=\"http:\/\/www.w3.org\/2000\/svg\"height=\"30\", width=\"30\"viewBox=\"0, 0, 256, 512\"><path fill=\"currentColor\" d=\"M246.6 233.4c12.5 12.5 12.5 32.8 0 45.3l-160 160c-12.5 12.5-32.8 12.5-45.3 0s-12.5-32.8 0-45.3L178.7 256 41.4 118.6c-12.5-12.5-12.5-32.8 0-45.3s32.8-12.5 45.3 0l160 160z\"><\/svg><\/span><span class=\"ub-button-block-btn\"><strong>POGLEDAJTE FOTOGRAFIJE<\/strong><\/span>\n    <\/div><\/a><\/div><\/div><\/div>\n<\/div>\n","protected":false},"excerpt":{"rendered":"<p>Scepan Polje, centrum turystyki przygodowej i rafting w Czarnog\u00f3rze, to ma\u0142e miasteczko w pobli\u017cu przej\u015bcia granicznego mi\u0119dzy Czarnog\u00f3r\u0105 a Bo\u015bni\u0105 i Hercegowin\u0105 (po\u0142o\u017cone przy g\u0142\u00f3wnej drodze Podgorica \u2013 Sarajewo). Rafting Camp Modra Rijeka znajduje si\u0119 w najpi\u0119kniejszej cz\u0119\u015bci \u0160\u0107epan Polje, na brzegu rzeki, zaledwie 300m od centrum Scepan Polje. Rafting Camp Modra Rijeka znajduje si\u0119 &hellip;<\/p>\n<p class=\"read-more\"> <a class=\"\" href=\"https:\/\/monteriver.com\/pl\/scepan-polje-i-soko-grad\/\"> <span class=\"screen-reader-text\">Scepan Polje i Soko grad<\/span> Read More &raquo;<\/a><\/p>\n","protected":false},"author":1,"featured_media":0,"parent":0,"menu_order":0,"comment_status":"closed","ping_status":"closed","template":"","meta":{"_uag_custom_page_level_css":"","ub_ctt_via":"","site-sidebar-layout":"default","site-content-layout":"default","ast-global-header-display":"","ast-main-header-display":"","ast-hfb-above-header-display":"","ast-hfb-below-header-display":"","ast-hfb-mobile-header-display":"","site-post-title":"disabled","ast-breadcrumbs-content":"","ast-featured-img":"","footer-sml-layout":"","theme-transparent-header-meta":"","adv-header-id-meta":"","stick-header-meta":"","header-above-stick-meta":"","header-main-stick-meta":"","header-below-stick-meta":"","footnotes":""},"featured_image_src":null,"uagb_featured_image_src":{"full":false,"thumbnail":false,"medium":false,"medium_large":false,"large":false,"1536x1536":false,"2048x2048":false},"uagb_author_info":{"display_name":"Visitors","author_link":"https:\/\/monteriver.com\/pl\/author\/modrarijeka2023_vq6wkb\/"},"uagb_comment_info":0,"uagb_excerpt":"Scepan Polje, centrum turystyki przygodowej i rafting w Czarnog\u00f3rze, to ma\u0142e miasteczko w pobli\u017cu przej\u015bcia granicznego mi\u0119dzy Czarnog\u00f3r\u0105 a Bo\u015bni\u0105 i Hercegowin\u0105 (po\u0142o\u017cone przy g\u0142\u00f3wnej drodze Podgorica \u2013 Sarajewo). Rafting Camp Modra Rijeka znajduje si\u0119 w najpi\u0119kniejszej cz\u0119\u015bci \u0160\u0107epan Polje, na brzegu rzeki, zaledwie 300m od centrum Scepan Polje. Rafting Camp Modra Rijeka znajduje si\u0119&hellip;","_links":{"self":[{"href":"https:\/\/monteriver.com\/pl\/wp-json\/wp\/v2\/pages\/1357"}],"collection":[{"href":"https:\/\/monteriver.com\/pl\/wp-json\/wp\/v2\/pages"}],"about":[{"href":"https:\/\/monteriver.com\/pl\/wp-json\/wp\/v2\/types\/page"}],"author":[{"embeddable":true,"href":"https:\/\/monteriver.com\/pl\/wp-json\/wp\/v2\/users\/1"}],"replies":[{"embeddable":true,"href":"https:\/\/monteriver.com\/pl\/wp-json\/wp\/v2\/comments?post=1357"}],"version-history":[{"count":5,"href":"https:\/\/monteriver.com\/pl\/wp-json\/wp\/v2\/pages\/1357\/revisions"}],"predecessor-version":[{"id":2851,"href":"https:\/\/monteriver.com\/pl\/wp-json\/wp\/v2\/pages\/1357\/revisions\/2851"}],"wp:attachment":[{"href":"https:\/\/monteriver.com\/pl\/wp-json\/wp\/v2\/media?parent=1357"}],"curies":[{"name":"wp","href":"https:\/\/api.w.org\/{rel}","templated":true}]}}