{"id":1349,"date":"2023-03-15T20:31:45","date_gmt":"2023-03-15T20:31:45","guid":{"rendered":"https:\/\/monteriver.com\/rafting-kamp-modra-rijeka\/"},"modified":"2023-06-22T19:13:20","modified_gmt":"2023-06-22T19:13:20","slug":"rafting-kamp-modra-rijeka","status":"publish","type":"page","link":"https:\/\/monteriver.com\/pl\/rafting-kamp-modra-rijeka\/","title":{"rendered":"Rafting kamp Modra Rijeka"},"content":{"rendered":"\n<div class=\"wp-block-cover alignfull\" style=\"min-height:500px\"><span aria-hidden=\"true\" class=\"wp-block-cover__background has-background-dim-20 has-background-dim\"><\/span><img decoding=\"async\" loading=\"lazy\" width=\"1200\" height=\"500\" class=\"wp-block-cover__image-background wp-image-467\" alt=\"Rafting kamp Modra Rijeka\" src=\"https:\/\/monteriver.com\/wp-content\/uploads\/2023\/03\/rafting-kamp-modra-rijeka-1.jpg\" data-object-fit=\"cover\" srcset=\"https:\/\/monteriver.com\/wp-content\/uploads\/2023\/03\/rafting-kamp-modra-rijeka-1.jpg 1200w, https:\/\/monteriver.com\/wp-content\/uploads\/2023\/03\/rafting-kamp-modra-rijeka-1-300x125.jpg 300w, https:\/\/monteriver.com\/wp-content\/uploads\/2023\/03\/rafting-kamp-modra-rijeka-1-1024x427.jpg 1024w, https:\/\/monteriver.com\/wp-content\/uploads\/2023\/03\/rafting-kamp-modra-rijeka-1-768x320.jpg 768w\" sizes=\"(max-width: 1200px) 100vw, 1200px\" \/><div class=\"wp-block-cover__inner-container is-layout-flow wp-block-cover-is-layout-flow\">\n<h1 class=\"wp-block-heading has-text-align-center\" style=\"font-size:70px\">Rafting kamp Modra Rijeka<\/h1>\n\n\n\n<h2 class=\"wp-block-heading has-text-align-center\">Witamy w naszym obozie<\/h2>\n<\/div><\/div>\n\n\n\n<div class=\"wp-block-columns alignfull are-vertically-aligned-top has-ast-global-color-0-background-color has-background is-layout-flex wp-container-5 wp-block-columns-is-layout-flex\">\n<div class=\"wp-block-column is-vertically-aligned-top is-layout-flow wp-block-column-is-layout-flow\" style=\"flex-basis:20%\"><\/div>\n\n\n\n<div class=\"wp-block-column is-vertically-aligned-top is-layout-flow wp-block-column-is-layout-flow\">\n<p class=\"has-text-align-left has-ast-global-color-5-color has-text-color has-medium-font-size\">W punkcie wyj\u015bcia, z kt\u00f3rego wyruszysz na niezapomnian\u0105 przygod\u0119 raftingow\u0105 na rzece Tara, w bezpo\u015brednim s\u0105siedztwie sk\u0142adu trzech rzek: Tara, Piva i Drina, znajduje si\u0119 ob\u00f3z raftingowy Modra Rijeka.<\/p>\n<\/div>\n\n\n\n<div class=\"wp-block-column is-vertically-aligned-top is-layout-flow wp-block-column-is-layout-flow\" style=\"flex-basis:20%\"><\/div>\n<\/div>\n\n\n\n<div class=\"wp-block-uagb-image alignfull uagb-block-f6ecc294 wp-block-uagb-image--layout-default wp-block-uagb-image--effect-zoomin wp-block-uagb-image--align-full\"><figure class=\"wp-block-uagb-image__figure\"><img decoding=\"async\" srcset=\"https:\/\/monteriver.com\/wp-content\/uploads\/2023\/03\/shape-1.svg \" sizes=\"(max-width: 480px) 150px\" src=\"https:\/\/monteriver.com\/wp-content\/uploads\/2023\/03\/shape-1.svg\" alt=\"shape\" class=\"uag-image-558\" width=\"1200\" height=\"100\" title=\"\" loading=\"lazy\"\/><\/figure><\/div>\n\n\n\t\t\t<div \n\t\t\tclass=\"wp-block-uagb-google-map uagb-google-map__wrap uagb-block-1a056896    \"\n\t\t\tstyle=\"\" >\n\t\t\t\t<iframe\n\t\t\t\t\tclass=\"uagb-google-map__iframe\"\n\t\t\t\t\ttitle=\"Google Map for \"\n\t\t\t\t\tsrc=\"https:\/\/maps.google.com\/maps?q=Rafting%20kamp%20Modra%20Rijeka&#038;z=12&#038;hl=sr&#038;t=m&#038;output=embed&#038;iwloc=near\"\n\t\t\t\t\twidth=\"640\"\n\t\t\t\t\theight=\"500\"\n\t\t\t\t\tloading=\"lazy\"\n\t\t\t\t><\/iframe>\n\t\t\t<\/div>\n\t\t\t\n\n\n<div class=\"wp-block-columns alignfull is-layout-flex wp-container-10 wp-block-columns-is-layout-flex\">\n<div class=\"wp-block-column is-layout-flow wp-block-column-is-layout-flow\" style=\"flex-basis:5%\"><\/div>\n\n\n\n<div class=\"wp-block-column is-layout-flow wp-block-column-is-layout-flow\">\n<p class=\"has-medium-font-size\">Tylko 300 m od g\u0142\u00f3wnej drogi Podgorica-Sarajewo, znajduje si\u0119 ta oaza turystyczna, kt\u00f3ra stanowi prawdziwy klejnot czarnog\u00f3rskiego dzikiego pi\u0119kna. Je\u015bli zdecydujesz si\u0119 na <a href=\"https:\/\/monteriver.com\/pl\/\" data-type=\"URL\" data-id=\"https:\/\/monteriver.com\/pl\/\">rafting Tara<\/a> i odwiedzi\u0107 Czarnog\u00f3r\u0119, Rafting Camp Modra Rijeka b\u0119dzie w\u0142a\u015bciwym miejscem dla Ciebie. Miejsce, w kt\u00f3rym pok\u00f3j i harmonia s\u0105 zjednoczone, ciesz\u0105c si\u0119 nietkni\u0119t\u0105 przyrod\u0105 najpi\u0119kniejszej cz\u0119\u015bci Czarnog\u00f3ry, z adrenalin\u0105 i sportami ekstremalnymi, takimi jak <a href=\"https:\/\/monteriver.com\/pl\/\" data-type=\"URL\" data-id=\"https:\/\/monteriver.com\/pl\/\">rafting na rzece Tara<\/a>, canyoning na rzece Piva, wycieczki jeep safari wok\u00f3\u0142 g\u00f3ry Durmitor i Piva, wycieczki rowerowe, wycieczki piesze, wizyty w <a href=\"https:\/\/monteriver.com\/pl\/kanioning-nevidio\/\" data-type=\"page\" data-id=\"1379\">kanionie Nevidio<\/a>, przygody zipline, <a href=\"https:\/\/monteriver.com\/pl\/jezdziectwo\/\" data-type=\"page\" data-id=\"1412\">jazda konna<\/a> i inne sporty.<\/p>\n<\/div>\n\n\n\n<div class=\"wp-block-column is-layout-flow wp-block-column-is-layout-flow\">\n<figure class=\"wp-block-image size-full has-custom-border\"><img decoding=\"async\" loading=\"lazy\" width=\"900\" height=\"600\" src=\"https:\/\/monteriver.com\/wp-content\/uploads\/2023\/03\/rafting-tara-kamp-modra-rijeka.jpg\" alt=\"Ob\u00f3z raftingowy Modra Rijeka w Czarnog\u00f3rze\" class=\"wp-image-441\" style=\"border-radius:8px\" srcset=\"https:\/\/monteriver.com\/wp-content\/uploads\/2023\/03\/rafting-tara-kamp-modra-rijeka.jpg 900w, https:\/\/monteriver.com\/wp-content\/uploads\/2023\/03\/rafting-tara-kamp-modra-rijeka-300x200.jpg 300w, https:\/\/monteriver.com\/wp-content\/uploads\/2023\/03\/rafting-tara-kamp-modra-rijeka-768x512.jpg 768w\" sizes=\"(max-width: 900px) 100vw, 900px\" \/><\/figure>\n<\/div>\n\n\n\n<div class=\"wp-block-column is-layout-flow wp-block-column-is-layout-flow\" style=\"flex-basis:5%\"><\/div>\n<\/div>\n\n\n\n<div class=\"wp-block-columns alignfull has-ast-global-color-0-background-color has-background is-layout-flex wp-container-15 wp-block-columns-is-layout-flex\">\n<div class=\"wp-block-column is-layout-flow wp-block-column-is-layout-flow\" style=\"flex-basis:5%\"><\/div>\n\n\n\n<div class=\"wp-block-column is-layout-flow wp-block-column-is-layout-flow\">\n<figure class=\"wp-block-image size-full has-custom-border\"><img decoding=\"async\" loading=\"lazy\" width=\"900\" height=\"600\" src=\"https:\/\/monteriver.com\/wp-content\/uploads\/2023\/03\/most-piva.jpg\" alt=\"Most na rzece Piva w pobli\u017cu obozu raftingowego Modra Rijeka\" class=\"wp-image-448\" style=\"border-radius:8px\" srcset=\"https:\/\/monteriver.com\/wp-content\/uploads\/2023\/03\/most-piva.jpg 900w, https:\/\/monteriver.com\/wp-content\/uploads\/2023\/03\/most-piva-300x200.jpg 300w, https:\/\/monteriver.com\/wp-content\/uploads\/2023\/03\/most-piva-768x512.jpg 768w\" sizes=\"(max-width: 900px) 100vw, 900px\" \/><\/figure>\n<\/div>\n\n\n\n<div class=\"wp-block-column is-layout-flow wp-block-column-is-layout-flow\">\n<p class=\"has-ast-global-color-5-color has-text-color has-medium-font-size\">Od 15 lat Rafting Camp &#8222;Modra Rijeka&#8221; jest uwa\u017cany za najpi\u0119kniejszy i najbardziej zorganizowany Ob\u00f3z w tym regionie. Dowodem na to s\u0105 liczne nagrody, kt\u00f3re Rafting Camp Modra Rijeka otrzyma\u0142 w poprzednich latach, takie jak Z\u0142oty Puchar dla najlepszego obozu raftingowego w regionie. Nasza lokalizacja, w samym sercu \u0160\u0107epan Polje, w miejscu, gdzie zaczyna si\u0119 rafting i gdzie ko\u0144czy si\u0119 rafting Tara, odr\u00f3\u017cnia nas od reszty i czyni nas w\u0142a\u015bciwym wyborem dla Ciebie i Twoich bliskich. Wystarczy zarezerwowa\u0107 swoj\u0105 przygod\u0119 z raftingiem na czas, a opiek\u0119 nad Tob\u0105 i Waszym dobrym czasem przejmuje nasz Zesp\u00f3\u0142, kt\u00f3ry doskonale znaj\u0105 ci, kt\u00f3rzy od lat wracaj\u0105 do Czarnog\u00f3ry i uprawiaj\u0105 <a href=\"https:\/\/monteriver.com\/pl\/\" data-type=\"URL\" data-id=\"https:\/\/monteriver.com\/pl\/\">rafting na rzece Tarze<\/a>.<\/p>\n<\/div>\n\n\n\n<div class=\"wp-block-column is-layout-flow wp-block-column-is-layout-flow\" style=\"flex-basis:5%\"><\/div>\n<\/div>\n\n\n\n<div class=\"wp-block-columns is-layout-flex wp-container-17 wp-block-columns-is-layout-flex\">\n<div class=\"wp-block-column is-layout-flow wp-block-column-is-layout-flow\">\n<p class=\"has-medium-font-size\">Nasz <strong>przestronny parking jest ca\u0142kowicie bezp\u0142atny<\/strong> dla go\u015bci kempingu, i nie ma znaczenia, czy Ty i Twoi przyjaciele przyje\u017cd\u017caj\u0105 rowerami, motocyklami, samochodami lub autobusami, miejsce parkingowe jest zawsze zarezerwowane w obozie raftingowym Modra Rijeka.<\/p>\n\n\n<div class=\"ub-buttons align-button-center\"  id=\"ub-button-36743ff6-5aa7-40b2-bd7e-6095a1d9b2b7\"><div class=\"ub-button-container\">\n    <a href=\"https:\/\/monteriver.com\/pl\/zakwaterowanie\/\" target=\"_self\"\n    rel=\"noopener noreferrer\"\n    class=\"ub-button-block-main ub-button-medium ub-button-flex-medium\" role=\"button\">\n    <div class=\"ub-button-content-holder\"><span class=\"ub-button-icon-holder\"><svg xmlns=\"http:\/\/www.w3.org\/2000\/svg\"height=\"30\", width=\"30\"viewBox=\"0, 0, 256, 512\"><path fill=\"currentColor\" d=\"M246.6 233.4c12.5 12.5 12.5 32.8 0 45.3l-160 160c-12.5 12.5-32.8 12.5-45.3 0s-12.5-32.8 0-45.3L178.7 256 41.4 118.6c-12.5-12.5-12.5-32.8 0-45.3s32.8-12.5 45.3 0l160 160z\"><\/svg><\/span><span class=\"ub-button-block-btn\"><strong>ZOBACZ ZAKWATEROWANIE<\/strong><\/span>\n    <\/div><\/a><\/div><\/div><\/div>\n<\/div>\n\n\n\n<div class=\"wp-block-columns alignfull is-layout-flex wp-container-19 wp-block-columns-is-layout-flex\">\n<div class=\"wp-block-column is-layout-flow wp-block-column-is-layout-flow\">\t\t\t\t\t<div\n\t\t\t\t\t\tclass=\"wp-block-uagb-image-gallery uagb-block-d26fb0a8     \"\n\t\t\t\t\t\tstyle=\"\"\n\t\t\t\t\t>\n\t\t\t\t\t\t\t\t\t\t\t<div class=\"spectra-image-gallery spectra-image-gallery__layout--grid spectra-image-gallery__layout--grid-col-2 spectra-image-gallery__layout--grid-col-tab-2 spectra-image-gallery__layout--grid-col-mob-1\">\n\t\t\t\t\t\t\t\t\t\t\t<div class='spectra-image-gallery__media-wrapper' data-spectra-gallery-image-id='447'>\n\t\t\t\t\t\t\t<div class=\"spectra-image-gallery__media spectra-image-gallery__media--grid\">\n\t\t\t\t<picture>\n\t\t\t\t\t<source media=\"(min-width: 1024px)\" srcset=\"https:\/\/monteriver.com\/wp-content\/uploads\/2023\/03\/kucice-rafting-modra-rijeka.jpg\">\n\t\t\t\t\t<source media=\"(min-width: 768px)\" srcset=\"https:\/\/monteriver.com\/wp-content\/uploads\/2023\/03\/kucice-rafting-modra-rijeka.jpg\">\n\t\t\t\t\t<img decoding=\"async\" class=\"spectra-image-gallery__media-thumbnail spectra-image-gallery__media-thumbnail--grid\" src=\"https:\/\/monteriver.com\/wp-content\/uploads\/2023\/03\/kucice-rafting-modra-rijeka.jpg\" alt=\"Smje\u0161taj u rafting kampu Modra Rijeka\" loading=\"lazy\" \/>\n\t\t\t\t<\/picture>\n\t\t\t\t<div class=\"spectra-image-gallery__media-thumbnail-blurrer\"><\/div>\n\t\t\t\t\t\t\t\t\t\t\t<div class=\"spectra-image-gallery__media-thumbnail-caption-wrapper spectra-image-gallery__media-thumbnail-caption-wrapper--overlay\"><\/div>\n\t\t\t\t\t\t\t\t<\/div>\n\t\t\t\t\t\t<\/div>\n\t\t\t\t\t\t<div class='spectra-image-gallery__media-wrapper' data-spectra-gallery-image-id='449'>\n\t\t\t\t\t\t\t<div class=\"spectra-image-gallery__media spectra-image-gallery__media--grid\">\n\t\t\t\t<picture>\n\t\t\t\t\t<source media=\"(min-width: 1024px)\" srcset=\"https:\/\/monteriver.com\/wp-content\/uploads\/2023\/03\/rafting-kamp-modra-rijeka.jpg\">\n\t\t\t\t\t<source media=\"(min-width: 768px)\" srcset=\"https:\/\/monteriver.com\/wp-content\/uploads\/2023\/03\/rafting-kamp-modra-rijeka.jpg\">\n\t\t\t\t\t<img decoding=\"async\" class=\"spectra-image-gallery__media-thumbnail spectra-image-gallery__media-thumbnail--grid\" src=\"https:\/\/monteriver.com\/wp-content\/uploads\/2023\/03\/rafting-kamp-modra-rijeka.jpg\" alt=\"Rafting kamp Modra Rijeka\" loading=\"lazy\" \/>\n\t\t\t\t<\/picture>\n\t\t\t\t<div class=\"spectra-image-gallery__media-thumbnail-blurrer\"><\/div>\n\t\t\t\t\t\t\t\t\t\t\t<div class=\"spectra-image-gallery__media-thumbnail-caption-wrapper spectra-image-gallery__media-thumbnail-caption-wrapper--overlay\"><\/div>\n\t\t\t\t\t\t\t\t<\/div>\n\t\t\t\t\t\t<\/div>\n\t\t\t\t\t\t<div class='spectra-image-gallery__media-wrapper' data-spectra-gallery-image-id='446'>\n\t\t\t\t\t\t\t<div class=\"spectra-image-gallery__media spectra-image-gallery__media--grid\">\n\t\t\t\t<picture>\n\t\t\t\t\t<source media=\"(min-width: 1024px)\" srcset=\"https:\/\/monteriver.com\/wp-content\/uploads\/2023\/03\/kucice-rafting-kamp.jpg\">\n\t\t\t\t\t<source media=\"(min-width: 768px)\" srcset=\"https:\/\/monteriver.com\/wp-content\/uploads\/2023\/03\/kucice-rafting-kamp.jpg\">\n\t\t\t\t\t<img decoding=\"async\" class=\"spectra-image-gallery__media-thumbnail spectra-image-gallery__media-thumbnail--grid\" src=\"https:\/\/monteriver.com\/wp-content\/uploads\/2023\/03\/kucice-rafting-kamp.jpg\" alt=\"Kucice rafting kamp Modra Rijeka\" loading=\"lazy\" \/>\n\t\t\t\t<\/picture>\n\t\t\t\t<div class=\"spectra-image-gallery__media-thumbnail-blurrer\"><\/div>\n\t\t\t\t\t\t\t\t\t\t\t<div class=\"spectra-image-gallery__media-thumbnail-caption-wrapper spectra-image-gallery__media-thumbnail-caption-wrapper--overlay\"><\/div>\n\t\t\t\t\t\t\t\t<\/div>\n\t\t\t\t\t\t<\/div>\n\t\t\t\t\t\t<div class='spectra-image-gallery__media-wrapper' data-spectra-gallery-image-id='441'>\n\t\t\t\t\t\t\t<div class=\"spectra-image-gallery__media spectra-image-gallery__media--grid\">\n\t\t\t\t<picture>\n\t\t\t\t\t<source media=\"(min-width: 1024px)\" srcset=\"https:\/\/monteriver.com\/wp-content\/uploads\/2023\/03\/rafting-tara-kamp-modra-rijeka.jpg\">\n\t\t\t\t\t<source media=\"(min-width: 768px)\" srcset=\"https:\/\/monteriver.com\/wp-content\/uploads\/2023\/03\/rafting-tara-kamp-modra-rijeka.jpg\">\n\t\t\t\t\t<img decoding=\"async\" class=\"spectra-image-gallery__media-thumbnail spectra-image-gallery__media-thumbnail--grid\" src=\"https:\/\/monteriver.com\/wp-content\/uploads\/2023\/03\/rafting-tara-kamp-modra-rijeka.jpg\" alt=\"Rafting kamp Modra Rijeka u Crnoj Gori\" loading=\"lazy\" \/>\n\t\t\t\t<\/picture>\n\t\t\t\t<div class=\"spectra-image-gallery__media-thumbnail-blurrer\"><\/div>\n\t\t\t\t\t\t\t\t\t\t\t<div class=\"spectra-image-gallery__media-thumbnail-caption-wrapper spectra-image-gallery__media-thumbnail-caption-wrapper--overlay\"><\/div>\n\t\t\t\t\t\t\t\t<\/div>\n\t\t\t\t\t\t<\/div>\n\t\t\t\t\t\t\t\t\t\t<\/div>\n\t\t\t\t\t\t\t\t\t\t\t\t\t\t\t\t\t\t<\/div>\n\t\t\t\t\t\t\t\t\t\t\t<div class='spectra-image-gallery__control-lightbox' tabindex='0'>\n\t\t\t\t\t\t\t\t\t\t\t<div class=\"swiper spectra-image-gallery__control-lightbox--main\" dir=\"\">\n\t\t\t\t\t<div class=\"swiper-wrapper\">\n\t\t\t\t\t\t\t\t\t\t\t\t\t\n\t\t\t\t\t\t\t<div class=\"swiper-slide\">\n\t\t\t\t\t\t\t\t<img class=\"swiper-lazy\" data-src=\"https:\/\/monteriver.com\/wp-content\/uploads\/2023\/03\/kucice-rafting-modra-rijeka.jpg\" alt=\"Smje\u0161taj u rafting kampu Modra Rijeka\"\/>\n\t\t\t\t\t\t\t\t<div class=\"swiper-lazy-preloader swiper-lazy-preloader-white\"><\/div>\n\t\t\t\t\t\t\t\t\t\t\t\t\t\t\t<\/div>\n\t\t\t\t\t\t\t\t\t\t\t\t\t\n\t\t\t\t\t\t\t<div class=\"swiper-slide\">\n\t\t\t\t\t\t\t\t<img class=\"swiper-lazy\" data-src=\"https:\/\/monteriver.com\/wp-content\/uploads\/2023\/03\/rafting-kamp-modra-rijeka.jpg\" alt=\"Rafting kamp Modra Rijeka\"\/>\n\t\t\t\t\t\t\t\t<div class=\"swiper-lazy-preloader swiper-lazy-preloader-white\"><\/div>\n\t\t\t\t\t\t\t\t\t\t\t\t\t\t\t<\/div>\n\t\t\t\t\t\t\t\t\t\t\t\t\t\n\t\t\t\t\t\t\t<div class=\"swiper-slide\">\n\t\t\t\t\t\t\t\t<img class=\"swiper-lazy\" data-src=\"https:\/\/monteriver.com\/wp-content\/uploads\/2023\/03\/kucice-rafting-kamp.jpg\" alt=\"Kucice rafting kamp Modra Rijeka\"\/>\n\t\t\t\t\t\t\t\t<div class=\"swiper-lazy-preloader swiper-lazy-preloader-white\"><\/div>\n\t\t\t\t\t\t\t\t\t\t\t\t\t\t\t<\/div>\n\t\t\t\t\t\t\t\t\t\t\t\t\t\n\t\t\t\t\t\t\t<div class=\"swiper-slide\">\n\t\t\t\t\t\t\t\t<img class=\"swiper-lazy\" data-src=\"https:\/\/monteriver.com\/wp-content\/uploads\/2023\/03\/rafting-tara-kamp-modra-rijeka.jpg\" alt=\"Rafting kamp Modra Rijeka u Crnoj Gori\"\/>\n\t\t\t\t\t\t\t\t<div class=\"swiper-lazy-preloader swiper-lazy-preloader-white\"><\/div>\n\t\t\t\t\t\t\t\t\t\t\t\t\t\t\t<\/div>\n\t\t\t\t\t\t\t\t\t\t\t<\/div>\n\t\t\t\t\t<div class=\"swiper-button-next\"><\/div>\n\t\t\t\t\t<div class=\"swiper-button-prev\"><\/div>\n\t\t\t\t<\/div>\t\t\t\n\t\t\t\t\t\t\t\t\t\t\t\t\t\t\t\t\t\t\t\t\t\t\t\t\t\t\t\t\t\t\t\t<button class='spectra-image-gallery__control-lightbox--close'>\n\t\t\t\t\t\t\t\t\t\t\t\t\t<svg xmlns=\"https:\/\/www.w3.org\/2000\/svg\" viewBox= \"0 0 320 512\"><path d=\"M310.6 361.4c12.5 12.5 12.5 32.75 0 45.25C304.4 412.9 296.2 416 288 416s-16.38-3.125-22.62-9.375L160 301.3L54.63 406.6C48.38 412.9 40.19 416 32 416S15.63 412.9 9.375 406.6c-12.5-12.5-12.5-32.75 0-45.25l105.4-105.4L9.375 150.6c-12.5-12.5-12.5-32.75 0-45.25s32.75-12.5 45.25 0L160 210.8l105.4-105.4c12.5-12.5 32.75-12.5 45.25 0s12.5 32.75 0 45.25l-105.4 105.4L310.6 361.4z\"><\/path><\/svg>\n\t\t\t\t\t\t\t\t\t\t\t\t<\/button>\n\t\t\t\t\t\t\t\t\t\t\t\t\t<\/div>\n\t\t\t\t\t\t\t\t\t<\/div>\n<\/div>\n","protected":false},"excerpt":{"rendered":"<p>W punkcie wyj\u015bcia, z kt\u00f3rego wyruszysz na niezapomnian\u0105 przygod\u0119 raftingow\u0105 na rzece Tara, w bezpo\u015brednim s\u0105siedztwie sk\u0142adu trzech rzek: Tara, Piva i Drina, znajduje si\u0119 ob\u00f3z raftingowy Modra Rijeka. Tylko 300 m od g\u0142\u00f3wnej drogi Podgorica-Sarajewo, znajduje si\u0119 ta oaza turystyczna, kt\u00f3ra stanowi prawdziwy klejnot czarnog\u00f3rskiego dzikiego pi\u0119kna. Je\u015bli zdecydujesz si\u0119 na rafting Tara i &hellip;<\/p>\n<p class=\"read-more\"> <a class=\"\" href=\"https:\/\/monteriver.com\/pl\/rafting-kamp-modra-rijeka\/\"> <span class=\"screen-reader-text\">Rafting kamp Modra Rijeka<\/span> Read More &raquo;<\/a><\/p>\n","protected":false},"author":1,"featured_media":0,"parent":0,"menu_order":0,"comment_status":"closed","ping_status":"closed","template":"","meta":{"_uag_custom_page_level_css":"","ub_ctt_via":"","site-sidebar-layout":"no-sidebar","site-content-layout":"plain-container","ast-global-header-display":"","ast-main-header-display":"","ast-hfb-above-header-display":"","ast-hfb-below-header-display":"","ast-hfb-mobile-header-display":"","site-post-title":"disabled","ast-breadcrumbs-content":"","ast-featured-img":"","footer-sml-layout":"","theme-transparent-header-meta":"","adv-header-id-meta":"","stick-header-meta":"","header-above-stick-meta":"","header-main-stick-meta":"","header-below-stick-meta":"","footnotes":""},"featured_image_src":null,"uagb_featured_image_src":{"full":false,"thumbnail":false,"medium":false,"medium_large":false,"large":false,"1536x1536":false,"2048x2048":false},"uagb_author_info":{"display_name":"Visitors","author_link":"https:\/\/monteriver.com\/pl\/author\/modrarijeka2023_vq6wkb\/"},"uagb_comment_info":0,"uagb_excerpt":"W punkcie wyj\u015bcia, z kt\u00f3rego wyruszysz na niezapomnian\u0105 przygod\u0119 raftingow\u0105 na rzece Tara, w bezpo\u015brednim s\u0105siedztwie sk\u0142adu trzech rzek: Tara, Piva i Drina, znajduje si\u0119 ob\u00f3z raftingowy Modra Rijeka. Tylko 300 m od g\u0142\u00f3wnej drogi Podgorica-Sarajewo, znajduje si\u0119 ta oaza turystyczna, kt\u00f3ra stanowi prawdziwy klejnot czarnog\u00f3rskiego dzikiego pi\u0119kna. Je\u015bli zdecydujesz si\u0119 na rafting Tara i&hellip;","_links":{"self":[{"href":"https:\/\/monteriver.com\/pl\/wp-json\/wp\/v2\/pages\/1349"}],"collection":[{"href":"https:\/\/monteriver.com\/pl\/wp-json\/wp\/v2\/pages"}],"about":[{"href":"https:\/\/monteriver.com\/pl\/wp-json\/wp\/v2\/types\/page"}],"author":[{"embeddable":true,"href":"https:\/\/monteriver.com\/pl\/wp-json\/wp\/v2\/users\/1"}],"replies":[{"embeddable":true,"href":"https:\/\/monteriver.com\/pl\/wp-json\/wp\/v2\/comments?post=1349"}],"version-history":[{"count":5,"href":"https:\/\/monteriver.com\/pl\/wp-json\/wp\/v2\/pages\/1349\/revisions"}],"predecessor-version":[{"id":2844,"href":"https:\/\/monteriver.com\/pl\/wp-json\/wp\/v2\/pages\/1349\/revisions\/2844"}],"wp:attachment":[{"href":"https:\/\/monteriver.com\/pl\/wp-json\/wp\/v2\/media?parent=1349"}],"curies":[{"name":"wp","href":"https:\/\/api.w.org\/{rel}","templated":true}]}}