{"id":1345,"date":"2023-03-20T17:51:41","date_gmt":"2023-03-20T17:51:41","guid":{"rendered":"https:\/\/monteriver.com\/nagrody-i-wyroznienia\/"},"modified":"2023-05-30T19:38:48","modified_gmt":"2023-05-30T19:38:48","slug":"nagrody-i-wyroznienia","status":"publish","type":"page","link":"https:\/\/monteriver.com\/pl\/nagrody-i-wyroznienia\/","title":{"rendered":"Nagrody i wyr\u00f3\u017cnienia"},"content":{"rendered":"\n<div class=\"wp-block-cover alignfull is-light\" style=\"min-height:500px\"><span aria-hidden=\"true\" class=\"wp-block-cover__background has-background-dim-20 has-background-dim\"><\/span><img decoding=\"async\" loading=\"lazy\" width=\"1200\" height=\"500\" class=\"wp-block-cover__image-background wp-image-522\" alt=\"Nagrade i priznanja sa Novosadskog sajma Turizma za kamp Modra Rijeka\" src=\"https:\/\/monteriver.com\/wp-content\/uploads\/2023\/03\/nagrade-modra-rijeka.webp\" data-object-fit=\"cover\" srcset=\"https:\/\/monteriver.com\/wp-content\/uploads\/2023\/03\/nagrade-modra-rijeka.webp 1200w, https:\/\/monteriver.com\/wp-content\/uploads\/2023\/03\/nagrade-modra-rijeka-300x125.webp 300w, https:\/\/monteriver.com\/wp-content\/uploads\/2023\/03\/nagrade-modra-rijeka-1024x427.webp 1024w, https:\/\/monteriver.com\/wp-content\/uploads\/2023\/03\/nagrade-modra-rijeka-768x320.webp 768w\" sizes=\"(max-width: 1200px) 100vw, 1200px\" \/><div class=\"wp-block-cover__inner-container is-layout-flow wp-block-cover-is-layout-flow\">\n<h1 class=\"wp-block-heading has-text-align-center\" style=\"font-size:70px\">Nagrody i wyr\u00f3\u017cnienia<\/h1>\n<\/div><\/div>\n\n\n\n<div class=\"wp-block-columns alignfull are-vertically-aligned-top has-ast-global-color-0-background-color has-background is-layout-flex wp-container-5 wp-block-columns-is-layout-flex\">\n<div class=\"wp-block-column is-vertically-aligned-top is-layout-flow wp-block-column-is-layout-flow\" style=\"flex-basis:20%\"><\/div>\n\n\n\n<div class=\"wp-block-column is-vertically-aligned-top is-layout-flow wp-block-column-is-layout-flow\">\n<p class=\"has-ast-global-color-5-color has-text-color has-medium-font-size\"><a href=\"https:\/\/monteriver.com\/pl\/rafting-kamp-modra-rijeka\/\" data-type=\"page\" data-id=\"438\">Rafting Camp Modra Rijeka<\/a> zdoby\u0142 wiele nagr\u00f3d w dziedzinie turystyki w ci\u0105gu ostatnich 15 lat.<\/p>\n\n\n\n<p class=\"has-ast-global-color-5-color has-text-color has-medium-font-size\">Jeste\u015bmy dumni, \u017ce nasi go\u015bcie i wybitne organizacje turystyczne doceniaj\u0105 jako\u015b\u0107 i \u017ce jeste\u015bmy Twoim wyborem.<\/p>\n<\/div>\n\n\n\n<div class=\"wp-block-column is-vertically-aligned-top is-layout-flow wp-block-column-is-layout-flow\" style=\"flex-basis:20%\"><\/div>\n<\/div>\n\n\n\n<div class=\"wp-block-uagb-image alignfull uagb-block-d8385943 wp-block-uagb-image--layout-default wp-block-uagb-image--effect-zoomin wp-block-uagb-image--align-full\"><figure class=\"wp-block-uagb-image__figure\"><img decoding=\"async\" srcset=\"https:\/\/monteriver.com\/wp-content\/uploads\/2023\/03\/shape-1.svg \" src=\"https:\/\/monteriver.com\/wp-content\/uploads\/2023\/03\/shape-1.svg\" alt=\"shape\" class=\"uag-image-558\" width=\"\" height=\"\" title=\"\" loading=\"lazy\"\/><\/figure><\/div>\n\n\n\n<div class=\"wp-block-columns is-layout-flex wp-container-9 wp-block-columns-is-layout-flex\">\n<div class=\"wp-block-column is-layout-flow wp-block-column-is-layout-flow\" style=\"flex-basis:15%\"><\/div>\n\n\n\n<div class=\"wp-block-column is-layout-flow wp-block-column-is-layout-flow\">\n<h3 class=\"wp-block-heading has-large-font-size\">Niekt\u00f3re z naszych nagr\u00f3d i wyr\u00f3\u017cnie\u0144 mo\u017cna obejrze\u0107 w galerii poni\u017cej&#8230;<\/h3>\n<\/div>\n\n\n\n<div class=\"wp-block-column is-layout-flow wp-block-column-is-layout-flow\" style=\"flex-basis:15%\"><\/div>\n<\/div>\n\n\n\n<div class=\"wp-block-columns alignfull is-layout-flex wp-container-15 wp-block-columns-is-layout-flex\">\n<div class=\"wp-block-column is-layout-flow wp-block-column-is-layout-flow\" style=\"flex-basis:5%\"><\/div>\n\n\n\n<div class=\"wp-block-column is-layout-flow wp-block-column-is-layout-flow\">\n<figure class=\"wp-block-gallery has-nested-images columns-4 is-cropped wp-block-gallery-11 is-layout-flex wp-block-gallery-is-layout-flex\">\n<figure class=\"wp-block-image size-large has-custom-border\"><img decoding=\"async\" loading=\"lazy\" width=\"768\" height=\"1024\" src=\"https:\/\/monteriver.com\/wp-content\/uploads\/2023\/03\/zlatni-pehar-nagrada-768x1024.webp\" alt=\"Z\u0142oty Puchar dla The Blue River\" class=\"wp-image-525\" style=\"border-radius:8px\" srcset=\"https:\/\/monteriver.com\/wp-content\/uploads\/2023\/03\/zlatni-pehar-nagrada-768x1024.webp 768w, https:\/\/monteriver.com\/wp-content\/uploads\/2023\/03\/zlatni-pehar-nagrada-225x300.webp 225w, https:\/\/monteriver.com\/wp-content\/uploads\/2023\/03\/zlatni-pehar-nagrada-1152x1536.webp 1152w, https:\/\/monteriver.com\/wp-content\/uploads\/2023\/03\/zlatni-pehar-nagrada-1536x2048.webp 1536w, https:\/\/monteriver.com\/wp-content\/uploads\/2023\/03\/zlatni-pehar-nagrada-scaled.webp 1920w\" sizes=\"(max-width: 768px) 100vw, 768px\" \/><\/figure>\n\n\n\n<figure class=\"wp-block-image size-large has-custom-border\"><img decoding=\"async\" loading=\"lazy\" width=\"649\" height=\"1024\" src=\"https:\/\/monteriver.com\/wp-content\/uploads\/2023\/03\/vrhunska-organizacija-raftinga-649x1024.webp\" alt=\"Nagroda dla najlepszej organizacji\" class=\"wp-image-526\" style=\"border-radius:8px\" srcset=\"https:\/\/monteriver.com\/wp-content\/uploads\/2023\/03\/vrhunska-organizacija-raftinga-649x1024.webp 649w, https:\/\/monteriver.com\/wp-content\/uploads\/2023\/03\/vrhunska-organizacija-raftinga-190x300.webp 190w, https:\/\/monteriver.com\/wp-content\/uploads\/2023\/03\/vrhunska-organizacija-raftinga-768x1212.webp 768w, https:\/\/monteriver.com\/wp-content\/uploads\/2023\/03\/vrhunska-organizacija-raftinga-973x1536.webp 973w, https:\/\/monteriver.com\/wp-content\/uploads\/2023\/03\/vrhunska-organizacija-raftinga-1298x2048.webp 1298w, https:\/\/monteriver.com\/wp-content\/uploads\/2023\/03\/vrhunska-organizacija-raftinga-scaled.webp 1622w\" sizes=\"(max-width: 649px) 100vw, 649px\" \/><\/figure>\n\n\n\n<figure class=\"wp-block-image size-large has-custom-border\"><img decoding=\"async\" loading=\"lazy\" width=\"631\" height=\"1024\" src=\"https:\/\/monteriver.com\/wp-content\/uploads\/2023\/03\/nagrada-avanturisticke-ture-631x1024.webp\" alt=\"Nagroda Adventure Tours\" class=\"wp-image-527\" style=\"border-radius:8px\" srcset=\"https:\/\/monteriver.com\/wp-content\/uploads\/2023\/03\/nagrada-avanturisticke-ture-631x1024.webp 631w, https:\/\/monteriver.com\/wp-content\/uploads\/2023\/03\/nagrada-avanturisticke-ture-185x300.webp 185w, https:\/\/monteriver.com\/wp-content\/uploads\/2023\/03\/nagrada-avanturisticke-ture-768x1247.webp 768w, https:\/\/monteriver.com\/wp-content\/uploads\/2023\/03\/nagrada-avanturisticke-ture-946x1536.webp 946w, https:\/\/monteriver.com\/wp-content\/uploads\/2023\/03\/nagrada-avanturisticke-ture-1261x2048.webp 1261w, https:\/\/monteriver.com\/wp-content\/uploads\/2023\/03\/nagrada-avanturisticke-ture-scaled.webp 1577w\" sizes=\"(max-width: 631px) 100vw, 631px\" \/><\/figure>\n\n\n\n<figure class=\"wp-block-image size-large has-custom-border\"><img decoding=\"async\" loading=\"lazy\" width=\"621\" height=\"1024\" src=\"https:\/\/monteriver.com\/wp-content\/uploads\/2023\/03\/nagrada-hrana-621x1024.webp\" alt=\"Nagroda dla najwy\u017cszej jako\u015bci restauracji i jedzenia\" class=\"wp-image-528\" style=\"border-radius:8px\" srcset=\"https:\/\/monteriver.com\/wp-content\/uploads\/2023\/03\/nagrada-hrana-621x1024.webp 621w, https:\/\/monteriver.com\/wp-content\/uploads\/2023\/03\/nagrada-hrana-182x300.webp 182w, https:\/\/monteriver.com\/wp-content\/uploads\/2023\/03\/nagrada-hrana-768x1267.webp 768w, https:\/\/monteriver.com\/wp-content\/uploads\/2023\/03\/nagrada-hrana-931x1536.webp 931w, https:\/\/monteriver.com\/wp-content\/uploads\/2023\/03\/nagrada-hrana-1242x2048.webp 1242w, https:\/\/monteriver.com\/wp-content\/uploads\/2023\/03\/nagrada-hrana-scaled.webp 1552w\" sizes=\"(max-width: 621px) 100vw, 621px\" \/><\/figure>\n\n\n\n<figure class=\"wp-block-image size-large has-custom-border\"><img decoding=\"async\" loading=\"lazy\" width=\"613\" height=\"1024\" src=\"https:\/\/monteriver.com\/wp-content\/uploads\/2023\/03\/nagrada-smjestaj-613x1024.webp\" alt=\"Nagroda za jako\u015b\u0107 zakwaterowania etno\" class=\"wp-image-529\" style=\"border-radius:0px\" srcset=\"https:\/\/monteriver.com\/wp-content\/uploads\/2023\/03\/nagrada-smjestaj-613x1024.webp 613w, https:\/\/monteriver.com\/wp-content\/uploads\/2023\/03\/nagrada-smjestaj-180x300.webp 180w, https:\/\/monteriver.com\/wp-content\/uploads\/2023\/03\/nagrada-smjestaj-768x1282.webp 768w, https:\/\/monteriver.com\/wp-content\/uploads\/2023\/03\/nagrada-smjestaj-920x1536.webp 920w, https:\/\/monteriver.com\/wp-content\/uploads\/2023\/03\/nagrada-smjestaj-1227x2048.webp 1227w, https:\/\/monteriver.com\/wp-content\/uploads\/2023\/03\/nagrada-smjestaj-scaled.webp 1533w\" sizes=\"(max-width: 613px) 100vw, 613px\" \/><\/figure>\n\n\n\n<figure class=\"wp-block-image size-large has-custom-border\"><img decoding=\"async\" loading=\"lazy\" width=\"661\" height=\"1024\" src=\"https:\/\/monteriver.com\/wp-content\/uploads\/2023\/03\/nagrada-bezbjedan-rafting-661x1024.webp\" alt=\"Nagroda za warunki bezpiecznego sp\u0142ywu\" class=\"wp-image-530\" style=\"border-radius:8px\" srcset=\"https:\/\/monteriver.com\/wp-content\/uploads\/2023\/03\/nagrada-bezbjedan-rafting-661x1024.webp 661w, https:\/\/monteriver.com\/wp-content\/uploads\/2023\/03\/nagrada-bezbjedan-rafting-194x300.webp 194w, https:\/\/monteriver.com\/wp-content\/uploads\/2023\/03\/nagrada-bezbjedan-rafting-768x1190.webp 768w, https:\/\/monteriver.com\/wp-content\/uploads\/2023\/03\/nagrada-bezbjedan-rafting-992x1536.webp 992w, https:\/\/monteriver.com\/wp-content\/uploads\/2023\/03\/nagrada-bezbjedan-rafting-1322x2048.webp 1322w, https:\/\/monteriver.com\/wp-content\/uploads\/2023\/03\/nagrada-bezbjedan-rafting-scaled.webp 1653w\" sizes=\"(max-width: 661px) 100vw, 661px\" \/><\/figure>\n\n\n\n<figure class=\"wp-block-image size-large\"><img decoding=\"async\" loading=\"lazy\" width=\"635\" height=\"1024\" src=\"https:\/\/monteriver.com\/wp-content\/uploads\/2023\/03\/opremljenost-rafting-kampa-635x1024.webp\" alt=\"Nagroda za organizacj\u0119 i wyposa\u017cenie obozu sp\u0142ywowego\" class=\"wp-image-531\" srcset=\"https:\/\/monteriver.com\/wp-content\/uploads\/2023\/03\/opremljenost-rafting-kampa-635x1024.webp 635w, https:\/\/monteriver.com\/wp-content\/uploads\/2023\/03\/opremljenost-rafting-kampa-186x300.webp 186w, https:\/\/monteriver.com\/wp-content\/uploads\/2023\/03\/opremljenost-rafting-kampa-768x1239.webp 768w, https:\/\/monteriver.com\/wp-content\/uploads\/2023\/03\/opremljenost-rafting-kampa-952x1536.webp 952w, https:\/\/monteriver.com\/wp-content\/uploads\/2023\/03\/opremljenost-rafting-kampa-1269x2048.webp 1269w, https:\/\/monteriver.com\/wp-content\/uploads\/2023\/03\/opremljenost-rafting-kampa-scaled.webp 1586w\" sizes=\"(max-width: 635px) 100vw, 635px\" \/><\/figure>\n\n\n\n<figure class=\"wp-block-image size-large\"><img decoding=\"async\" loading=\"lazy\" width=\"622\" height=\"1024\" src=\"https:\/\/monteriver.com\/wp-content\/uploads\/2023\/03\/nagrada-organizacija-osoblje-622x1024.webp\" alt=\"Organizacja nagrody i personel obozu\" class=\"wp-image-532\" srcset=\"https:\/\/monteriver.com\/wp-content\/uploads\/2023\/03\/nagrada-organizacija-osoblje-622x1024.webp 622w, https:\/\/monteriver.com\/wp-content\/uploads\/2023\/03\/nagrada-organizacija-osoblje-182x300.webp 182w, https:\/\/monteriver.com\/wp-content\/uploads\/2023\/03\/nagrada-organizacija-osoblje-768x1264.webp 768w, https:\/\/monteriver.com\/wp-content\/uploads\/2023\/03\/nagrada-organizacija-osoblje-933x1536.webp 933w, https:\/\/monteriver.com\/wp-content\/uploads\/2023\/03\/nagrada-organizacija-osoblje-1244x2048.webp 1244w, https:\/\/monteriver.com\/wp-content\/uploads\/2023\/03\/nagrada-organizacija-osoblje-scaled.webp 1555w\" sizes=\"(max-width: 622px) 100vw, 622px\" \/><\/figure>\n<\/figure>\n<\/div>\n\n\n\n<div class=\"wp-block-column is-layout-flow wp-block-column-is-layout-flow\" style=\"flex-basis:5px\"><\/div>\n<\/div>\n\n\n\n<p class=\"has-text-align-center has-medium-font-size\">Jeste\u015bmy szczeg\u00f3lnie dumni z wielkiego pucharu mistrzowskiego za doskona\u0142\u0105 organizacj\u0119 i wyposa\u017cenie obozu raftingowego na 53. Mi\u0119dzynarodowe Targi Turystyczne w Nowym Sadzie 2022 Rok!<\/p>\n\n\n\n<p class=\"has-text-align-center has-medium-font-size\">Rafting Camp jest laureatem nast\u0119puj\u0105cych wybitnych nagr\u00f3d w dziedzinie turystyki:<\/p>\n\n\n\n<div class=\"wp-block-columns is-layout-flex wp-container-18 wp-block-columns-is-layout-flex\">\n<div class=\"wp-block-column is-layout-flow wp-block-column-is-layout-flow\" style=\"flex-basis:40%\">\n<figure class=\"wp-block-image size-full has-custom-border\"><img decoding=\"async\" loading=\"lazy\" width=\"500\" height=\"802\" src=\"https:\/\/monteriver.com\/wp-content\/uploads\/2023\/03\/medalja-teambuilding.jpg\" alt=\"Team building award\" class=\"wp-image-1203\" style=\"border-radius:8px\" srcset=\"https:\/\/monteriver.com\/wp-content\/uploads\/2023\/03\/medalja-teambuilding.jpg 500w, https:\/\/monteriver.com\/wp-content\/uploads\/2023\/03\/medalja-teambuilding-187x300.jpg 187w\" sizes=\"(max-width: 500px) 100vw, 500px\" \/><\/figure>\n<\/div>\n\n\n\n<div class=\"wp-block-column has-medium-font-size is-layout-flow wp-block-column-is-layout-flow\" style=\"flex-basis:60%\"><ul class=\"ub_styled_list\" id=\"ub_styled_list-cbb65971-e32f-4812-af9c-8e4ffd230f9b\">\n<li class=\"ub_styled_list_item\">Du\u017cy z\u0142oty medal za najlepsz\u0105 organizacj\u0119 organizacji sp\u0142ywu<\/li>\n\n<li class=\"ub_styled_list_item\">Du\u017cy z\u0142oty medal za nadzwyczajne warunki i du\u017ce do\u015bwiadczenie w dzia\u0142aniach integracyjnych<\/li>\n\n<li class=\"ub_styled_list_item\">Du\u017cy z\u0142oty medal za organizacj\u0119 wypraw przygodowych<\/li>\n\n<li class=\"ub_styled_list_item\">Du\u017cy z\u0142oty medal za najwy\u017csz\u0105 jako\u015b\u0107 lokalnej kuchni i jedzenia restauracji<\/li>\n\n<li class=\"ub_styled_list_item\">Du\u017cy z\u0142oty medal za najwy\u017cszej jako\u015bci etniczne zakwaterowanie<\/li>\n\n<li class=\"ub_styled_list_item\">Du\u017cy z\u0142oty medal za wybitne warunki do bezpiecznego sp\u0142ywu<\/li>\n\n<li class=\"ub_styled_list_item\">Du\u017cy z\u0142oty medal za doskona\u0142\u0105 organizacj\u0119 i wyposa\u017cenie obozu raftingowego<\/li>\n\n<li class=\"ub_styled_list_item\">Du\u017cy z\u0142oty medal za profesjonaln\u0105 organizacj\u0119 i kadr\u0119<\/li>\n<\/ul><\/div>\n<\/div>\n","protected":false},"excerpt":{"rendered":"<p>Rafting Camp Modra Rijeka zdoby\u0142 wiele nagr\u00f3d w dziedzinie turystyki w ci\u0105gu ostatnich 15 lat. Jeste\u015bmy dumni, \u017ce nasi go\u015bcie i wybitne organizacje turystyczne doceniaj\u0105 jako\u015b\u0107 i \u017ce jeste\u015bmy Twoim wyborem. Niekt\u00f3re z naszych nagr\u00f3d i wyr\u00f3\u017cnie\u0144 mo\u017cna obejrze\u0107 w galerii poni\u017cej&#8230; Jeste\u015bmy szczeg\u00f3lnie dumni z wielkiego pucharu mistrzowskiego za doskona\u0142\u0105 organizacj\u0119 i wyposa\u017cenie obozu &hellip;<\/p>\n<p class=\"read-more\"> <a class=\"\" href=\"https:\/\/monteriver.com\/pl\/nagrody-i-wyroznienia\/\"> <span class=\"screen-reader-text\">Nagrody i wyr\u00f3\u017cnienia<\/span> Read More &raquo;<\/a><\/p>\n","protected":false},"author":1,"featured_media":0,"parent":0,"menu_order":0,"comment_status":"closed","ping_status":"closed","template":"","meta":{"_uag_custom_page_level_css":"","ub_ctt_via":"","site-sidebar-layout":"default","site-content-layout":"default","ast-global-header-display":"","ast-main-header-display":"","ast-hfb-above-header-display":"","ast-hfb-below-header-display":"","ast-hfb-mobile-header-display":"","site-post-title":"disabled","ast-breadcrumbs-content":"","ast-featured-img":"","footer-sml-layout":"","theme-transparent-header-meta":"","adv-header-id-meta":"","stick-header-meta":"","header-above-stick-meta":"","header-main-stick-meta":"","header-below-stick-meta":"","footnotes":""},"featured_image_src":null,"uagb_featured_image_src":{"full":false,"thumbnail":false,"medium":false,"medium_large":false,"large":false,"1536x1536":false,"2048x2048":false},"uagb_author_info":{"display_name":"Visitors","author_link":"https:\/\/monteriver.com\/pl\/author\/modrarijeka2023_vq6wkb\/"},"uagb_comment_info":0,"uagb_excerpt":"Rafting Camp Modra Rijeka zdoby\u0142 wiele nagr\u00f3d w dziedzinie turystyki w ci\u0105gu ostatnich 15 lat. Jeste\u015bmy dumni, \u017ce nasi go\u015bcie i wybitne organizacje turystyczne doceniaj\u0105 jako\u015b\u0107 i \u017ce jeste\u015bmy Twoim wyborem. Niekt\u00f3re z naszych nagr\u00f3d i wyr\u00f3\u017cnie\u0144 mo\u017cna obejrze\u0107 w galerii poni\u017cej&#8230; Jeste\u015bmy szczeg\u00f3lnie dumni z wielkiego pucharu mistrzowskiego za doskona\u0142\u0105 organizacj\u0119 i wyposa\u017cenie obozu&hellip;","_links":{"self":[{"href":"https:\/\/monteriver.com\/pl\/wp-json\/wp\/v2\/pages\/1345"}],"collection":[{"href":"https:\/\/monteriver.com\/pl\/wp-json\/wp\/v2\/pages"}],"about":[{"href":"https:\/\/monteriver.com\/pl\/wp-json\/wp\/v2\/types\/page"}],"author":[{"embeddable":true,"href":"https:\/\/monteriver.com\/pl\/wp-json\/wp\/v2\/users\/1"}],"replies":[{"embeddable":true,"href":"https:\/\/monteriver.com\/pl\/wp-json\/wp\/v2\/comments?post=1345"}],"version-history":[{"count":5,"href":"https:\/\/monteriver.com\/pl\/wp-json\/wp\/v2\/pages\/1345\/revisions"}],"predecessor-version":[{"id":2787,"href":"https:\/\/monteriver.com\/pl\/wp-json\/wp\/v2\/pages\/1345\/revisions\/2787"}],"wp:attachment":[{"href":"https:\/\/monteriver.com\/pl\/wp-json\/wp\/v2\/media?parent=1345"}],"curies":[{"name":"wp","href":"https:\/\/api.w.org\/{rel}","templated":true}]}}