{"id":1305,"date":"2023-03-13T21:15:49","date_gmt":"2023-03-13T21:15:49","guid":{"rendered":"https:\/\/monteriver.com\/dziekuje\/"},"modified":"2023-04-12T12:54:04","modified_gmt":"2023-04-12T12:54:04","slug":"hvala","status":"publish","type":"page","link":"https:\/\/monteriver.com\/pl\/hvala\/","title":{"rendered":"Dzi\u0119kuj\u0119"},"content":{"rendered":"\n<h1 class=\"has-text-align-center wp-block-heading\">Dzi\u0119kuj\u0119!<\/h1>\n\n<p class=\"has-text-align-center has-medium-font-size\">Dzi\u0119kujemy za wys\u0142anie pro\u015bby. Skontaktujemy si\u0119 z Tob\u0105 wkr\u00f3tce.<\/p>\n","protected":false},"excerpt":{"rendered":"<p>Dzi\u0119kuj\u0119! Dzi\u0119kujemy za wys\u0142anie pro\u015bby. Skontaktujemy si\u0119 z Tob\u0105 wkr\u00f3tce.<\/p>\n","protected":false},"author":1,"featured_media":0,"parent":0,"menu_order":0,"comment_status":"closed","ping_status":"closed","template":"","meta":{"_uag_custom_page_level_css":"","ub_ctt_via":"","site-sidebar-layout":"default","site-content-layout":"default","ast-global-header-display":"","ast-main-header-display":"","ast-hfb-above-header-display":"","ast-hfb-below-header-display":"","ast-hfb-mobile-header-display":"","site-post-title":"disabled","ast-breadcrumbs-content":"","ast-featured-img":"","footer-sml-layout":"","theme-transparent-header-meta":"","adv-header-id-meta":"","stick-header-meta":"","header-above-stick-meta":"","header-main-stick-meta":"","header-below-stick-meta":"","footnotes":""},"featured_image_src":null,"uagb_featured_image_src":{"full":false,"thumbnail":false,"medium":false,"medium_large":false,"large":false,"1536x1536":false,"2048x2048":false},"uagb_author_info":{"display_name":"Visitors","author_link":"https:\/\/monteriver.com\/pl\/author\/modrarijeka2023_vq6wkb\/"},"uagb_comment_info":0,"uagb_excerpt":"Dzi\u0119kuj\u0119! Dzi\u0119kujemy za wys\u0142anie pro\u015bby. Skontaktujemy si\u0119 z Tob\u0105 wkr\u00f3tce.","_links":{"self":[{"href":"https:\/\/monteriver.com\/pl\/wp-json\/wp\/v2\/pages\/1305"}],"collection":[{"href":"https:\/\/monteriver.com\/pl\/wp-json\/wp\/v2\/pages"}],"about":[{"href":"https:\/\/monteriver.com\/pl\/wp-json\/wp\/v2\/types\/page"}],"author":[{"embeddable":true,"href":"https:\/\/monteriver.com\/pl\/wp-json\/wp\/v2\/users\/1"}],"replies":[{"embeddable":true,"href":"https:\/\/monteriver.com\/pl\/wp-json\/wp\/v2\/comments?post=1305"}],"version-history":[{"count":1,"href":"https:\/\/monteriver.com\/pl\/wp-json\/wp\/v2\/pages\/1305\/revisions"}],"predecessor-version":[{"id":1308,"href":"https:\/\/monteriver.com\/pl\/wp-json\/wp\/v2\/pages\/1305\/revisions\/1308"}],"wp:attachment":[{"href":"https:\/\/monteriver.com\/pl\/wp-json\/wp\/v2\/media?parent=1305"}],"curies":[{"name":"wp","href":"https:\/\/api.w.org\/{rel}","templated":true}]}}