{"id":2758,"date":"2023-03-09T19:23:08","date_gmt":"2023-03-09T19:23:08","guid":{"rendered":"https:\/\/monteriver.com\/domande-frequenti\/"},"modified":"2023-05-08T12:24:49","modified_gmt":"2023-05-08T12:24:49","slug":"domande-frequenti","status":"publish","type":"page","link":"https:\/\/monteriver.com\/it\/domande-frequenti\/","title":{"rendered":"Domande frequenti"},"content":{"rendered":"\n<h1 class=\"wp-block-heading has-text-align-center\">Domande frequenti<\/h1>\n\n\n\n<p class=\"has-text-align-center has-medium-font-size\">Di seguito sono riportate le domande pi\u00f9 comuni dei nostri ospiti e visitatori <a href=\"https:\/\/monteriver.com\/it\/\" data-type=\"URL\" data-id=\"https:\/\/monteriver.com\/it\/\">che fanno rafting su Tara<\/a> e altri tour, a cui ti diamo le risposte. <br>Per ulteriori domande, contattaci <a href=\"mailto:reservationrafting@gmail.com\">all&#8217;indirizzo reservationrafting@gmail.com<\/a> o <a href=\"tel:+38267017419\" data-type=\"tel\" data-id=\"tel:+38267017419\">+38267017419<\/a> (Viber \/ WhatsApp).<\/p>\n\n\n<div class=\"wp-block-ub-content-toggle\" id=\"ub-content-toggle-b6df613f-5dca-44e0-bfab-e1a49a736b9b\" data-showonlyone=\"true\" data-mobilecollapse=\"false\" data-desktopcollapse=\"true\">\n<div class=\"no-border wp-block-ub-content-toggle-accordion\">\n                <div class=\"wp-block-ub-content-toggle-accordion-title-wrap\" aria-expanded=\"true\" aria-controls=\"ub-content-toggle-panel-0-b6df613f-5dca-44e0-bfab-e1a49a736b9b\" tabindex=\"0\">\n                    <p class=\"wp-block-ub-content-toggle-accordion-title ub-content-toggle-title-b6df613f-5dca-44e0-bfab-e1a49a736b9b\"><strong><strong>Qual \u00e8 la posizione esatta del Rafting Camp Modra Rijeka?<\/strong><\/strong><\/p><div class=\"wp-block-ub-content-toggle-accordion-toggle-wrap right\"><span class=\"wp-block-ub-content-toggle-accordion-state-indicator wp-block-ub-chevron-down open\"><\/span>\n                    <\/div><\/div><div role=\"region\" class=\"wp-block-ub-content-toggle-accordion-content-wrap\" id=\"ub-content-toggle-panel-0-b6df613f-5dca-44e0-bfab-e1a49a736b9b\">\n\n<p><a href=\"https:\/\/monteriver.com\/it\/rafting-camp-modra-rijeka\/\" data-type=\"page\" data-id=\"438\">Il Rafting Camp Modra Rijeka<\/a> si trova nel cuore <a href=\"https:\/\/monteriver.com\/it\/scepan-polje-e-soko-grad\/\" data-type=\"page\" data-id=\"499\">di Scepan Polje<\/a>, in Montenegro, vicino al confine con la Bosnia-Erzegovina, sulla riva del fiume. Le coordinate GPS del campeggio sono le seguenti: <\/p>\n\n\n\n<ul>\n<li><strong>43.343093  <\/strong><\/li>\n\n\n\n<li><strong>18.841690<\/strong><\/li>\n<\/ul>\n\n\n\n<p>Link alla<a href=\"https:\/\/www.google.com\/maps\/place\/Rafting+Camp+Modra+Rijeka\/@43.3430024,18.8404302,17z\/data=!4m9!3m8!1s0x134d298f46d58561:0x821a37a674ba7ffd!5m2!4m1!1i2!8m2!3d43.3429985!4d18.8426189!16s%2Fg%2F11b6c9f_w_\" data-type=\"URL\" data-id=\"https:\/\/www.google.com\/maps\/place\/Rafting+Camp+Modra+Rijeka\/@43.3430024,18.8404302,17z\/data=!4m9!3m8!1s0x134d298f46d58561:0x821a37a674ba7ffd!5m2!4m1!1i2!8m2!3d43.3429985!4d18.8426189!16s%2Fg%2F11b6c9f_w_\" target=\"_blank\" rel=\"noreferrer noopener nofollow\"> posizione su Google Map<\/a>.<\/p>\n\n<\/div><\/div>\n\n<div class=\"no-border wp-block-ub-content-toggle-accordion\">\n                <div class=\"wp-block-ub-content-toggle-accordion-title-wrap\" aria-expanded=\"false\" aria-controls=\"ub-content-toggle-panel-1-b6df613f-5dca-44e0-bfab-e1a49a736b9b\" tabindex=\"0\">\n                    <p class=\"wp-block-ub-content-toggle-accordion-title ub-content-toggle-title-b6df613f-5dca-44e0-bfab-e1a49a736b9b\"><strong><strong>Portiamo un passaporto per il rafting?<\/strong><\/strong><\/p><div class=\"wp-block-ub-content-toggle-accordion-toggle-wrap right\"><span class=\"wp-block-ub-content-toggle-accordion-state-indicator wp-block-ub-chevron-down\"><\/span>\n                    <\/div><\/div><div role=\"region\" class=\"wp-block-ub-content-toggle-accordion-content-wrap ub-hide\" id=\"ub-content-toggle-panel-1-b6df613f-5dca-44e0-bfab-e1a49a736b9b\">\n\n<p>No, puoi lasciare tutti i tuoi documenti in auto, in camera o alla reception del nostro Campeggio. Quando si fa rafting, non attraversare formalmente il confine con la Bosnia-Erzegovina e non sono necessari documenti sul fiume. <a href=\"https:\/\/monteriver.com\/it\/canyon-e-fiume-tara\/\" data-type=\"page\" data-id=\"459\">Il fiume Tara<\/a> rappresenta il confine naturale tra Montenegro e Bosnia.<\/p>\n\n<\/div><\/div>\n\n<div class=\"no-border wp-block-ub-content-toggle-accordion\">\n                <div class=\"wp-block-ub-content-toggle-accordion-title-wrap\" aria-expanded=\"false\" aria-controls=\"ub-content-toggle-panel-2-b6df613f-5dca-44e0-bfab-e1a49a736b9b\" tabindex=\"0\">\n                    <p class=\"wp-block-ub-content-toggle-accordion-title ub-content-toggle-title-b6df613f-5dca-44e0-bfab-e1a49a736b9b\"><strong><strong>Cosa indossare per un&#8217;avventura di rafting e cosa portare con te?<\/strong><\/strong><\/p><div class=\"wp-block-ub-content-toggle-accordion-toggle-wrap right\"><span class=\"wp-block-ub-content-toggle-accordion-state-indicator wp-block-ub-chevron-down\"><\/span>\n                    <\/div><\/div><div role=\"region\" class=\"wp-block-ub-content-toggle-accordion-content-wrap ub-hide\" id=\"ub-content-toggle-panel-2-b6df613f-5dca-44e0-bfab-e1a49a736b9b\">\n\n<p>Solo un costume da bagno e buon umore! Fotocamera \/ telefono per scattare le foto \/ scatti pi\u00f9 belli durante l&#8217;avventura!<\/p>\n\n<\/div><\/div>\n\n<div class=\"no-border wp-block-ub-content-toggle-accordion\">\n                <div class=\"wp-block-ub-content-toggle-accordion-title-wrap\" aria-expanded=\"false\" aria-controls=\"ub-content-toggle-panel-3-b6df613f-5dca-44e0-bfab-e1a49a736b9b\" tabindex=\"0\">\n                    <p class=\"wp-block-ub-content-toggle-accordion-title ub-content-toggle-title-b6df613f-5dca-44e0-bfab-e1a49a736b9b\"><strong><strong>I bambini possono fare rafting?<\/strong><\/strong><\/p><div class=\"wp-block-ub-content-toggle-accordion-toggle-wrap right\"><span class=\"wp-block-ub-content-toggle-accordion-state-indicator wp-block-ub-chevron-down\"><\/span>\n                    <\/div><\/div><div role=\"region\" class=\"wp-block-ub-content-toggle-accordion-content-wrap ub-hide\" id=\"ub-content-toggle-panel-3-b6df613f-5dca-44e0-bfab-e1a49a736b9b\">\n\n<p>Naturalmente, i bambini sono i nostri ospiti preferiti e apprezzano di pi\u00f9 la fenomenale avventura di rafting. A maggio e nella prima met\u00e0 di giugno, i bambini non fanno rafting, perch\u00e9 il livello dell&#8217;acqua del fiume \u00e8 alto, ma durante i mesi estivi i bambini si divertono di pi\u00f9. Tutti i bambini in et\u00e0 scolare possono praticare il rafting. \u263a<\/p>\n\n<\/div><\/div>\n\n<div class=\"no-border wp-block-ub-content-toggle-accordion\">\n                <div class=\"wp-block-ub-content-toggle-accordion-title-wrap\" aria-expanded=\"false\" aria-controls=\"ub-content-toggle-panel-4-b6df613f-5dca-44e0-bfab-e1a49a736b9b\" tabindex=\"0\">\n                    <p class=\"wp-block-ub-content-toggle-accordion-title ub-content-toggle-title-b6df613f-5dca-44e0-bfab-e1a49a736b9b\"><strong><strong>Possiamo portare i nostri drink e suonare la nostra musica nel campo?<\/strong><\/strong><\/p><div class=\"wp-block-ub-content-toggle-accordion-toggle-wrap right\"><span class=\"wp-block-ub-content-toggle-accordion-state-indicator wp-block-ub-chevron-down\"><\/span>\n                    <\/div><\/div><div role=\"region\" class=\"wp-block-ub-content-toggle-accordion-content-wrap ub-hide\" id=\"ub-content-toggle-panel-4-b6df613f-5dca-44e0-bfab-e1a49a736b9b\">\n\n<p>Tutte le bevande nel campo sono vietate e saranno punite. Nel campeggio c&#8217;\u00e8 un ristorante con un vasto assortimento di tutti i giardini di bevande analcoliche e alcoliche, bevande calde, ecc., Con prezzi estremamente convenienti ed equi. Pertanto, qualsiasi introduzione di bevande nel campo e nelle strutture del campo \u00e8 vietata e non sar\u00e0 tollerata.<\/p>\n\n\n\n<p>Inoltre, all&#8217;interno del Camp c&#8217;\u00e8 un bellissimo ristorante con la terrazza pi\u00f9 bella della zona sopra il fiume, dove \u00e8 possibile socializzare, divertirsi, ascoltare musica e divertirsi. Nei fine settimana, ci saranno spettacoli dal vivo. Tuttavia, \u00e8 vietato riprodurre musica in strutture destinate all&#8217;alloggio e al sonno, dato che disturba la pace e il riposo degli altri ospiti. Ti chiediamo di rispettare le regole della casa e ti garantiamo che troveremo il modo migliore per permetterti di goderti il tuo soggiorno con noi nel modo che hai immaginato.<\/p>\n\n<\/div><\/div>\n\n<div class=\"no-border wp-block-ub-content-toggle-accordion\">\n                <div class=\"wp-block-ub-content-toggle-accordion-title-wrap\" aria-expanded=\"false\" aria-controls=\"ub-content-toggle-panel-5-b6df613f-5dca-44e0-bfab-e1a49a736b9b\" tabindex=\"0\">\n                    <p class=\"wp-block-ub-content-toggle-accordion-title ub-content-toggle-title-b6df613f-5dca-44e0-bfab-e1a49a736b9b\"><strong>Offri il trasporto per la tariffa del campo di rafting?<\/strong><\/p><div class=\"wp-block-ub-content-toggle-accordion-toggle-wrap right\"><span class=\"wp-block-ub-content-toggle-accordion-state-indicator wp-block-ub-chevron-down\"><\/span>\n                    <\/div><\/div><div role=\"region\" class=\"wp-block-ub-content-toggle-accordion-content-wrap ub-hide\" id=\"ub-content-toggle-panel-5-b6df613f-5dca-44e0-bfab-e1a49a736b9b\">\n\n<p>Possibilit\u00e0 di organizzare trasporti per gruppi pi\u00f9 numerosi! Contattaci via e-mail, Viber, WhatsApp e organizzeremo un accordo secondo i tuoi desideri.<\/p>\n\n<\/div><\/div>\n\n<div class=\"no-border wp-block-ub-content-toggle-accordion\">\n                <div class=\"wp-block-ub-content-toggle-accordion-title-wrap\" aria-expanded=\"false\" aria-controls=\"ub-content-toggle-panel-6-b6df613f-5dca-44e0-bfab-e1a49a736b9b\" tabindex=\"0\">\n                    <p class=\"wp-block-ub-content-toggle-accordion-title ub-content-toggle-title-b6df613f-5dca-44e0-bfab-e1a49a736b9b\"><strong><strong>Offrite altri tour?<\/strong><\/strong><\/p><div class=\"wp-block-ub-content-toggle-accordion-toggle-wrap right\"><span class=\"wp-block-ub-content-toggle-accordion-state-indicator wp-block-ub-chevron-down\"><\/span>\n                    <\/div><\/div><div role=\"region\" class=\"wp-block-ub-content-toggle-accordion-content-wrap ub-hide\" id=\"ub-content-toggle-panel-6-b6df613f-5dca-44e0-bfab-e1a49a736b9b\">\n\n<p>Oltre <a href=\"https:\/\/monteriver.com\/it\/\" data-type=\"URL\" data-id=\"https:\/\/monteriver.com\/it\/\">al rafting<\/a>, dall&#8217;offerta evidenziamo <a href=\"https:\/\/monteriver.com\/it\/canyoning-nevidio\/\" data-type=\"page\" data-id=\"344\">canyoning Nevidio<\/a>, <a href=\"https:\/\/monteriver.com\/it\/jeep-safari-durmitor\/\" data-type=\"page\" data-id=\"271\">jeep safari Durmitor<\/a>, zip line, <a href=\"https:\/\/monteriver.com\/it\/mountain-bike-durmitor\/\" data-type=\"page\" data-id=\"362\">mountain bike<\/a>, <a href=\"https:\/\/monteriver.com\/it\/escursioni-trsa\/\" data-type=\"page\" data-id=\"370\">trekking<\/a>, <a href=\"https:\/\/monteriver.com\/it\/crociera-sul-lago-piva\/\" data-type=\"page\" data-id=\"295\">crociera sul lago<\/a>, <a href=\"https:\/\/monteriver.com\/it\/equitazione\/\" data-type=\"page\" data-id=\"341\">equitazione<\/a> , ecc.<\/p>\n\n<\/div><\/div>\n\n<div class=\"no-border wp-block-ub-content-toggle-accordion\">\n                <div class=\"wp-block-ub-content-toggle-accordion-title-wrap\" aria-expanded=\"false\" aria-controls=\"ub-content-toggle-panel-7-b6df613f-5dca-44e0-bfab-e1a49a736b9b\" tabindex=\"0\">\n                    <p class=\"wp-block-ub-content-toggle-accordion-title ub-content-toggle-title-b6df613f-5dca-44e0-bfab-e1a49a736b9b\"><strong><strong>I non nuotatori possono fare rafting?<\/strong><\/strong><\/p><div class=\"wp-block-ub-content-toggle-accordion-toggle-wrap right\"><span class=\"wp-block-ub-content-toggle-accordion-state-indicator wp-block-ub-chevron-down\"><\/span>\n                    <\/div><\/div><div role=\"region\" class=\"wp-block-ub-content-toggle-accordion-content-wrap ub-hide\" id=\"ub-content-toggle-panel-7-b6df613f-5dca-44e0-bfab-e1a49a736b9b\">\n\n<p>NATURALMENTE,! Con l&#8217;intera attrezzatura professionale obbligatoria per il rafting, cos\u00ec come i nostri skipper professionisti autorizzati, i non nuotatori possono arrendersi completamente al fascino della natura e godersi un&#8217;avventura di rafting indimenticabile!<\/p>\n\n<\/div><\/div>\n<\/div>","protected":false},"excerpt":{"rendered":"<p>Domande frequenti Di seguito sono riportate le domande pi\u00f9 comuni dei nostri ospiti e visitatori che fanno rafting su Tara e altri tour, a cui ti diamo le risposte. Per ulteriori domande, contattaci all&#8217;indirizzo reservationrafting@gmail.com o +38267017419 (Viber \/ WhatsApp).<\/p>\n","protected":false},"author":1,"featured_media":0,"parent":0,"menu_order":0,"comment_status":"closed","ping_status":"closed","template":"","meta":{"_uag_custom_page_level_css":"","ub_ctt_via":"","site-sidebar-layout":"default","site-content-layout":"default","ast-global-header-display":"","ast-main-header-display":"","ast-hfb-above-header-display":"","ast-hfb-below-header-display":"","ast-hfb-mobile-header-display":"","site-post-title":"disabled","ast-breadcrumbs-content":"","ast-featured-img":"","footer-sml-layout":"","theme-transparent-header-meta":"","adv-header-id-meta":"","stick-header-meta":"","header-above-stick-meta":"","header-main-stick-meta":"","header-below-stick-meta":"","footnotes":""},"featured_image_src":null,"uagb_featured_image_src":{"full":false,"thumbnail":false,"medium":false,"medium_large":false,"large":false,"1536x1536":false,"2048x2048":false},"uagb_author_info":{"display_name":"Visitors","author_link":"https:\/\/monteriver.com\/it\/author\/modrarijeka2023_vq6wkb\/"},"uagb_comment_info":0,"uagb_excerpt":"Domande frequenti Di seguito sono riportate le domande pi\u00f9 comuni dei nostri ospiti e visitatori che fanno rafting su Tara e altri tour, a cui ti diamo le risposte. Per ulteriori domande, contattaci all&#8217;indirizzo reservationrafting@gmail.com o +38267017419 (Viber \/ WhatsApp).","_links":{"self":[{"href":"https:\/\/monteriver.com\/it\/wp-json\/wp\/v2\/pages\/2758"}],"collection":[{"href":"https:\/\/monteriver.com\/it\/wp-json\/wp\/v2\/pages"}],"about":[{"href":"https:\/\/monteriver.com\/it\/wp-json\/wp\/v2\/types\/page"}],"author":[{"embeddable":true,"href":"https:\/\/monteriver.com\/it\/wp-json\/wp\/v2\/users\/1"}],"replies":[{"embeddable":true,"href":"https:\/\/monteriver.com\/it\/wp-json\/wp\/v2\/comments?post=2758"}],"version-history":[{"count":4,"href":"https:\/\/monteriver.com\/it\/wp-json\/wp\/v2\/pages\/2758\/revisions"}],"predecessor-version":[{"id":2763,"href":"https:\/\/monteriver.com\/it\/wp-json\/wp\/v2\/pages\/2758\/revisions\/2763"}],"wp:attachment":[{"href":"https:\/\/monteriver.com\/it\/wp-json\/wp\/v2\/media?parent=2758"}],"curies":[{"name":"wp","href":"https:\/\/api.w.org\/{rel}","templated":true}]}}