{"id":2746,"date":"2023-03-20T20:28:26","date_gmt":"2023-03-20T20:28:26","guid":{"rendered":"https:\/\/monteriver.com\/ristorante\/"},"modified":"2024-06-22T13:54:12","modified_gmt":"2024-06-22T13:54:12","slug":"ristorante","status":"publish","type":"page","link":"https:\/\/monteriver.com\/it\/ristorante\/","title":{"rendered":"Ristorante"},"content":{"rendered":"\n<div class=\"wp-block-cover alignfull is-light\" style=\"min-height:500px\"><span aria-hidden=\"true\" class=\"wp-block-cover__background has-background-dim-20 has-background-dim\"><\/span><img decoding=\"async\" loading=\"lazy\" width=\"1200\" height=\"500\" class=\"wp-block-cover__image-background wp-image-714\" alt=\"Smje\u0161taj u rafting kampu Modra Rijeka\" src=\"https:\/\/monteriver.com\/wp-content\/uploads\/2023\/03\/restoran-rafting-kamp-modra-rijeka.jpg\" data-object-fit=\"cover\" srcset=\"https:\/\/monteriver.com\/wp-content\/uploads\/2023\/03\/restoran-rafting-kamp-modra-rijeka.jpg 1200w, https:\/\/monteriver.com\/wp-content\/uploads\/2023\/03\/restoran-rafting-kamp-modra-rijeka-300x125.jpg 300w, https:\/\/monteriver.com\/wp-content\/uploads\/2023\/03\/restoran-rafting-kamp-modra-rijeka-1024x427.jpg 1024w, https:\/\/monteriver.com\/wp-content\/uploads\/2023\/03\/restoran-rafting-kamp-modra-rijeka-768x320.jpg 768w\" sizes=\"(max-width: 1200px) 100vw, 1200px\" \/><div class=\"wp-block-cover__inner-container is-layout-flow wp-block-cover-is-layout-flow\">\n<h1 class=\"wp-block-heading has-text-align-center\" style=\"font-size:70px\">Ristorante<\/h1>\n<\/div><\/div>\n\n\n\n<div class=\"wp-block-columns is-layout-flex wp-container-5 wp-block-columns-is-layout-flex\">\n<div class=\"wp-block-column is-layout-flow wp-block-column-is-layout-flow\" style=\"flex-basis:10%\"><\/div>\n\n\n\n<div class=\"wp-block-column is-layout-flow wp-block-column-is-layout-flow\" style=\"flex-basis:80%\">\n<p class=\"has-text-align-center has-medium-font-size\"><a href=\"https:\/\/monteriver.com\/it\/rafting-camp-modra-rijeka\/\" data-type=\"page\" data-id=\"438\">Il campo rafting Modra Rijeka<\/a> \u00e8 il vincitore <strong>della Grande Medaglia d&#8217;Oro alla Fiera del Turismo di Novi Sad per l&#8217;alta qualit\u00e0 dei ristoranti di cucina e cibo locale<\/strong>.<\/p>\n<\/div>\n\n\n\n<div class=\"wp-block-column is-layout-flow wp-block-column-is-layout-flow\" style=\"flex-basis:10%\"><\/div>\n<\/div>\n\n\n\n<div class=\"wp-block-columns alignfull is-layout-flex wp-container-10 wp-block-columns-is-layout-flex\">\n<div class=\"wp-block-column is-layout-flow wp-block-column-is-layout-flow\" style=\"flex-basis:5%\"><\/div>\n\n\n\n<div class=\"wp-block-column is-layout-flow wp-block-column-is-layout-flow\">\n<p class=\"has-medium-font-size\"><strong>Ristorante Rafting CampA Modra Rijeka dispone di 150 posti a sedere<\/strong> disposti nella parte interna, terrazze coperte e scoperte. Un&#8217;atmosfera speciale per tutti i nostri ospiti e gli appassionati di rafting <a href=\"https:\/\/monteriver.com\/it\/\" data-type=\"URL\" data-id=\"https:\/\/monteriver.com\/it\/\">a Tara<\/a> serve i pasti sulla terrazza, sulle <a href=\"https:\/\/monteriver.com\/it\/fiume-piva\/\" data-type=\"page\" data-id=\"472\">rive del fiume Piva<\/a>. Da nessuna parte avrai una cena pi\u00f9 bella e un&#8217;atmosfera pi\u00f9 bella, con una vista fenomenale che si estende fino al canyon di uno dei fiumi pi\u00f9 belli d&#8217;Europa.<\/p>\n<\/div>\n\n\n\n<div class=\"wp-block-column is-layout-flow wp-block-column-is-layout-flow\">\n<p class=\"has-medium-font-size\">Il nostro team di catering far\u00e0 in modo che le specialit\u00e0 nazionali siano sempre pronte per voi, che potrete gustare al massimo. Siamo sempre pronti a creare una variet\u00e0 di piatti per voi (gourmet, vegetariano, senza glutine e altri piatti a scelta). Quasi <strong>tutti i prodotti sono di origine biologica<\/strong>, <strong>acquistati da allevatori e produttori locali<\/strong>, e in questo modo potrete assaporare i sapori veri e sani e abbandonarvi al fascino delle nostre specialit\u00e0.<\/p>\n<\/div>\n\n\n\n<div class=\"wp-block-column is-layout-flow wp-block-column-is-layout-flow\" style=\"flex-basis:5%\"><\/div>\n<\/div>\n\n\n\n<h2 class=\"wp-block-heading\">Men\u00f9<\/h2>\n\n\n\n<div class=\"wp-block-columns alignfull is-layout-flex wp-container-15 wp-block-columns-is-layout-flex\">\n<div class=\"wp-block-column is-layout-flow wp-block-column-is-layout-flow\" style=\"flex-basis:5%\"><\/div>\n\n\n\n<div class=\"wp-block-column is-vertically-aligned-center is-layout-flow wp-block-column-is-layout-flow\" style=\"flex-basis:40%\">\n<h3 class=\"wp-block-heading\">Colazione salata e dolce<\/h3>\n<\/div>\n\n\n\n<div class=\"wp-block-column is-layout-flow wp-block-column-is-layout-flow\" style=\"flex-basis:50%\"><ul class=\"ub_styled_list\" id=\"ub_styled_list-b2514c35-f231-470d-9331-1d9d0809ae2b\">\n<li class=\"ub_styled_list_item\">Colazione calda fresca a base di uova in tutti i modi, prosciutto montenegrino, pancetta, salsiccia, kulen, zucchine, formaggi fatti in casa, panna\u2026<\/li>\n\n<li class=\"ub_styled_list_item\">Dolci con formaggio, miele, marmellata, panna, zucchero\u2026<\/li>\n<\/ul><\/div>\n\n\n\n<div class=\"wp-block-column is-layout-flow wp-block-column-is-layout-flow\" style=\"flex-basis:5%\"><\/div>\n<\/div>\n\n\n\n<div class=\"wp-block-columns alignfull has-ast-global-color-0-background-color has-background is-layout-flex wp-container-20 wp-block-columns-is-layout-flex\">\n<div class=\"wp-block-column is-layout-flow wp-block-column-is-layout-flow\" style=\"flex-basis:5%\"><\/div>\n\n\n\n<div class=\"wp-block-column is-vertically-aligned-center is-layout-flow wp-block-column-is-layout-flow\" style=\"flex-basis:40%\">\n<h3 class=\"wp-block-heading has-ast-global-color-5-color has-text-color\">Pranzo<\/h3>\n<\/div>\n\n\n\n<div class=\"wp-block-column is-layout-flow wp-block-column-is-layout-flow\" style=\"flex-basis:50%\"><ul class=\"ub_styled_list\" id=\"ub_styled_list-9ecf349a-3158-4fc1-8cf2-11c9d29835c8\">\n<li class=\"ub_styled_list_item\">Zuppa fatta in casa a base di diversi tipi di verdure<\/li>\n\n<li class=\"ub_styled_list_item\">Agnello, vitello, maiale sotto sacha, patate al forno sotto sacha, riso con verdure<\/li>\n\n<li class=\"ub_styled_list_item\">Trote, riso, patate sotto il sole<\/li>\n\n<li class=\"ub_styled_list_item\">Griglia (salsicce, spiedini, hamburger, spiedini, ecc.)<\/li>\n\n<li class=\"ub_styled_list_item\">Insalate fresche<\/li>\n<\/ul><\/div>\n\n\n\n<div class=\"wp-block-column is-layout-flow wp-block-column-is-layout-flow\" style=\"flex-basis:5%\"><\/div>\n<\/div>\n\n\n\n<div class=\"wp-block-columns alignfull is-layout-flex wp-container-25 wp-block-columns-is-layout-flex\">\n<div class=\"wp-block-column is-layout-flow wp-block-column-is-layout-flow\" style=\"flex-basis:5%\"><\/div>\n\n\n\n<div class=\"wp-block-column is-vertically-aligned-center is-layout-flow wp-block-column-is-layout-flow\" style=\"flex-basis:40%\">\n<h3 class=\"wp-block-heading\">Cena<\/h3>\n<\/div>\n\n\n\n<div class=\"wp-block-column is-layout-flow wp-block-column-is-layout-flow\" style=\"flex-basis:50%\"><ul class=\"ub_styled_list\" id=\"ub_styled_list-64787dcc-4a2a-411d-8806-c1c6e97685c8\">\n<li class=\"ub_styled_list_item\">La specialit\u00e0 del campo &#8211; La carne alla maniera contadina, una scelta inevitabile per tutti coloro che vengono al Rafting Camp Modra Rijeka<\/li>\n\n<li class=\"ub_styled_list_item\">Trote, riso, patate sotto il sole<\/li>\n\n<li class=\"ub_styled_list_item\">Griglia (salsicce, spiedini, hamburger, spiedini, ecc.)<\/li>\n\n<li class=\"ub_styled_list_item\">Insalate fresche<\/li>\n<\/ul><\/div>\n\n\n\n<div class=\"wp-block-column is-layout-flow wp-block-column-is-layout-flow\" style=\"flex-basis:5%\"><\/div>\n<\/div>\n\n\n\n<div class=\"wp-block-columns alignfull is-layout-flex wp-container-28 wp-block-columns-is-layout-flex\">\n<div class=\"wp-block-column is-vertically-aligned-center is-layout-flow wp-block-column-is-layout-flow\">\n<h3 class=\"wp-block-heading\">RICCO MEN\u00d9 VEGETARIANO, VEGANO E SENZA GLUTINE! <\/h3>\n\n\n\n<p class=\"has-medium-font-size\">Vi preghiamo di fornirci solo tutte le richieste speciali di cibo al momento della prenotazione dell&#8217;accordo, in modo che possiamo preparare tutto in modo tempestivo.<\/p>\n<\/div>\n\n\n\n<div class=\"wp-block-column is-layout-flow wp-block-column-is-layout-flow\">\n<figure class=\"wp-block-image size-full has-custom-border is-style-default\"><img decoding=\"async\" loading=\"lazy\" width=\"1920\" height=\"1278\" src=\"https:\/\/monteriver.com\/wp-content\/uploads\/2023\/03\/rucak-modra-rijeka.webp\" alt=\"Ricco pranzo nel campo rafting Modra Rijeka ristorante\" class=\"wp-image-717\" style=\"border-radius:8px\" srcset=\"https:\/\/monteriver.com\/wp-content\/uploads\/2023\/03\/rucak-modra-rijeka.webp 1920w, https:\/\/monteriver.com\/wp-content\/uploads\/2023\/03\/rucak-modra-rijeka-300x200.webp 300w, https:\/\/monteriver.com\/wp-content\/uploads\/2023\/03\/rucak-modra-rijeka-1024x682.webp 1024w, https:\/\/monteriver.com\/wp-content\/uploads\/2023\/03\/rucak-modra-rijeka-768x511.webp 768w, https:\/\/monteriver.com\/wp-content\/uploads\/2023\/03\/rucak-modra-rijeka-1536x1022.webp 1536w\" sizes=\"(max-width: 1920px) 100vw, 1920px\" \/><\/figure>\n<\/div>\n<\/div>\n\n\n\n<div class=\"wp-block-columns alignfull is-layout-flex wp-container-31 wp-block-columns-is-layout-flex\">\n<div class=\"wp-block-column is-vertically-aligned-center is-layout-flow wp-block-column-is-layout-flow\">\n<figure class=\"wp-block-image size-full has-custom-border\"><img decoding=\"async\" loading=\"lazy\" width=\"1920\" height=\"1278\" src=\"https:\/\/monteriver.com\/wp-content\/uploads\/2023\/03\/hrana-modra-rijeka.webp\" alt=\"Pranzo a base di carne nel ristorante del campeggio rafting Modra Rijeka\" class=\"wp-image-716\" style=\"border-radius:8px\" srcset=\"https:\/\/monteriver.com\/wp-content\/uploads\/2023\/03\/hrana-modra-rijeka.webp 1920w, https:\/\/monteriver.com\/wp-content\/uploads\/2023\/03\/hrana-modra-rijeka-300x200.webp 300w, https:\/\/monteriver.com\/wp-content\/uploads\/2023\/03\/hrana-modra-rijeka-1024x682.webp 1024w, https:\/\/monteriver.com\/wp-content\/uploads\/2023\/03\/hrana-modra-rijeka-768x511.webp 768w, https:\/\/monteriver.com\/wp-content\/uploads\/2023\/03\/hrana-modra-rijeka-1536x1022.webp 1536w\" sizes=\"(max-width: 1920px) 100vw, 1920px\" \/><\/figure>\n<\/div>\n\n\n\n<div class=\"wp-block-column is-vertically-aligned-center is-layout-flow wp-block-column-is-layout-flow\">\n<p class=\"has-medium-font-size\">Nel nostro ristorante troverete tutti i tipi di bevande alcoliche e analcoliche: succhi gassati e non gassati, birre, vini, acquaviti montenegrine di tutti i gusti, ecc. <\/p>\n\n\n\n<p class=\"has-medium-font-size\">Inoltre, solo nel campo di rafting Modra Rijeka si pu\u00f2 godere di acquaviti Premier a base di frutta di prima classe, che sono titolari di medaglie d&#8217;oro in molte fiere mondiali (mela cotogna, albicocca, williams, prugna, vite).<\/p>\n<\/div>\n<\/div>\n","protected":false},"excerpt":{"rendered":"<p>Il campo rafting Modra Rijeka \u00e8 il vincitore della Grande Medaglia d&#8217;Oro alla Fiera del Turismo di Novi Sad per l&#8217;alta qualit\u00e0 dei ristoranti di cucina e cibo locale. Ristorante Rafting CampA Modra Rijeka dispone di 150 posti a sedere disposti nella parte interna, terrazze coperte e scoperte. Un&#8217;atmosfera speciale per tutti i nostri ospiti &hellip;<\/p>\n<p class=\"read-more\"> <a class=\"\" href=\"https:\/\/monteriver.com\/it\/ristorante\/\"> <span class=\"screen-reader-text\">Ristorante<\/span> Leggi altro &raquo;<\/a><\/p>\n","protected":false},"author":1,"featured_media":0,"parent":0,"menu_order":0,"comment_status":"closed","ping_status":"closed","template":"","meta":{"_uag_custom_page_level_css":"","ub_ctt_via":"","site-sidebar-layout":"default","site-content-layout":"default","ast-global-header-display":"","ast-main-header-display":"","ast-hfb-above-header-display":"","ast-hfb-below-header-display":"","ast-hfb-mobile-header-display":"","site-post-title":"disabled","ast-breadcrumbs-content":"","ast-featured-img":"","footer-sml-layout":"","theme-transparent-header-meta":"","adv-header-id-meta":"","stick-header-meta":"","header-above-stick-meta":"","header-main-stick-meta":"","header-below-stick-meta":"","footnotes":""},"featured_image_src":null,"uagb_featured_image_src":{"full":false,"thumbnail":false,"medium":false,"medium_large":false,"large":false,"1536x1536":false,"2048x2048":false},"uagb_author_info":{"display_name":"Visitors","author_link":"https:\/\/monteriver.com\/it\/author\/modrarijeka2023_vq6wkb\/"},"uagb_comment_info":0,"uagb_excerpt":"Il campo rafting Modra Rijeka \u00e8 il vincitore della Grande Medaglia d&#8217;Oro alla Fiera del Turismo di Novi Sad per l&#8217;alta qualit\u00e0 dei ristoranti di cucina e cibo locale. Ristorante Rafting CampA Modra Rijeka dispone di 150 posti a sedere disposti nella parte interna, terrazze coperte e scoperte. Un&#8217;atmosfera speciale per tutti i nostri ospiti&hellip;","_links":{"self":[{"href":"https:\/\/monteriver.com\/it\/wp-json\/wp\/v2\/pages\/2746"}],"collection":[{"href":"https:\/\/monteriver.com\/it\/wp-json\/wp\/v2\/pages"}],"about":[{"href":"https:\/\/monteriver.com\/it\/wp-json\/wp\/v2\/types\/page"}],"author":[{"embeddable":true,"href":"https:\/\/monteriver.com\/it\/wp-json\/wp\/v2\/users\/1"}],"replies":[{"embeddable":true,"href":"https:\/\/monteriver.com\/it\/wp-json\/wp\/v2\/comments?post=2746"}],"version-history":[{"count":5,"href":"https:\/\/monteriver.com\/it\/wp-json\/wp\/v2\/pages\/2746\/revisions"}],"predecessor-version":[{"id":3211,"href":"https:\/\/monteriver.com\/it\/wp-json\/wp\/v2\/pages\/2746\/revisions\/3211"}],"wp:attachment":[{"href":"https:\/\/monteriver.com\/it\/wp-json\/wp\/v2\/media?parent=2746"}],"curies":[{"name":"wp","href":"https:\/\/api.w.org\/{rel}","templated":true}]}}