{"id":2742,"date":"2023-03-15T20:31:45","date_gmt":"2023-03-15T20:31:45","guid":{"rendered":"https:\/\/monteriver.com\/rafting-camp-modra-rijeka\/"},"modified":"2023-05-08T11:54:30","modified_gmt":"2023-05-08T11:54:30","slug":"rafting-camp-modra-rijeka","status":"publish","type":"page","link":"https:\/\/monteriver.com\/it\/rafting-camp-modra-rijeka\/","title":{"rendered":"Rafting camp Modra Rijeka"},"content":{"rendered":"\n<div class=\"wp-block-cover alignfull\" style=\"min-height:500px\"><span aria-hidden=\"true\" class=\"wp-block-cover__background has-background-dim-20 has-background-dim\"><\/span><img decoding=\"async\" loading=\"lazy\" width=\"1200\" height=\"500\" class=\"wp-block-cover__image-background wp-image-467\" alt=\"Rafting kamp Modra Rijeka\" src=\"https:\/\/monteriver.com\/wp-content\/uploads\/2023\/03\/rafting-kamp-modra-rijeka-1.jpg\" data-object-fit=\"cover\" srcset=\"https:\/\/monteriver.com\/wp-content\/uploads\/2023\/03\/rafting-kamp-modra-rijeka-1.jpg 1200w, https:\/\/monteriver.com\/wp-content\/uploads\/2023\/03\/rafting-kamp-modra-rijeka-1-300x125.jpg 300w, https:\/\/monteriver.com\/wp-content\/uploads\/2023\/03\/rafting-kamp-modra-rijeka-1-1024x427.jpg 1024w, https:\/\/monteriver.com\/wp-content\/uploads\/2023\/03\/rafting-kamp-modra-rijeka-1-768x320.jpg 768w\" sizes=\"(max-width: 1200px) 100vw, 1200px\" \/><div class=\"wp-block-cover__inner-container is-layout-flow wp-block-cover-is-layout-flow\">\n<h1 class=\"wp-block-heading has-text-align-center\" style=\"font-size:70px\">Rafting camp Modra Rijeka<\/h1>\n\n\n\n<h2 class=\"wp-block-heading has-text-align-center\">Benvenuti nel nostro campeggio<\/h2>\n<\/div><\/div>\n\n<div class=\"wp-block-columns alignfull are-vertically-aligned-top has-ast-global-color-0-background-color has-background is-layout-flex wp-container-5 wp-block-columns-is-layout-flex\">\n<div class=\"wp-block-column is-vertically-aligned-top is-layout-flow wp-block-column-is-layout-flow\" style=\"flex-basis:20%\"><\/div>\n\n\n\n<div class=\"wp-block-column is-vertically-aligned-top is-layout-flow wp-block-column-is-layout-flow\">\n<p class=\"has-text-align-left has-ast-global-color-5-color has-text-color has-medium-font-size\">Al punto di partenza, da cui si intraprende un&#8217;indimenticabile avventura di rafting <a href=\"https:\/\/monteriver.com\/it\/\" data-type=\"URL\" data-id=\"https:\/\/monteriver.com\/it\/\">sul<\/a> fiume Tara, nelle immediate vicinanze della composizione di tre fiumi: <a href=\"https:\/\/monteriver.com\/it\/canyon-e-fiume-tara\/\" data-type=\"page\" data-id=\"459\">Tara<\/a>, <a href=\"https:\/\/monteriver.com\/it\/fiume-piva\/\" data-type=\"page\" data-id=\"472\">Piva<\/a> e Drina, c&#8217;\u00e8 il campo rafting Modra Rijeka.<\/p>\n<\/div>\n\n\n\n<div class=\"wp-block-column is-vertically-aligned-top is-layout-flow wp-block-column-is-layout-flow\" style=\"flex-basis:20%\"><\/div>\n<\/div>\n\n<div class=\"wp-block-uagb-image alignfull uagb-block-6a22ac73 wp-block-uagb-image--layout-default wp-block-uagb-image--effect-zoomin wp-block-uagb-image--align-full\"><figure class=\"wp-block-uagb-image__figure\"><img decoding=\"async\" srcset=\"https:\/\/monteriver.com\/wp-content\/uploads\/2023\/03\/shape-1.svg \" src=\"https:\/\/monteriver.com\/wp-content\/uploads\/2023\/03\/shape-1.svg\" alt=\"shape\" class=\"uag-image-558\" width=\"\" height=\"\" title=\"\" loading=\"lazy\"\/><\/figure><\/div>\n\t\t\t<div \n\t\t\tclass=\"wp-block-uagb-google-map uagb-google-map__wrap uagb-block-5451945c    \"\n\t\t\tstyle=\"\" >\n\t\t\t\t<iframe\n\t\t\t\t\tclass=\"uagb-google-map__iframe\"\n\t\t\t\t\ttitle=\"Google Map for \"\n\t\t\t\t\tsrc=\"https:\/\/maps.google.com\/maps?q=Rafting%20kamp%20Modra%20Rijeka&#038;z=12&#038;hl=sr&#038;t=m&#038;output=embed&#038;iwloc=near\"\n\t\t\t\t\twidth=\"640\"\n\t\t\t\t\theight=\"500\"\n\t\t\t\t\tloading=\"lazy\"\n\t\t\t\t><\/iframe>\n\t\t\t<\/div>\n\t\t\t\n<div class=\"wp-block-columns alignfull is-layout-flex wp-container-10 wp-block-columns-is-layout-flex\">\n<div class=\"wp-block-column is-layout-flow wp-block-column-is-layout-flow\" style=\"flex-basis:5%\"><\/div>\n\n\n\n<div class=\"wp-block-column is-layout-flow wp-block-column-is-layout-flow\">\n<p class=\"has-medium-font-size\">A soli 300 metri dalla strada principale Podgorica-Sarajevo, c&#8217;\u00e8 questa oasi turistica che rappresenta un vero gioiello della bellezza selvaggia montenegrina. Se decidete di <a href=\"https:\/\/monteriver.com\/it\/\" data-type=\"URL\" data-id=\"https:\/\/monteriver.com\/it\/\">fare rafting tara<\/a> e visitare il Montenegro, Rafting Camp Modra Rijeka sar\u00e0 il posto giusto per voi. Un luogo dove pace e armonia si uniscono, godendo della natura incontaminata della parte pi\u00f9 bella del Montenegro, con adrenalina e sport estremi, come <a href=\"https:\/\/monteriver.com\/it\/\" data-type=\"URL\" data-id=\"https:\/\/monteriver.com\/it\/\">rafting sul fiume Tara<\/a>, canyoning sul fiume Beer, <a href=\"https:\/\/monteriver.com\/it\/jeep-safari-durmitor\/\" data-type=\"page\" data-id=\"271\">tour safari in jeep intorno a Durmitor<\/a> e <a href=\"https:\/\/monteriver.com\/it\/jeep-safari-piva-monte\/\" data-type=\"page\" data-id=\"290\">Montagne di birra<\/a>, <a href=\"https:\/\/monteriver.com\/it\/mountain-bike-durmitor\/\" data-type=\"page\" data-id=\"362\">tour in bicicletta<\/a>, <a href=\"https:\/\/monteriver.com\/it\/escursioni-monastero-di-zagradje\/\" data-type=\"page\" data-id=\"375\">escursioni a piedi<\/a>, <a href=\"https:\/\/monteriver.com\/it\/canyoning-nevidio\/\" data-type=\"page\" data-id=\"344\">visite al canyon del nevidio<\/a>, avventure in zip line, <a href=\"https:\/\/monteriver.com\/it\/equitazione\/\" data-type=\"page\" data-id=\"341\">passeggiate a cavallo<\/a> e altri sport.<\/p>\n<\/div>\n\n\n\n<div class=\"wp-block-column is-layout-flow wp-block-column-is-layout-flow\">\n<figure class=\"wp-block-image size-full has-custom-border\"><img decoding=\"async\" loading=\"lazy\" width=\"900\" height=\"600\" src=\"https:\/\/monteriver.com\/wp-content\/uploads\/2023\/03\/rafting-tara-kamp-modra-rijeka.jpg\" alt=\"Campo rafting Modra Rijeka in Montenegro\" class=\"wp-image-441\" style=\"border-radius:8px\" srcset=\"https:\/\/monteriver.com\/wp-content\/uploads\/2023\/03\/rafting-tara-kamp-modra-rijeka.jpg 900w, https:\/\/monteriver.com\/wp-content\/uploads\/2023\/03\/rafting-tara-kamp-modra-rijeka-300x200.jpg 300w, https:\/\/monteriver.com\/wp-content\/uploads\/2023\/03\/rafting-tara-kamp-modra-rijeka-768x512.jpg 768w\" sizes=\"(max-width: 900px) 100vw, 900px\" \/><\/figure>\n<\/div>\n\n\n\n<div class=\"wp-block-column is-layout-flow wp-block-column-is-layout-flow\" style=\"flex-basis:5%\"><\/div>\n<\/div>\n\n<div class=\"wp-block-columns alignfull has-ast-global-color-0-background-color has-background is-layout-flex wp-container-15 wp-block-columns-is-layout-flex\">\n<div class=\"wp-block-column is-layout-flow wp-block-column-is-layout-flow\" style=\"flex-basis:5%\"><\/div>\n\n\n\n<div class=\"wp-block-column is-layout-flow wp-block-column-is-layout-flow\">\n<figure class=\"wp-block-image size-full has-custom-border\"><img decoding=\"async\" loading=\"lazy\" width=\"900\" height=\"600\" src=\"https:\/\/monteriver.com\/wp-content\/uploads\/2023\/03\/most-piva.jpg\" alt=\"Ponte sul fiume Piva vicino al campo di rafting Modra Rijeka\" class=\"wp-image-448\" style=\"border-radius:8px\" srcset=\"https:\/\/monteriver.com\/wp-content\/uploads\/2023\/03\/most-piva.jpg 900w, https:\/\/monteriver.com\/wp-content\/uploads\/2023\/03\/most-piva-300x200.jpg 300w, https:\/\/monteriver.com\/wp-content\/uploads\/2023\/03\/most-piva-768x512.jpg 768w\" sizes=\"(max-width: 900px) 100vw, 900px\" \/><\/figure>\n<\/div>\n\n\n\n<div class=\"wp-block-column is-layout-flow wp-block-column-is-layout-flow\">\n<p class=\"has-ast-global-color-5-color has-text-color has-medium-font-size\">Da 15 anni, il Rafting Camp &#8221;Modra Rijeka&#8221; \u00e8 considerato il campo pi\u00f9 bello e organizzato di questa regione. Prova di ci\u00f2 sono i numerosi premi che il Rafting Camp Modra Rijeka ha ricevuto negli anni precedenti, come la Golden Cup per il miglior campo di rafting della regione. La nostra posizione, nel cuore di \u0160\u0107epan Polje, nel luogo in cui inizia il rafting e dove finisce il rafting tara, ci distingue dal resto e ci rende la scelta giusta per voi e i vostri cari. Tutto quello che devi fare \u00e8 prenotare la tua avventura di rafting in tempo, e la cura di te e del tuo buon tempo \u00e8 presa in carico dal nostro Team, che \u00e8 ben noto a coloro che sono tornati in Montenegro e <a href=\"https:\/\/monteriver.com\/it\/\" data-type=\"URL\" data-id=\"https:\/\/monteriver.com\/it\/\">rafting sul fiume Tara<\/a> per anni.<\/p>\n<\/div>\n\n\n\n<div class=\"wp-block-column is-layout-flow wp-block-column-is-layout-flow\" style=\"flex-basis:5%\"><\/div>\n<\/div>\n\n<div class=\"wp-block-columns is-layout-flex wp-container-17 wp-block-columns-is-layout-flex\">\n<div class=\"wp-block-column is-layout-flow wp-block-column-is-layout-flow\">\n<p class=\"has-medium-font-size\">Il nostro <strong>ampio parcheggio \u00e8 completamente gratuito<\/strong> per gli ospiti del campeggio, e non importa se tu e i tuoi amici venite in bicicletta, moto, auto o autobus, il vostro posto auto \u00e8 sempre riservato nel campeggio rafting Modra Rijeka.<\/p>\n\n\n<div class=\"ub-buttons align-button-center\"  id=\"ub-button-4029ca74-727b-41a9-92f0-76a18fd46f0f\"><div class=\"ub-button-container\">\n    <a href=\"https:\/\/monteriver.com\/smjestaj\/\" target=\"_self\"\n    rel=\"noopener noreferrer\"\n    class=\"ub-button-block-main ub-button-medium ub-button-flex-medium\" role=\"button\">\n    <div class=\"ub-button-content-holder\"><span class=\"ub-button-icon-holder\"><svg xmlns=\"http:\/\/www.w3.org\/2000\/svg\"height=\"30\", width=\"30\"viewBox=\"0, 0, 256, 512\"><path fill=\"currentColor\" d=\"M246.6 233.4c12.5 12.5 12.5 32.8 0 45.3l-160 160c-12.5 12.5-32.8 12.5-45.3 0s-12.5-32.8 0-45.3L178.7 256 41.4 118.6c-12.5-12.5-12.5-32.8 0-45.3s32.8-12.5 45.3 0l160 160z\"><\/svg><\/span><span class=\"ub-button-block-btn\"><strong>POGLEDAJTE SMJE\u0160TAJ<\/strong><\/span>\n    <\/div><\/a><\/div><\/div><\/div>\n<\/div>\n\n<div class=\"wp-block-columns alignfull is-layout-flex wp-container-19 wp-block-columns-is-layout-flex\">\n<div class=\"wp-block-column is-layout-flow wp-block-column-is-layout-flow\">\t\t\t\t\t<div\n\t\t\t\t\t\tclass=\"wp-block-uagb-image-gallery uagb-block-c0f53cbb     \"\n\t\t\t\t\t\tstyle=\"\"\n\t\t\t\t\t>\n\t\t\t\t\t\t\t\t\t\t\t<div class=\"spectra-image-gallery spectra-image-gallery__layout--grid spectra-image-gallery__layout--grid-col-2 spectra-image-gallery__layout--grid-col-tab-2 spectra-image-gallery__layout--grid-col-mob-1\">\n\t\t\t\t\t\t\t\t\t\t\t<div class='spectra-image-gallery__media-wrapper' data-spectra-gallery-image-id='447'>\n\t\t\t\t\t\t\t<div class=\"spectra-image-gallery__media spectra-image-gallery__media--grid\">\n\t\t\t\t<picture>\n\t\t\t\t\t<source media=\"(min-width: 1024px)\" srcset=\"https:\/\/monteriver.com\/wp-content\/uploads\/2023\/03\/kucice-rafting-modra-rijeka.jpg\">\n\t\t\t\t\t<source media=\"(min-width: 768px)\" srcset=\"https:\/\/monteriver.com\/wp-content\/uploads\/2023\/03\/kucice-rafting-modra-rijeka.jpg\">\n\t\t\t\t\t<img decoding=\"async\" class=\"spectra-image-gallery__media-thumbnail spectra-image-gallery__media-thumbnail--grid\" src=\"https:\/\/monteriver.com\/wp-content\/uploads\/2023\/03\/kucice-rafting-modra-rijeka.jpg\" alt=\"Smje\u0161taj u rafting kampu Modra Rijeka\" loading=\"lazy\" \/>\n\t\t\t\t<\/picture>\n\t\t\t\t<div class=\"spectra-image-gallery__media-thumbnail-blurrer\"><\/div>\n\t\t\t\t\t\t\t\t\t\t\t<div class=\"spectra-image-gallery__media-thumbnail-caption-wrapper spectra-image-gallery__media-thumbnail-caption-wrapper--overlay\"><\/div>\n\t\t\t\t\t\t\t\t<\/div>\n\t\t\t\t\t\t<\/div>\n\t\t\t\t\t\t<div class='spectra-image-gallery__media-wrapper' data-spectra-gallery-image-id='449'>\n\t\t\t\t\t\t\t<div class=\"spectra-image-gallery__media spectra-image-gallery__media--grid\">\n\t\t\t\t<picture>\n\t\t\t\t\t<source media=\"(min-width: 1024px)\" srcset=\"https:\/\/monteriver.com\/wp-content\/uploads\/2023\/03\/rafting-kamp-modra-rijeka.jpg\">\n\t\t\t\t\t<source media=\"(min-width: 768px)\" srcset=\"https:\/\/monteriver.com\/wp-content\/uploads\/2023\/03\/rafting-kamp-modra-rijeka.jpg\">\n\t\t\t\t\t<img decoding=\"async\" class=\"spectra-image-gallery__media-thumbnail spectra-image-gallery__media-thumbnail--grid\" src=\"https:\/\/monteriver.com\/wp-content\/uploads\/2023\/03\/rafting-kamp-modra-rijeka.jpg\" alt=\"Rafting kamp Modra Rijeka\" loading=\"lazy\" \/>\n\t\t\t\t<\/picture>\n\t\t\t\t<div class=\"spectra-image-gallery__media-thumbnail-blurrer\"><\/div>\n\t\t\t\t\t\t\t\t\t\t\t<div class=\"spectra-image-gallery__media-thumbnail-caption-wrapper spectra-image-gallery__media-thumbnail-caption-wrapper--overlay\"><\/div>\n\t\t\t\t\t\t\t\t<\/div>\n\t\t\t\t\t\t<\/div>\n\t\t\t\t\t\t<div class='spectra-image-gallery__media-wrapper' data-spectra-gallery-image-id='446'>\n\t\t\t\t\t\t\t<div class=\"spectra-image-gallery__media spectra-image-gallery__media--grid\">\n\t\t\t\t<picture>\n\t\t\t\t\t<source media=\"(min-width: 1024px)\" srcset=\"https:\/\/monteriver.com\/wp-content\/uploads\/2023\/03\/kucice-rafting-kamp.jpg\">\n\t\t\t\t\t<source media=\"(min-width: 768px)\" srcset=\"https:\/\/monteriver.com\/wp-content\/uploads\/2023\/03\/kucice-rafting-kamp.jpg\">\n\t\t\t\t\t<img decoding=\"async\" class=\"spectra-image-gallery__media-thumbnail spectra-image-gallery__media-thumbnail--grid\" src=\"https:\/\/monteriver.com\/wp-content\/uploads\/2023\/03\/kucice-rafting-kamp.jpg\" alt=\"Kucice rafting kamp Modra Rijeka\" loading=\"lazy\" \/>\n\t\t\t\t<\/picture>\n\t\t\t\t<div class=\"spectra-image-gallery__media-thumbnail-blurrer\"><\/div>\n\t\t\t\t\t\t\t\t\t\t\t<div class=\"spectra-image-gallery__media-thumbnail-caption-wrapper spectra-image-gallery__media-thumbnail-caption-wrapper--overlay\"><\/div>\n\t\t\t\t\t\t\t\t<\/div>\n\t\t\t\t\t\t<\/div>\n\t\t\t\t\t\t<div class='spectra-image-gallery__media-wrapper' data-spectra-gallery-image-id='441'>\n\t\t\t\t\t\t\t<div class=\"spectra-image-gallery__media spectra-image-gallery__media--grid\">\n\t\t\t\t<picture>\n\t\t\t\t\t<source media=\"(min-width: 1024px)\" srcset=\"https:\/\/monteriver.com\/wp-content\/uploads\/2023\/03\/rafting-tara-kamp-modra-rijeka.jpg\">\n\t\t\t\t\t<source media=\"(min-width: 768px)\" srcset=\"https:\/\/monteriver.com\/wp-content\/uploads\/2023\/03\/rafting-tara-kamp-modra-rijeka.jpg\">\n\t\t\t\t\t<img decoding=\"async\" class=\"spectra-image-gallery__media-thumbnail spectra-image-gallery__media-thumbnail--grid\" src=\"https:\/\/monteriver.com\/wp-content\/uploads\/2023\/03\/rafting-tara-kamp-modra-rijeka.jpg\" alt=\"Rafting kamp Modra Rijeka u Crnoj Gori\" loading=\"lazy\" \/>\n\t\t\t\t<\/picture>\n\t\t\t\t<div class=\"spectra-image-gallery__media-thumbnail-blurrer\"><\/div>\n\t\t\t\t\t\t\t\t\t\t\t<div class=\"spectra-image-gallery__media-thumbnail-caption-wrapper spectra-image-gallery__media-thumbnail-caption-wrapper--overlay\"><\/div>\n\t\t\t\t\t\t\t\t<\/div>\n\t\t\t\t\t\t<\/div>\n\t\t\t\t\t\t\t\t\t\t<\/div>\n\t\t\t\t\t\t\t\t\t\t\t\t\t\t\t\t\t\t<\/div>\n\t\t\t\t\t\t\t\t\t\t\t<div class='spectra-image-gallery__control-lightbox' tabindex='0'>\n\t\t\t\t\t\t\t\t\t\t\t<div class=\"swiper spectra-image-gallery__control-lightbox--main\" dir=\"\">\n\t\t\t\t\t<div class=\"swiper-wrapper\">\n\t\t\t\t\t\t\t\t\t\t\t\t\t\n\t\t\t\t\t\t\t<div class=\"swiper-slide\">\n\t\t\t\t\t\t\t\t<img class=\"swiper-lazy\" data-src=\"https:\/\/monteriver.com\/wp-content\/uploads\/2023\/03\/kucice-rafting-modra-rijeka.jpg\" alt=\"Smje\u0161taj u rafting kampu Modra Rijeka\"\/>\n\t\t\t\t\t\t\t\t<div class=\"swiper-lazy-preloader swiper-lazy-preloader-white\"><\/div>\n\t\t\t\t\t\t\t\t\t\t\t\t\t\t\t<\/div>\n\t\t\t\t\t\t\t\t\t\t\t\t\t\n\t\t\t\t\t\t\t<div class=\"swiper-slide\">\n\t\t\t\t\t\t\t\t<img class=\"swiper-lazy\" data-src=\"https:\/\/monteriver.com\/wp-content\/uploads\/2023\/03\/rafting-kamp-modra-rijeka.jpg\" alt=\"Rafting kamp Modra Rijeka\"\/>\n\t\t\t\t\t\t\t\t<div class=\"swiper-lazy-preloader swiper-lazy-preloader-white\"><\/div>\n\t\t\t\t\t\t\t\t\t\t\t\t\t\t\t<\/div>\n\t\t\t\t\t\t\t\t\t\t\t\t\t\n\t\t\t\t\t\t\t<div class=\"swiper-slide\">\n\t\t\t\t\t\t\t\t<img class=\"swiper-lazy\" data-src=\"https:\/\/monteriver.com\/wp-content\/uploads\/2023\/03\/kucice-rafting-kamp.jpg\" alt=\"Kucice rafting kamp Modra Rijeka\"\/>\n\t\t\t\t\t\t\t\t<div class=\"swiper-lazy-preloader swiper-lazy-preloader-white\"><\/div>\n\t\t\t\t\t\t\t\t\t\t\t\t\t\t\t<\/div>\n\t\t\t\t\t\t\t\t\t\t\t\t\t\n\t\t\t\t\t\t\t<div class=\"swiper-slide\">\n\t\t\t\t\t\t\t\t<img class=\"swiper-lazy\" data-src=\"https:\/\/monteriver.com\/wp-content\/uploads\/2023\/03\/rafting-tara-kamp-modra-rijeka.jpg\" alt=\"Rafting kamp Modra Rijeka u Crnoj Gori\"\/>\n\t\t\t\t\t\t\t\t<div class=\"swiper-lazy-preloader swiper-lazy-preloader-white\"><\/div>\n\t\t\t\t\t\t\t\t\t\t\t\t\t\t\t<\/div>\n\t\t\t\t\t\t\t\t\t\t\t<\/div>\n\t\t\t\t\t<div class=\"swiper-button-next\"><\/div>\n\t\t\t\t\t<div class=\"swiper-button-prev\"><\/div>\n\t\t\t\t<\/div>\t\t\t\n\t\t\t\t\t\t\t\t\t\t\t\t\t\t\t\t\t\t\t\t\t\t\t\t\t\t\t\t\t\t\t\t<button class='spectra-image-gallery__control-lightbox--close'>\n\t\t\t\t\t\t\t\t\t\t\t\t\t<svg xmlns=\"https:\/\/www.w3.org\/2000\/svg\" viewBox= \"0 0 320 512\"><path d=\"M310.6 361.4c12.5 12.5 12.5 32.75 0 45.25C304.4 412.9 296.2 416 288 416s-16.38-3.125-22.62-9.375L160 301.3L54.63 406.6C48.38 412.9 40.19 416 32 416S15.63 412.9 9.375 406.6c-12.5-12.5-12.5-32.75 0-45.25l105.4-105.4L9.375 150.6c-12.5-12.5-12.5-32.75 0-45.25s32.75-12.5 45.25 0L160 210.8l105.4-105.4c12.5-12.5 32.75-12.5 45.25 0s12.5 32.75 0 45.25l-105.4 105.4L310.6 361.4z\"><\/path><\/svg>\n\t\t\t\t\t\t\t\t\t\t\t\t<\/button>\n\t\t\t\t\t\t\t\t\t\t\t\t\t<\/div>\n\t\t\t\t\t\t\t\t\t<\/div>\n<\/div>\n","protected":false},"excerpt":{"rendered":"<p>Al punto di partenza, da cui si intraprende un&#8217;indimenticabile avventura di rafting sul fiume Tara, nelle immediate vicinanze della composizione di tre fiumi: Tara, Piva e Drina, c&#8217;\u00e8 il campo rafting Modra Rijeka. A soli 300 metri dalla strada principale Podgorica-Sarajevo, c&#8217;\u00e8 questa oasi turistica che rappresenta un vero gioiello della bellezza selvaggia montenegrina. Se &hellip;<\/p>\n<p class=\"read-more\"> <a class=\"\" href=\"https:\/\/monteriver.com\/it\/rafting-camp-modra-rijeka\/\"> <span class=\"screen-reader-text\">Rafting camp Modra Rijeka<\/span> Leggi altro &raquo;<\/a><\/p>\n","protected":false},"author":1,"featured_media":0,"parent":0,"menu_order":0,"comment_status":"closed","ping_status":"closed","template":"","meta":{"_uag_custom_page_level_css":"","ub_ctt_via":"","site-sidebar-layout":"no-sidebar","site-content-layout":"plain-container","ast-global-header-display":"","ast-main-header-display":"","ast-hfb-above-header-display":"","ast-hfb-below-header-display":"","ast-hfb-mobile-header-display":"","site-post-title":"disabled","ast-breadcrumbs-content":"","ast-featured-img":"","footer-sml-layout":"","theme-transparent-header-meta":"","adv-header-id-meta":"","stick-header-meta":"","header-above-stick-meta":"","header-main-stick-meta":"","header-below-stick-meta":"","footnotes":""},"featured_image_src":null,"uagb_featured_image_src":{"full":false,"thumbnail":false,"medium":false,"medium_large":false,"large":false,"1536x1536":false,"2048x2048":false},"uagb_author_info":{"display_name":"Visitors","author_link":"https:\/\/monteriver.com\/it\/author\/modrarijeka2023_vq6wkb\/"},"uagb_comment_info":0,"uagb_excerpt":"Al punto di partenza, da cui si intraprende un&#8217;indimenticabile avventura di rafting sul fiume Tara, nelle immediate vicinanze della composizione di tre fiumi: Tara, Piva e Drina, c&#8217;\u00e8 il campo rafting Modra Rijeka. A soli 300 metri dalla strada principale Podgorica-Sarajevo, c&#8217;\u00e8 questa oasi turistica che rappresenta un vero gioiello della bellezza selvaggia montenegrina. Se&hellip;","_links":{"self":[{"href":"https:\/\/monteriver.com\/it\/wp-json\/wp\/v2\/pages\/2742"}],"collection":[{"href":"https:\/\/monteriver.com\/it\/wp-json\/wp\/v2\/pages"}],"about":[{"href":"https:\/\/monteriver.com\/it\/wp-json\/wp\/v2\/types\/page"}],"author":[{"embeddable":true,"href":"https:\/\/monteriver.com\/it\/wp-json\/wp\/v2\/users\/1"}],"replies":[{"embeddable":true,"href":"https:\/\/monteriver.com\/it\/wp-json\/wp\/v2\/comments?post=2742"}],"version-history":[{"count":3,"href":"https:\/\/monteriver.com\/it\/wp-json\/wp\/v2\/pages\/2742\/revisions"}],"predecessor-version":[{"id":2745,"href":"https:\/\/monteriver.com\/it\/wp-json\/wp\/v2\/pages\/2742\/revisions\/2745"}],"wp:attachment":[{"href":"https:\/\/monteriver.com\/it\/wp-json\/wp\/v2\/media?parent=2742"}],"curies":[{"name":"wp","href":"https:\/\/api.w.org\/{rel}","templated":true}]}}