{"id":2737,"date":"2023-03-17T11:24:01","date_gmt":"2023-03-17T11:24:01","guid":{"rendered":"https:\/\/monteriver.com\/scepan-polje-e-soko-grad\/"},"modified":"2023-05-08T11:52:37","modified_gmt":"2023-05-08T11:52:37","slug":"scepan-polje-e-soko-grad","status":"publish","type":"page","link":"https:\/\/monteriver.com\/it\/scepan-polje-e-soko-grad\/","title":{"rendered":"Scepan Polje e Soko grad"},"content":{"rendered":"\n<div class=\"wp-block-cover alignfull\" style=\"min-height:500px\"><span aria-hidden=\"true\" class=\"wp-block-cover__background has-background-dim-20 has-background-dim\"><\/span><img decoding=\"async\" loading=\"lazy\" width=\"1200\" height=\"500\" class=\"wp-block-cover__image-background wp-image-501\" alt=\"\u0160\u0107epan Polje i Soko grad u Pivi\" src=\"https:\/\/monteriver.com\/wp-content\/uploads\/2023\/03\/scepan-polje-soko-grad-piva.webp\" data-object-fit=\"cover\" srcset=\"https:\/\/monteriver.com\/wp-content\/uploads\/2023\/03\/scepan-polje-soko-grad-piva.webp 1200w, https:\/\/monteriver.com\/wp-content\/uploads\/2023\/03\/scepan-polje-soko-grad-piva-300x125.webp 300w, https:\/\/monteriver.com\/wp-content\/uploads\/2023\/03\/scepan-polje-soko-grad-piva-1024x427.webp 1024w, https:\/\/monteriver.com\/wp-content\/uploads\/2023\/03\/scepan-polje-soko-grad-piva-768x320.webp 768w\" sizes=\"(max-width: 1200px) 100vw, 1200px\" \/><div class=\"wp-block-cover__inner-container is-layout-flow wp-block-cover-is-layout-flow\">\n<h1 class=\"wp-block-heading has-text-align-center\" style=\"font-size:70px\">Scepan Polje e Soko grad<\/h1>\n<\/div><\/div>\n\n\n\n<div class=\"wp-block-columns alignfull are-vertically-aligned-top has-ast-global-color-5-background-color has-background is-layout-flex wp-container-5 wp-block-columns-is-layout-flex\">\n<div class=\"wp-block-column is-vertically-aligned-top is-layout-flow wp-block-column-is-layout-flow\" style=\"flex-basis:20%\"><\/div>\n\n\n\n<div class=\"wp-block-column is-vertically-aligned-top is-layout-flow wp-block-column-is-layout-flow\">\n<p class=\"has-medium-font-size\">Scepan Polje, il centro del turismo d&#8217;avventura e <a href=\"https:\/\/monteriver.com\/it\/\" data-type=\"URL\" data-id=\"https:\/\/monteriver.com\/it\/\">rafting in Montenegro<\/a>, \u00e8 una piccola citt\u00e0 vicino al valico di frontiera tra Montenegro e Bosnia-Erzegovina (situato sulla strada principale Podgorica \u2013 Sarajevo). Il Rafting Camp Modra Rijeka si trova nella parte pi\u00f9 bella di \u0160\u0107epan Polje, sulla riva del fiume, a soli 300 metri dal centro di Scepan Polje.<\/p>\n\n\n\n<p class=\"has-medium-font-size\"><a href=\"https:\/\/monteriver.com\/rafting-kamp-modra-rijeka\/\" data-type=\"page\" data-id=\"438\">Il Rafting Camp Modra Rijeka<\/a> si trova nel cuore di \u0160\u0107epan Polje, ma sufficientemente riparato dal centro (meno di un minuto in auto) e il vostro divertimento e relax nella splendida natura incontaminata nel nostro campo di rafting \u00e8 garantito.<\/p>\n\n\n\n<p class=\"has-medium-font-size\">Sopra \u0160\u0107epan Polje e dalla terrazza del nostro <a href=\"https:\/\/monteriver.com\/restoran\/\" data-type=\"page\" data-id=\"566\">ristorante Modra Rijeka<\/a>, c&#8217;\u00e8 una vista sul medievale Soko Grad, costruito da Herceg \u0160\u0107epan Vuk\u010di\u0107 Kosa\u010da, da cui \u0160\u0107epan Polje prende il nome. Dall&#8217;altra parte del ristorante, c&#8217;\u00e8 una vista del colore blu irrealistico del <a href=\"https:\/\/monteriver.com\/it\/fiume-piva\/\" data-type=\"page\" data-id=\"472\">fiume Piva e del<\/a> bellissimo canyon. . .<\/p>\n<\/div>\n\n\n\n<div class=\"wp-block-column is-vertically-aligned-top is-layout-flow wp-block-column-is-layout-flow\" style=\"flex-basis:20%\"><\/div>\n<\/div>\n\n\n\n<div class=\"wp-block-columns is-layout-flex wp-container-7 wp-block-columns-is-layout-flex\">\n<div class=\"wp-block-column is-layout-flow wp-block-column-is-layout-flow\"><div class=\"ub-buttons align-button-center\"  id=\"ub-button-ecf4d6d6-8ba4-4fbe-9748-807a2446adf9\"><div class=\"ub-button-container\">\n    <a href=\"https:\/\/monteriver.com\/it\/galleria\/\" target=\"_self\"\n    rel=\"noopener noreferrer\"\n    class=\"ub-button-block-main ub-button-medium ub-button-flex-medium\" role=\"button\">\n    <div class=\"ub-button-content-holder\"><span class=\"ub-button-icon-holder\"><svg xmlns=\"http:\/\/www.w3.org\/2000\/svg\"height=\"30\", width=\"30\"viewBox=\"0, 0, 256, 512\"><path fill=\"currentColor\" d=\"M246.6 233.4c12.5 12.5 12.5 32.8 0 45.3l-160 160c-12.5 12.5-32.8 12.5-45.3 0s-12.5-32.8 0-45.3L178.7 256 41.4 118.6c-12.5-12.5-12.5-32.8 0-45.3s32.8-12.5 45.3 0l160 160z\"><\/svg><\/span><span class=\"ub-button-block-btn\"><strong>FOTOGRAFIE<\/strong><\/span>\n    <\/div><\/a><\/div><\/div><\/div>\n<\/div>\n","protected":false},"excerpt":{"rendered":"<p>Scepan Polje, il centro del turismo d&#8217;avventura e rafting in Montenegro, \u00e8 una piccola citt\u00e0 vicino al valico di frontiera tra Montenegro e Bosnia-Erzegovina (situato sulla strada principale Podgorica \u2013 Sarajevo). Il Rafting Camp Modra Rijeka si trova nella parte pi\u00f9 bella di \u0160\u0107epan Polje, sulla riva del fiume, a soli 300 metri dal centro &hellip;<\/p>\n<p class=\"read-more\"> <a class=\"\" href=\"https:\/\/monteriver.com\/it\/scepan-polje-e-soko-grad\/\"> <span class=\"screen-reader-text\">Scepan Polje e Soko grad<\/span> Leggi altro &raquo;<\/a><\/p>\n","protected":false},"author":1,"featured_media":0,"parent":0,"menu_order":0,"comment_status":"closed","ping_status":"closed","template":"","meta":{"_uag_custom_page_level_css":"","ub_ctt_via":"","site-sidebar-layout":"default","site-content-layout":"default","ast-global-header-display":"","ast-main-header-display":"","ast-hfb-above-header-display":"","ast-hfb-below-header-display":"","ast-hfb-mobile-header-display":"","site-post-title":"disabled","ast-breadcrumbs-content":"","ast-featured-img":"","footer-sml-layout":"","theme-transparent-header-meta":"","adv-header-id-meta":"","stick-header-meta":"","header-above-stick-meta":"","header-main-stick-meta":"","header-below-stick-meta":"","footnotes":""},"featured_image_src":null,"uagb_featured_image_src":{"full":false,"thumbnail":false,"medium":false,"medium_large":false,"large":false,"1536x1536":false,"2048x2048":false},"uagb_author_info":{"display_name":"Visitors","author_link":"https:\/\/monteriver.com\/it\/author\/modrarijeka2023_vq6wkb\/"},"uagb_comment_info":0,"uagb_excerpt":"Scepan Polje, il centro del turismo d&#8217;avventura e rafting in Montenegro, \u00e8 una piccola citt\u00e0 vicino al valico di frontiera tra Montenegro e Bosnia-Erzegovina (situato sulla strada principale Podgorica \u2013 Sarajevo). Il Rafting Camp Modra Rijeka si trova nella parte pi\u00f9 bella di \u0160\u0107epan Polje, sulla riva del fiume, a soli 300 metri dal centro&hellip;","_links":{"self":[{"href":"https:\/\/monteriver.com\/it\/wp-json\/wp\/v2\/pages\/2737"}],"collection":[{"href":"https:\/\/monteriver.com\/it\/wp-json\/wp\/v2\/pages"}],"about":[{"href":"https:\/\/monteriver.com\/it\/wp-json\/wp\/v2\/types\/page"}],"author":[{"embeddable":true,"href":"https:\/\/monteriver.com\/it\/wp-json\/wp\/v2\/users\/1"}],"replies":[{"embeddable":true,"href":"https:\/\/monteriver.com\/it\/wp-json\/wp\/v2\/comments?post=2737"}],"version-history":[{"count":4,"href":"https:\/\/monteriver.com\/it\/wp-json\/wp\/v2\/pages\/2737\/revisions"}],"predecessor-version":[{"id":2741,"href":"https:\/\/monteriver.com\/it\/wp-json\/wp\/v2\/pages\/2737\/revisions\/2741"}],"wp:attachment":[{"href":"https:\/\/monteriver.com\/it\/wp-json\/wp\/v2\/media?parent=2737"}],"curies":[{"name":"wp","href":"https:\/\/api.w.org\/{rel}","templated":true}]}}