{"id":2732,"date":"2023-03-15T20:44:41","date_gmt":"2023-03-15T20:44:41","guid":{"rendered":"https:\/\/monteriver.com\/canyon-e-fiume-tara\/"},"modified":"2023-05-08T11:50:56","modified_gmt":"2023-05-08T11:50:56","slug":"canyon-e-fiume-tara","status":"publish","type":"page","link":"https:\/\/monteriver.com\/it\/canyon-e-fiume-tara\/","title":{"rendered":"Canyon e fiume Tara"},"content":{"rendered":"\n<div class=\"wp-block-cover alignfull\" style=\"min-height:500px\"><span aria-hidden=\"true\" class=\"wp-block-cover__background has-background-dim-20 has-background-dim\"><\/span><img decoding=\"async\" loading=\"lazy\" width=\"1200\" height=\"500\" class=\"wp-block-cover__image-background wp-image-464\" alt=\"Rijeka Tara i njen veli\u010danstveni kanjon\" src=\"https:\/\/monteriver.com\/wp-content\/uploads\/2023\/03\/kanjon-rijeka-tara.jpg\" data-object-fit=\"cover\" srcset=\"https:\/\/monteriver.com\/wp-content\/uploads\/2023\/03\/kanjon-rijeka-tara.jpg 1200w, https:\/\/monteriver.com\/wp-content\/uploads\/2023\/03\/kanjon-rijeka-tara-300x125.jpg 300w, https:\/\/monteriver.com\/wp-content\/uploads\/2023\/03\/kanjon-rijeka-tara-1024x427.jpg 1024w, https:\/\/monteriver.com\/wp-content\/uploads\/2023\/03\/kanjon-rijeka-tara-768x320.jpg 768w\" sizes=\"(max-width: 1200px) 100vw, 1200px\" \/><div class=\"wp-block-cover__inner-container is-layout-flow wp-block-cover-is-layout-flow\">\n<h1 class=\"wp-block-heading has-text-align-center\" style=\"font-size:70px\">Canyon e fiume Tara<\/h1>\n<\/div><\/div>\n\n\n\n<div class=\"wp-block-columns alignfull are-vertically-aligned-top has-ast-global-color-5-background-color has-background is-layout-flex wp-container-5 wp-block-columns-is-layout-flex\">\n<div class=\"wp-block-column is-vertically-aligned-top is-layout-flow wp-block-column-is-layout-flow\" style=\"flex-basis:20%\"><\/div>\n\n\n\n<div class=\"wp-block-column is-vertically-aligned-top is-layout-flow wp-block-column-is-layout-flow\">\n<p class=\"has-text-align-left has-medium-font-size\"><strong>Tara<\/strong> \u00e8 il fiume pi\u00f9 lungo, pi\u00f9 bello e <strong>pi\u00f9 limpido<\/strong> del Montenegro, che nasce in una catena montuosa situata nel nord del <strong>Montenegro<\/strong>, e scorre per 144 km fino a incontrare il fiume <a href=\"https:\/\/monteriver.com\/it\/fiume-piva\/\" data-type=\"page\" data-id=\"472\">Piva<\/a> su <a href=\"https:\/\/monteriver.com\/scepan-polje-i-soko-grad\/\" data-type=\"page\" data-id=\"499\">\u0160\u0107epan Polje<\/a>, dopo di che si forma <strong>il<\/strong> <strong>fiume<\/strong> Drina, uno dei fiumi pi\u00f9 lunghi e <strong>pi\u00f9<\/strong> grandi dei Balcani. <\/p>\n\n\n\n<p class=\"has-text-align-left has-medium-font-size\">Tara ha tagliato la gola del canyon lunga circa 80 km, e con la sua profondit\u00e0 massima di 1300 m \u00e8 il pi\u00f9 profondo d&#8217;Europa e il secondo canyon pi\u00f9 profondo del mondo, subito dopo il Colorado.<\/p>\n<\/div>\n\n\n\n<div class=\"wp-block-column is-vertically-aligned-top is-layout-flow wp-block-column-is-layout-flow\" style=\"flex-basis:20%\"><\/div>\n<\/div>\n\n\n\n<div class=\"wp-block-columns alignfull is-layout-flex wp-container-10 wp-block-columns-is-layout-flex\">\n<div class=\"wp-block-column is-layout-flow wp-block-column-is-layout-flow\" style=\"flex-basis:5%\"><\/div>\n\n\n\n<div class=\"wp-block-column is-layout-flow wp-block-column-is-layout-flow\">\n<p class=\"has-medium-font-size\"><strong>Da maggio a ottobre<\/strong>, il fiume <strong>Tara<\/strong> <strong>\u00e8<\/strong> il centro <strong>del rafting avventuroso<\/strong><strong>, dalle sezioni moderate a quelle selvagge.<\/strong> Gli appassionati di sport estremi e tutti coloro che sono alla ricerca di adrenalina, godono di rafting il cui grado di difficolt\u00e0 sulla scala varia dal terzo al quinto grado, il che lo rende uno dei rafting pi\u00f9 intensi e impegnativi d&#8217;Europa. <\/p>\n<\/div>\n\n\n\n<div class=\"wp-block-column is-layout-flow wp-block-column-is-layout-flow\">\n<figure class=\"wp-block-image size-full has-custom-border\"><img decoding=\"async\" loading=\"lazy\" width=\"900\" height=\"600\" src=\"https:\/\/monteriver.com\/wp-content\/uploads\/2023\/03\/rafting-rijeka-tara-1.jpg\" alt=\"Rafting sul fiume Tara in Montenegro\" class=\"wp-image-460\" style=\"border-radius:8px\" srcset=\"https:\/\/monteriver.com\/wp-content\/uploads\/2023\/03\/rafting-rijeka-tara-1.jpg 900w, https:\/\/monteriver.com\/wp-content\/uploads\/2023\/03\/rafting-rijeka-tara-1-300x200.jpg 300w, https:\/\/monteriver.com\/wp-content\/uploads\/2023\/03\/rafting-rijeka-tara-1-768x512.jpg 768w\" sizes=\"(max-width: 900px) 100vw, 900px\" \/><\/figure>\n<\/div>\n\n\n\n<div class=\"wp-block-column is-layout-flow wp-block-column-is-layout-flow\" style=\"flex-basis:5%\"><\/div>\n<\/div>\n\n\n\n<div class=\"wp-block-columns alignfull has-ast-global-color-0-background-color has-background is-layout-flex wp-container-15 wp-block-columns-is-layout-flex\">\n<div class=\"wp-block-column is-layout-flow wp-block-column-is-layout-flow\" style=\"flex-basis:5%\"><\/div>\n\n\n\n<div class=\"wp-block-column is-layout-flow wp-block-column-is-layout-flow\">\n<figure class=\"wp-block-image size-full has-custom-border\"><img decoding=\"async\" loading=\"lazy\" width=\"900\" height=\"600\" src=\"https:\/\/monteriver.com\/wp-content\/uploads\/2023\/03\/rijeka-tara-vodopad.jpg\" alt=\"Cascata sul fiume di tara in montenegro\" class=\"wp-image-461\" style=\"border-radius:8px\" srcset=\"https:\/\/monteriver.com\/wp-content\/uploads\/2023\/03\/rijeka-tara-vodopad.jpg 900w, https:\/\/monteriver.com\/wp-content\/uploads\/2023\/03\/rijeka-tara-vodopad-300x200.jpg 300w, https:\/\/monteriver.com\/wp-content\/uploads\/2023\/03\/rijeka-tara-vodopad-768x512.jpg 768w\" sizes=\"(max-width: 900px) 100vw, 900px\" \/><\/figure>\n<\/div>\n\n\n\n<div class=\"wp-block-column is-vertically-aligned-center is-layout-flow wp-block-column-is-layout-flow\">\n<p class=\"has-ast-global-color-5-color has-text-color has-medium-font-size\">L&#8217;offerta pi\u00f9 attraente del <a href=\"https:\/\/monteriver.com\/rafting-kamp-modra-rijeka\/\" data-type=\"page\" data-id=\"438\">Rafting Camp Blue River<\/a> \u00e8 una fenomenale avventura di rafting su Tara, uno dei fiumi pi\u00f9 belli d&#8217;Europa la cui acqua \u00e8 potabile in tutto il fiume <a href=\"https:\/\/monteriver.com\/it\/\" data-type=\"URL\" data-id=\"https:\/\/monteriver.com\/it\/\">Tara<\/a> ed \u00e8 chiamata &#8220;la lacrima d&#8217;Europa&#8221;. <\/p>\n<\/div>\n\n\n\n<div class=\"wp-block-column is-layout-flow wp-block-column-is-layout-flow\" style=\"flex-basis:5%\"><\/div>\n<\/div>\n\n\n\n<div class=\"wp-block-columns is-layout-flex wp-container-17 wp-block-columns-is-layout-flex\">\n<div class=\"wp-block-column is-layout-flow wp-block-column-is-layout-flow\"><div class=\"ub-buttons align-button-center\"  id=\"ub-button-04e873af-8f10-4219-b659-830c3fd2c031\"><div class=\"ub-button-container\">\n    <a href=\"https:\/\/monteriver.com\/it\/galleria\/\" target=\"_self\"\n    rel=\"noopener noreferrer\"\n    class=\"ub-button-block-main ub-button-medium ub-button-flex-medium\" role=\"button\">\n    <div class=\"ub-button-content-holder\"><span class=\"ub-button-icon-holder\"><svg xmlns=\"http:\/\/www.w3.org\/2000\/svg\"height=\"30\", width=\"30\"viewBox=\"0, 0, 256, 512\"><path fill=\"currentColor\" d=\"M246.6 233.4c12.5 12.5 12.5 32.8 0 45.3l-160 160c-12.5 12.5-32.8 12.5-45.3 0s-12.5-32.8 0-45.3L178.7 256 41.4 118.6c-12.5-12.5-12.5-32.8 0-45.3s32.8-12.5 45.3 0l160 160z\"><\/svg><\/span><span class=\"ub-button-block-btn\"><strong>FOTOGRAFIE<\/strong><\/span>\n    <\/div><\/a><\/div><\/div><\/div>\n<\/div>\n","protected":false},"excerpt":{"rendered":"<p>Tara \u00e8 il fiume pi\u00f9 lungo, pi\u00f9 bello e pi\u00f9 limpido del Montenegro, che nasce in una catena montuosa situata nel nord del Montenegro, e scorre per 144 km fino a incontrare il fiume Piva su \u0160\u0107epan Polje, dopo di che si forma il fiume Drina, uno dei fiumi pi\u00f9 lunghi e pi\u00f9 grandi dei &hellip;<\/p>\n<p class=\"read-more\"> <a class=\"\" href=\"https:\/\/monteriver.com\/it\/canyon-e-fiume-tara\/\"> <span class=\"screen-reader-text\">Canyon e fiume Tara<\/span> Leggi altro &raquo;<\/a><\/p>\n","protected":false},"author":1,"featured_media":0,"parent":0,"menu_order":0,"comment_status":"closed","ping_status":"closed","template":"","meta":{"_uag_custom_page_level_css":"","ub_ctt_via":"","site-sidebar-layout":"default","site-content-layout":"default","ast-global-header-display":"","ast-main-header-display":"","ast-hfb-above-header-display":"","ast-hfb-below-header-display":"","ast-hfb-mobile-header-display":"","site-post-title":"disabled","ast-breadcrumbs-content":"","ast-featured-img":"","footer-sml-layout":"","theme-transparent-header-meta":"","adv-header-id-meta":"","stick-header-meta":"","header-above-stick-meta":"","header-main-stick-meta":"","header-below-stick-meta":"","footnotes":""},"featured_image_src":null,"uagb_featured_image_src":{"full":false,"thumbnail":false,"medium":false,"medium_large":false,"large":false,"1536x1536":false,"2048x2048":false},"uagb_author_info":{"display_name":"Visitors","author_link":"https:\/\/monteriver.com\/it\/author\/modrarijeka2023_vq6wkb\/"},"uagb_comment_info":0,"uagb_excerpt":"Tara \u00e8 il fiume pi\u00f9 lungo, pi\u00f9 bello e pi\u00f9 limpido del Montenegro, che nasce in una catena montuosa situata nel nord del Montenegro, e scorre per 144 km fino a incontrare il fiume Piva su \u0160\u0107epan Polje, dopo di che si forma il fiume Drina, uno dei fiumi pi\u00f9 lunghi e pi\u00f9 grandi dei&hellip;","_links":{"self":[{"href":"https:\/\/monteriver.com\/it\/wp-json\/wp\/v2\/pages\/2732"}],"collection":[{"href":"https:\/\/monteriver.com\/it\/wp-json\/wp\/v2\/pages"}],"about":[{"href":"https:\/\/monteriver.com\/it\/wp-json\/wp\/v2\/types\/page"}],"author":[{"embeddable":true,"href":"https:\/\/monteriver.com\/it\/wp-json\/wp\/v2\/users\/1"}],"replies":[{"embeddable":true,"href":"https:\/\/monteriver.com\/it\/wp-json\/wp\/v2\/comments?post=2732"}],"version-history":[{"count":4,"href":"https:\/\/monteriver.com\/it\/wp-json\/wp\/v2\/pages\/2732\/revisions"}],"predecessor-version":[{"id":2736,"href":"https:\/\/monteriver.com\/it\/wp-json\/wp\/v2\/pages\/2732\/revisions\/2736"}],"wp:attachment":[{"href":"https:\/\/monteriver.com\/it\/wp-json\/wp\/v2\/media?parent=2732"}],"curies":[{"name":"wp","href":"https:\/\/api.w.org\/{rel}","templated":true}]}}