{"id":2726,"date":"2023-03-16T21:41:33","date_gmt":"2023-03-16T21:41:33","guid":{"rendered":"https:\/\/monteriver.com\/fiume-piva\/"},"modified":"2023-05-08T11:49:36","modified_gmt":"2023-05-08T11:49:36","slug":"fiume-piva","status":"publish","type":"page","link":"https:\/\/monteriver.com\/it\/fiume-piva\/","title":{"rendered":"Fiume Piva"},"content":{"rendered":"\n<div class=\"wp-block-cover alignfull\" style=\"min-height:500px\"><span aria-hidden=\"true\" class=\"wp-block-cover__background has-background-dim-20 has-background-dim\"><\/span><img decoding=\"async\" loading=\"lazy\" width=\"1200\" height=\"500\" class=\"wp-block-cover__image-background wp-image-482\" alt=\"Drveni most na rijeci Piva kod Pluzina\" src=\"https:\/\/monteriver.com\/wp-content\/uploads\/2023\/03\/rijeka-piva-pluzine.webp\" data-object-fit=\"cover\" srcset=\"https:\/\/monteriver.com\/wp-content\/uploads\/2023\/03\/rijeka-piva-pluzine.webp 1200w, https:\/\/monteriver.com\/wp-content\/uploads\/2023\/03\/rijeka-piva-pluzine-300x125.webp 300w, https:\/\/monteriver.com\/wp-content\/uploads\/2023\/03\/rijeka-piva-pluzine-1024x427.webp 1024w, https:\/\/monteriver.com\/wp-content\/uploads\/2023\/03\/rijeka-piva-pluzine-768x320.webp 768w\" sizes=\"(max-width: 1200px) 100vw, 1200px\" \/><div class=\"wp-block-cover__inner-container is-layout-flow wp-block-cover-is-layout-flow\">\n<h1 class=\"wp-block-heading has-text-align-center\" style=\"font-size:70px\">Fiume Piva<\/h1>\n<\/div><\/div>\n\n\n\n<div class=\"wp-block-columns alignfull are-vertically-aligned-top has-ast-global-color-5-background-color has-background is-layout-flex wp-container-5 wp-block-columns-is-layout-flex\">\n<div class=\"wp-block-column is-vertically-aligned-top is-layout-flow wp-block-column-is-layout-flow\" style=\"flex-basis:20%\"><\/div>\n\n\n\n<div class=\"wp-block-column is-vertically-aligned-top is-layout-flow wp-block-column-is-layout-flow\">\n<p class=\"has-text-align-left has-medium-font-size\"><strong>Il canyon del fiume Piva<\/strong>, che lungo il fiume <a href=\"https:\/\/monteriver.com\/rijeka-tara\/\" data-type=\"page\" data-id=\"459\">Tara<\/a> rappresenta uno dei pi\u00f9 belli, se non il fiume pi\u00f9 bello del Montenegro, \u00e8 mediato attraverso le montagne Magli\u0107, Volujak, Pivska planina. Il canyon \u00e8 lungo circa 33 km e profondo circa 1200 metri.<\/p>\n<\/div>\n\n\n\n<div class=\"wp-block-column is-vertically-aligned-top is-layout-flow wp-block-column-is-layout-flow\" style=\"flex-basis:20%\"><\/div>\n<\/div>\n\n\n\n<div class=\"wp-block-columns alignfull is-layout-flex wp-container-10 wp-block-columns-is-layout-flex\">\n<div class=\"wp-block-column is-layout-flow wp-block-column-is-layout-flow\" style=\"flex-basis:5%\"><\/div>\n\n\n\n<div class=\"wp-block-column is-vertically-aligned-center is-layout-flow wp-block-column-is-layout-flow\">\n<p class=\"has-medium-font-size\">La centrale idroelettrica di Piva ha diviso il canyon di Piva nel 1975. La diga di Mratinje \u00e8 alta 220 metri ed \u00e8 una delle pi\u00f9 grandi dighe d&#8217;Europa. La diga di Mratinje \u00e8 estremamente interessante per i nostri ospiti e all&#8217;arrivo al campo, tutti colgono l&#8217;occasione per scattare bellissime foto da questo imponente edificio.<\/p>\n<\/div>\n\n\n\n<div class=\"wp-block-column is-layout-flow wp-block-column-is-layout-flow\">\n<figure class=\"wp-block-image size-full has-custom-border\"><img decoding=\"async\" loading=\"lazy\" width=\"900\" height=\"600\" src=\"https:\/\/monteriver.com\/wp-content\/uploads\/2023\/03\/rijeka-piva-crna-gora.webp\" alt=\"Fiume Piva Montenegro\" class=\"wp-image-638\" style=\"border-radius:8px\" srcset=\"https:\/\/monteriver.com\/wp-content\/uploads\/2023\/03\/rijeka-piva-crna-gora.webp 900w, https:\/\/monteriver.com\/wp-content\/uploads\/2023\/03\/rijeka-piva-crna-gora-300x200.webp 300w, https:\/\/monteriver.com\/wp-content\/uploads\/2023\/03\/rijeka-piva-crna-gora-768x512.webp 768w\" sizes=\"(max-width: 900px) 100vw, 900px\" \/><\/figure>\n<\/div>\n\n\n\n<div class=\"wp-block-column is-layout-flow wp-block-column-is-layout-flow\" style=\"flex-basis:5%\"><\/div>\n<\/div>\n\n\n\n<div class=\"wp-block-columns alignfull has-ast-global-color-0-background-color has-background is-layout-flex wp-container-15 wp-block-columns-is-layout-flex\">\n<div class=\"wp-block-column is-layout-flow wp-block-column-is-layout-flow\" style=\"flex-basis:5%\"><\/div>\n\n\n\n<div class=\"wp-block-column is-layout-flow wp-block-column-is-layout-flow\">\n<figure class=\"wp-block-image size-full has-custom-border\"><img decoding=\"async\" loading=\"lazy\" width=\"1200\" height=\"800\" src=\"https:\/\/monteriver.com\/wp-content\/uploads\/2023\/03\/pivsko-jezero.webp\" alt=\"Lago della birra nel Parco Naturale Piva\" class=\"wp-image-476\" style=\"border-radius:8px\" srcset=\"https:\/\/monteriver.com\/wp-content\/uploads\/2023\/03\/pivsko-jezero.webp 1200w, https:\/\/monteriver.com\/wp-content\/uploads\/2023\/03\/pivsko-jezero-300x200.webp 300w, https:\/\/monteriver.com\/wp-content\/uploads\/2023\/03\/pivsko-jezero-1024x683.webp 1024w, https:\/\/monteriver.com\/wp-content\/uploads\/2023\/03\/pivsko-jezero-768x512.webp 768w\" sizes=\"(max-width: 1200px) 100vw, 1200px\" \/><\/figure>\n<\/div>\n\n\n\n<div class=\"wp-block-column is-vertically-aligned-center is-layout-flow wp-block-column-is-layout-flow\">\n<p class=\"has-ast-global-color-5-color has-text-color has-medium-font-size\">La diga ha anche creato un bellissimo lago Piva da favola, che in alcuni punti \u00e8 profondo anche fino a 200 metri.<br><a href=\"https:\/\/monteriver.com\/rafting-kamp-modra-rijeka\/\" data-type=\"page\" data-id=\"438\">Il Rafting Camp Modra Rijeka<\/a> prende il nome dal bellissimo colore blu del fiume Piva, sulla cui riva si trova. Nelle immediate vicinanze del campo rafting ci sono le composizioni di Piva, Tara e Drina, come un luogo unico al mondo dove tre bellissimi fiumi si fondono in un unico punto.<\/p>\n<\/div>\n\n\n\n<div class=\"wp-block-column is-layout-flow wp-block-column-is-layout-flow\" style=\"flex-basis:5%\"><\/div>\n<\/div>\n\n\n\n<div class=\"wp-block-columns alignfull is-layout-flex wp-container-20 wp-block-columns-is-layout-flex\">\n<div class=\"wp-block-column is-layout-flow wp-block-column-is-layout-flow\" style=\"flex-basis:5%\"><\/div>\n\n\n\n<div class=\"wp-block-column is-vertically-aligned-center is-layout-flow wp-block-column-is-layout-flow\">\n<p class=\"has-medium-font-size\">Nelle vicinanze del campo di rafting, c&#8217;\u00e8 un bellissimo ponte metallico sul fiume Piva, che viene visitato da un gran numero di turisti ogni anno, godendo del bellissimo scenario di segale e probabilmente il luogo pi\u00f9 fotografato della zona che rimane registrato nelle foto di tutti i visitatori.<\/p>\n<\/div>\n\n\n\n<div class=\"wp-block-column is-layout-flow wp-block-column-is-layout-flow\">\n<figure class=\"wp-block-image size-full has-custom-border\"><img decoding=\"async\" loading=\"lazy\" width=\"1200\" height=\"800\" src=\"https:\/\/monteriver.com\/wp-content\/uploads\/2023\/03\/most-rijeka-piva.webp\" alt=\"Ponte di legno sul fiume Piva\" class=\"wp-image-477\" style=\"border-radius:8px\" srcset=\"https:\/\/monteriver.com\/wp-content\/uploads\/2023\/03\/most-rijeka-piva.webp 1200w, https:\/\/monteriver.com\/wp-content\/uploads\/2023\/03\/most-rijeka-piva-300x200.webp 300w, https:\/\/monteriver.com\/wp-content\/uploads\/2023\/03\/most-rijeka-piva-1024x683.webp 1024w, https:\/\/monteriver.com\/wp-content\/uploads\/2023\/03\/most-rijeka-piva-768x512.webp 768w\" sizes=\"(max-width: 1200px) 100vw, 1200px\" \/><\/figure>\n<\/div>\n\n\n\n<div class=\"wp-block-column is-layout-flow wp-block-column-is-layout-flow\" style=\"flex-basis:5%\"><\/div>\n<\/div>\n\n\n\n<div class=\"wp-block-columns is-layout-flex wp-container-22 wp-block-columns-is-layout-flex\">\n<div class=\"wp-block-column is-layout-flow wp-block-column-is-layout-flow\"><div class=\"ub-buttons align-button-center\"  id=\"ub-button-dd24efc8-3c5f-418a-bbab-41df712c1a76\"><div class=\"ub-button-container\">\n    <a href=\"https:\/\/monteriver.com\/it\/galleria\/\" target=\"_self\"\n    rel=\"noopener noreferrer\"\n    class=\"ub-button-block-main ub-button-medium ub-button-flex-medium\" role=\"button\">\n    <div class=\"ub-button-content-holder\"><span class=\"ub-button-icon-holder\"><svg xmlns=\"http:\/\/www.w3.org\/2000\/svg\"height=\"30\", width=\"30\"viewBox=\"0, 0, 256, 512\"><path fill=\"currentColor\" d=\"M246.6 233.4c12.5 12.5 12.5 32.8 0 45.3l-160 160c-12.5 12.5-32.8 12.5-45.3 0s-12.5-32.8 0-45.3L178.7 256 41.4 118.6c-12.5-12.5-12.5-32.8 0-45.3s32.8-12.5 45.3 0l160 160z\"><\/svg><\/span><span class=\"ub-button-block-btn\"><strong>FOTOGRAFIE<\/strong><\/span>\n    <\/div><\/a><\/div><\/div><\/div>\n<\/div>\n","protected":false},"excerpt":{"rendered":"<p>Il canyon del fiume Piva, che lungo il fiume Tara rappresenta uno dei pi\u00f9 belli, se non il fiume pi\u00f9 bello del Montenegro, \u00e8 mediato attraverso le montagne Magli\u0107, Volujak, Pivska planina. Il canyon \u00e8 lungo circa 33 km e profondo circa 1200 metri. La centrale idroelettrica di Piva ha diviso il canyon di Piva &hellip;<\/p>\n<p class=\"read-more\"> <a class=\"\" href=\"https:\/\/monteriver.com\/it\/fiume-piva\/\"> <span class=\"screen-reader-text\">Fiume Piva<\/span> Leggi altro &raquo;<\/a><\/p>\n","protected":false},"author":1,"featured_media":0,"parent":0,"menu_order":0,"comment_status":"closed","ping_status":"closed","template":"","meta":{"_uag_custom_page_level_css":"","ub_ctt_via":"","site-sidebar-layout":"default","site-content-layout":"default","ast-global-header-display":"","ast-main-header-display":"","ast-hfb-above-header-display":"","ast-hfb-below-header-display":"","ast-hfb-mobile-header-display":"","site-post-title":"disabled","ast-breadcrumbs-content":"","ast-featured-img":"","footer-sml-layout":"","theme-transparent-header-meta":"","adv-header-id-meta":"","stick-header-meta":"","header-above-stick-meta":"","header-main-stick-meta":"","header-below-stick-meta":"","footnotes":""},"featured_image_src":null,"uagb_featured_image_src":{"full":false,"thumbnail":false,"medium":false,"medium_large":false,"large":false,"1536x1536":false,"2048x2048":false},"uagb_author_info":{"display_name":"Visitors","author_link":"https:\/\/monteriver.com\/it\/author\/modrarijeka2023_vq6wkb\/"},"uagb_comment_info":0,"uagb_excerpt":"Il canyon del fiume Piva, che lungo il fiume Tara rappresenta uno dei pi\u00f9 belli, se non il fiume pi\u00f9 bello del Montenegro, \u00e8 mediato attraverso le montagne Magli\u0107, Volujak, Pivska planina. Il canyon \u00e8 lungo circa 33 km e profondo circa 1200 metri. La centrale idroelettrica di Piva ha diviso il canyon di Piva&hellip;","_links":{"self":[{"href":"https:\/\/monteriver.com\/it\/wp-json\/wp\/v2\/pages\/2726"}],"collection":[{"href":"https:\/\/monteriver.com\/it\/wp-json\/wp\/v2\/pages"}],"about":[{"href":"https:\/\/monteriver.com\/it\/wp-json\/wp\/v2\/types\/page"}],"author":[{"embeddable":true,"href":"https:\/\/monteriver.com\/it\/wp-json\/wp\/v2\/users\/1"}],"replies":[{"embeddable":true,"href":"https:\/\/monteriver.com\/it\/wp-json\/wp\/v2\/comments?post=2726"}],"version-history":[{"count":5,"href":"https:\/\/monteriver.com\/it\/wp-json\/wp\/v2\/pages\/2726\/revisions"}],"predecessor-version":[{"id":2731,"href":"https:\/\/monteriver.com\/it\/wp-json\/wp\/v2\/pages\/2726\/revisions\/2731"}],"wp:attachment":[{"href":"https:\/\/monteriver.com\/it\/wp-json\/wp\/v2\/media?parent=2726"}],"curies":[{"name":"wp","href":"https:\/\/api.w.org\/{rel}","templated":true}]}}