{"id":2723,"date":"2023-03-14T17:21:22","date_gmt":"2023-03-14T17:21:22","guid":{"rendered":"https:\/\/monteriver.com\/team-building\/"},"modified":"2024-07-01T09:36:52","modified_gmt":"2024-07-01T09:36:52","slug":"team-building","status":"publish","type":"page","link":"https:\/\/monteriver.com\/it\/team-building\/","title":{"rendered":"Team building"},"content":{"rendered":"\n<div class=\"wp-block-cover alignfull\" style=\"min-height:500px\"><span aria-hidden=\"true\" class=\"wp-block-cover__background has-background-dim-20 has-background-dim\"><\/span><img decoding=\"async\" loading=\"lazy\" width=\"1200\" height=\"500\" class=\"wp-block-cover__image-background wp-image-399\" alt=\"Team building na raftingu u Crnoj Gori u kampu Modra Rijeka\" src=\"https:\/\/monteriver.com\/wp-content\/uploads\/2023\/03\/teambuilding-rafting-tara.jpg\" data-object-fit=\"cover\" srcset=\"https:\/\/monteriver.com\/wp-content\/uploads\/2023\/03\/teambuilding-rafting-tara.jpg 1200w, https:\/\/monteriver.com\/wp-content\/uploads\/2023\/03\/teambuilding-rafting-tara-300x125.jpg 300w, https:\/\/monteriver.com\/wp-content\/uploads\/2023\/03\/teambuilding-rafting-tara-1024x427.jpg 1024w, https:\/\/monteriver.com\/wp-content\/uploads\/2023\/03\/teambuilding-rafting-tara-768x320.jpg 768w\" sizes=\"(max-width: 1200px) 100vw, 1200px\" \/><div class=\"wp-block-cover__inner-container is-layout-flow wp-block-cover-is-layout-flow\">\n<h1 class=\"wp-block-heading has-text-align-center\" style=\"font-size:70px\">Team building rafting Tara<\/h1>\n\n\n<div class=\"ub-buttons align-button-center\"  id=\"ub-button-4c1ef051-f30d-4ce7-a821-f74ac326d3a7\"><div class=\"ub-button-container\">\n    <a href=\"#upit\" target=\"_self\"\n    rel=\"noopener noreferrer\"\n    class=\"ub-button-block-main ub-button-medium ub-button-flex-medium\" role=\"button\">\n    <div class=\"ub-button-content-holder\"><span class=\"ub-button-icon-holder\"><svg xmlns=\"http:\/\/www.w3.org\/2000\/svg\"height=\"30\", width=\"30\"viewBox=\"0, 0, 256, 512\"><path fill=\"currentColor\" d=\"M246.6 233.4c12.5 12.5 12.5 32.8 0 45.3l-160 160c-12.5 12.5-32.8 12.5-45.3 0s-12.5-32.8 0-45.3L178.7 256 41.4 118.6c-12.5-12.5-12.5-32.8 0-45.3s32.8-12.5 45.3 0l160 160z\"><\/svg><\/span><span class=\"ub-button-block-btn\"><strong>INVIA RICHIESTA<\/strong><\/span>\n    <\/div><\/a><\/div><\/div><\/div><\/div>\n\n\n\n<div class=\"wp-block-columns alignfull are-vertically-aligned-top has-ast-global-color-0-background-color has-background is-layout-flex wp-container-5 wp-block-columns-is-layout-flex\">\n<div class=\"wp-block-column is-vertically-aligned-top is-layout-flow wp-block-column-is-layout-flow\" style=\"flex-basis:20%\"><\/div>\n\n\n\n<div class=\"wp-block-column is-vertically-aligned-top is-layout-flow wp-block-column-is-layout-flow\">\n<p class=\"has-text-align-left has-ast-global-color-5-color has-text-color has-medium-font-size\">Il Rafting Camp Modra Rijeka \u00e8 da 15 anni <strong>un luogo riconoscibile per l&#8217;organizzazione di fenomenali incontri di team building per<\/strong> <strong> le pi\u00f9 grandi aziende rinomate della regione.<\/strong> \u00c8 stato dimostrato che stare nella natura e numerosi tour di avventura congiunti rafforzano lo spirito di squadra, la fiducia reciproca e la creativit\u00e0 dei dipendenti dell&#8217;azienda.<\/p>\n<\/div>\n\n\n\n<div class=\"wp-block-column is-vertically-aligned-top is-layout-flow wp-block-column-is-layout-flow\" style=\"flex-basis:20%\"><\/div>\n<\/div>\n\n\n\n<div class=\"wp-block-uagb-image alignfull uagb-block-ce542fdd wp-block-uagb-image--layout-default wp-block-uagb-image--effect-zoomin wp-block-uagb-image--align-full\"><figure class=\"wp-block-uagb-image__figure\"><img decoding=\"async\" srcset=\"https:\/\/monteriver.com\/wp-content\/uploads\/2023\/03\/shape-1.svg \" sizes=\"(max-width: 480px) 150px\" src=\"https:\/\/monteriver.com\/wp-content\/uploads\/2023\/03\/shape-1.svg\" alt=\"shape\" class=\"uag-image-558\" width=\"1200\" height=\"100\" title=\"\" loading=\"lazy\"\/><\/figure><\/div>\n\n\n\n<div class=\"wp-block-columns are-vertically-aligned-top is-layout-flex wp-container-10 wp-block-columns-is-layout-flex\">\n<div class=\"wp-block-column is-vertically-aligned-top is-layout-flow wp-block-column-is-layout-flow\" style=\"flex-basis:10px\"><\/div>\n\n\n\n<div class=\"wp-block-column is-vertically-aligned-top is-layout-flow wp-block-column-is-layout-flow\">\n<h2 class=\"wp-block-heading\">Medaglia d&#8217;oro per l&#8217;organizzazione di attivit\u00e0 di Team building<\/h2>\n\n\n\n<p class=\"has-medium-font-size\">\u00c8 nostro piacere lodare e <strong>Una grande medaglia d&#8217;oro a 53 anni. Fiera del Turismo di Novi Sad per condizioni eccezionali e una vasta esperienza nelle attivit\u00e0 di team building<\/strong>.<\/p>\n\n\n\n<p class=\"has-medium-font-size\">Siamo davvero immensamente soddisfatti del fatto che ogni fine settimana da maggio a ottobre almeno un&#8217;azienda di successo sia nostra ospite, che migliora continuamente la nostra ricca esperienza nell&#8217;organizzazione, realizzazione e proposte per i pi\u00f9 bei raduni di team building per te e i tuoi colleghi.<\/p>\n<\/div>\n\n\n\n<div class=\"wp-block-column is-vertically-aligned-top is-layout-flow wp-block-column-is-layout-flow\">\n<figure class=\"wp-block-image size-full has-custom-border\"><img decoding=\"async\" loading=\"lazy\" width=\"500\" height=\"802\" src=\"https:\/\/monteriver.com\/wp-content\/uploads\/2023\/03\/medalja-teambuilding.jpg\" alt=\"Team building Medaglia d'oro alla fiera per il Rafting camp Modra Rijeka\" class=\"wp-image-402\" style=\"border-radius:8px\" srcset=\"https:\/\/monteriver.com\/wp-content\/uploads\/2023\/03\/medalja-teambuilding.jpg 500w, https:\/\/monteriver.com\/wp-content\/uploads\/2023\/03\/medalja-teambuilding-187x300.jpg 187w\" sizes=\"(max-width: 500px) 100vw, 500px\" \/><\/figure>\n<\/div>\n\n\n\n<div class=\"wp-block-column is-vertically-aligned-top is-layout-flow wp-block-column-is-layout-flow\" style=\"flex-basis:10px\"><\/div>\n<\/div>\n\n\n\n<h2 class=\"wp-block-heading has-text-align-center\">Foto di team building<\/h2>\n\n\n\t\t\t\t\t<div\n\t\t\t\t\t\tclass=\"wp-block-uagb-image-gallery uagb-block-b5dc73ed     \"\n\t\t\t\t\t\tstyle=\"\"\n\t\t\t\t\t>\n\t\t\t\t\t\t\t\t\t\t\t<div class=\"spectra-image-gallery spectra-image-gallery__layout--grid spectra-image-gallery__layout--grid-col-2 spectra-image-gallery__layout--grid-col-tab-2 spectra-image-gallery__layout--grid-col-mob-1\">\n\t\t\t\t\t\t\t\t\t\t\t<div class='spectra-image-gallery__media-wrapper' data-spectra-gallery-image-id='405'>\n\t\t\t\t\t\t\t<div class=\"spectra-image-gallery__media spectra-image-gallery__media--grid\">\n\t\t\t\t<picture>\n\t\t\t\t\t<source media=\"(min-width: 1024px)\" srcset=\"https:\/\/monteriver.com\/wp-content\/uploads\/2023\/03\/rafting-modra-rijeka-team-building_1.jpg\">\n\t\t\t\t\t<source media=\"(min-width: 768px)\" srcset=\"https:\/\/monteriver.com\/wp-content\/uploads\/2023\/03\/rafting-modra-rijeka-team-building_1-1024x683.jpg\">\n\t\t\t\t\t<img decoding=\"async\" class=\"spectra-image-gallery__media-thumbnail spectra-image-gallery__media-thumbnail--grid\" src=\"https:\/\/monteriver.com\/wp-content\/uploads\/2023\/03\/rafting-modra-rijeka-team-building_1.jpg\" alt=\"Rafting Tara team building za kompanije\" loading=\"lazy\" \/>\n\t\t\t\t<\/picture>\n\t\t\t\t<div class=\"spectra-image-gallery__media-thumbnail-blurrer\"><\/div>\n\t\t\t\t\t\t\t\t\t\t\t<div class=\"spectra-image-gallery__media-thumbnail-caption-wrapper spectra-image-gallery__media-thumbnail-caption-wrapper--overlay\"><\/div>\n\t\t\t\t\t\t\t\t<\/div>\n\t\t\t\t\t\t<\/div>\n\t\t\t\t\t\t<div class='spectra-image-gallery__media-wrapper' data-spectra-gallery-image-id='406'>\n\t\t\t\t\t\t\t<div class=\"spectra-image-gallery__media spectra-image-gallery__media--grid\">\n\t\t\t\t<picture>\n\t\t\t\t\t<source media=\"(min-width: 1024px)\" srcset=\"https:\/\/monteriver.com\/wp-content\/uploads\/2023\/03\/rafting-tara-team-building_1.jpg\">\n\t\t\t\t\t<source media=\"(min-width: 768px)\" srcset=\"https:\/\/monteriver.com\/wp-content\/uploads\/2023\/03\/rafting-tara-team-building_1-1024x683.jpg\">\n\t\t\t\t\t<img decoding=\"async\" class=\"spectra-image-gallery__media-thumbnail spectra-image-gallery__media-thumbnail--grid\" src=\"https:\/\/monteriver.com\/wp-content\/uploads\/2023\/03\/rafting-tara-team-building_1.jpg\" alt=\"Rafting kamp Modra Rijeka team building\" loading=\"lazy\" \/>\n\t\t\t\t<\/picture>\n\t\t\t\t<div class=\"spectra-image-gallery__media-thumbnail-blurrer\"><\/div>\n\t\t\t\t\t\t\t\t\t\t\t<div class=\"spectra-image-gallery__media-thumbnail-caption-wrapper spectra-image-gallery__media-thumbnail-caption-wrapper--overlay\"><\/div>\n\t\t\t\t\t\t\t\t<\/div>\n\t\t\t\t\t\t<\/div>\n\t\t\t\t\t\t<div class='spectra-image-gallery__media-wrapper' data-spectra-gallery-image-id='407'>\n\t\t\t\t\t\t\t<div class=\"spectra-image-gallery__media spectra-image-gallery__media--grid\">\n\t\t\t\t<picture>\n\t\t\t\t\t<source media=\"(min-width: 1024px)\" srcset=\"https:\/\/monteriver.com\/wp-content\/uploads\/2023\/03\/team-bilding-rafting-tara_1.jpg\">\n\t\t\t\t\t<source media=\"(min-width: 768px)\" srcset=\"https:\/\/monteriver.com\/wp-content\/uploads\/2023\/03\/team-bilding-rafting-tara_1-1024x683.jpg\">\n\t\t\t\t\t<img decoding=\"async\" class=\"spectra-image-gallery__media-thumbnail spectra-image-gallery__media-thumbnail--grid\" src=\"https:\/\/monteriver.com\/wp-content\/uploads\/2023\/03\/team-bilding-rafting-tara_1.jpg\" alt=\"Team building na rafting\" loading=\"lazy\" \/>\n\t\t\t\t<\/picture>\n\t\t\t\t<div class=\"spectra-image-gallery__media-thumbnail-blurrer\"><\/div>\n\t\t\t\t\t\t\t\t\t\t\t<div class=\"spectra-image-gallery__media-thumbnail-caption-wrapper spectra-image-gallery__media-thumbnail-caption-wrapper--overlay\"><\/div>\n\t\t\t\t\t\t\t\t<\/div>\n\t\t\t\t\t\t<\/div>\n\t\t\t\t\t\t<div class='spectra-image-gallery__media-wrapper' data-spectra-gallery-image-id='408'>\n\t\t\t\t\t\t\t<div class=\"spectra-image-gallery__media spectra-image-gallery__media--grid\">\n\t\t\t\t<picture>\n\t\t\t\t\t<source media=\"(min-width: 1024px)\" srcset=\"https:\/\/monteriver.com\/wp-content\/uploads\/2023\/03\/team-building-rafting-tara-1_1.jpg\">\n\t\t\t\t\t<source media=\"(min-width: 768px)\" srcset=\"https:\/\/monteriver.com\/wp-content\/uploads\/2023\/03\/team-building-rafting-tara-1_1-1024x683.jpg\">\n\t\t\t\t\t<img decoding=\"async\" class=\"spectra-image-gallery__media-thumbnail spectra-image-gallery__media-thumbnail--grid\" src=\"https:\/\/monteriver.com\/wp-content\/uploads\/2023\/03\/team-building-rafting-tara-1_1.jpg\" alt=\"Team building u rafting kampu Modra Rijeka\" loading=\"lazy\" \/>\n\t\t\t\t<\/picture>\n\t\t\t\t<div class=\"spectra-image-gallery__media-thumbnail-blurrer\"><\/div>\n\t\t\t\t\t\t\t\t\t\t\t<div class=\"spectra-image-gallery__media-thumbnail-caption-wrapper spectra-image-gallery__media-thumbnail-caption-wrapper--overlay\"><\/div>\n\t\t\t\t\t\t\t\t<\/div>\n\t\t\t\t\t\t<\/div>\n\t\t\t\t\t\t<div class='spectra-image-gallery__media-wrapper' data-spectra-gallery-image-id='409'>\n\t\t\t\t\t\t\t<div class=\"spectra-image-gallery__media spectra-image-gallery__media--grid\">\n\t\t\t\t<picture>\n\t\t\t\t\t<source media=\"(min-width: 1024px)\" srcset=\"https:\/\/monteriver.com\/wp-content\/uploads\/2023\/03\/team-building-rafting-tara-2_1.jpg\">\n\t\t\t\t\t<source media=\"(min-width: 768px)\" srcset=\"https:\/\/monteriver.com\/wp-content\/uploads\/2023\/03\/team-building-rafting-tara-2_1-1024x683.jpg\">\n\t\t\t\t\t<img decoding=\"async\" class=\"spectra-image-gallery__media-thumbnail spectra-image-gallery__media-thumbnail--grid\" src=\"https:\/\/monteriver.com\/wp-content\/uploads\/2023\/03\/team-building-rafting-tara-2_1.jpg\" alt=\"Team building na rafting Tara \" loading=\"lazy\" \/>\n\t\t\t\t<\/picture>\n\t\t\t\t<div class=\"spectra-image-gallery__media-thumbnail-blurrer\"><\/div>\n\t\t\t\t\t\t\t\t\t\t\t<div class=\"spectra-image-gallery__media-thumbnail-caption-wrapper spectra-image-gallery__media-thumbnail-caption-wrapper--overlay\"><\/div>\n\t\t\t\t\t\t\t\t<\/div>\n\t\t\t\t\t\t<\/div>\n\t\t\t\t\t\t<div class='spectra-image-gallery__media-wrapper' data-spectra-gallery-image-id='410'>\n\t\t\t\t\t\t\t<div class=\"spectra-image-gallery__media spectra-image-gallery__media--grid\">\n\t\t\t\t<picture>\n\t\t\t\t\t<source media=\"(min-width: 1024px)\" srcset=\"https:\/\/monteriver.com\/wp-content\/uploads\/2023\/03\/team-building-rafting-tara-3_1.jpg\">\n\t\t\t\t\t<source media=\"(min-width: 768px)\" srcset=\"https:\/\/monteriver.com\/wp-content\/uploads\/2023\/03\/team-building-rafting-tara-3_1-1024x683.jpg\">\n\t\t\t\t\t<img decoding=\"async\" class=\"spectra-image-gallery__media-thumbnail spectra-image-gallery__media-thumbnail--grid\" src=\"https:\/\/monteriver.com\/wp-content\/uploads\/2023\/03\/team-building-rafting-tara-3_1.jpg\" alt=\"Team building na raftingu u Crnoj Gori\" loading=\"lazy\" \/>\n\t\t\t\t<\/picture>\n\t\t\t\t<div class=\"spectra-image-gallery__media-thumbnail-blurrer\"><\/div>\n\t\t\t\t\t\t\t\t\t\t\t<div class=\"spectra-image-gallery__media-thumbnail-caption-wrapper spectra-image-gallery__media-thumbnail-caption-wrapper--overlay\"><\/div>\n\t\t\t\t\t\t\t\t<\/div>\n\t\t\t\t\t\t<\/div>\n\t\t\t\t\t\t<div class='spectra-image-gallery__media-wrapper' data-spectra-gallery-image-id='411'>\n\t\t\t\t\t\t\t<div class=\"spectra-image-gallery__media spectra-image-gallery__media--grid\">\n\t\t\t\t<picture>\n\t\t\t\t\t<source media=\"(min-width: 1024px)\" srcset=\"https:\/\/monteriver.com\/wp-content\/uploads\/2023\/03\/team-building-rafting-tara-4_1.jpg\">\n\t\t\t\t\t<source media=\"(min-width: 768px)\" srcset=\"https:\/\/monteriver.com\/wp-content\/uploads\/2023\/03\/team-building-rafting-tara-4_1-1024x683.jpg\">\n\t\t\t\t\t<img decoding=\"async\" class=\"spectra-image-gallery__media-thumbnail spectra-image-gallery__media-thumbnail--grid\" src=\"https:\/\/monteriver.com\/wp-content\/uploads\/2023\/03\/team-building-rafting-tara-4_1.jpg\" alt=\"Team building na raftingu\" loading=\"lazy\" \/>\n\t\t\t\t<\/picture>\n\t\t\t\t<div class=\"spectra-image-gallery__media-thumbnail-blurrer\"><\/div>\n\t\t\t\t\t\t\t\t\t\t\t<div class=\"spectra-image-gallery__media-thumbnail-caption-wrapper spectra-image-gallery__media-thumbnail-caption-wrapper--overlay\"><\/div>\n\t\t\t\t\t\t\t\t<\/div>\n\t\t\t\t\t\t<\/div>\n\t\t\t\t\t\t\t\t\t\t<\/div>\n\t\t\t\t\t\t\t\t\t\t\t\t\t\t\t\t\t\t<\/div>\n\t\t\t\t\t\t\t\t\t\t\t<div class='spectra-image-gallery__control-lightbox' tabindex='0'>\n\t\t\t\t\t\t\t\t\t\t\t<div class=\"swiper spectra-image-gallery__control-lightbox--main\" dir=\"\">\n\t\t\t\t\t<div class=\"swiper-wrapper\">\n\t\t\t\t\t\t\t\t\t\t\t\t\t\n\t\t\t\t\t\t\t<div class=\"swiper-slide\">\n\t\t\t\t\t\t\t\t<img class=\"swiper-lazy\" data-src=\"https:\/\/monteriver.com\/wp-content\/uploads\/2023\/03\/rafting-modra-rijeka-team-building_1.jpg\" alt=\"Rafting Tara team building za kompanije\"\/>\n\t\t\t\t\t\t\t\t<div class=\"swiper-lazy-preloader swiper-lazy-preloader-white\"><\/div>\n\t\t\t\t\t\t\t\t\t\t\t\t\t\t\t<\/div>\n\t\t\t\t\t\t\t\t\t\t\t\t\t\n\t\t\t\t\t\t\t<div class=\"swiper-slide\">\n\t\t\t\t\t\t\t\t<img class=\"swiper-lazy\" data-src=\"https:\/\/monteriver.com\/wp-content\/uploads\/2023\/03\/rafting-tara-team-building_1.jpg\" alt=\"Rafting kamp Modra Rijeka team building\"\/>\n\t\t\t\t\t\t\t\t<div class=\"swiper-lazy-preloader swiper-lazy-preloader-white\"><\/div>\n\t\t\t\t\t\t\t\t\t\t\t\t\t\t\t<\/div>\n\t\t\t\t\t\t\t\t\t\t\t\t\t\n\t\t\t\t\t\t\t<div class=\"swiper-slide\">\n\t\t\t\t\t\t\t\t<img class=\"swiper-lazy\" data-src=\"https:\/\/monteriver.com\/wp-content\/uploads\/2023\/03\/team-bilding-rafting-tara_1.jpg\" alt=\"Team building na rafting\"\/>\n\t\t\t\t\t\t\t\t<div class=\"swiper-lazy-preloader swiper-lazy-preloader-white\"><\/div>\n\t\t\t\t\t\t\t\t\t\t\t\t\t\t\t<\/div>\n\t\t\t\t\t\t\t\t\t\t\t\t\t\n\t\t\t\t\t\t\t<div class=\"swiper-slide\">\n\t\t\t\t\t\t\t\t<img class=\"swiper-lazy\" data-src=\"https:\/\/monteriver.com\/wp-content\/uploads\/2023\/03\/team-building-rafting-tara-1_1.jpg\" alt=\"Team building u rafting kampu Modra Rijeka\"\/>\n\t\t\t\t\t\t\t\t<div class=\"swiper-lazy-preloader swiper-lazy-preloader-white\"><\/div>\n\t\t\t\t\t\t\t\t\t\t\t\t\t\t\t<\/div>\n\t\t\t\t\t\t\t\t\t\t\t\t\t\n\t\t\t\t\t\t\t<div class=\"swiper-slide\">\n\t\t\t\t\t\t\t\t<img class=\"swiper-lazy\" data-src=\"https:\/\/monteriver.com\/wp-content\/uploads\/2023\/03\/team-building-rafting-tara-2_1.jpg\" alt=\"Team building na rafting Tara \"\/>\n\t\t\t\t\t\t\t\t<div class=\"swiper-lazy-preloader swiper-lazy-preloader-white\"><\/div>\n\t\t\t\t\t\t\t\t\t\t\t\t\t\t\t<\/div>\n\t\t\t\t\t\t\t\t\t\t\t\t\t\n\t\t\t\t\t\t\t<div class=\"swiper-slide\">\n\t\t\t\t\t\t\t\t<img class=\"swiper-lazy\" data-src=\"https:\/\/monteriver.com\/wp-content\/uploads\/2023\/03\/team-building-rafting-tara-3_1.jpg\" alt=\"Team building na raftingu u Crnoj Gori\"\/>\n\t\t\t\t\t\t\t\t<div class=\"swiper-lazy-preloader swiper-lazy-preloader-white\"><\/div>\n\t\t\t\t\t\t\t\t\t\t\t\t\t\t\t<\/div>\n\t\t\t\t\t\t\t\t\t\t\t\t\t\n\t\t\t\t\t\t\t<div class=\"swiper-slide\">\n\t\t\t\t\t\t\t\t<img class=\"swiper-lazy\" data-src=\"https:\/\/monteriver.com\/wp-content\/uploads\/2023\/03\/team-building-rafting-tara-4_1.jpg\" alt=\"Team building na raftingu\"\/>\n\t\t\t\t\t\t\t\t<div class=\"swiper-lazy-preloader swiper-lazy-preloader-white\"><\/div>\n\t\t\t\t\t\t\t\t\t\t\t\t\t\t\t<\/div>\n\t\t\t\t\t\t\t\t\t\t\t<\/div>\n\t\t\t\t\t<div class=\"swiper-button-next\"><\/div>\n\t\t\t\t\t<div class=\"swiper-button-prev\"><\/div>\n\t\t\t\t<\/div>\t\t\t\n\t\t\t\t\t\t\t\t\t\t\t\t\t\t\t\t\t\t\t\t\t\t\t\t\t\t\t\t\t\t\t\t<button class='spectra-image-gallery__control-lightbox--close'>\n\t\t\t\t\t\t\t\t\t\t\t\t\t<svg xmlns=\"https:\/\/www.w3.org\/2000\/svg\" viewBox= \"0 0 320 512\"><path d=\"M310.6 361.4c12.5 12.5 12.5 32.75 0 45.25C304.4 412.9 296.2 416 288 416s-16.38-3.125-22.62-9.375L160 301.3L54.63 406.6C48.38 412.9 40.19 416 32 416S15.63 412.9 9.375 406.6c-12.5-12.5-12.5-32.75 0-45.25l105.4-105.4L9.375 150.6c-12.5-12.5-12.5-32.75 0-45.25s32.75-12.5 45.25 0L160 210.8l105.4-105.4c12.5-12.5 32.75-12.5 45.25 0s12.5 32.75 0 45.25l-105.4 105.4L310.6 361.4z\"><\/path><\/svg>\n\t\t\t\t\t\t\t\t\t\t\t\t<\/button>\n\t\t\t\t\t\t\t\t\t\t\t\t\t<\/div>\n\t\t\t\t\t\t\t\t\t\n\n\n<h2 class=\"wp-block-heading alignwide has-text-align-center\" id=\"upit\" style=\"margin-top:0px;margin-right:0px;margin-bottom:0px;margin-left:0px;padding-top:var(--wp--preset--spacing--40);padding-right:var(--wp--preset--spacing--40);padding-bottom:var(--wp--preset--spacing--40);padding-left:var(--wp--preset--spacing--40)\">Prenota team building<\/h2>\n\n\n\n<div class=\"wp-block-columns are-vertically-aligned-top is-layout-flex wp-container-13 wp-block-columns-is-layout-flex\">\n<div class=\"wp-block-column is-vertically-aligned-top is-layout-flow wp-block-column-is-layout-flow\">\n<p class=\"has-medium-font-size\">Tenendo presente che i fine settimana sono rapidamente riempiti, ti suggeriamo di contattare il prima possibile per fare un piano di attivit\u00e0 per la tua azienda e fare una combinazione ideale di accordi che sono pi\u00f9 piacevoli per te (<a href=\"https:\/\/monteriver.com\/it\/rafting-di-due-giorni-a-tara\/\" data-type=\"page\" data-id=\"201\">rafting<\/a>, zip line, <a href=\"https:\/\/monteriver.com\/it\/jeep-safari-durmitor\/\" data-type=\"page\" data-id=\"271\">safari in jeep<\/a>, <a href=\"https:\/\/monteriver.com\/it\/equitazione\/\" data-type=\"page\" data-id=\"341\">equitazione<\/a>, crociera <a href=\"https:\/\/monteriver.com\/it\/crociera-sul-lago-piva\/\" data-type=\"page\" data-id=\"295\">sul lago Piva<\/a>, competizione sportiva, ecc &#8230;).<\/p>\n\n\n\n<p class=\"has-medium-font-size\">Naturalmente, ravviviamo ogni organizzazione con un fenomenale intrattenimento serale con musica dal vivo e socializzazione fino a tarda notte nel ristorante <a href=\"https:\/\/monteriver.com\/rafting-kamp-modra-rijeka\/\" data-type=\"page\" data-id=\"438\">Rafting Camp Modra Rijeka<\/a> sulle rive <a href=\"https:\/\/monteriver.com\/rijeka-piva\/\" data-type=\"page\" data-id=\"472\">del fiume Piva<\/a>.<\/p>\n<\/div>\n\n\n\n<div class=\"wp-block-column is-vertically-aligned-top is-layout-flow wp-block-column-is-layout-flow\"><style id=\"wpforms-css-vars-2951\">\n\t\t\t\t#wpforms-2951 {\n\t\t\t\t\n\t\t\t}\n\t\t\t<\/style><div class=\"wpforms-container wpforms-container-full wpforms-render-modern\" id=\"wpforms-2951\"><form id=\"wpforms-form-2951\" class=\"wpforms-validate wpforms-form wpforms-ajax-form\" data-formid=\"2951\" method=\"post\" enctype=\"multipart\/form-data\" action=\"\/it\/wp-json\/wp\/v2\/pages\/2723\" data-token=\"d1841acd13be748f5c7a15c6e7c05b43\" data-token-time=\"1776976232\"><noscript class=\"wpforms-error-noscript\">Abilita JavaScript nel browser per completare questo modulo.<\/noscript><div id=\"wpforms-error-noscript\" style=\"display: none;\">Abilita JavaScript nel browser per completare questo modulo.<\/div><div class=\"wpforms-field-container\"><div id=\"wpforms-2951-field_0-container\" class=\"wpforms-field wpforms-field-name\" data-field-id=\"0\"><label class=\"wpforms-field-label\" for=\"wpforms-2951-field_0\">Ime \/ Name <span class=\"wpforms-required-label\" aria-hidden=\"true\">*<\/span><\/label><input type=\"text\" id=\"wpforms-2951-field_0\" class=\"wpforms-field-medium wpforms-field-required\" name=\"wpforms[fields][0]\" aria-errormessage=\"wpforms-2951-field_0-error\" required><\/div><div id=\"wpforms-2951-field_1-container\" class=\"wpforms-field wpforms-field-email\" data-field-id=\"1\"><label class=\"wpforms-field-label\" for=\"wpforms-2951-field_1\">Email <span class=\"wpforms-required-label\" aria-hidden=\"true\">*<\/span><\/label><input type=\"email\" id=\"wpforms-2951-field_1\" class=\"wpforms-field-medium wpforms-field-required\" name=\"wpforms[fields][1]\" spellcheck=\"false\" aria-errormessage=\"wpforms-2951-field_1-error\" required><\/div><div id=\"wpforms-2951-field_4-container\" class=\"wpforms-field wpforms-field-text\" data-field-id=\"4\"><label class=\"wpforms-field-label\" for=\"wpforms-2951-field_4\">Broj telefona \/ Phone number <span class=\"wpforms-required-label\" aria-hidden=\"true\">*<\/span><\/label><input type=\"text\" id=\"wpforms-2951-field_4\" class=\"wpforms-field-medium wpforms-field-required wpforms-limit-characters-enabled\" data-form-id=\"2951\" data-field-id=\"4\" data-text-limit=\"35\" name=\"wpforms[fields][4]\" aria-errormessage=\"wpforms-2951-field_4-error\" maxlength=\"35\" required><\/div><div id=\"wpforms-2951-field_2-container\" class=\"wpforms-field wpforms-field-textarea\" data-field-id=\"2\"><label class=\"wpforms-field-label\" for=\"wpforms-2951-field_2\">Poruka \/ Message <span class=\"wpforms-required-label\" aria-hidden=\"true\">*<\/span><\/label><textarea id=\"wpforms-2951-field_2\" class=\"wpforms-field-medium wpforms-field-required wpforms-limit-characters-enabled\" data-form-id=\"2951\" data-field-id=\"2\" data-text-limit=\"300\" name=\"wpforms[fields][2]\" aria-errormessage=\"wpforms-2951-field_2-error\" maxlength=\"300\" required><\/textarea><\/div><\/div><!-- .wpforms-field-container --><div class=\"wpforms-recaptcha-container wpforms-is-turnstile\" ><div class=\"wpforms-turnstile\" data-sitekey=\"0x4AAAAAAAR41itqZS3h383m\" data-action=\"FormID-2951\"><\/div><input type=\"text\" name=\"g-recaptcha-hidden\" class=\"wpforms-recaptcha-hidden\" style=\"position:absolute!important;clip:rect(0,0,0,0)!important;height:1px!important;width:1px!important;border:0!important;overflow:hidden!important;padding:0!important;margin:0!important;\" data-rule-turnstile=\"1\"><\/div><div class=\"wpforms-submit-container\" ><input type=\"hidden\" name=\"wpforms[id]\" value=\"2951\"><input type=\"hidden\" name=\"page_title\" value=\"\"><input type=\"hidden\" name=\"page_url\" value=\"https:\/\/monteriver.com\/it\/wp-json\/wp\/v2\/pages\/2723\"><input type=\"hidden\" name=\"url_referer\" value=\"\"><button type=\"submit\" name=\"wpforms[submit]\" id=\"wpforms-submit-2951\" class=\"wpforms-submit\" data-alt-text=\"Sending...\" data-submit-text=\"Po\u0161alji \/ Send\" aria-live=\"assertive\" value=\"wpforms-submit\">Po\u0161alji \/ Send<\/button><img src=\"https:\/\/monteriver.com\/wp-content\/plugins\/wpforms-lite\/assets\/images\/submit-spin.svg\" class=\"wpforms-submit-spinner\" style=\"display: none;\" width=\"26\" height=\"26\" alt=\"Caricamento\"><\/div><\/form><\/div>  <!-- .wpforms-container -->\n<\/div>\n<\/div>\n","protected":false},"excerpt":{"rendered":"<p>Il Rafting Camp Modra Rijeka \u00e8 da 15 anni un luogo riconoscibile per l&#8217;organizzazione di fenomenali incontri di team building per le pi\u00f9 grandi aziende rinomate della regione. \u00c8 stato dimostrato che stare nella natura e numerosi tour di avventura congiunti rafforzano lo spirito di squadra, la fiducia reciproca e la creativit\u00e0 dei dipendenti dell&#8217;azienda. &hellip;<\/p>\n<p class=\"read-more\"> <a class=\"\" href=\"https:\/\/monteriver.com\/it\/team-building\/\"> <span class=\"screen-reader-text\">Team building<\/span> Leggi altro &raquo;<\/a><\/p>\n","protected":false},"author":1,"featured_media":0,"parent":0,"menu_order":0,"comment_status":"closed","ping_status":"closed","template":"","meta":{"_uag_custom_page_level_css":"","ub_ctt_via":"","site-sidebar-layout":"no-sidebar","site-content-layout":"plain-container","ast-global-header-display":"","ast-main-header-display":"","ast-hfb-above-header-display":"","ast-hfb-below-header-display":"","ast-hfb-mobile-header-display":"","site-post-title":"disabled","ast-breadcrumbs-content":"","ast-featured-img":"","footer-sml-layout":"","theme-transparent-header-meta":"","adv-header-id-meta":"","stick-header-meta":"","header-above-stick-meta":"","header-main-stick-meta":"","header-below-stick-meta":"","footnotes":""},"featured_image_src":null,"uagb_featured_image_src":{"full":false,"thumbnail":false,"medium":false,"medium_large":false,"large":false,"1536x1536":false,"2048x2048":false},"uagb_author_info":{"display_name":"Visitors","author_link":"https:\/\/monteriver.com\/it\/author\/modrarijeka2023_vq6wkb\/"},"uagb_comment_info":0,"uagb_excerpt":"Il Rafting Camp Modra Rijeka \u00e8 da 15 anni un luogo riconoscibile per l&#8217;organizzazione di fenomenali incontri di team building per le pi\u00f9 grandi aziende rinomate della regione. \u00c8 stato dimostrato che stare nella natura e numerosi tour di avventura congiunti rafforzano lo spirito di squadra, la fiducia reciproca e la creativit\u00e0 dei dipendenti dell&#8217;azienda.&hellip;","_links":{"self":[{"href":"https:\/\/monteriver.com\/it\/wp-json\/wp\/v2\/pages\/2723"}],"collection":[{"href":"https:\/\/monteriver.com\/it\/wp-json\/wp\/v2\/pages"}],"about":[{"href":"https:\/\/monteriver.com\/it\/wp-json\/wp\/v2\/types\/page"}],"author":[{"embeddable":true,"href":"https:\/\/monteriver.com\/it\/wp-json\/wp\/v2\/users\/1"}],"replies":[{"embeddable":true,"href":"https:\/\/monteriver.com\/it\/wp-json\/wp\/v2\/comments?post=2723"}],"version-history":[{"count":4,"href":"https:\/\/monteriver.com\/it\/wp-json\/wp\/v2\/pages\/2723\/revisions"}],"predecessor-version":[{"id":3224,"href":"https:\/\/monteriver.com\/it\/wp-json\/wp\/v2\/pages\/2723\/revisions\/3224"}],"wp:attachment":[{"href":"https:\/\/monteriver.com\/it\/wp-json\/wp\/v2\/media?parent=2723"}],"curies":[{"name":"wp","href":"https:\/\/api.w.org\/{rel}","templated":true}]}}