{"id":2133,"date":"2023-03-09T19:23:08","date_gmt":"2023-03-09T19:23:08","guid":{"rendered":"https:\/\/monteriver.com\/foire-aux-questions\/"},"modified":"2025-01-13T20:37:43","modified_gmt":"2025-01-13T20:37:43","slug":"foire-aux-questions","status":"publish","type":"page","link":"https:\/\/monteriver.com\/fr\/foire-aux-questions\/","title":{"rendered":"Foire aux questions"},"content":{"rendered":"\n<h1 class=\"wp-block-heading has-text-align-center\">Foire aux questions<\/h1>\n\n\n\n<p class=\"has-text-align-center has-medium-font-size\">Vous trouverez ci-dessous les questions les plus courantes de nos clients et visiteurs faisant du <a href=\"https:\/\/monteriver.com\/fr\/\" data-type=\"URL\" data-id=\"https:\/\/monteriver.com\/fr\/\">rafting sur Tara<\/a> et d\u2019autres circuits, auxquelles nous vous donnons des r\u00e9ponses. <br>Pour toute question suppl\u00e9mentaire, veuillez nous contacter au <a href=\"mailto:reservationrafting@gmail.com\">reservationrafting@gmail.com<\/a> ou <a href=\"tel:+38267017419\" data-type=\"tel\" data-id=\"tel:+38267017419\">+38267017419<\/a> (Viber \/ WhatsApp).<\/p>\n\n\n<div class=\"wp-block-ub-content-toggle\" id=\"ub-content-toggle-163d3d00-9089-4f47-a071-b83af1559e35\" data-showonlyone=\"true\" data-mobilecollapse=\"false\" data-desktopcollapse=\"true\">\n<div class=\"no-border wp-block-ub-content-toggle-accordion\">\n                <div class=\"wp-block-ub-content-toggle-accordion-title-wrap\" aria-expanded=\"true\" aria-controls=\"ub-content-toggle-panel-0-163d3d00-9089-4f47-a071-b83af1559e35\" tabindex=\"0\">\n                    <p class=\"wp-block-ub-content-toggle-accordion-title ub-content-toggle-title-163d3d00-9089-4f47-a071-b83af1559e35\"><strong>Quel est l&#8217;emplacement exact du Rafting Camp Modra Rijeka?<\/strong><\/p><div class=\"wp-block-ub-content-toggle-accordion-toggle-wrap right\"><span class=\"wp-block-ub-content-toggle-accordion-state-indicator wp-block-ub-chevron-down open\"><\/span>\n                    <\/div><\/div><div role=\"region\" class=\"wp-block-ub-content-toggle-accordion-content-wrap\" id=\"ub-content-toggle-panel-0-163d3d00-9089-4f47-a071-b83af1559e35\">\n\n<p><a href=\"https:\/\/monteriver.com\/fr\/rafting-camp-modra-rijeka\/\" data-type=\"page\" data-id=\"438\">Le Rafting Camp Modra Rijeka<\/a> est situ\u00e9 au c\u0153ur <a href=\"https:\/\/monteriver.com\/fr\/scepan-polje-et-soko-grad\/\" data-type=\"page\" data-id=\"499\">de Scepan Polje<\/a>, au Mont\u00e9n\u00e9gro, pr\u00e8s de la fronti\u00e8re avec la Bosnie-Herz\u00e9govine, sur la rive du fleuve. Les coordonn\u00e9es GPS du camping sont les suivantes: <\/p>\n\n\n\n<ul>\n<li><strong>43.343093  <\/strong><\/li>\n\n\n\n<li><strong>18.841690<\/strong><\/li>\n<\/ul>\n\n\n\n<p>Lien vers<a href=\"https:\/\/www.google.com\/maps\/place\/Rafting+Camp+Modra+Rijeka\/@43.3430024,18.8404302,17z\/data=!4m9!3m8!1s0x134d298f46d58561:0x821a37a674ba7ffd!5m2!4m1!1i2!8m2!3d43.3429985!4d18.8426189!16s%2Fg%2F11b6c9f_w_\" data-type=\"URL\" data-id=\"https:\/\/www.google.com\/maps\/place\/Rafting+Camp+Modra+Rijeka\/@43.3430024,18.8404302,17z\/data=!4m9!3m8!1s0x134d298f46d58561:0x821a37a674ba7ffd!5m2!4m1!1i2!8m2!3d43.3429985!4d18.8426189!16s%2Fg%2F11b6c9f_w_\" target=\"_blank\" rel=\"noreferrer noopener nofollow\"> l\u2019emplacement sur Google Map<\/a>.<\/p>\n\n<\/div><\/div>\n\n<div class=\"no-border wp-block-ub-content-toggle-accordion\">\n                <div class=\"wp-block-ub-content-toggle-accordion-title-wrap\" aria-expanded=\"false\" aria-controls=\"ub-content-toggle-panel-1-163d3d00-9089-4f47-a071-b83af1559e35\" tabindex=\"0\">\n                    <p class=\"wp-block-ub-content-toggle-accordion-title ub-content-toggle-title-163d3d00-9089-4f47-a071-b83af1559e35\"><strong>Avons-nous un passeport pour le rafting?<\/strong><\/p><div class=\"wp-block-ub-content-toggle-accordion-toggle-wrap right\"><span class=\"wp-block-ub-content-toggle-accordion-state-indicator wp-block-ub-chevron-down\"><\/span>\n                    <\/div><\/div><div role=\"region\" class=\"wp-block-ub-content-toggle-accordion-content-wrap ub-hide\" id=\"ub-content-toggle-panel-1-163d3d00-9089-4f47-a071-b83af1559e35\">\n\n<p>Non, vous pouvez laisser tous vos documents dans votre voiture, votre chambre ou \u00e0 la r\u00e9ception de notre camping. Lorsque vous faites du rafting, ne traversez pas officiellement la fronti\u00e8re avec la Bosnie-Herz\u00e9govine et vous n\u2019avez pas besoin de documents sur la rivi\u00e8re. <a href=\"https:\/\/monteriver.com\/fr\/canyon-et-riviere-tara\/\" data-type=\"page\" data-id=\"459\">La rivi\u00e8re Tara<\/a> repr\u00e9sente la fronti\u00e8re naturelle entre le Mont\u00e9n\u00e9gro et la Bosnie.<\/p>\n\n<\/div><\/div>\n\n<div class=\"no-border wp-block-ub-content-toggle-accordion\">\n                <div class=\"wp-block-ub-content-toggle-accordion-title-wrap\" aria-expanded=\"false\" aria-controls=\"ub-content-toggle-panel-2-163d3d00-9089-4f47-a071-b83af1559e35\" tabindex=\"0\">\n                    <p class=\"wp-block-ub-content-toggle-accordion-title ub-content-toggle-title-163d3d00-9089-4f47-a071-b83af1559e35\"><strong>Que porter pour une aventure de rafting et quoi emporter avec vous?<\/strong><\/p><div class=\"wp-block-ub-content-toggle-accordion-toggle-wrap right\"><span class=\"wp-block-ub-content-toggle-accordion-state-indicator wp-block-ub-chevron-down\"><\/span>\n                    <\/div><\/div><div role=\"region\" class=\"wp-block-ub-content-toggle-accordion-content-wrap ub-hide\" id=\"ub-content-toggle-panel-2-163d3d00-9089-4f47-a071-b83af1559e35\">\n\n<p>Juste un maillot de bain et de la bonne humeur ! Appareil photo\/t\u00e9l\u00e9phone pour prendre les plus belles photos\/clich\u00e9s pendant l\u2019aventure !<\/p>\n\n<\/div><\/div>\n\n<div class=\"no-border wp-block-ub-content-toggle-accordion\">\n                <div class=\"wp-block-ub-content-toggle-accordion-title-wrap\" aria-expanded=\"false\" aria-controls=\"ub-content-toggle-panel-3-163d3d00-9089-4f47-a071-b83af1559e35\" tabindex=\"0\">\n                    <p class=\"wp-block-ub-content-toggle-accordion-title ub-content-toggle-title-163d3d00-9089-4f47-a071-b83af1559e35\"><strong>Les enfants sont-ils autoris\u00e9s \u00e0 faire du rafting?<\/strong><\/p><div class=\"wp-block-ub-content-toggle-accordion-toggle-wrap right\"><span class=\"wp-block-ub-content-toggle-accordion-state-indicator wp-block-ub-chevron-down\"><\/span>\n                    <\/div><\/div><div role=\"region\" class=\"wp-block-ub-content-toggle-accordion-content-wrap ub-hide\" id=\"ub-content-toggle-panel-3-163d3d00-9089-4f47-a071-b83af1559e35\">\n\n<p>Bien s\u00fbr, les enfants sont nos invit\u00e9s pr\u00e9f\u00e9r\u00e9s et ils appr\u00e9cient vraiment l\u2019aventure ph\u00e9nom\u00e9nale du rafting. En mai et dans la premi\u00e8re quinzaine de juin, les enfants ne font pas de rafting, car le niveau d\u2019eau de la rivi\u00e8re est \u00e9lev\u00e9, mais pendant les mois d\u2019\u00e9t\u00e9, les enfants l\u2019appr\u00e9cient le plus. Tous les enfants d\u2019\u00e2ge scolaire peuvent faire du rafting. \u263a<\/p>\n\n<\/div><\/div>\n\n<div class=\"no-border wp-block-ub-content-toggle-accordion\">\n                <div class=\"wp-block-ub-content-toggle-accordion-title-wrap\" aria-expanded=\"false\" aria-controls=\"ub-content-toggle-panel-4-163d3d00-9089-4f47-a071-b83af1559e35\" tabindex=\"0\">\n                    <p class=\"wp-block-ub-content-toggle-accordion-title ub-content-toggle-title-163d3d00-9089-4f47-a071-b83af1559e35\"><strong>Pouvons-nous apporter nos propres boissons et jouer notre propre musique dans le Camp?<\/strong><\/p><div class=\"wp-block-ub-content-toggle-accordion-toggle-wrap right\"><span class=\"wp-block-ub-content-toggle-accordion-state-indicator wp-block-ub-chevron-down\"><\/span>\n                    <\/div><\/div><div role=\"region\" class=\"wp-block-ub-content-toggle-accordion-content-wrap ub-hide\" id=\"ub-content-toggle-panel-4-163d3d00-9089-4f47-a071-b83af1559e35\">\n\n<p>Toutes les boissons dans le camp sont interdites et seront punies. Dans le camp, il y a un restaurant avec un large assortiment de tous les jardins de boissons gazeuses et alcoolis\u00e9es, de boissons chaudes, etc., \u00e0 des prix extr\u00eamement abordables et \u00e9quitables. Par cons\u00e9quent, toute introduction de boissons dans le camp et les installations du camp est interdite et ne sera pas tol\u00e9r\u00e9e.<\/p>\n\n\n\n<p>En outre, dans le camp, il y a un beau restaurant avec la plus belle terrasse dans la zone au-dessus de la rivi\u00e8re, o\u00f9 vous pouvez socialiser, profiter, \u00e9couter de la musique et vous amuser. Le week-end, il y aura des spectacles en direct. Cependant, jouer de la musique dans les installations destin\u00e9es \u00e0 l\u2019h\u00e9bergement et au couchage est interdit, \u00e9tant donn\u00e9 que cela perturbe la paix et le repos des autres clients. Nous vous demandons de respecter le r\u00e8glement int\u00e9rieur et nous vous garantissons que nous trouverons le meilleur moyen de vous permettre de profiter de votre s\u00e9jour chez nous comme vous l\u2019avez imagin\u00e9.<\/p>\n\n<\/div><\/div>\n\n<div class=\"no-border wp-block-ub-content-toggle-accordion\">\n                <div class=\"wp-block-ub-content-toggle-accordion-title-wrap\" aria-expanded=\"false\" aria-controls=\"ub-content-toggle-panel-5-163d3d00-9089-4f47-a071-b83af1559e35\" tabindex=\"0\">\n                    <p class=\"wp-block-ub-content-toggle-accordion-title ub-content-toggle-title-163d3d00-9089-4f47-a071-b83af1559e35\"><strong>Offrez-vous le transport vers le camp de rafting?<\/strong><\/p><div class=\"wp-block-ub-content-toggle-accordion-toggle-wrap right\"><span class=\"wp-block-ub-content-toggle-accordion-state-indicator wp-block-ub-chevron-down\"><\/span>\n                    <\/div><\/div><div role=\"region\" class=\"wp-block-ub-content-toggle-accordion-content-wrap ub-hide\" id=\"ub-content-toggle-panel-5-163d3d00-9089-4f47-a071-b83af1559e35\">\n\n<p>Possibilit\u00e9 d\u2019organiser le transport pour les grands groupes! Contactez-nous par e-mail, Viber, WhatsApp, et nous organiserons un arrangement selon vos souhaits.<\/p>\n\n<\/div><\/div>\n\n<div class=\"no-border wp-block-ub-content-toggle-accordion\">\n                <div class=\"wp-block-ub-content-toggle-accordion-title-wrap\" aria-expanded=\"false\" aria-controls=\"ub-content-toggle-panel-6-163d3d00-9089-4f47-a071-b83af1559e35\" tabindex=\"0\">\n                    <p class=\"wp-block-ub-content-toggle-accordion-title ub-content-toggle-title-163d3d00-9089-4f47-a071-b83af1559e35\"><strong>Proposez-vous d&rsquo;autres circuits?<\/strong><\/p><div class=\"wp-block-ub-content-toggle-accordion-toggle-wrap right\"><span class=\"wp-block-ub-content-toggle-accordion-state-indicator wp-block-ub-chevron-down\"><\/span>\n                    <\/div><\/div><div role=\"region\" class=\"wp-block-ub-content-toggle-accordion-content-wrap ub-hide\" id=\"ub-content-toggle-panel-6-163d3d00-9089-4f47-a071-b83af1559e35\">\n\n<p>En plus <a href=\"https:\/\/monteriver.com\/fr\/\" data-type=\"URL\" data-id=\"https:\/\/monteriver.com\/fr\/\">du rafting<\/a>, de l\u2019offre, nous soulignons le <a href=\"https:\/\/monteriver.com\/fr\/canyoning-nevidio\/\" data-type=\"page\" data-id=\"344\">canyoning Nevidio<\/a>, le <a href=\"https:\/\/monteriver.com\/fr\/jeep-safari-durmitor\/\" data-type=\"page\" data-id=\"271\">safari en jeep Durmitor<\/a>, la tyrolienne, le <a href=\"https:\/\/monteriver.com\/fr\/velo-de-montagne\/\" data-type=\"page\" data-id=\"362\">VTT<\/a>, la <a href=\"https:\/\/monteriver.com\/fr\/randonnee-pedestre-trsa\/\" data-type=\"page\" data-id=\"370\">randonn\u00e9e<\/a>, <a href=\"https:\/\/monteriver.com\/fr\/croisiere-sur-le-lac-piva\/\" data-type=\"page\" data-id=\"295\">la croisi\u00e8re sur le lac<\/a>, <a href=\"https:\/\/monteriver.com\/fr\/equitation\/\" data-type=\"page\" data-id=\"341\">l\u2019\u00e9quitation<\/a> , etc.<\/p>\n\n<\/div><\/div>\n\n<div class=\"no-border wp-block-ub-content-toggle-accordion\">\n                <div class=\"wp-block-ub-content-toggle-accordion-title-wrap\" aria-expanded=\"false\" aria-controls=\"ub-content-toggle-panel-7-163d3d00-9089-4f47-a071-b83af1559e35\" tabindex=\"0\">\n                    <p class=\"wp-block-ub-content-toggle-accordion-title ub-content-toggle-title-163d3d00-9089-4f47-a071-b83af1559e35\"><strong>Les non-nageurs sont-ils autoris\u00e9s \u00e0 faire du rafting?<\/strong><\/p><div class=\"wp-block-ub-content-toggle-accordion-toggle-wrap right\"><span class=\"wp-block-ub-content-toggle-accordion-state-indicator wp-block-ub-chevron-down\"><\/span>\n                    <\/div><\/div><div role=\"region\" class=\"wp-block-ub-content-toggle-accordion-content-wrap ub-hide\" id=\"ub-content-toggle-panel-7-163d3d00-9089-4f47-a071-b83af1559e35\">\n\n<p>BIEN S\u00dbR! Avec tout l\u2019\u00e9quipement professionnel obligatoire sur le rafting, ainsi que nos skippers professionnels licenci\u00e9s, les non-nageurs peuvent s\u2019abandonner compl\u00e8tement aux charmes de la nature et profiter d\u2019une aventure de rafting inoubliable!<\/p>\n\n<\/div><\/div>\n<\/div>","protected":false},"excerpt":{"rendered":"<p>Foire aux questions Vous trouverez ci-dessous les questions les plus courantes de nos clients et visiteurs faisant du rafting sur Tara et d\u2019autres circuits, auxquelles nous vous donnons des r\u00e9ponses. Pour toute question suppl\u00e9mentaire, veuillez nous contacter au reservationrafting@gmail.com ou +38267017419 (Viber \/ WhatsApp).<\/p>\n","protected":false},"author":1,"featured_media":0,"parent":0,"menu_order":0,"comment_status":"closed","ping_status":"closed","template":"","meta":{"_uag_custom_page_level_css":"","ub_ctt_via":"","site-sidebar-layout":"default","site-content-layout":"default","ast-global-header-display":"","ast-main-header-display":"","ast-hfb-above-header-display":"","ast-hfb-below-header-display":"","ast-hfb-mobile-header-display":"","site-post-title":"disabled","ast-breadcrumbs-content":"","ast-featured-img":"","footer-sml-layout":"","theme-transparent-header-meta":"","adv-header-id-meta":"","stick-header-meta":"","header-above-stick-meta":"","header-main-stick-meta":"","header-below-stick-meta":"","footnotes":""},"featured_image_src":null,"uagb_featured_image_src":{"full":false,"thumbnail":false,"medium":false,"medium_large":false,"large":false,"1536x1536":false,"2048x2048":false},"uagb_author_info":{"display_name":"Visitors","author_link":"https:\/\/monteriver.com\/fr\/author\/modrarijeka2023_vq6wkb\/"},"uagb_comment_info":0,"uagb_excerpt":"Foire aux questions Vous trouverez ci-dessous les questions les plus courantes de nos clients et visiteurs faisant du rafting sur Tara et d\u2019autres circuits, auxquelles nous vous donnons des r\u00e9ponses. Pour toute question suppl\u00e9mentaire, veuillez nous contacter au reservationrafting@gmail.com ou +38267017419 (Viber \/ WhatsApp).","_links":{"self":[{"href":"https:\/\/monteriver.com\/fr\/wp-json\/wp\/v2\/pages\/2133"}],"collection":[{"href":"https:\/\/monteriver.com\/fr\/wp-json\/wp\/v2\/pages"}],"about":[{"href":"https:\/\/monteriver.com\/fr\/wp-json\/wp\/v2\/types\/page"}],"author":[{"embeddable":true,"href":"https:\/\/monteriver.com\/fr\/wp-json\/wp\/v2\/users\/1"}],"replies":[{"embeddable":true,"href":"https:\/\/monteriver.com\/fr\/wp-json\/wp\/v2\/comments?post=2133"}],"version-history":[{"count":5,"href":"https:\/\/monteriver.com\/fr\/wp-json\/wp\/v2\/pages\/2133\/revisions"}],"predecessor-version":[{"id":3247,"href":"https:\/\/monteriver.com\/fr\/wp-json\/wp\/v2\/pages\/2133\/revisions\/3247"}],"wp:attachment":[{"href":"https:\/\/monteriver.com\/fr\/wp-json\/wp\/v2\/media?parent=2133"}],"curies":[{"name":"wp","href":"https:\/\/api.w.org\/{rel}","templated":true}]}}