{"id":2106,"date":"2023-03-20T20:28:26","date_gmt":"2023-03-20T20:28:26","guid":{"rendered":"https:\/\/monteriver.com\/restaurant\/"},"modified":"2025-01-13T20:44:34","modified_gmt":"2025-01-13T20:44:34","slug":"restaurant","status":"publish","type":"page","link":"https:\/\/monteriver.com\/fr\/restaurant\/","title":{"rendered":"Restaurant"},"content":{"rendered":"\n<div class=\"wp-block-cover alignfull is-light\" style=\"min-height:500px\"><span aria-hidden=\"true\" class=\"wp-block-cover__background has-background-dim-20 has-background-dim\"><\/span><img decoding=\"async\" loading=\"lazy\" width=\"1200\" height=\"500\" class=\"wp-block-cover__image-background wp-image-714\" alt=\"Smje\u0161taj u rafting kampu Modra Rijeka\" src=\"https:\/\/monteriver.com\/wp-content\/uploads\/2023\/03\/restoran-rafting-kamp-modra-rijeka.jpg\" data-object-fit=\"cover\" srcset=\"https:\/\/monteriver.com\/wp-content\/uploads\/2023\/03\/restoran-rafting-kamp-modra-rijeka.jpg 1200w, https:\/\/monteriver.com\/wp-content\/uploads\/2023\/03\/restoran-rafting-kamp-modra-rijeka-300x125.jpg 300w, https:\/\/monteriver.com\/wp-content\/uploads\/2023\/03\/restoran-rafting-kamp-modra-rijeka-1024x427.jpg 1024w, https:\/\/monteriver.com\/wp-content\/uploads\/2023\/03\/restoran-rafting-kamp-modra-rijeka-768x320.jpg 768w\" sizes=\"(max-width: 1200px) 100vw, 1200px\" \/><div class=\"wp-block-cover__inner-container is-layout-flow wp-block-cover-is-layout-flow\">\n<h1 class=\"wp-block-heading has-text-align-center\" style=\"font-size:70px\">Restaurant<\/h1>\n<\/div><\/div>\n\n\n\n<div class=\"wp-block-columns is-layout-flex wp-container-5 wp-block-columns-is-layout-flex\">\n<div class=\"wp-block-column is-layout-flow wp-block-column-is-layout-flow\" style=\"flex-basis:10%\"><\/div>\n\n\n\n<div class=\"wp-block-column is-layout-flow wp-block-column-is-layout-flow\" style=\"flex-basis:80%\">\n<p class=\"has-text-align-center has-medium-font-size\"><a href=\"https:\/\/monteriver.com\/fr\/rafting-camp-modra-rijeka\/\" data-type=\"page\" data-id=\"438\">Camp de rafting Modra Rijeka<\/a> est le gagnant de la <strong>Grande M\u00e9daille d\u2019Or \u00e0 la Foire du Tourisme de Novi Sad pour la qualit\u00e9 sup\u00e9rieure des restaurants de la cuisine et de la nourriture locale<\/strong>.<\/p>\n<\/div>\n\n\n\n<div class=\"wp-block-column is-layout-flow wp-block-column-is-layout-flow\" style=\"flex-basis:10%\"><\/div>\n<\/div>\n\n\n\n<div class=\"wp-block-columns alignfull is-layout-flex wp-container-10 wp-block-columns-is-layout-flex\">\n<div class=\"wp-block-column is-layout-flow wp-block-column-is-layout-flow\" style=\"flex-basis:5%\"><\/div>\n\n\n\n<div class=\"wp-block-column is-layout-flow wp-block-column-is-layout-flow\">\n<p class=\"has-medium-font-size\"><strong>Restaurant Rafting CampA Modra Rijeka dispose de 150 places<\/strong> dispos\u00e9es dans la partie int\u00e9rieure, terrasses couvertes et d\u00e9couvertes. Une atmosph\u00e8re particuli\u00e8re pour tous nos clients et les amateurs de rafting sur <a href=\"https:\/\/monteriver.com\/fr\/\" data-type=\"URL\" data-id=\"https:\/\/monteriver.com\/fr\/\">Tara<\/a> sert des repas sur la terrasse, sur <a href=\"https:\/\/monteriver.com\/fr\/riviere-piva\/\" data-type=\"page\" data-id=\"472\">les rives de la rivi\u00e8re Piva<\/a>. Nulle part vous n\u2019aurez un d\u00eener plus agr\u00e9able et une plus belle atmosph\u00e8re, avec une vue ph\u00e9nom\u00e9nale qui s\u2019\u00e9tend jusqu\u2019au canyon de l\u2019une des plus belles rivi\u00e8res d\u2019Europe.<\/p>\n<\/div>\n\n\n\n<div class=\"wp-block-column is-layout-flow wp-block-column-is-layout-flow\">\n<p class=\"has-medium-font-size\">Notre \u00e9quipe de restauration veillera \u00e0 ce que les sp\u00e9cialit\u00e9s nationales soient toujours pr\u00eates pour vous, ce que vous appr\u00e9cierez au maximum. Nous sommes toujours pr\u00eats \u00e0 cr\u00e9er une vari\u00e9t\u00e9 de plats pour vous (gastronomique, v\u00e9g\u00e9tarien, sans gluten ainsi que d\u2019autres plats de votre choix). Presque <strong>tous les produits sont d\u2019origine biologique<\/strong>, <strong>achet\u00e9s aupr\u00e8s d\u2019\u00e9leveurs et de producteurs locaux<\/strong>, et de cette fa\u00e7on, vous pouvez profiter des go\u00fbts vrais et sains et vous adonner aux charmes de nos sp\u00e9cialit\u00e9s.<\/p>\n<\/div>\n\n\n\n<div class=\"wp-block-column is-layout-flow wp-block-column-is-layout-flow\" style=\"flex-basis:5%\"><\/div>\n<\/div>\n\n\n\n<h2 class=\"wp-block-heading\">Menu<\/h2>\n\n\n\n<div class=\"wp-block-columns alignfull is-layout-flex wp-container-15 wp-block-columns-is-layout-flex\">\n<div class=\"wp-block-column is-layout-flow wp-block-column-is-layout-flow\" style=\"flex-basis:5%\"><\/div>\n\n\n\n<div class=\"wp-block-column is-vertically-aligned-center is-layout-flow wp-block-column-is-layout-flow\" style=\"flex-basis:40%\">\n<h3 class=\"wp-block-heading\">Petit d\u00e9jeuner, sal\u00e9 et sucr\u00e9<\/h3>\n<\/div>\n\n\n\n<div class=\"wp-block-column is-layout-flow wp-block-column-is-layout-flow\" style=\"flex-basis:50%\"><ul class=\"ub_styled_list\" id=\"ub_styled_list-67928200-364a-4a9d-acac-09ad5952358d\">\n<li class=\"ub_styled_list_item\">Petit-d\u00e9jeuner frais chaud compos\u00e9 d&rsquo;\u0153ufs de toutes les mani\u00e8res, prosciutto mont\u00e9n\u00e9grin, bacon, saucisse, kulen, courgettes, fromages maison, cr\u00e8me\u2026<\/li>\n\n<li class=\"ub_styled_list_item\">P\u00e2tisseries au fromage, miel, confiture, cr\u00e8me, sucre\u2026<\/li>\n<\/ul><\/div>\n\n\n\n<div class=\"wp-block-column is-layout-flow wp-block-column-is-layout-flow\" style=\"flex-basis:5%\"><\/div>\n<\/div>\n\n\n\n<div class=\"wp-block-columns alignfull has-ast-global-color-0-background-color has-background is-layout-flex wp-container-20 wp-block-columns-is-layout-flex\">\n<div class=\"wp-block-column is-layout-flow wp-block-column-is-layout-flow\" style=\"flex-basis:5%\"><\/div>\n\n\n\n<div class=\"wp-block-column is-vertically-aligned-center is-layout-flow wp-block-column-is-layout-flow\" style=\"flex-basis:40%\">\n<h3 class=\"wp-block-heading has-ast-global-color-5-color has-text-color\">D\u00e9jeuner<\/h3>\n<\/div>\n\n\n\n<div class=\"wp-block-column is-layout-flow wp-block-column-is-layout-flow\" style=\"flex-basis:50%\"><ul class=\"ub_styled_list\" id=\"ub_styled_list-9e953aa2-7141-43e5-b01b-ca9667abe0f5\">\n<li class=\"ub_styled_list_item\">Soupe maison \u00e0 base de diff\u00e9rents types de l\u00e9gumes<\/li>\n\n<li class=\"ub_styled_list_item\">Agneau, veau, porc sous sacha, pommes de terre au four sous sacha, riz aux l\u00e9gumes<\/li>\n\n<li class=\"ub_styled_list_item\">Truite, riz, pommes de terre sous le soleil<\/li>\n\n<li class=\"ub_styled_list_item\">Grillades (saucisses, kebabs, burgers, brochettes, etc.)<\/li>\n\n<li class=\"ub_styled_list_item\">Salades fra\u00eeches<\/li>\n<\/ul><\/div>\n\n\n\n<div class=\"wp-block-column is-layout-flow wp-block-column-is-layout-flow\" style=\"flex-basis:5%\"><\/div>\n<\/div>\n\n\n\n<div class=\"wp-block-columns alignfull is-layout-flex wp-container-25 wp-block-columns-is-layout-flex\">\n<div class=\"wp-block-column is-layout-flow wp-block-column-is-layout-flow\" style=\"flex-basis:5%\"><\/div>\n\n\n\n<div class=\"wp-block-column is-vertically-aligned-center is-layout-flow wp-block-column-is-layout-flow\" style=\"flex-basis:40%\">\n<h3 class=\"wp-block-heading\">D\u00eener<\/h3>\n<\/div>\n\n\n\n<div class=\"wp-block-column is-layout-flow wp-block-column-is-layout-flow\" style=\"flex-basis:50%\"><ul class=\"ub_styled_list\" id=\"ub_styled_list-28e10987-ab84-4d07-b94e-9beb7e100b9c\">\n<li class=\"ub_styled_list_item\">La sp\u00e9cialit\u00e9 du camp &#8211; La viande \u00e0 la mode paysanne, un choix in\u00e9vitable pour tous ceux qui viennent au Rafting Camp Modra Rijeka<\/li>\n\n<li class=\"ub_styled_list_item\">Truite, riz, pommes de terre sous le soleil<\/li>\n\n<li class=\"ub_styled_list_item\">Grillades (saucisses, kebabs, burgers, brochettes, etc.)<\/li>\n\n<li class=\"ub_styled_list_item\">Salades fra\u00eeches<\/li>\n<\/ul><\/div>\n\n\n\n<div class=\"wp-block-column is-layout-flow wp-block-column-is-layout-flow\" style=\"flex-basis:5%\"><\/div>\n<\/div>\n\n\n\n<div class=\"wp-block-columns alignfull is-layout-flex wp-container-28 wp-block-columns-is-layout-flex\">\n<div class=\"wp-block-column is-vertically-aligned-center is-layout-flow wp-block-column-is-layout-flow\">\n<h3 class=\"wp-block-heading\">RICHE MENU V\u00c9G\u00c9TARIEN, V\u00c9G\u00c9TALIEN ET SANS GLUTEN! <\/h3>\n\n\n\n<p class=\"has-medium-font-size\">S\u2019il vous pla\u00eet nous fournir seulement avec toutes les demandes sp\u00e9ciales pour la nourriture lors de la r\u00e9servation de l\u2019arrangement, afin que nous puissions tout pr\u00e9parer en temps opportun.<\/p>\n<\/div>\n\n\n\n<div class=\"wp-block-column is-layout-flow wp-block-column-is-layout-flow\">\n<figure class=\"wp-block-image size-full has-custom-border is-style-default\"><img decoding=\"async\" loading=\"lazy\" width=\"1920\" height=\"1278\" src=\"https:\/\/monteriver.com\/wp-content\/uploads\/2023\/03\/rucak-modra-rijeka.webp\" alt=\"D\u00e9jeuner copieux dans le camp de rafting Modra Rijeka restaurant\" class=\"wp-image-717\" style=\"border-radius:8px\" srcset=\"https:\/\/monteriver.com\/wp-content\/uploads\/2023\/03\/rucak-modra-rijeka.webp 1920w, https:\/\/monteriver.com\/wp-content\/uploads\/2023\/03\/rucak-modra-rijeka-300x200.webp 300w, https:\/\/monteriver.com\/wp-content\/uploads\/2023\/03\/rucak-modra-rijeka-1024x682.webp 1024w, https:\/\/monteriver.com\/wp-content\/uploads\/2023\/03\/rucak-modra-rijeka-768x511.webp 768w, https:\/\/monteriver.com\/wp-content\/uploads\/2023\/03\/rucak-modra-rijeka-1536x1022.webp 1536w\" sizes=\"(max-width: 1920px) 100vw, 1920px\" \/><\/figure>\n<\/div>\n<\/div>\n\n\n\n<div class=\"wp-block-columns alignfull is-layout-flex wp-container-31 wp-block-columns-is-layout-flex\">\n<div class=\"wp-block-column is-vertically-aligned-center is-layout-flow wp-block-column-is-layout-flow\">\n<figure class=\"wp-block-image size-full has-custom-border\"><img decoding=\"async\" loading=\"lazy\" width=\"1920\" height=\"1278\" src=\"https:\/\/monteriver.com\/wp-content\/uploads\/2023\/03\/hrana-modra-rijeka.webp\" alt=\"D\u00e9jeuner de viande dans le restaurant du camp de rafting Modra Rijeka\" class=\"wp-image-716\" style=\"border-radius:8px\" srcset=\"https:\/\/monteriver.com\/wp-content\/uploads\/2023\/03\/hrana-modra-rijeka.webp 1920w, https:\/\/monteriver.com\/wp-content\/uploads\/2023\/03\/hrana-modra-rijeka-300x200.webp 300w, https:\/\/monteriver.com\/wp-content\/uploads\/2023\/03\/hrana-modra-rijeka-1024x682.webp 1024w, https:\/\/monteriver.com\/wp-content\/uploads\/2023\/03\/hrana-modra-rijeka-768x511.webp 768w, https:\/\/monteriver.com\/wp-content\/uploads\/2023\/03\/hrana-modra-rijeka-1536x1022.webp 1536w\" sizes=\"(max-width: 1920px) 100vw, 1920px\" \/><\/figure>\n<\/div>\n\n\n\n<div class=\"wp-block-column is-vertically-aligned-center is-layout-flow wp-block-column-is-layout-flow\">\n<p class=\"has-medium-font-size\">Dans notre restaurant, vous trouverez toutes sortes de boissons alcoolis\u00e9es et non alcoolis\u00e9es: jus gazeux et non gazeux, bi\u00e8res, vins, eaux-de-vie mont\u00e9n\u00e9grines de tous go\u00fbts, etc. <\/p>\n\n\n\n<p class=\"has-medium-font-size\">En outre, seulement dans le camp de rafting Modra Rijeka, vous pouvez d\u00e9guster des eaux-de-vie Premier \u00e0 base de fruits de premi\u00e8re classe, qui sont d\u00e9tenteurs de m\u00e9dailles d\u2019or dans de nombreuses expositions universelles (coing, abricot, williams, prune, vigne).<\/p>\n<\/div>\n<\/div>\n","protected":false},"excerpt":{"rendered":"<p>Camp de rafting Modra Rijeka est le gagnant de la Grande M\u00e9daille d\u2019Or \u00e0 la Foire du Tourisme de Novi Sad pour la qualit\u00e9 sup\u00e9rieure des restaurants de la cuisine et de la nourriture locale. Restaurant Rafting CampA Modra Rijeka dispose de 150 places dispos\u00e9es dans la partie int\u00e9rieure, terrasses couvertes et d\u00e9couvertes. Une atmosph\u00e8re &hellip;<\/p>\n<p class=\"read-more\"> <a class=\"\" href=\"https:\/\/monteriver.com\/fr\/restaurant\/\"> <span class=\"screen-reader-text\">Restaurant<\/span> Lire la suite\u00a0\u00bb<\/a><\/p>\n","protected":false},"author":1,"featured_media":0,"parent":0,"menu_order":0,"comment_status":"closed","ping_status":"closed","template":"","meta":{"_uag_custom_page_level_css":"","ub_ctt_via":"","site-sidebar-layout":"default","site-content-layout":"default","ast-global-header-display":"","ast-main-header-display":"","ast-hfb-above-header-display":"","ast-hfb-below-header-display":"","ast-hfb-mobile-header-display":"","site-post-title":"disabled","ast-breadcrumbs-content":"","ast-featured-img":"","footer-sml-layout":"","theme-transparent-header-meta":"","adv-header-id-meta":"","stick-header-meta":"","header-above-stick-meta":"","header-main-stick-meta":"","header-below-stick-meta":"","footnotes":""},"featured_image_src":null,"uagb_featured_image_src":{"full":false,"thumbnail":false,"medium":false,"medium_large":false,"large":false,"1536x1536":false,"2048x2048":false},"uagb_author_info":{"display_name":"Visitors","author_link":"https:\/\/monteriver.com\/fr\/author\/modrarijeka2023_vq6wkb\/"},"uagb_comment_info":0,"uagb_excerpt":"Camp de rafting Modra Rijeka est le gagnant de la Grande M\u00e9daille d\u2019Or \u00e0 la Foire du Tourisme de Novi Sad pour la qualit\u00e9 sup\u00e9rieure des restaurants de la cuisine et de la nourriture locale. Restaurant Rafting CampA Modra Rijeka dispose de 150 places dispos\u00e9es dans la partie int\u00e9rieure, terrasses couvertes et d\u00e9couvertes. Une atmosph\u00e8re\u2026","_links":{"self":[{"href":"https:\/\/monteriver.com\/fr\/wp-json\/wp\/v2\/pages\/2106"}],"collection":[{"href":"https:\/\/monteriver.com\/fr\/wp-json\/wp\/v2\/pages"}],"about":[{"href":"https:\/\/monteriver.com\/fr\/wp-json\/wp\/v2\/types\/page"}],"author":[{"embeddable":true,"href":"https:\/\/monteriver.com\/fr\/wp-json\/wp\/v2\/users\/1"}],"replies":[{"embeddable":true,"href":"https:\/\/monteriver.com\/fr\/wp-json\/wp\/v2\/comments?post=2106"}],"version-history":[{"count":6,"href":"https:\/\/monteriver.com\/fr\/wp-json\/wp\/v2\/pages\/2106\/revisions"}],"predecessor-version":[{"id":3254,"href":"https:\/\/monteriver.com\/fr\/wp-json\/wp\/v2\/pages\/2106\/revisions\/3254"}],"wp:attachment":[{"href":"https:\/\/monteriver.com\/fr\/wp-json\/wp\/v2\/media?parent=2106"}],"curies":[{"name":"wp","href":"https:\/\/api.w.org\/{rel}","templated":true}]}}