{"id":2039,"date":"2023-03-17T11:24:01","date_gmt":"2023-03-17T11:24:01","guid":{"rendered":"https:\/\/monteriver.com\/scepan-polje-et-soko-grad\/"},"modified":"2023-04-15T12:24:07","modified_gmt":"2023-04-15T12:24:07","slug":"scepan-polje-et-soko-grad","status":"publish","type":"page","link":"https:\/\/monteriver.com\/fr\/scepan-polje-et-soko-grad\/","title":{"rendered":"Scepan Polje et Soko grad"},"content":{"rendered":"\n<div class=\"wp-block-cover alignfull\" style=\"min-height:500px\"><span aria-hidden=\"true\" class=\"wp-block-cover__background has-background-dim-20 has-background-dim\"><\/span><img decoding=\"async\" loading=\"lazy\" width=\"1200\" height=\"500\" class=\"wp-block-cover__image-background wp-image-501\" alt=\"\u0160\u0107epan Polje i Soko grad u Pivi\" src=\"https:\/\/monteriver.com\/wp-content\/uploads\/2023\/03\/scepan-polje-soko-grad-piva.webp\" data-object-fit=\"cover\" srcset=\"https:\/\/monteriver.com\/wp-content\/uploads\/2023\/03\/scepan-polje-soko-grad-piva.webp 1200w, https:\/\/monteriver.com\/wp-content\/uploads\/2023\/03\/scepan-polje-soko-grad-piva-300x125.webp 300w, https:\/\/monteriver.com\/wp-content\/uploads\/2023\/03\/scepan-polje-soko-grad-piva-1024x427.webp 1024w, https:\/\/monteriver.com\/wp-content\/uploads\/2023\/03\/scepan-polje-soko-grad-piva-768x320.webp 768w\" sizes=\"(max-width: 1200px) 100vw, 1200px\" \/><div class=\"wp-block-cover__inner-container is-layout-flow wp-block-cover-is-layout-flow\">\n<h1 class=\"wp-block-heading has-text-align-center\" style=\"font-size:70px\">Scepan Polje et Soko grad<\/h1>\n<\/div><\/div>\n\n\n\n<div class=\"wp-block-columns alignfull are-vertically-aligned-top has-ast-global-color-5-background-color has-background is-layout-flex wp-container-5 wp-block-columns-is-layout-flex\">\n<div class=\"wp-block-column is-vertically-aligned-top is-layout-flow wp-block-column-is-layout-flow\" style=\"flex-basis:20%\"><\/div>\n\n\n\n<div class=\"wp-block-column is-vertically-aligned-top is-layout-flow wp-block-column-is-layout-flow\">\n<p class=\"has-medium-font-size\">Scepan Polje, le centre du tourisme d\u2019aventure et de rafting au Mont\u00e9n\u00e9gro, est une petite ville pr\u00e8s du passage frontalier entre le <a href=\"https:\/\/monteriver.com\/fr\/\" data-type=\"URL\" data-id=\"https:\/\/monteriver.com\/fr\/\">Mont\u00e9n\u00e9gro<\/a> et la Bosnie-Herz\u00e9govine (situ\u00e9 sur la route principale Podgorica \u2013 Sarajevo). Rafting Camp Modra Rijeka est situ\u00e9 dans la plus belle partie de \u0160\u0107epan Polje, sur la rive du fleuve, \u00e0 seulement 300m du centre de Scepan Polje.<\/p>\n\n\n\n<p class=\"has-medium-font-size\"><a href=\"https:\/\/monteriver.com\/fr\/rafting-camp-modra-rijeka\/\" data-type=\"page\" data-id=\"438\">Rafting Camp Modra Rijeka<\/a> est au coeur de \u0160\u0107epan Polje, mais suffisamment abrit\u00e9 du centre (moins d\u2019une minute en voiture en voiture) et votre plaisir et d\u00e9tente dans la belle nature intacte dans notre camp de rafting est garanti.<\/p>\n\n\n\n<p class=\"has-medium-font-size\">Au-dessus de \u0160\u0107epan Polje et depuis la terrasse de notre <a href=\"https:\/\/monteriver.com\/restoran\/\" data-type=\"page\" data-id=\"566\">restaurant Modra Rijeka<\/a>, il y a une vue sur le Soko Grad m\u00e9di\u00e9val, construit par Herceg \u0160\u0107epan Vuk\u010di\u0107 Kosa\u010da, qui a donn\u00e9 son nom \u00e0 \u0160\u0107epan Polje. De l\u2019autre c\u00f4t\u00e9 du restaurant, il y a une vue sur la couleur bleue irr\u00e9aliste <a href=\"https:\/\/monteriver.com\/fr\/riviere-piva\/\" data-type=\"URL\" data-id=\"https:\/\/monteriver.com\/fr\/riviere-piva\/\">de la rivi\u00e8re Piva<\/a> et le magnifique canyon&#8230;<\/p>\n<\/div>\n\n\n\n<div class=\"wp-block-column is-vertically-aligned-top is-layout-flow wp-block-column-is-layout-flow\" style=\"flex-basis:20%\"><\/div>\n<\/div>\n\n\n\n<div class=\"wp-block-columns is-layout-flex wp-container-7 wp-block-columns-is-layout-flex\">\n<div class=\"wp-block-column is-layout-flow wp-block-column-is-layout-flow\"><div class=\"ub-buttons align-button-center\"  id=\"ub-button-a578eb1d-c854-4d10-b477-588781d5d106\"><div class=\"ub-button-container\">\n    <a href=\"https:\/\/monteriver.com\/fr\/galerie\/\" target=\"_self\"\n    rel=\"noopener noreferrer\"\n    class=\"ub-button-block-main ub-button-medium ub-button-flex-medium\" role=\"button\">\n    <div class=\"ub-button-content-holder\"><span class=\"ub-button-icon-holder\"><svg xmlns=\"http:\/\/www.w3.org\/2000\/svg\"height=\"30\", width=\"30\"viewBox=\"0, 0, 256, 512\"><path fill=\"currentColor\" d=\"M246.6 233.4c12.5 12.5 12.5 32.8 0 45.3l-160 160c-12.5 12.5-32.8 12.5-45.3 0s-12.5-32.8 0-45.3L178.7 256 41.4 118.6c-12.5-12.5-12.5-32.8 0-45.3s32.8-12.5 45.3 0l160 160z\"><\/svg><\/span><span class=\"ub-button-block-btn\"><strong>PHOTOS RAFTING TARA<\/strong><\/span>\n    <\/div><\/a><\/div><\/div><\/div>\n<\/div>\n","protected":false},"excerpt":{"rendered":"<p>Scepan Polje, le centre du tourisme d\u2019aventure et de rafting au Mont\u00e9n\u00e9gro, est une petite ville pr\u00e8s du passage frontalier entre le Mont\u00e9n\u00e9gro et la Bosnie-Herz\u00e9govine (situ\u00e9 sur la route principale Podgorica \u2013 Sarajevo). Rafting Camp Modra Rijeka est situ\u00e9 dans la plus belle partie de \u0160\u0107epan Polje, sur la rive du fleuve, \u00e0 seulement &hellip;<\/p>\n<p class=\"read-more\"> <a class=\"\" href=\"https:\/\/monteriver.com\/fr\/scepan-polje-et-soko-grad\/\"> <span class=\"screen-reader-text\">Scepan Polje et Soko grad<\/span> Lire la suite\u00a0\u00bb<\/a><\/p>\n","protected":false},"author":1,"featured_media":0,"parent":0,"menu_order":0,"comment_status":"closed","ping_status":"closed","template":"","meta":{"_uag_custom_page_level_css":"","ub_ctt_via":"","site-sidebar-layout":"default","site-content-layout":"default","ast-global-header-display":"","ast-main-header-display":"","ast-hfb-above-header-display":"","ast-hfb-below-header-display":"","ast-hfb-mobile-header-display":"","site-post-title":"disabled","ast-breadcrumbs-content":"","ast-featured-img":"","footer-sml-layout":"","theme-transparent-header-meta":"","adv-header-id-meta":"","stick-header-meta":"","header-above-stick-meta":"","header-main-stick-meta":"","header-below-stick-meta":"","footnotes":""},"featured_image_src":null,"uagb_featured_image_src":{"full":false,"thumbnail":false,"medium":false,"medium_large":false,"large":false,"1536x1536":false,"2048x2048":false},"uagb_author_info":{"display_name":"Visitors","author_link":"https:\/\/monteriver.com\/fr\/author\/modrarijeka2023_vq6wkb\/"},"uagb_comment_info":0,"uagb_excerpt":"Scepan Polje, le centre du tourisme d\u2019aventure et de rafting au Mont\u00e9n\u00e9gro, est une petite ville pr\u00e8s du passage frontalier entre le Mont\u00e9n\u00e9gro et la Bosnie-Herz\u00e9govine (situ\u00e9 sur la route principale Podgorica \u2013 Sarajevo). Rafting Camp Modra Rijeka est situ\u00e9 dans la plus belle partie de \u0160\u0107epan Polje, sur la rive du fleuve, \u00e0 seulement\u2026","_links":{"self":[{"href":"https:\/\/monteriver.com\/fr\/wp-json\/wp\/v2\/pages\/2039"}],"collection":[{"href":"https:\/\/monteriver.com\/fr\/wp-json\/wp\/v2\/pages"}],"about":[{"href":"https:\/\/monteriver.com\/fr\/wp-json\/wp\/v2\/types\/page"}],"author":[{"embeddable":true,"href":"https:\/\/monteriver.com\/fr\/wp-json\/wp\/v2\/users\/1"}],"replies":[{"embeddable":true,"href":"https:\/\/monteriver.com\/fr\/wp-json\/wp\/v2\/comments?post=2039"}],"version-history":[{"count":4,"href":"https:\/\/monteriver.com\/fr\/wp-json\/wp\/v2\/pages\/2039\/revisions"}],"predecessor-version":[{"id":2053,"href":"https:\/\/monteriver.com\/fr\/wp-json\/wp\/v2\/pages\/2039\/revisions\/2053"}],"wp:attachment":[{"href":"https:\/\/monteriver.com\/fr\/wp-json\/wp\/v2\/media?parent=2039"}],"curies":[{"name":"wp","href":"https:\/\/api.w.org\/{rel}","templated":true}]}}