{"id":2035,"date":"2023-03-16T21:41:33","date_gmt":"2023-03-16T21:41:33","guid":{"rendered":"https:\/\/monteriver.com\/riviere-beer\/"},"modified":"2023-04-15T16:24:46","modified_gmt":"2023-04-15T16:24:46","slug":"riviere-piva","status":"publish","type":"page","link":"https:\/\/monteriver.com\/fr\/riviere-piva\/","title":{"rendered":"Rivi\u00e8re Piva"},"content":{"rendered":"\n<div class=\"wp-block-cover alignfull\" style=\"min-height:500px\"><span aria-hidden=\"true\" class=\"wp-block-cover__background has-background-dim-20 has-background-dim\"><\/span><img decoding=\"async\" loading=\"lazy\" width=\"1200\" height=\"500\" class=\"wp-block-cover__image-background wp-image-482\" alt=\"Drveni most na rijeci Piva kod Pluzina\" src=\"https:\/\/monteriver.com\/wp-content\/uploads\/2023\/03\/rijeka-piva-pluzine.webp\" data-object-fit=\"cover\" srcset=\"https:\/\/monteriver.com\/wp-content\/uploads\/2023\/03\/rijeka-piva-pluzine.webp 1200w, https:\/\/monteriver.com\/wp-content\/uploads\/2023\/03\/rijeka-piva-pluzine-300x125.webp 300w, https:\/\/monteriver.com\/wp-content\/uploads\/2023\/03\/rijeka-piva-pluzine-1024x427.webp 1024w, https:\/\/monteriver.com\/wp-content\/uploads\/2023\/03\/rijeka-piva-pluzine-768x320.webp 768w\" sizes=\"(max-width: 1200px) 100vw, 1200px\" \/><div class=\"wp-block-cover__inner-container is-layout-flow wp-block-cover-is-layout-flow\">\n<h1 class=\"wp-block-heading has-text-align-center\" style=\"font-size:70px\">Rivi\u00e8re Piva<\/h1>\n<\/div><\/div>\n\n\n\n<div class=\"wp-block-columns alignfull are-vertically-aligned-top has-ast-global-color-5-background-color has-background is-layout-flex wp-container-5 wp-block-columns-is-layout-flex\">\n<div class=\"wp-block-column is-vertically-aligned-top is-layout-flow wp-block-column-is-layout-flow\" style=\"flex-basis:20%\"><\/div>\n\n\n\n<div class=\"wp-block-column is-vertically-aligned-top is-layout-flow wp-block-column-is-layout-flow\">\n<p class=\"has-text-align-left has-medium-font-size\"><strong>Le canyon de la rivi\u00e8re Piva<\/strong>, qui le long de la rivi\u00e8re <a href=\"https:\/\/monteriver.com\/fr\/canyon-et-riviere-tara\/\" data-type=\"page\" data-id=\"459\">Tara<\/a> repr\u00e9sente l\u2019une des plus belles, sinon la plus belle rivi\u00e8re du Mont\u00e9n\u00e9gro, est moyenn\u00e9 \u00e0 travers les montagnes Magli\u0107, Volujak, Pivska planina. Le canyon mesure environ 33 km de long et environ 1200m de profondeur.<\/p>\n<\/div>\n\n\n\n<div class=\"wp-block-column is-vertically-aligned-top is-layout-flow wp-block-column-is-layout-flow\" style=\"flex-basis:20%\"><\/div>\n<\/div>\n\n\n\n<div class=\"wp-block-columns alignfull is-layout-flex wp-container-10 wp-block-columns-is-layout-flex\">\n<div class=\"wp-block-column is-layout-flow wp-block-column-is-layout-flow\" style=\"flex-basis:5%\"><\/div>\n\n\n\n<div class=\"wp-block-column is-vertically-aligned-center is-layout-flow wp-block-column-is-layout-flow\">\n<p class=\"has-medium-font-size\">La centrale hydro\u00e9lectrique de Piva a divis\u00e9 le canyon de Piva en 1975. Le barrage de Mratinje mesure 220 m de haut et est l\u2019un des plus grands barrages d\u2019Europe. Le barrage de Mratinje est extr\u00eamement int\u00e9ressant pour nos clients et \u00e0 l\u2019arriv\u00e9e au camp, tout le monde en profite pour prendre de belles photos de cet imposant b\u00e2timent.<\/p>\n<\/div>\n\n\n\n<div class=\"wp-block-column is-layout-flow wp-block-column-is-layout-flow\">\n<figure class=\"wp-block-image size-full has-custom-border\"><img decoding=\"async\" loading=\"lazy\" width=\"900\" height=\"600\" src=\"https:\/\/monteriver.com\/wp-content\/uploads\/2023\/03\/rijeka-piva-crna-gora.webp\" alt=\"Rivi\u00e8re Piva Mont\u00e9n\u00e9gro\" class=\"wp-image-638\" style=\"border-radius:8px\" srcset=\"https:\/\/monteriver.com\/wp-content\/uploads\/2023\/03\/rijeka-piva-crna-gora.webp 900w, https:\/\/monteriver.com\/wp-content\/uploads\/2023\/03\/rijeka-piva-crna-gora-300x200.webp 300w, https:\/\/monteriver.com\/wp-content\/uploads\/2023\/03\/rijeka-piva-crna-gora-768x512.webp 768w\" sizes=\"(max-width: 900px) 100vw, 900px\" \/><\/figure>\n<\/div>\n\n\n\n<div class=\"wp-block-column is-layout-flow wp-block-column-is-layout-flow\" style=\"flex-basis:5%\"><\/div>\n<\/div>\n\n\n\n<div class=\"wp-block-columns alignfull has-ast-global-color-0-background-color has-background is-layout-flex wp-container-15 wp-block-columns-is-layout-flex\">\n<div class=\"wp-block-column is-layout-flow wp-block-column-is-layout-flow\" style=\"flex-basis:5%\"><\/div>\n\n\n\n<div class=\"wp-block-column is-layout-flow wp-block-column-is-layout-flow\">\n<figure class=\"wp-block-image size-full has-custom-border\"><img decoding=\"async\" loading=\"lazy\" width=\"1200\" height=\"800\" src=\"https:\/\/monteriver.com\/wp-content\/uploads\/2023\/03\/pivsko-jezero.webp\" alt=\"Lac de la bi\u00e8re dans le parc naturel de Piva\" class=\"wp-image-476\" style=\"border-radius:8px\" srcset=\"https:\/\/monteriver.com\/wp-content\/uploads\/2023\/03\/pivsko-jezero.webp 1200w, https:\/\/monteriver.com\/wp-content\/uploads\/2023\/03\/pivsko-jezero-300x200.webp 300w, https:\/\/monteriver.com\/wp-content\/uploads\/2023\/03\/pivsko-jezero-1024x683.webp 1024w, https:\/\/monteriver.com\/wp-content\/uploads\/2023\/03\/pivsko-jezero-768x512.webp 768w\" sizes=\"(max-width: 1200px) 100vw, 1200px\" \/><\/figure>\n<\/div>\n\n\n\n<div class=\"wp-block-column is-vertically-aligned-center is-layout-flow wp-block-column-is-layout-flow\">\n<p class=\"has-ast-global-color-5-color has-text-color has-medium-font-size\">Le barrage a \u00e9galement cr\u00e9\u00e9 un magnifique lac de conte de f\u00e9es Piva, qui \u00e0 certains endroits a m\u00eame jusqu\u2019\u00e0 200 m de profondeur.<br><a href=\"https:\/\/monteriver.com\/fr\/rafting-camp-modra-rijeka\/\" data-type=\"page\" data-id=\"438\">Rafting Camp Modra Rijeka<\/a> a \u00e9t\u00e9 nomm\u00e9 d\u2019apr\u00e8s la belle couleur bleue de la rivi\u00e8re piva, sur la rive de laquelle il est situ\u00e9. Dans les environs imm\u00e9diats du camp de rafting, il y a les compositions de Piva, Tara et Drina, comme un endroit unique au monde o\u00f9 trois belles rivi\u00e8res se fondent en un seul point.<\/p>\n<\/div>\n\n\n\n<div class=\"wp-block-column is-layout-flow wp-block-column-is-layout-flow\" style=\"flex-basis:5%\"><\/div>\n<\/div>\n\n\n\n<div class=\"wp-block-columns alignfull is-layout-flex wp-container-20 wp-block-columns-is-layout-flex\">\n<div class=\"wp-block-column is-layout-flow wp-block-column-is-layout-flow\" style=\"flex-basis:5%\"><\/div>\n\n\n\n<div class=\"wp-block-column is-vertically-aligned-center is-layout-flow wp-block-column-is-layout-flow\">\n<p class=\"has-medium-font-size\">Dans les environs du camp de rafting, il y a un beau pont m\u00e9tallique sur la rivi\u00e8re Piva, qui est visit\u00e9 par un grand nombre de touristes chaque ann\u00e9e, profitant du beau paysage de seigle et probablement l\u2019endroit le plus photographi\u00e9 de la r\u00e9gion qui reste enregistr\u00e9 dans les photos de tous les visiteurs.<\/p>\n<\/div>\n\n\n\n<div class=\"wp-block-column is-layout-flow wp-block-column-is-layout-flow\">\n<figure class=\"wp-block-image size-full has-custom-border\"><img decoding=\"async\" loading=\"lazy\" width=\"1200\" height=\"800\" src=\"https:\/\/monteriver.com\/wp-content\/uploads\/2023\/03\/most-rijeka-piva.webp\" alt=\"Pont en bois sur la rivi\u00e8re Piva\" class=\"wp-image-477\" style=\"border-radius:8px\" srcset=\"https:\/\/monteriver.com\/wp-content\/uploads\/2023\/03\/most-rijeka-piva.webp 1200w, https:\/\/monteriver.com\/wp-content\/uploads\/2023\/03\/most-rijeka-piva-300x200.webp 300w, https:\/\/monteriver.com\/wp-content\/uploads\/2023\/03\/most-rijeka-piva-1024x683.webp 1024w, https:\/\/monteriver.com\/wp-content\/uploads\/2023\/03\/most-rijeka-piva-768x512.webp 768w\" sizes=\"(max-width: 1200px) 100vw, 1200px\" \/><\/figure>\n<\/div>\n\n\n\n<div class=\"wp-block-column is-layout-flow wp-block-column-is-layout-flow\" style=\"flex-basis:5%\"><\/div>\n<\/div>\n\n\n\n<div class=\"wp-block-columns is-layout-flex wp-container-22 wp-block-columns-is-layout-flex\">\n<div class=\"wp-block-column is-layout-flow wp-block-column-is-layout-flow\"><div class=\"ub-buttons align-button-center\"  id=\"ub-button-e4a398c7-acca-4e6c-831b-e483d066b4bf\"><div class=\"ub-button-container\">\n    <a href=\"https:\/\/monteriver.com\/fr\/galerie\/\" target=\"_self\"\n    rel=\"noopener noreferrer\"\n    class=\"ub-button-block-main ub-button-medium ub-button-flex-medium\" role=\"button\">\n    <div class=\"ub-button-content-holder\"><span class=\"ub-button-icon-holder\"><svg xmlns=\"http:\/\/www.w3.org\/2000\/svg\"height=\"30\", width=\"30\"viewBox=\"0, 0, 256, 512\"><path fill=\"currentColor\" d=\"M246.6 233.4c12.5 12.5 12.5 32.8 0 45.3l-160 160c-12.5 12.5-32.8 12.5-45.3 0s-12.5-32.8 0-45.3L178.7 256 41.4 118.6c-12.5-12.5-12.5-32.8 0-45.3s32.8-12.5 45.3 0l160 160z\"><\/svg><\/span><span class=\"ub-button-block-btn\"><strong>PHOTOS RAFTING TARA<\/strong><\/span>\n    <\/div><\/a><\/div><\/div><\/div>\n<\/div>\n","protected":false},"excerpt":{"rendered":"<p>Le canyon de la rivi\u00e8re Piva, qui le long de la rivi\u00e8re Tara repr\u00e9sente l\u2019une des plus belles, sinon la plus belle rivi\u00e8re du Mont\u00e9n\u00e9gro, est moyenn\u00e9 \u00e0 travers les montagnes Magli\u0107, Volujak, Pivska planina. Le canyon mesure environ 33 km de long et environ 1200m de profondeur. La centrale hydro\u00e9lectrique de Piva a divis\u00e9 &hellip;<\/p>\n<p class=\"read-more\"> <a class=\"\" href=\"https:\/\/monteriver.com\/fr\/riviere-piva\/\"> <span class=\"screen-reader-text\">Rivi\u00e8re Piva<\/span> Lire la suite\u00a0\u00bb<\/a><\/p>\n","protected":false},"author":1,"featured_media":0,"parent":0,"menu_order":0,"comment_status":"closed","ping_status":"closed","template":"","meta":{"_uag_custom_page_level_css":"","ub_ctt_via":"","site-sidebar-layout":"default","site-content-layout":"default","ast-global-header-display":"","ast-main-header-display":"","ast-hfb-above-header-display":"","ast-hfb-below-header-display":"","ast-hfb-mobile-header-display":"","site-post-title":"disabled","ast-breadcrumbs-content":"","ast-featured-img":"","footer-sml-layout":"","theme-transparent-header-meta":"","adv-header-id-meta":"","stick-header-meta":"","header-above-stick-meta":"","header-main-stick-meta":"","header-below-stick-meta":"","footnotes":""},"featured_image_src":null,"uagb_featured_image_src":{"full":false,"thumbnail":false,"medium":false,"medium_large":false,"large":false,"1536x1536":false,"2048x2048":false},"uagb_author_info":{"display_name":"Visitors","author_link":"https:\/\/monteriver.com\/fr\/author\/modrarijeka2023_vq6wkb\/"},"uagb_comment_info":0,"uagb_excerpt":"Le canyon de la rivi\u00e8re Piva, qui le long de la rivi\u00e8re Tara repr\u00e9sente l\u2019une des plus belles, sinon la plus belle rivi\u00e8re du Mont\u00e9n\u00e9gro, est moyenn\u00e9 \u00e0 travers les montagnes Magli\u0107, Volujak, Pivska planina. Le canyon mesure environ 33 km de long et environ 1200m de profondeur. La centrale hydro\u00e9lectrique de Piva a divis\u00e9\u2026","_links":{"self":[{"href":"https:\/\/monteriver.com\/fr\/wp-json\/wp\/v2\/pages\/2035"}],"collection":[{"href":"https:\/\/monteriver.com\/fr\/wp-json\/wp\/v2\/pages"}],"about":[{"href":"https:\/\/monteriver.com\/fr\/wp-json\/wp\/v2\/types\/page"}],"author":[{"embeddable":true,"href":"https:\/\/monteriver.com\/fr\/wp-json\/wp\/v2\/users\/1"}],"replies":[{"embeddable":true,"href":"https:\/\/monteriver.com\/fr\/wp-json\/wp\/v2\/comments?post=2035"}],"version-history":[{"count":5,"href":"https:\/\/monteriver.com\/fr\/wp-json\/wp\/v2\/pages\/2035\/revisions"}],"predecessor-version":[{"id":2139,"href":"https:\/\/monteriver.com\/fr\/wp-json\/wp\/v2\/pages\/2035\/revisions\/2139"}],"wp:attachment":[{"href":"https:\/\/monteriver.com\/fr\/wp-json\/wp\/v2\/media?parent=2035"}],"curies":[{"name":"wp","href":"https:\/\/api.w.org\/{rel}","templated":true}]}}