{"id":2031,"date":"2023-03-15T20:44:41","date_gmt":"2023-03-15T20:44:41","guid":{"rendered":"https:\/\/monteriver.com\/canyon-et-riviere-tara\/"},"modified":"2025-01-24T21:19:22","modified_gmt":"2025-01-24T21:19:22","slug":"canyon-et-riviere-tara","status":"publish","type":"page","link":"https:\/\/monteriver.com\/fr\/canyon-et-riviere-tara\/","title":{"rendered":"Canyon et rivi\u00e8re Tara"},"content":{"rendered":"\n<div class=\"wp-block-cover alignfull\" style=\"min-height:500px\"><span aria-hidden=\"true\" class=\"wp-block-cover__background has-background-dim-20 has-background-dim\"><\/span><img decoding=\"async\" loading=\"lazy\" width=\"1200\" height=\"500\" class=\"wp-block-cover__image-background wp-image-464\" alt=\"Rijeka Tara i njen veli\u010danstveni kanjon\" src=\"https:\/\/monteriver.com\/wp-content\/uploads\/2023\/03\/kanjon-rijeka-tara.jpg\" data-object-fit=\"cover\" srcset=\"https:\/\/monteriver.com\/wp-content\/uploads\/2023\/03\/kanjon-rijeka-tara.jpg 1200w, https:\/\/monteriver.com\/wp-content\/uploads\/2023\/03\/kanjon-rijeka-tara-300x125.jpg 300w, https:\/\/monteriver.com\/wp-content\/uploads\/2023\/03\/kanjon-rijeka-tara-1024x427.jpg 1024w, https:\/\/monteriver.com\/wp-content\/uploads\/2023\/03\/kanjon-rijeka-tara-768x320.jpg 768w\" sizes=\"(max-width: 1200px) 100vw, 1200px\" \/><div class=\"wp-block-cover__inner-container is-layout-flow wp-block-cover-is-layout-flow\">\n<h1 class=\"wp-block-heading has-text-align-center\" style=\"font-size:70px\">Canyon et rivi\u00e8re Tara<\/h1>\n<\/div><\/div>\n\n\n\n<div class=\"wp-block-columns alignfull are-vertically-aligned-top has-ast-global-color-5-background-color has-background is-layout-flex wp-container-5 wp-block-columns-is-layout-flex\">\n<div class=\"wp-block-column is-vertically-aligned-top is-layout-flow wp-block-column-is-layout-flow\" style=\"flex-basis:20%\"><\/div>\n\n\n\n<div class=\"wp-block-column is-vertically-aligned-top is-layout-flow wp-block-column-is-layout-flow\">\n<p class=\"has-text-align-left has-medium-font-size\"><strong>Tara<\/strong> est le <strong>fleuve<\/strong> le plus long, <strong>le plus beau<\/strong> et le plus clair du Mont\u00e9n\u00e9gro, qui prend sa source dans une cha\u00eene de montagnes situ\u00e9e au nord du <strong>Mont\u00e9n\u00e9gro<\/strong> et coule sur 144 km jusqu\u2019\u00e0 ce qu\u2019il rencontre la <a href=\"https:\/\/monteriver.com\/rijeka-piva\/\" data-type=\"page\" data-id=\"472\">rivi\u00e8re Piva<\/a> sur <a href=\"https:\/\/monteriver.com\/scepan-polje-i-soko-grad\/\" data-type=\"page\" data-id=\"499\">\u0160\u0107epan Polje<\/a>, apr\u00e8s quoi la Drina, l\u2019un des plus longs et des <strong>plus<\/strong> grands fleuves des Balkans, se forme.<strong><\/strong> <\/p>\n\n\n\n<p class=\"has-text-align-left has-medium-font-size\">Tara a coup\u00e9 la gorge du canyon d\u2019environ 80 km de long, et avec sa plus grande profondeur de 1300m, elle fait le plus profond d\u2019Europe, et le deuxi\u00e8me canyon le plus profond du monde, juste apr\u00e8s le Colorado.<\/p>\n<\/div>\n\n\n\n<div class=\"wp-block-column is-vertically-aligned-top is-layout-flow wp-block-column-is-layout-flow\" style=\"flex-basis:20%\"><\/div>\n<\/div>\n\n\n\n<div class=\"wp-block-columns alignfull is-layout-flex wp-container-10 wp-block-columns-is-layout-flex\">\n<div class=\"wp-block-column is-layout-flow wp-block-column-is-layout-flow\" style=\"flex-basis:5%\"><\/div>\n\n\n\n<div class=\"wp-block-column is-layout-flow wp-block-column-is-layout-flow\">\n<p class=\"has-medium-font-size\"><strong>De mai \u00e0 octobre<\/strong>, <strong>la rivi\u00e8re Tara<\/strong> <strong>est<\/strong> le centre du <a href=\"https:\/\/monteriver.com\/fr\/\"><strong>rafting<\/strong> <strong>d\u2019aventure<\/strong> au Mont\u00e9n\u00e9gro<\/a>, des sections mod\u00e9r\u00e9es \u00e0 sauvages. Les amateurs de sports extr\u00eames et tous ceux qui recherchent l\u2019adr\u00e9naline, appr\u00e9cient le rafting dont le degr\u00e9 de difficult\u00e9 sur l\u2019\u00e9chelle va du troisi\u00e8me au cinqui\u00e8me degr\u00e9, ce qui en fait l\u2019un des raftings les plus intenses et les plus exigeants d\u2019Europe. <\/p>\n<\/div>\n\n\n\n<div class=\"wp-block-column is-layout-flow wp-block-column-is-layout-flow\">\n<figure class=\"wp-block-image size-full has-custom-border\"><img decoding=\"async\" loading=\"lazy\" width=\"900\" height=\"600\" src=\"https:\/\/monteriver.com\/wp-content\/uploads\/2023\/03\/rafting-rijeka-tara-1.jpg\" alt=\"Rafting sur la rivi\u00e8re Tara au Mont\u00e9n\u00e9gro\" class=\"wp-image-460\" style=\"border-radius:8px\" srcset=\"https:\/\/monteriver.com\/wp-content\/uploads\/2023\/03\/rafting-rijeka-tara-1.jpg 900w, https:\/\/monteriver.com\/wp-content\/uploads\/2023\/03\/rafting-rijeka-tara-1-300x200.jpg 300w, https:\/\/monteriver.com\/wp-content\/uploads\/2023\/03\/rafting-rijeka-tara-1-768x512.jpg 768w\" sizes=\"(max-width: 900px) 100vw, 900px\" \/><\/figure>\n<\/div>\n\n\n\n<div class=\"wp-block-column is-layout-flow wp-block-column-is-layout-flow\" style=\"flex-basis:5%\"><\/div>\n<\/div>\n\n\n\n<div class=\"wp-block-columns alignfull has-ast-global-color-0-background-color has-background is-layout-flex wp-container-15 wp-block-columns-is-layout-flex\">\n<div class=\"wp-block-column is-layout-flow wp-block-column-is-layout-flow\" style=\"flex-basis:5%\"><\/div>\n\n\n\n<div class=\"wp-block-column is-layout-flow wp-block-column-is-layout-flow\">\n<figure class=\"wp-block-image size-full has-custom-border\"><img decoding=\"async\" loading=\"lazy\" width=\"900\" height=\"600\" src=\"https:\/\/monteriver.com\/wp-content\/uploads\/2023\/03\/rijeka-tara-vodopad.jpg\" alt=\"Cascade sur la rivi\u00e8re Tara au Mont\u00e9n\u00e9gro\" class=\"wp-image-461\" style=\"border-radius:8px\" srcset=\"https:\/\/monteriver.com\/wp-content\/uploads\/2023\/03\/rijeka-tara-vodopad.jpg 900w, https:\/\/monteriver.com\/wp-content\/uploads\/2023\/03\/rijeka-tara-vodopad-300x200.jpg 300w, https:\/\/monteriver.com\/wp-content\/uploads\/2023\/03\/rijeka-tara-vodopad-768x512.jpg 768w\" sizes=\"(max-width: 900px) 100vw, 900px\" \/><\/figure>\n<\/div>\n\n\n\n<div class=\"wp-block-column is-vertically-aligned-center is-layout-flow wp-block-column-is-layout-flow\">\n<p class=\"has-ast-global-color-5-color has-text-color has-medium-font-size\">L\u2019offre la plus attrayante de <a href=\"https:\/\/monteriver.com\/fr\/rafting-camp-modra-rijeka\/\" data-type=\"page\" data-id=\"438\">Rafting Camp Blue River<\/a> est une aventure de rafting ph\u00e9nom\u00e9nale sur Tara, l\u2019une des plus belles rivi\u00e8res d\u2019Europe dont l\u2019eau est \u00e0 boire dans toute la rivi\u00e8re <a href=\"https:\/\/monteriver.com\/fr\/\" data-type=\"URL\" data-id=\"https:\/\/monteriver.com\/fr\/\">Tara<\/a> et est appel\u00e9e \u00ab la d\u00e9chirure de l\u2019Europe \u00bb. <\/p>\n<\/div>\n\n\n\n<div class=\"wp-block-column is-layout-flow wp-block-column-is-layout-flow\" style=\"flex-basis:5%\"><\/div>\n<\/div>\n\n\n\n<div class=\"wp-block-columns is-layout-flex wp-container-17 wp-block-columns-is-layout-flex\">\n<div class=\"wp-block-column is-layout-flow wp-block-column-is-layout-flow\"><div class=\"ub-buttons align-button-center\"  id=\"ub-button-5a5463af-aa0c-4bda-bd17-e8a2229303a0\"><div class=\"ub-button-container\">\n    <a href=\"https:\/\/monteriver.com\/fr\/galerie\/\" target=\"_self\"\n    rel=\"noopener noreferrer\"\n    class=\"ub-button-block-main ub-button-medium ub-button-flex-medium\" role=\"button\">\n    <div class=\"ub-button-content-holder\"><span class=\"ub-button-icon-holder\"><svg xmlns=\"http:\/\/www.w3.org\/2000\/svg\"height=\"30\", width=\"30\"viewBox=\"0, 0, 256, 512\"><path fill=\"currentColor\" d=\"M246.6 233.4c12.5 12.5 12.5 32.8 0 45.3l-160 160c-12.5 12.5-32.8 12.5-45.3 0s-12.5-32.8 0-45.3L178.7 256 41.4 118.6c-12.5-12.5-12.5-32.8 0-45.3s32.8-12.5 45.3 0l160 160z\"><\/svg><\/span><span class=\"ub-button-block-btn\"><strong>PHOTOS RAFTING TARA<\/strong><\/span>\n    <\/div><\/a><\/div><\/div><\/div>\n<\/div>\n","protected":false},"excerpt":{"rendered":"<p>Tara est le fleuve le plus long, le plus beau et le plus clair du Mont\u00e9n\u00e9gro, qui prend sa source dans une cha\u00eene de montagnes situ\u00e9e au nord du Mont\u00e9n\u00e9gro et coule sur 144 km jusqu\u2019\u00e0 ce qu\u2019il rencontre la rivi\u00e8re Piva sur \u0160\u0107epan Polje, apr\u00e8s quoi la Drina, l\u2019un des plus longs et des &hellip;<\/p>\n<p class=\"read-more\"> <a class=\"\" href=\"https:\/\/monteriver.com\/fr\/canyon-et-riviere-tara\/\"> <span class=\"screen-reader-text\">Canyon et rivi\u00e8re Tara<\/span> Lire la suite\u00a0\u00bb<\/a><\/p>\n","protected":false},"author":1,"featured_media":0,"parent":0,"menu_order":0,"comment_status":"closed","ping_status":"closed","template":"","meta":{"_uag_custom_page_level_css":"","ub_ctt_via":"","site-sidebar-layout":"default","site-content-layout":"default","ast-global-header-display":"","ast-main-header-display":"","ast-hfb-above-header-display":"","ast-hfb-below-header-display":"","ast-hfb-mobile-header-display":"","site-post-title":"disabled","ast-breadcrumbs-content":"","ast-featured-img":"","footer-sml-layout":"","theme-transparent-header-meta":"","adv-header-id-meta":"","stick-header-meta":"","header-above-stick-meta":"","header-main-stick-meta":"","header-below-stick-meta":"","footnotes":""},"featured_image_src":null,"uagb_featured_image_src":{"full":false,"thumbnail":false,"medium":false,"medium_large":false,"large":false,"1536x1536":false,"2048x2048":false},"uagb_author_info":{"display_name":"Visitors","author_link":"https:\/\/monteriver.com\/fr\/author\/modrarijeka2023_vq6wkb\/"},"uagb_comment_info":0,"uagb_excerpt":"Tara est le fleuve le plus long, le plus beau et le plus clair du Mont\u00e9n\u00e9gro, qui prend sa source dans une cha\u00eene de montagnes situ\u00e9e au nord du Mont\u00e9n\u00e9gro et coule sur 144 km jusqu\u2019\u00e0 ce qu\u2019il rencontre la rivi\u00e8re Piva sur \u0160\u0107epan Polje, apr\u00e8s quoi la Drina, l\u2019un des plus longs et des\u2026","_links":{"self":[{"href":"https:\/\/monteriver.com\/fr\/wp-json\/wp\/v2\/pages\/2031"}],"collection":[{"href":"https:\/\/monteriver.com\/fr\/wp-json\/wp\/v2\/pages"}],"about":[{"href":"https:\/\/monteriver.com\/fr\/wp-json\/wp\/v2\/types\/page"}],"author":[{"embeddable":true,"href":"https:\/\/monteriver.com\/fr\/wp-json\/wp\/v2\/users\/1"}],"replies":[{"embeddable":true,"href":"https:\/\/monteriver.com\/fr\/wp-json\/wp\/v2\/comments?post=2031"}],"version-history":[{"count":6,"href":"https:\/\/monteriver.com\/fr\/wp-json\/wp\/v2\/pages\/2031\/revisions"}],"predecessor-version":[{"id":3358,"href":"https:\/\/monteriver.com\/fr\/wp-json\/wp\/v2\/pages\/2031\/revisions\/3358"}],"wp:attachment":[{"href":"https:\/\/monteriver.com\/fr\/wp-json\/wp\/v2\/media?parent=2031"}],"curies":[{"name":"wp","href":"https:\/\/api.w.org\/{rel}","templated":true}]}}