{"id":2002,"date":"2023-03-15T20:31:45","date_gmt":"2023-03-15T20:31:45","guid":{"rendered":"https:\/\/monteriver.com\/rafting-camp-modra-rijeka\/"},"modified":"2025-01-13T20:42:03","modified_gmt":"2025-01-13T20:42:03","slug":"rafting-camp-modra-rijeka","status":"publish","type":"page","link":"https:\/\/monteriver.com\/fr\/rafting-camp-modra-rijeka\/","title":{"rendered":"Rafting camp Modra Rijeka"},"content":{"rendered":"\n<div class=\"wp-block-cover alignfull\" style=\"min-height:500px\"><span aria-hidden=\"true\" class=\"wp-block-cover__background has-background-dim-20 has-background-dim\"><\/span><img decoding=\"async\" loading=\"lazy\" width=\"1200\" height=\"500\" class=\"wp-block-cover__image-background wp-image-467\" alt=\"Rafting kamp Modra Rijeka\" src=\"https:\/\/monteriver.com\/wp-content\/uploads\/2023\/03\/rafting-kamp-modra-rijeka-1.jpg\" data-object-fit=\"cover\" srcset=\"https:\/\/monteriver.com\/wp-content\/uploads\/2023\/03\/rafting-kamp-modra-rijeka-1.jpg 1200w, https:\/\/monteriver.com\/wp-content\/uploads\/2023\/03\/rafting-kamp-modra-rijeka-1-300x125.jpg 300w, https:\/\/monteriver.com\/wp-content\/uploads\/2023\/03\/rafting-kamp-modra-rijeka-1-1024x427.jpg 1024w, https:\/\/monteriver.com\/wp-content\/uploads\/2023\/03\/rafting-kamp-modra-rijeka-1-768x320.jpg 768w\" sizes=\"(max-width: 1200px) 100vw, 1200px\" \/><div class=\"wp-block-cover__inner-container is-layout-flow wp-block-cover-is-layout-flow\">\n<h1 class=\"wp-block-heading has-text-align-center\" style=\"font-size:70px\">Rafting camp Modra Rijeka<\/h1>\n\n\n\n<h2 class=\"wp-block-heading has-text-align-center\">Bienvenue dans notre camp<\/h2>\n<\/div><\/div>\n\n\n\n<div class=\"wp-block-columns alignfull are-vertically-aligned-top has-ast-global-color-0-background-color has-background is-layout-flex wp-container-5 wp-block-columns-is-layout-flex\">\n<div class=\"wp-block-column is-vertically-aligned-top is-layout-flow wp-block-column-is-layout-flow\" style=\"flex-basis:20%\"><\/div>\n\n\n\n<div class=\"wp-block-column is-vertically-aligned-top is-layout-flow wp-block-column-is-layout-flow\">\n<p class=\"has-text-align-left has-ast-global-color-5-color has-text-color has-medium-font-size\">Au point de d\u00e9part, \u00e0 partir duquel vous embarquez pour une aventure de rafting inoubliable <a href=\"https:\/\/monteriver.com\/fr\/\" data-type=\"URL\" data-id=\"https:\/\/monteriver.com\/fr\/\">sur la rivi\u00e8re tara<\/a>, \u00e0 proximit\u00e9 imm\u00e9diate de la composition de trois rivi\u00e8res: <a href=\"https:\/\/monteriver.com\/fr\/canyon-et-riviere-tara\/\" data-type=\"URL\" data-id=\"https:\/\/monteriver.com\/fr\/canyon-et-riviere-tara\/\">Tara<\/a>, <a href=\"https:\/\/monteriver.com\/fr\/riviere-piva\/\" data-type=\"URL\" data-id=\"https:\/\/monteriver.com\/fr\/riviere-piva\/\">Piva<\/a> et Drina, il y a le camp de rafting Modra Rijeka.<\/p>\n<\/div>\n\n\n\n<div class=\"wp-block-column is-vertically-aligned-top is-layout-flow wp-block-column-is-layout-flow\" style=\"flex-basis:20%\"><\/div>\n<\/div>\n\n\n\n<div class=\"wp-block-uagb-image alignfull uagb-block-3777cae9 wp-block-uagb-image--layout-default wp-block-uagb-image--effect-zoomin wp-block-uagb-image--align-full\"><figure class=\"wp-block-uagb-image__figure\"><img decoding=\"async\" srcset=\"https:\/\/monteriver.com\/wp-content\/uploads\/2023\/03\/shape-1.svg \" sizes=\"(max-width: 480px) 150px\" src=\"https:\/\/monteriver.com\/wp-content\/uploads\/2023\/03\/shape-1.svg\" alt=\"shape\" class=\"uag-image-558\" width=\"1200\" height=\"100\" title=\"\" loading=\"lazy\"\/><\/figure><\/div>\n\n\n\t\t\t<div \n\t\t\tclass=\"wp-block-uagb-google-map uagb-google-map__wrap uagb-block-87a739a2    \"\n\t\t\tstyle=\"\" >\n\t\t\t\t<iframe\n\t\t\t\t\tclass=\"uagb-google-map__iframe\"\n\t\t\t\t\ttitle=\"Google Map for \"\n\t\t\t\t\tsrc=\"https:\/\/maps.google.com\/maps?q=Rafting%20kamp%20Modra%20Rijeka&#038;z=12&#038;hl=sr&#038;t=m&#038;output=embed&#038;iwloc=near\"\n\t\t\t\t\twidth=\"640\"\n\t\t\t\t\theight=\"500\"\n\t\t\t\t\tloading=\"lazy\"\n\t\t\t\t><\/iframe>\n\t\t\t<\/div>\n\t\t\t\n\n\n<div class=\"wp-block-columns alignfull is-layout-flex wp-container-10 wp-block-columns-is-layout-flex\">\n<div class=\"wp-block-column is-layout-flow wp-block-column-is-layout-flow\" style=\"flex-basis:5%\"><\/div>\n\n\n\n<div class=\"wp-block-column is-layout-flow wp-block-column-is-layout-flow\">\n<p class=\"has-medium-font-size\">\u00c0 seulement 300 m\u00e8tres de la route principale Podgorica-Sarajevo, il y a cette oasis touristique qui repr\u00e9sente un v\u00e9ritable joyau de la beaut\u00e9 sauvage mont\u00e9n\u00e9grine. Si vous d\u00e9cidez de <a href=\"https:\/\/monteriver.com\/fr\/\" data-type=\"URL\" data-id=\"https:\/\/monteriver.com\/fr\/\">faire du rafting tara<\/a> et de visiter le Mont\u00e9n\u00e9gro, Rafting Camp Modra Rijeka sera le bon endroit pour vous. Un endroit o\u00f9 la paix et l\u2019harmonie sont unies, profitant de la nature intacte de la plus belle partie du Mont\u00e9n\u00e9gro, avec de l\u2019adr\u00e9naline et des sports extr\u00eames, tels que rafting sur la <a href=\"https:\/\/monteriver.com\/fr\/\" data-type=\"URL\" data-id=\"https:\/\/monteriver.com\/fr\/\">rivi\u00e8re Tara<\/a>, canyoning sur la rivi\u00e8re Beer, <a href=\"https:\/\/monteriver.com\/jeep-safari-durmitor\/\" data-type=\"page\" data-id=\"271\">safari en jeep autour de Durmitor<\/a> et <a href=\"https:\/\/monteriver.com\/jeep-safari-pivska-planina\/\" data-type=\"page\" data-id=\"290\">Montagnes de bi\u00e8re<\/a>, <a href=\"https:\/\/monteriver.com\/planinski-biking-durmitor\/\" data-type=\"page\" data-id=\"362\">excursions \u00e0 v\u00e9lo<\/a>, visites <a href=\"https:\/\/monteriver.com\/hiking-manastir-zagradje\/\" data-type=\"page\" data-id=\"375\">\u00e0 pied<\/a>, <a href=\"https:\/\/monteriver.com\/kanjoning-nevidio\/\" data-type=\"page\" data-id=\"344\">visites du canyon de Nevidio<\/a>, aventures en tyrolienne, <a href=\"https:\/\/monteriver.com\/jahanje-konja\/\" data-type=\"page\" data-id=\"341\">\u00e9quitation<\/a> et autres sports.<\/p>\n<\/div>\n\n\n\n<div class=\"wp-block-column is-layout-flow wp-block-column-is-layout-flow\">\n<figure class=\"wp-block-image size-full has-custom-border\"><img decoding=\"async\" loading=\"lazy\" width=\"900\" height=\"600\" src=\"https:\/\/monteriver.com\/wp-content\/uploads\/2023\/03\/rafting-tara-kamp-modra-rijeka.jpg\" alt=\"Camp de rafting Modra Rijeka au Mont\u00e9n\u00e9gro\" class=\"wp-image-441\" style=\"border-radius:8px\" srcset=\"https:\/\/monteriver.com\/wp-content\/uploads\/2023\/03\/rafting-tara-kamp-modra-rijeka.jpg 900w, https:\/\/monteriver.com\/wp-content\/uploads\/2023\/03\/rafting-tara-kamp-modra-rijeka-300x200.jpg 300w, https:\/\/monteriver.com\/wp-content\/uploads\/2023\/03\/rafting-tara-kamp-modra-rijeka-768x512.jpg 768w\" sizes=\"(max-width: 900px) 100vw, 900px\" \/><\/figure>\n<\/div>\n\n\n\n<div class=\"wp-block-column is-layout-flow wp-block-column-is-layout-flow\" style=\"flex-basis:5%\"><\/div>\n<\/div>\n\n\n\n<div class=\"wp-block-columns alignfull has-ast-global-color-0-background-color has-background is-layout-flex wp-container-15 wp-block-columns-is-layout-flex\">\n<div class=\"wp-block-column is-layout-flow wp-block-column-is-layout-flow\" style=\"flex-basis:5%\"><\/div>\n\n\n\n<div class=\"wp-block-column is-layout-flow wp-block-column-is-layout-flow\">\n<figure class=\"wp-block-image size-full has-custom-border\"><img decoding=\"async\" loading=\"lazy\" width=\"900\" height=\"600\" src=\"https:\/\/monteriver.com\/wp-content\/uploads\/2023\/03\/most-piva.jpg\" alt=\"Pont sur la rivi\u00e8re Piva pr\u00e8s du camp de rafting Modra Rijeka\" class=\"wp-image-448\" style=\"border-radius:8px\" srcset=\"https:\/\/monteriver.com\/wp-content\/uploads\/2023\/03\/most-piva.jpg 900w, https:\/\/monteriver.com\/wp-content\/uploads\/2023\/03\/most-piva-300x200.jpg 300w, https:\/\/monteriver.com\/wp-content\/uploads\/2023\/03\/most-piva-768x512.jpg 768w\" sizes=\"(max-width: 900px) 100vw, 900px\" \/><\/figure>\n<\/div>\n\n\n\n<div class=\"wp-block-column is-layout-flow wp-block-column-is-layout-flow\">\n<p class=\"has-ast-global-color-5-color has-text-color has-medium-font-size\">Depuis 15 ans, le camp de rafting \u00a0\u00bbModra Rijeka\u00a0\u00bb est consid\u00e9r\u00e9 comme le camp le plus beau et le plus organis\u00e9 de cette r\u00e9gion. Preuve en sont les nombreuses r\u00e9compenses que Rafting Camp Modra Rijeka a re\u00e7ues les ann\u00e9es pr\u00e9c\u00e9dentes, comme la Golden Cup pour le meilleur camp de rafting de la r\u00e9gion. Notre emplacement, au c\u0153ur de \u0160\u0107epan Polje, \u00e0 l\u2019endroit o\u00f9 le rafting commence et o\u00f9 le tara rafting se termine, nous distingue des autres et fait de nous le bon choix pour vous et vos proches. Tout ce que vous avez \u00e0 faire est de r\u00e9server votre aventure de rafting \u00e0 temps, et les soins de vous et de votre bon temps sont pris en charge par notre \u00e9quipe, qui est bien connue de ceux qui retournent au Mont\u00e9n\u00e9gro et font <a href=\"https:\/\/monteriver.com\/fr\/\" data-type=\"URL\" data-id=\"https:\/\/monteriver.com\/fr\/\">du rafting sur la rivi\u00e8re Tara<\/a> depuis des ann\u00e9es.<\/p>\n<\/div>\n\n\n\n<div class=\"wp-block-column is-layout-flow wp-block-column-is-layout-flow\" style=\"flex-basis:5%\"><\/div>\n<\/div>\n\n\n\n<div class=\"wp-block-columns is-layout-flex wp-container-17 wp-block-columns-is-layout-flex\">\n<div class=\"wp-block-column is-layout-flow wp-block-column-is-layout-flow\">\n<p class=\"has-medium-font-size\">Notre <strong>parking spacieux est enti\u00e8rement gratuit<\/strong> pour les clients du camping, et peu importe si vous et vos amis venez \u00e0 v\u00e9lo, moto, voiture ou bus, votre place de parking est toujours r\u00e9serv\u00e9e au camp de rafting Modra Rijeka.<\/p>\n\n\n<div class=\"ub-buttons align-button-center\"  id=\"ub-button-5981f3d0-5264-4872-88e4-34aef9a6cc67\"><div class=\"ub-button-container\">\n    <a href=\"https:\/\/monteriver.com\/smjestaj\/\" target=\"_self\"\n    rel=\"noopener noreferrer\"\n    class=\"ub-button-block-main ub-button-medium ub-button-flex-medium\" role=\"button\">\n    <div class=\"ub-button-content-holder\"><span class=\"ub-button-icon-holder\"><svg xmlns=\"http:\/\/www.w3.org\/2000\/svg\"height=\"30\", width=\"30\"viewBox=\"0, 0, 256, 512\"><path fill=\"currentColor\" d=\"M246.6 233.4c12.5 12.5 12.5 32.8 0 45.3l-160 160c-12.5 12.5-32.8 12.5-45.3 0s-12.5-32.8 0-45.3L178.7 256 41.4 118.6c-12.5-12.5-12.5-32.8 0-45.3s32.8-12.5 45.3 0l160 160z\"><\/svg><\/span><span class=\"ub-button-block-btn\"><strong>H\u00c9BERGEMENT<\/strong><\/span>\n    <\/div><\/a><\/div><\/div><\/div>\n<\/div>\n\n\n\n<div class=\"wp-block-columns alignfull is-layout-flex wp-container-19 wp-block-columns-is-layout-flex\">\n<div class=\"wp-block-column is-layout-flow wp-block-column-is-layout-flow\">\t\t\t\t\t<div\n\t\t\t\t\t\tclass=\"wp-block-uagb-image-gallery uagb-block-e906edbf     \"\n\t\t\t\t\t\tstyle=\"\"\n\t\t\t\t\t>\n\t\t\t\t\t\t\t\t\t\t\t<div class=\"spectra-image-gallery spectra-image-gallery__layout--grid spectra-image-gallery__layout--grid-col-2 spectra-image-gallery__layout--grid-col-tab-2 spectra-image-gallery__layout--grid-col-mob-1\">\n\t\t\t\t\t\t\t\t\t\t\t<div class='spectra-image-gallery__media-wrapper' data-spectra-gallery-image-id='447'>\n\t\t\t\t\t\t\t<div class=\"spectra-image-gallery__media spectra-image-gallery__media--grid\">\n\t\t\t\t<picture>\n\t\t\t\t\t<source media=\"(min-width: 1024px)\" srcset=\"https:\/\/monteriver.com\/wp-content\/uploads\/2023\/03\/kucice-rafting-modra-rijeka.jpg\">\n\t\t\t\t\t<source media=\"(min-width: 768px)\" srcset=\"https:\/\/monteriver.com\/wp-content\/uploads\/2023\/03\/kucice-rafting-modra-rijeka.jpg\">\n\t\t\t\t\t<img decoding=\"async\" class=\"spectra-image-gallery__media-thumbnail spectra-image-gallery__media-thumbnail--grid\" src=\"https:\/\/monteriver.com\/wp-content\/uploads\/2023\/03\/kucice-rafting-modra-rijeka.jpg\" alt=\"Smje\u0161taj u rafting kampu Modra Rijeka\" loading=\"lazy\" \/>\n\t\t\t\t<\/picture>\n\t\t\t\t<div class=\"spectra-image-gallery__media-thumbnail-blurrer\"><\/div>\n\t\t\t\t\t\t\t\t\t\t\t<div class=\"spectra-image-gallery__media-thumbnail-caption-wrapper spectra-image-gallery__media-thumbnail-caption-wrapper--overlay\"><\/div>\n\t\t\t\t\t\t\t\t<\/div>\n\t\t\t\t\t\t<\/div>\n\t\t\t\t\t\t<div class='spectra-image-gallery__media-wrapper' data-spectra-gallery-image-id='449'>\n\t\t\t\t\t\t\t<div class=\"spectra-image-gallery__media spectra-image-gallery__media--grid\">\n\t\t\t\t<picture>\n\t\t\t\t\t<source media=\"(min-width: 1024px)\" srcset=\"https:\/\/monteriver.com\/wp-content\/uploads\/2023\/03\/rafting-kamp-modra-rijeka.jpg\">\n\t\t\t\t\t<source media=\"(min-width: 768px)\" srcset=\"https:\/\/monteriver.com\/wp-content\/uploads\/2023\/03\/rafting-kamp-modra-rijeka.jpg\">\n\t\t\t\t\t<img decoding=\"async\" class=\"spectra-image-gallery__media-thumbnail spectra-image-gallery__media-thumbnail--grid\" src=\"https:\/\/monteriver.com\/wp-content\/uploads\/2023\/03\/rafting-kamp-modra-rijeka.jpg\" alt=\"Rafting kamp Modra Rijeka\" loading=\"lazy\" \/>\n\t\t\t\t<\/picture>\n\t\t\t\t<div class=\"spectra-image-gallery__media-thumbnail-blurrer\"><\/div>\n\t\t\t\t\t\t\t\t\t\t\t<div class=\"spectra-image-gallery__media-thumbnail-caption-wrapper spectra-image-gallery__media-thumbnail-caption-wrapper--overlay\"><\/div>\n\t\t\t\t\t\t\t\t<\/div>\n\t\t\t\t\t\t<\/div>\n\t\t\t\t\t\t<div class='spectra-image-gallery__media-wrapper' data-spectra-gallery-image-id='446'>\n\t\t\t\t\t\t\t<div class=\"spectra-image-gallery__media spectra-image-gallery__media--grid\">\n\t\t\t\t<picture>\n\t\t\t\t\t<source media=\"(min-width: 1024px)\" srcset=\"https:\/\/monteriver.com\/wp-content\/uploads\/2023\/03\/kucice-rafting-kamp.jpg\">\n\t\t\t\t\t<source media=\"(min-width: 768px)\" srcset=\"https:\/\/monteriver.com\/wp-content\/uploads\/2023\/03\/kucice-rafting-kamp.jpg\">\n\t\t\t\t\t<img decoding=\"async\" class=\"spectra-image-gallery__media-thumbnail spectra-image-gallery__media-thumbnail--grid\" src=\"https:\/\/monteriver.com\/wp-content\/uploads\/2023\/03\/kucice-rafting-kamp.jpg\" alt=\"Kucice rafting kamp Modra Rijeka\" loading=\"lazy\" \/>\n\t\t\t\t<\/picture>\n\t\t\t\t<div class=\"spectra-image-gallery__media-thumbnail-blurrer\"><\/div>\n\t\t\t\t\t\t\t\t\t\t\t<div class=\"spectra-image-gallery__media-thumbnail-caption-wrapper spectra-image-gallery__media-thumbnail-caption-wrapper--overlay\"><\/div>\n\t\t\t\t\t\t\t\t<\/div>\n\t\t\t\t\t\t<\/div>\n\t\t\t\t\t\t<div class='spectra-image-gallery__media-wrapper' data-spectra-gallery-image-id='441'>\n\t\t\t\t\t\t\t<div class=\"spectra-image-gallery__media spectra-image-gallery__media--grid\">\n\t\t\t\t<picture>\n\t\t\t\t\t<source media=\"(min-width: 1024px)\" srcset=\"https:\/\/monteriver.com\/wp-content\/uploads\/2023\/03\/rafting-tara-kamp-modra-rijeka.jpg\">\n\t\t\t\t\t<source media=\"(min-width: 768px)\" srcset=\"https:\/\/monteriver.com\/wp-content\/uploads\/2023\/03\/rafting-tara-kamp-modra-rijeka.jpg\">\n\t\t\t\t\t<img decoding=\"async\" class=\"spectra-image-gallery__media-thumbnail spectra-image-gallery__media-thumbnail--grid\" src=\"https:\/\/monteriver.com\/wp-content\/uploads\/2023\/03\/rafting-tara-kamp-modra-rijeka.jpg\" alt=\"Rafting kamp Modra Rijeka u Crnoj Gori\" loading=\"lazy\" \/>\n\t\t\t\t<\/picture>\n\t\t\t\t<div class=\"spectra-image-gallery__media-thumbnail-blurrer\"><\/div>\n\t\t\t\t\t\t\t\t\t\t\t<div class=\"spectra-image-gallery__media-thumbnail-caption-wrapper spectra-image-gallery__media-thumbnail-caption-wrapper--overlay\"><\/div>\n\t\t\t\t\t\t\t\t<\/div>\n\t\t\t\t\t\t<\/div>\n\t\t\t\t\t\t\t\t\t\t<\/div>\n\t\t\t\t\t\t\t\t\t\t\t\t\t\t\t\t\t\t<\/div>\n\t\t\t\t\t\t\t\t\t\t\t<div class='spectra-image-gallery__control-lightbox' tabindex='0'>\n\t\t\t\t\t\t\t\t\t\t\t<div class=\"swiper spectra-image-gallery__control-lightbox--main\" dir=\"\">\n\t\t\t\t\t<div class=\"swiper-wrapper\">\n\t\t\t\t\t\t\t\t\t\t\t\t\t\n\t\t\t\t\t\t\t<div class=\"swiper-slide\">\n\t\t\t\t\t\t\t\t<img class=\"swiper-lazy\" data-src=\"https:\/\/monteriver.com\/wp-content\/uploads\/2023\/03\/kucice-rafting-modra-rijeka.jpg\" alt=\"Smje\u0161taj u rafting kampu Modra Rijeka\"\/>\n\t\t\t\t\t\t\t\t<div class=\"swiper-lazy-preloader swiper-lazy-preloader-white\"><\/div>\n\t\t\t\t\t\t\t\t\t\t\t\t\t\t\t<\/div>\n\t\t\t\t\t\t\t\t\t\t\t\t\t\n\t\t\t\t\t\t\t<div class=\"swiper-slide\">\n\t\t\t\t\t\t\t\t<img class=\"swiper-lazy\" data-src=\"https:\/\/monteriver.com\/wp-content\/uploads\/2023\/03\/rafting-kamp-modra-rijeka.jpg\" alt=\"Rafting kamp Modra Rijeka\"\/>\n\t\t\t\t\t\t\t\t<div class=\"swiper-lazy-preloader swiper-lazy-preloader-white\"><\/div>\n\t\t\t\t\t\t\t\t\t\t\t\t\t\t\t<\/div>\n\t\t\t\t\t\t\t\t\t\t\t\t\t\n\t\t\t\t\t\t\t<div class=\"swiper-slide\">\n\t\t\t\t\t\t\t\t<img class=\"swiper-lazy\" data-src=\"https:\/\/monteriver.com\/wp-content\/uploads\/2023\/03\/kucice-rafting-kamp.jpg\" alt=\"Kucice rafting kamp Modra Rijeka\"\/>\n\t\t\t\t\t\t\t\t<div class=\"swiper-lazy-preloader swiper-lazy-preloader-white\"><\/div>\n\t\t\t\t\t\t\t\t\t\t\t\t\t\t\t<\/div>\n\t\t\t\t\t\t\t\t\t\t\t\t\t\n\t\t\t\t\t\t\t<div class=\"swiper-slide\">\n\t\t\t\t\t\t\t\t<img class=\"swiper-lazy\" data-src=\"https:\/\/monteriver.com\/wp-content\/uploads\/2023\/03\/rafting-tara-kamp-modra-rijeka.jpg\" alt=\"Rafting kamp Modra Rijeka u Crnoj Gori\"\/>\n\t\t\t\t\t\t\t\t<div class=\"swiper-lazy-preloader swiper-lazy-preloader-white\"><\/div>\n\t\t\t\t\t\t\t\t\t\t\t\t\t\t\t<\/div>\n\t\t\t\t\t\t\t\t\t\t\t<\/div>\n\t\t\t\t\t<div class=\"swiper-button-next\"><\/div>\n\t\t\t\t\t<div class=\"swiper-button-prev\"><\/div>\n\t\t\t\t<\/div>\t\t\t\n\t\t\t\t\t\t\t\t\t\t\t\t\t\t\t\t\t\t\t\t\t\t\t\t\t\t\t\t\t\t\t\t<button class='spectra-image-gallery__control-lightbox--close'>\n\t\t\t\t\t\t\t\t\t\t\t\t\t<svg xmlns=\"https:\/\/www.w3.org\/2000\/svg\" viewBox= \"0 0 320 512\"><path d=\"M310.6 361.4c12.5 12.5 12.5 32.75 0 45.25C304.4 412.9 296.2 416 288 416s-16.38-3.125-22.62-9.375L160 301.3L54.63 406.6C48.38 412.9 40.19 416 32 416S15.63 412.9 9.375 406.6c-12.5-12.5-12.5-32.75 0-45.25l105.4-105.4L9.375 150.6c-12.5-12.5-12.5-32.75 0-45.25s32.75-12.5 45.25 0L160 210.8l105.4-105.4c12.5-12.5 32.75-12.5 45.25 0s12.5 32.75 0 45.25l-105.4 105.4L310.6 361.4z\"><\/path><\/svg>\n\t\t\t\t\t\t\t\t\t\t\t\t<\/button>\n\t\t\t\t\t\t\t\t\t\t\t\t\t<\/div>\n\t\t\t\t\t\t\t\t\t<\/div>\n<\/div>\n","protected":false},"excerpt":{"rendered":"<p>Au point de d\u00e9part, \u00e0 partir duquel vous embarquez pour une aventure de rafting inoubliable sur la rivi\u00e8re tara, \u00e0 proximit\u00e9 imm\u00e9diate de la composition de trois rivi\u00e8res: Tara, Piva et Drina, il y a le camp de rafting Modra Rijeka. \u00c0 seulement 300 m\u00e8tres de la route principale Podgorica-Sarajevo, il y a cette oasis &hellip;<\/p>\n<p class=\"read-more\"> <a class=\"\" href=\"https:\/\/monteriver.com\/fr\/rafting-camp-modra-rijeka\/\"> <span class=\"screen-reader-text\">Rafting camp Modra Rijeka<\/span> Lire la suite\u00a0\u00bb<\/a><\/p>\n","protected":false},"author":1,"featured_media":0,"parent":0,"menu_order":0,"comment_status":"closed","ping_status":"closed","template":"","meta":{"_uag_custom_page_level_css":"","ub_ctt_via":"","site-sidebar-layout":"no-sidebar","site-content-layout":"plain-container","ast-global-header-display":"","ast-main-header-display":"","ast-hfb-above-header-display":"","ast-hfb-below-header-display":"","ast-hfb-mobile-header-display":"","site-post-title":"disabled","ast-breadcrumbs-content":"","ast-featured-img":"","footer-sml-layout":"","theme-transparent-header-meta":"","adv-header-id-meta":"","stick-header-meta":"","header-above-stick-meta":"","header-main-stick-meta":"","header-below-stick-meta":"","footnotes":""},"featured_image_src":null,"uagb_featured_image_src":{"full":false,"thumbnail":false,"medium":false,"medium_large":false,"large":false,"1536x1536":false,"2048x2048":false},"uagb_author_info":{"display_name":"Visitors","author_link":"https:\/\/monteriver.com\/fr\/author\/modrarijeka2023_vq6wkb\/"},"uagb_comment_info":0,"uagb_excerpt":"Au point de d\u00e9part, \u00e0 partir duquel vous embarquez pour une aventure de rafting inoubliable sur la rivi\u00e8re tara, \u00e0 proximit\u00e9 imm\u00e9diate de la composition de trois rivi\u00e8res: Tara, Piva et Drina, il y a le camp de rafting Modra Rijeka. \u00c0 seulement 300 m\u00e8tres de la route principale Podgorica-Sarajevo, il y a cette oasis\u2026","_links":{"self":[{"href":"https:\/\/monteriver.com\/fr\/wp-json\/wp\/v2\/pages\/2002"}],"collection":[{"href":"https:\/\/monteriver.com\/fr\/wp-json\/wp\/v2\/pages"}],"about":[{"href":"https:\/\/monteriver.com\/fr\/wp-json\/wp\/v2\/types\/page"}],"author":[{"embeddable":true,"href":"https:\/\/monteriver.com\/fr\/wp-json\/wp\/v2\/users\/1"}],"replies":[{"embeddable":true,"href":"https:\/\/monteriver.com\/fr\/wp-json\/wp\/v2\/comments?post=2002"}],"version-history":[{"count":7,"href":"https:\/\/monteriver.com\/fr\/wp-json\/wp\/v2\/pages\/2002\/revisions"}],"predecessor-version":[{"id":3250,"href":"https:\/\/monteriver.com\/fr\/wp-json\/wp\/v2\/pages\/2002\/revisions\/3250"}],"wp:attachment":[{"href":"https:\/\/monteriver.com\/fr\/wp-json\/wp\/v2\/media?parent=2002"}],"curies":[{"name":"wp","href":"https:\/\/api.w.org\/{rel}","templated":true}]}}