{"id":929,"date":"2023-03-17T11:24:01","date_gmt":"2023-03-17T11:24:01","guid":{"rendered":"https:\/\/monteriver.com\/scepan-polje-and-soko-grad\/"},"modified":"2023-05-30T20:43:15","modified_gmt":"2023-05-30T20:43:15","slug":"scepan-polje-and-soko-grad","status":"publish","type":"page","link":"https:\/\/monteriver.com\/en\/scepan-polje-and-soko-grad\/","title":{"rendered":"Scepan Polje and Soko grad"},"content":{"rendered":"\n<div class=\"wp-block-cover alignfull\" style=\"min-height:500px\"><span aria-hidden=\"true\" class=\"wp-block-cover__background has-background-dim-20 has-background-dim\"><\/span><img decoding=\"async\" loading=\"lazy\" width=\"1200\" height=\"500\" class=\"wp-block-cover__image-background wp-image-501\" alt=\"\u0160\u0107epan Polje i Soko grad u Pivi\" src=\"https:\/\/monteriver.com\/wp-content\/uploads\/2023\/03\/scepan-polje-soko-grad-piva.webp\" data-object-fit=\"cover\" srcset=\"https:\/\/monteriver.com\/wp-content\/uploads\/2023\/03\/scepan-polje-soko-grad-piva.webp 1200w, https:\/\/monteriver.com\/wp-content\/uploads\/2023\/03\/scepan-polje-soko-grad-piva-300x125.webp 300w, https:\/\/monteriver.com\/wp-content\/uploads\/2023\/03\/scepan-polje-soko-grad-piva-1024x427.webp 1024w, https:\/\/monteriver.com\/wp-content\/uploads\/2023\/03\/scepan-polje-soko-grad-piva-768x320.webp 768w\" sizes=\"(max-width: 1200px) 100vw, 1200px\" \/><div class=\"wp-block-cover__inner-container is-layout-flow wp-block-cover-is-layout-flow\">\n<h1 class=\"wp-block-heading has-text-align-center\" style=\"font-size:70px\">Scepan Polje and Soko grad<\/h1>\n<\/div><\/div>\n\n\n\n<div class=\"wp-block-columns alignfull are-vertically-aligned-top has-ast-global-color-5-background-color has-background is-layout-flex wp-container-5 wp-block-columns-is-layout-flex\">\n<div class=\"wp-block-column is-vertically-aligned-top is-layout-flow wp-block-column-is-layout-flow\" style=\"flex-basis:20%\"><\/div>\n\n\n\n<div class=\"wp-block-column is-vertically-aligned-top is-layout-flow wp-block-column-is-layout-flow\">\n<p class=\"has-medium-font-size\">\u0160\u0107epan Polje, the center of adventure and <a href=\"https:\/\/monteriver.com\/en\/\" data-type=\"URL\" data-id=\"https:\/\/monteriver.com\/en\/\">rafting in Montenegro<\/a>, is a small place near the border crossing between Montenegro and Bosnia and Herzegovina (it is located on the main road Podgorica &#8211; Sarajevo). <a href=\"https:\/\/monteriver.com\/en\/rafting-camp-modra-rijeka\/\" data-type=\"page\" data-id=\"925\">Rafting Camp Modra Rijeka<\/a> is located in the most beautiful part of \u0160\u0107epan Polje, on the river bank, only 300m from the very center of \u0160\u0107epan Polje.<\/p>\n\n\n\n<p class=\"has-medium-font-size\">Rafting Camp Modra Rijeka is in the center of \u0160\u0107epan Polje, yet far enough away from the center (less than a minute&#8217;s drive by car on a very good road), so your enjoyment and relaxation in the beautiful untouched nature at our rafting camp are guaranteed.<\/p>\n\n\n\n<p class=\"has-medium-font-size\">Above \u0160\u0107epan Polje and from the terrace of our restaurant Modra Rijeka, there is a view of the medieval Soko Town, built by \u0160\u0107epan Vuk\u010di\u0107 Kosa\u010da, after whom \u0160\u0107epan Polje also got its name. On the other side of the <a href=\"https:\/\/monteriver.com\/en\/restaurant\/\" data-type=\"page\" data-id=\"923\">restaurant<\/a>, there is a view of the unreal blue color of the <a href=\"https:\/\/monteriver.com\/en\/piva-river\/\" data-type=\"page\" data-id=\"927\">Piva River<\/a> and the beautiful canyon&#8230;<\/p>\n<\/div>\n\n\n\n<div class=\"wp-block-column is-vertically-aligned-top is-layout-flow wp-block-column-is-layout-flow\" style=\"flex-basis:20%\"><\/div>\n<\/div>\n\n\n\n<div class=\"wp-block-columns is-layout-flex wp-container-7 wp-block-columns-is-layout-flex\">\n<div class=\"wp-block-column is-layout-flow wp-block-column-is-layout-flow\"><div class=\"ub-buttons align-button-center\"  id=\"ub-button-9da445c1-c25a-4eef-a1b5-d7176af952a7\"><div class=\"ub-button-container\">\n    <a href=\"https:\/\/monteriver.com\/en\/photos\/\" target=\"_self\"\n    rel=\"noopener noreferrer\"\n    class=\"ub-button-block-main ub-button-medium ub-button-flex-medium\" role=\"button\">\n    <div class=\"ub-button-content-holder\"><span class=\"ub-button-icon-holder\"><svg xmlns=\"http:\/\/www.w3.org\/2000\/svg\"height=\"30\", width=\"30\"viewBox=\"0, 0, 256, 512\"><path fill=\"currentColor\" d=\"M246.6 233.4c12.5 12.5 12.5 32.8 0 45.3l-160 160c-12.5 12.5-32.8 12.5-45.3 0s-12.5-32.8 0-45.3L178.7 256 41.4 118.6c-12.5-12.5-12.5-32.8 0-45.3s32.8-12.5 45.3 0l160 160z\"><\/svg><\/span><span class=\"ub-button-block-btn\"><strong>PHOTOS RAFTING TARA<\/strong><\/span>\n    <\/div><\/a><\/div><\/div><\/div>\n<\/div>\n","protected":false},"excerpt":{"rendered":"<p>\u0160\u0107epan Polje, the center of adventure and rafting in Montenegro, is a small place near the border crossing between Montenegro and Bosnia and Herzegovina (it is located on the main road Podgorica &#8211; Sarajevo). Rafting Camp Modra Rijeka is located in the most beautiful part of \u0160\u0107epan Polje, on the river bank, only 300m from &hellip;<\/p>\n<p class=\"read-more\"> <a class=\"\" href=\"https:\/\/monteriver.com\/en\/scepan-polje-and-soko-grad\/\"> <span class=\"screen-reader-text\">Scepan Polje and Soko grad<\/span> Read More &raquo;<\/a><\/p>\n","protected":false},"author":1,"featured_media":0,"parent":0,"menu_order":0,"comment_status":"closed","ping_status":"closed","template":"","meta":{"_uag_custom_page_level_css":"","ub_ctt_via":"","site-sidebar-layout":"default","site-content-layout":"default","ast-global-header-display":"","ast-main-header-display":"","ast-hfb-above-header-display":"","ast-hfb-below-header-display":"","ast-hfb-mobile-header-display":"","site-post-title":"disabled","ast-breadcrumbs-content":"","ast-featured-img":"","footer-sml-layout":"","theme-transparent-header-meta":"","adv-header-id-meta":"","stick-header-meta":"","header-above-stick-meta":"","header-main-stick-meta":"","header-below-stick-meta":"","footnotes":""},"featured_image_src":null,"uagb_featured_image_src":{"full":false,"thumbnail":false,"medium":false,"medium_large":false,"large":false,"1536x1536":false,"2048x2048":false},"uagb_author_info":{"display_name":"Visitors","author_link":"https:\/\/monteriver.com\/en\/author\/modrarijeka2023_vq6wkb\/"},"uagb_comment_info":0,"uagb_excerpt":"\u0160\u0107epan Polje, the center of adventure and rafting in Montenegro, is a small place near the border crossing between Montenegro and Bosnia and Herzegovina (it is located on the main road Podgorica &#8211; Sarajevo). Rafting Camp Modra Rijeka is located in the most beautiful part of \u0160\u0107epan Polje, on the river bank, only 300m from&hellip;","_links":{"self":[{"href":"https:\/\/monteriver.com\/en\/wp-json\/wp\/v2\/pages\/929"}],"collection":[{"href":"https:\/\/monteriver.com\/en\/wp-json\/wp\/v2\/pages"}],"about":[{"href":"https:\/\/monteriver.com\/en\/wp-json\/wp\/v2\/types\/page"}],"author":[{"embeddable":true,"href":"https:\/\/monteriver.com\/en\/wp-json\/wp\/v2\/users\/1"}],"replies":[{"embeddable":true,"href":"https:\/\/monteriver.com\/en\/wp-json\/wp\/v2\/comments?post=929"}],"version-history":[{"count":4,"href":"https:\/\/monteriver.com\/en\/wp-json\/wp\/v2\/pages\/929\/revisions"}],"predecessor-version":[{"id":2815,"href":"https:\/\/monteriver.com\/en\/wp-json\/wp\/v2\/pages\/929\/revisions\/2815"}],"wp:attachment":[{"href":"https:\/\/monteriver.com\/en\/wp-json\/wp\/v2\/media?parent=929"}],"curies":[{"name":"wp","href":"https:\/\/api.w.org\/{rel}","templated":true}]}}