{"id":1740,"date":"2023-03-09T19:23:08","date_gmt":"2023-03-09T19:23:08","guid":{"rendered":"https:\/\/monteriver.com\/haeufig-gestellte-fragen-faq\/"},"modified":"2023-04-13T21:27:26","modified_gmt":"2023-04-13T21:27:26","slug":"haeufig-gestellte-fragen-faq","status":"publish","type":"page","link":"https:\/\/monteriver.com\/de\/haeufig-gestellte-fragen-faq\/","title":{"rendered":"H\u00e4ufig gestellte Fragen (FAQ)"},"content":{"rendered":"\n<h1 class=\"wp-block-heading has-text-align-center\">H\u00e4ufig gestellte Fragen (FAQ)<\/h1>\n\n\n\n<p class=\"has-text-align-center has-medium-font-size\">Im Folgenden finden Sie die h\u00e4ufigsten Fragen unserer G\u00e4ste und Besucher <a href=\"https:\/\/monteriver.com\/de\/\" data-type=\"URL\" data-id=\"https:\/\/monteriver.com\/de\/\">Rafting auf Tara<\/a> und andere Touren, auf die wir Ihnen Antworten geben. <br>F\u00fcr weitere Fragen kontaktieren Sie uns bitte unter <a href=\"mailto:reservationrafting@gmail.com\">reservationrafting@gmail.com<\/a> oder <a href=\"tel:+38267017419\" data-type=\"tel\" data-id=\"tel:+38267017419\">+38267017419<\/a> (Viber \/ WhatsApp).<\/p>\n\n\n<div class=\"wp-block-ub-content-toggle\" id=\"ub-content-toggle-443f89ea-b33e-4f13-bc11-519b053732a7\" data-showonlyone=\"true\" data-mobilecollapse=\"false\" data-desktopcollapse=\"true\">\n<div class=\"no-border wp-block-ub-content-toggle-accordion\">\n                <div class=\"wp-block-ub-content-toggle-accordion-title-wrap\" aria-expanded=\"true\" aria-controls=\"ub-content-toggle-panel-0-443f89ea-b33e-4f13-bc11-519b053732a7\" tabindex=\"0\">\n                    <p class=\"wp-block-ub-content-toggle-accordion-title ub-content-toggle-title-443f89ea-b33e-4f13-bc11-519b053732a7\"><strong>Wo genau befindet sich das Rafting Camp Modra Rijeka?<\/strong><\/p><div class=\"wp-block-ub-content-toggle-accordion-toggle-wrap right\"><span class=\"wp-block-ub-content-toggle-accordion-state-indicator wp-block-ub-chevron-down open\"><\/span>\n                    <\/div><\/div><div role=\"region\" class=\"wp-block-ub-content-toggle-accordion-content-wrap\" id=\"ub-content-toggle-panel-0-443f89ea-b33e-4f13-bc11-519b053732a7\">\n\n<p><a href=\"https:\/\/monteriver.com\/de\/rafting-camp-modra-rijeka\/\" data-type=\"page\" data-id=\"438\">Das Rafting Camp Modra Rijeka<\/a> befindet sich im Herzen <a href=\"https:\/\/monteriver.com\/de\/scepan-polje-i-soko-stadt\/\" data-type=\"page\" data-id=\"499\">von Scepan Polje<\/a> in Montenegro, in der N\u00e4he der Grenze zu Bosnien und Herzegowina, am Flussufer. Die GPS-Koordinaten des Campingplatzes lauten wie folgt: <\/p>\n\n\n\n<ul>\n<li><strong>43.343093  <\/strong><\/li>\n\n\n\n<li><strong>18.841690<\/strong><\/li>\n<\/ul>\n\n\n\n<p>Link zum<a href=\"https:\/\/www.google.com\/maps\/place\/Rafting+Camp+Modra+Rijeka\/@43.3430024,18.8404302,17z\/data=!4m9!3m8!1s0x134d298f46d58561:0x821a37a674ba7ffd!5m2!4m1!1i2!8m2!3d43.3429985!4d18.8426189!16s%2Fg%2F11b6c9f_w_\" data-type=\"URL\" data-id=\"https:\/\/www.google.com\/maps\/place\/Rafting+Camp+Modra+Rijeka\/@43.3430024,18.8404302,17z\/data=!4m9!3m8!1s0x134d298f46d58561:0x821a37a674ba7ffd!5m2!4m1!1i2!8m2!3d43.3429985!4d18.8426189!16s%2Fg%2F11b6c9f_w_\" target=\"_blank\" rel=\"noreferrer noopener nofollow\"> Standort auf Google Map<\/a>.<\/p>\n\n<\/div><\/div>\n\n<div class=\"no-border wp-block-ub-content-toggle-accordion\">\n                <div class=\"wp-block-ub-content-toggle-accordion-title-wrap\" aria-expanded=\"false\" aria-controls=\"ub-content-toggle-panel-1-443f89ea-b33e-4f13-bc11-519b053732a7\" tabindex=\"0\">\n                    <p class=\"wp-block-ub-content-toggle-accordion-title ub-content-toggle-title-443f89ea-b33e-4f13-bc11-519b053732a7\"><strong><strong>Tragen wir einen Pass f\u00fcr Rafting?<\/strong><\/strong><\/p><div class=\"wp-block-ub-content-toggle-accordion-toggle-wrap right\"><span class=\"wp-block-ub-content-toggle-accordion-state-indicator wp-block-ub-chevron-down\"><\/span>\n                    <\/div><\/div><div role=\"region\" class=\"wp-block-ub-content-toggle-accordion-content-wrap ub-hide\" id=\"ub-content-toggle-panel-1-443f89ea-b33e-4f13-bc11-519b053732a7\">\n\n<p>Nein, Sie k\u00f6nnen alle Ihre Dokumente in Ihrem Auto, Zimmer oder an der Rezeption unseres Campingplatzes deponieren. Wenn Sie Rafting machen, \u00fcberqueren Sie nicht offiziell die Grenze zu Bosnien und Herzegowina, und Sie brauchen keine Dokumente auf dem Fluss. <a href=\"https:\/\/monteriver.com\/de\/canyon-und-tara-river\/\" data-type=\"page\" data-id=\"459\">Der Fluss Tara<\/a> stellt die nat\u00fcrliche Grenze zwischen Montenegro und Bosnien dar.<\/p>\n\n<\/div><\/div>\n\n<div class=\"no-border wp-block-ub-content-toggle-accordion\">\n                <div class=\"wp-block-ub-content-toggle-accordion-title-wrap\" aria-expanded=\"false\" aria-controls=\"ub-content-toggle-panel-2-443f89ea-b33e-4f13-bc11-519b053732a7\" tabindex=\"0\">\n                    <p class=\"wp-block-ub-content-toggle-accordion-title ub-content-toggle-title-443f89ea-b33e-4f13-bc11-519b053732a7\"><strong><strong>Was sollte man f\u00fcr ein Rafting-Abenteuer anziehen und was mitnehmen?<\/strong><\/strong><\/p><div class=\"wp-block-ub-content-toggle-accordion-toggle-wrap right\"><span class=\"wp-block-ub-content-toggle-accordion-state-indicator wp-block-ub-chevron-down\"><\/span>\n                    <\/div><\/div><div role=\"region\" class=\"wp-block-ub-content-toggle-accordion-content-wrap ub-hide\" id=\"ub-content-toggle-panel-2-443f89ea-b33e-4f13-bc11-519b053732a7\">\n\n<p>Nur ein Badeanzug und gute Laune! Kamera \/ Handy, um die sch\u00f6nsten Fotos \/ Aufnahmen w\u00e4hrend des Abenteuers zu machen!<\/p>\n\n<\/div><\/div>\n\n<div class=\"no-border wp-block-ub-content-toggle-accordion\">\n                <div class=\"wp-block-ub-content-toggle-accordion-title-wrap\" aria-expanded=\"false\" aria-controls=\"ub-content-toggle-panel-3-443f89ea-b33e-4f13-bc11-519b053732a7\" tabindex=\"0\">\n                    <p class=\"wp-block-ub-content-toggle-accordion-title ub-content-toggle-title-443f89ea-b33e-4f13-bc11-519b053732a7\"><strong><strong>D\u00fcrfen Kinder raften gehen?<\/strong><\/strong><\/p><div class=\"wp-block-ub-content-toggle-accordion-toggle-wrap right\"><span class=\"wp-block-ub-content-toggle-accordion-state-indicator wp-block-ub-chevron-down\"><\/span>\n                    <\/div><\/div><div role=\"region\" class=\"wp-block-ub-content-toggle-accordion-content-wrap ub-hide\" id=\"ub-content-toggle-panel-3-443f89ea-b33e-4f13-bc11-519b053732a7\">\n\n<p>Nat\u00fcrlich sind Kinder unsere Lieblingsg\u00e4ste und sie genie\u00dfen das ph\u00e4nomenale Rafting-Abenteuer am meisten. Im Mai und in der ersten Junih\u00e4lfte gehen die Kinder nicht zum Rafting, weil der Wasserstand des Flusses hoch ist, aber in den Sommermonaten genie\u00dfen die Kinder es am meisten. Alle Kinder im schulpflichtigen Alter k\u00f6nnen Rafting genie\u00dfen. \u263a<\/p>\n\n<\/div><\/div>\n\n<div class=\"no-border wp-block-ub-content-toggle-accordion\">\n                <div class=\"wp-block-ub-content-toggle-accordion-title-wrap\" aria-expanded=\"false\" aria-controls=\"ub-content-toggle-panel-4-443f89ea-b33e-4f13-bc11-519b053732a7\" tabindex=\"0\">\n                    <p class=\"wp-block-ub-content-toggle-accordion-title ub-content-toggle-title-443f89ea-b33e-4f13-bc11-519b053732a7\"><strong><strong>K\u00f6nnen wir unsere eigenen Getr\u00e4nke mitbringen und unsere eigene Musik im Camp spielen?<\/strong><\/strong><\/p><div class=\"wp-block-ub-content-toggle-accordion-toggle-wrap right\"><span class=\"wp-block-ub-content-toggle-accordion-state-indicator wp-block-ub-chevron-down\"><\/span>\n                    <\/div><\/div><div role=\"region\" class=\"wp-block-ub-content-toggle-accordion-content-wrap ub-hide\" id=\"ub-content-toggle-panel-4-443f89ea-b33e-4f13-bc11-519b053732a7\">\n\n<p>Alle Getr\u00e4nke im Camp sind verboten und werden bestraft. Im Camp gibt es ein Restaurant mit einem breiten Sortiment aller G\u00e4rten von alkoholfreien und alkoholischen Getr\u00e4nken, hei\u00dfen Getr\u00e4nken, etc., mit extrem erschwinglichen und fairen Preisen. Daher ist jegliches Mitbringen von Getr\u00e4nken in das Camp und die Einrichtungen des Camps verboten und wird nicht toleriert.<\/p>\n\n\n\n<p>Auch innerhalb des Camps gibt es ein sch\u00f6nes Restaurant mit der sch\u00f6nsten Terrasse in der Gegend \u00fcber dem Fluss, wo Sie Kontakte kn\u00fcpfen, genie\u00dfen, Musik h\u00f6ren und Spa\u00df haben k\u00f6nnen. An den Wochenenden gibt es Live-Auftritte. Das Abspielen von Musik in Einrichtungen, die f\u00fcr die Unterbringung und das Schlafen vorgesehen sind, ist jedoch verboten, da dies die Ruhe und Erholung der anderen G\u00e4ste st\u00f6rt. Wir bitten Sie, die Hausordnung zu respektieren, und wir garantieren, dass wir den besten Weg finden werden, damit Sie Ihren Aufenthalt bei uns so genie\u00dfen k\u00f6nnen, wie Sie es sich vorgestellt haben.<\/p>\n\n<\/div><\/div>\n\n<div class=\"no-border wp-block-ub-content-toggle-accordion\">\n                <div class=\"wp-block-ub-content-toggle-accordion-title-wrap\" aria-expanded=\"false\" aria-controls=\"ub-content-toggle-panel-5-443f89ea-b33e-4f13-bc11-519b053732a7\" tabindex=\"0\">\n                    <p class=\"wp-block-ub-content-toggle-accordion-title ub-content-toggle-title-443f89ea-b33e-4f13-bc11-519b053732a7\"><strong><strong>Da li nudite prevoz Rafting Kampa?<\/strong><\/strong><\/p><div class=\"wp-block-ub-content-toggle-accordion-toggle-wrap right\"><span class=\"wp-block-ub-content-toggle-accordion-state-indicator wp-block-ub-chevron-down\"><\/span>\n                    <\/div><\/div><div role=\"region\" class=\"wp-block-ub-content-toggle-accordion-content-wrap ub-hide\" id=\"ub-content-toggle-panel-5-443f89ea-b33e-4f13-bc11-519b053732a7\">\n\n<p>M\u00f6glichkeit, den Transport f\u00fcr gr\u00f6\u00dfere Gruppen zu organisieren! Kontaktieren Sie uns per E-Mail, Viber, WhatsApp und wir arrangieren ein Arrangement nach Ihren W\u00fcnschen.<\/p>\n\n<\/div><\/div>\n\n<div class=\"no-border wp-block-ub-content-toggle-accordion\">\n                <div class=\"wp-block-ub-content-toggle-accordion-title-wrap\" aria-expanded=\"false\" aria-controls=\"ub-content-toggle-panel-6-443f89ea-b33e-4f13-bc11-519b053732a7\" tabindex=\"0\">\n                    <p class=\"wp-block-ub-content-toggle-accordion-title ub-content-toggle-title-443f89ea-b33e-4f13-bc11-519b053732a7\"><strong><strong>Bieten Sie andere Touren an?<\/strong><\/strong><\/p><div class=\"wp-block-ub-content-toggle-accordion-toggle-wrap right\"><span class=\"wp-block-ub-content-toggle-accordion-state-indicator wp-block-ub-chevron-down\"><\/span>\n                    <\/div><\/div><div role=\"region\" class=\"wp-block-ub-content-toggle-accordion-content-wrap ub-hide\" id=\"ub-content-toggle-panel-6-443f89ea-b33e-4f13-bc11-519b053732a7\">\n\n<p>Neben Rafting heben wir aus dem Angebot <a href=\"https:\/\/monteriver.com\/kanjoning-nevidio\/\" data-type=\"page\" data-id=\"344\">Canyoning Nevidio<\/a>, <a href=\"https:\/\/monteriver.com\/jeep-safari-durmitor\/\" data-type=\"page\" data-id=\"271\">Jeep-Safari Durmitor<\/a>, Seilrutsche, <a href=\"https:\/\/monteriver.com\/planinski-biking-durmitor\/\" data-type=\"page\" data-id=\"362\">Mountainbiken<\/a>, <a href=\"https:\/\/monteriver.com\/hiking-trsa\/\" data-type=\"page\" data-id=\"370\">Wandern<\/a>, <a href=\"https:\/\/monteriver.com\/krstarenje-pivskim-jezerom\/\" data-type=\"page\" data-id=\"295\">Seekreuzfahrt<\/a>, <a href=\"https:\/\/monteriver.com\/jahanje-konja\/\" data-type=\"page\" data-id=\"341\">Reiten<\/a> usw. hervor.<\/p>\n\n<\/div><\/div>\n\n<div class=\"no-border wp-block-ub-content-toggle-accordion\">\n                <div class=\"wp-block-ub-content-toggle-accordion-title-wrap\" aria-expanded=\"false\" aria-controls=\"ub-content-toggle-panel-7-443f89ea-b33e-4f13-bc11-519b053732a7\" tabindex=\"0\">\n                    <p class=\"wp-block-ub-content-toggle-accordion-title ub-content-toggle-title-443f89ea-b33e-4f13-bc11-519b053732a7\"><strong><strong>D\u00fcrfen Nichtschwimmer raften?<\/strong><\/strong><\/p><div class=\"wp-block-ub-content-toggle-accordion-toggle-wrap right\"><span class=\"wp-block-ub-content-toggle-accordion-state-indicator wp-block-ub-chevron-down\"><\/span>\n                    <\/div><\/div><div role=\"region\" class=\"wp-block-ub-content-toggle-accordion-content-wrap ub-hide\" id=\"ub-content-toggle-panel-7-443f89ea-b33e-4f13-bc11-519b053732a7\">\n\n<p>NAT\u00dcRLICH! Mit der gesamten professionellen Ausr\u00fcstung, die beim Rafting obligatorisch ist, sowie unseren lizenzierten professionellen Skippern k\u00f6nnen sich Nichtschwimmer v\u00f6llig dem Charme der Natur hingeben und ein unvergessliches Rafting-Abenteuer genie\u00dfen!<\/p>\n\n<\/div><\/div>\n<\/div>","protected":false},"excerpt":{"rendered":"<p>H\u00e4ufig gestellte Fragen (FAQ) Im Folgenden finden Sie die h\u00e4ufigsten Fragen unserer G\u00e4ste und Besucher Rafting auf Tara und andere Touren, auf die wir Ihnen Antworten geben. F\u00fcr weitere Fragen kontaktieren Sie uns bitte unter reservationrafting@gmail.com oder +38267017419 (Viber \/ WhatsApp).<\/p>\n","protected":false},"author":1,"featured_media":0,"parent":0,"menu_order":0,"comment_status":"closed","ping_status":"closed","template":"","meta":{"_uag_custom_page_level_css":"","ub_ctt_via":"","site-sidebar-layout":"default","site-content-layout":"default","ast-global-header-display":"","ast-main-header-display":"","ast-hfb-above-header-display":"","ast-hfb-below-header-display":"","ast-hfb-mobile-header-display":"","site-post-title":"disabled","ast-breadcrumbs-content":"","ast-featured-img":"","footer-sml-layout":"","theme-transparent-header-meta":"","adv-header-id-meta":"","stick-header-meta":"","header-above-stick-meta":"","header-main-stick-meta":"","header-below-stick-meta":"","footnotes":""},"featured_image_src":null,"uagb_featured_image_src":{"full":false,"thumbnail":false,"medium":false,"medium_large":false,"large":false,"1536x1536":false,"2048x2048":false},"uagb_author_info":{"display_name":"Visitors","author_link":"https:\/\/monteriver.com\/de\/author\/modrarijeka2023_vq6wkb\/"},"uagb_comment_info":0,"uagb_excerpt":"H\u00e4ufig gestellte Fragen (FAQ) Im Folgenden finden Sie die h\u00e4ufigsten Fragen unserer G\u00e4ste und Besucher Rafting auf Tara und andere Touren, auf die wir Ihnen Antworten geben. F\u00fcr weitere Fragen kontaktieren Sie uns bitte unter reservationrafting@gmail.com oder +38267017419 (Viber \/ WhatsApp).","_links":{"self":[{"href":"https:\/\/monteriver.com\/de\/wp-json\/wp\/v2\/pages\/1740"}],"collection":[{"href":"https:\/\/monteriver.com\/de\/wp-json\/wp\/v2\/pages"}],"about":[{"href":"https:\/\/monteriver.com\/de\/wp-json\/wp\/v2\/types\/page"}],"author":[{"embeddable":true,"href":"https:\/\/monteriver.com\/de\/wp-json\/wp\/v2\/users\/1"}],"replies":[{"embeddable":true,"href":"https:\/\/monteriver.com\/de\/wp-json\/wp\/v2\/comments?post=1740"}],"version-history":[{"count":4,"href":"https:\/\/monteriver.com\/de\/wp-json\/wp\/v2\/pages\/1740\/revisions"}],"predecessor-version":[{"id":1745,"href":"https:\/\/monteriver.com\/de\/wp-json\/wp\/v2\/pages\/1740\/revisions\/1745"}],"wp:attachment":[{"href":"https:\/\/monteriver.com\/de\/wp-json\/wp\/v2\/media?parent=1740"}],"curies":[{"name":"wp","href":"https:\/\/api.w.org\/{rel}","templated":true}]}}