{"id":1734,"date":"2023-03-14T17:21:22","date_gmt":"2023-03-14T17:21:22","guid":{"rendered":"https:\/\/monteriver.com\/teambildung\/"},"modified":"2024-07-01T09:34:39","modified_gmt":"2024-07-01T09:34:39","slug":"teambildung","status":"publish","type":"page","link":"https:\/\/monteriver.com\/de\/teambildung\/","title":{"rendered":"Teambildung"},"content":{"rendered":"\n<div class=\"wp-block-cover alignfull\" style=\"min-height:500px\"><span aria-hidden=\"true\" class=\"wp-block-cover__background has-background-dim-20 has-background-dim\"><\/span><img decoding=\"async\" loading=\"lazy\" width=\"1200\" height=\"500\" class=\"wp-block-cover__image-background wp-image-399\" alt=\"Team building na raftingu u Crnoj Gori u kampu Modra Rijeka\" src=\"https:\/\/monteriver.com\/wp-content\/uploads\/2023\/03\/teambuilding-rafting-tara.jpg\" data-object-fit=\"cover\" srcset=\"https:\/\/monteriver.com\/wp-content\/uploads\/2023\/03\/teambuilding-rafting-tara.jpg 1200w, https:\/\/monteriver.com\/wp-content\/uploads\/2023\/03\/teambuilding-rafting-tara-300x125.jpg 300w, https:\/\/monteriver.com\/wp-content\/uploads\/2023\/03\/teambuilding-rafting-tara-1024x427.jpg 1024w, https:\/\/monteriver.com\/wp-content\/uploads\/2023\/03\/teambuilding-rafting-tara-768x320.jpg 768w\" sizes=\"(max-width: 1200px) 100vw, 1200px\" \/><div class=\"wp-block-cover__inner-container is-layout-flow wp-block-cover-is-layout-flow\">\n<h1 class=\"wp-block-heading has-text-align-center\" style=\"font-size:70px\">Teambuilding Rafting Tara<\/h1>\n\n\n<div class=\"ub-buttons align-button-center\"  id=\"ub-button-96975aaf-e61f-437e-bc69-d14cbc027f4e\"><div class=\"ub-button-container\">\n    <a href=\"#upit\" target=\"_self\"\n    rel=\"noopener noreferrer\"\n    class=\"ub-button-block-main ub-button-medium ub-button-flex-medium\" role=\"button\">\n    <div class=\"ub-button-content-holder\"><span class=\"ub-button-icon-holder\"><svg xmlns=\"http:\/\/www.w3.org\/2000\/svg\"height=\"30\", width=\"30\"viewBox=\"0, 0, 256, 512\"><path fill=\"currentColor\" d=\"M246.6 233.4c12.5 12.5 12.5 32.8 0 45.3l-160 160c-12.5 12.5-32.8 12.5-45.3 0s-12.5-32.8 0-45.3L178.7 256 41.4 118.6c-12.5-12.5-12.5-32.8 0-45.3s32.8-12.5 45.3 0l160 160z\"><\/svg><\/span><span class=\"ub-button-block-btn\"><strong>BUCHEN SIE JETZT<br><\/strong><\/span>\n    <\/div><\/a><\/div><\/div><\/div><\/div>\n\n\n\n<div class=\"wp-block-columns alignfull are-vertically-aligned-top has-ast-global-color-0-background-color has-background is-layout-flex wp-container-5 wp-block-columns-is-layout-flex\">\n<div class=\"wp-block-column is-vertically-aligned-top is-layout-flow wp-block-column-is-layout-flow\" style=\"flex-basis:20%\"><\/div>\n\n\n\n<div class=\"wp-block-column is-vertically-aligned-top is-layout-flow wp-block-column-is-layout-flow\">\n<p class=\"has-text-align-left has-ast-global-color-5-color has-text-color has-medium-font-size\">Das Rafting Camp Modra Rijeka ist seit 15 Jahren <strong>ein anerkannter Ort f\u00fcr die Organisation ph\u00e4nomenaler Teambuilding-Treffen f\u00fcr<\/strong> <strong> die gr\u00f6\u00dften renommierten Unternehmen aus der Region.<\/strong> Es ist erwiesen, dass der Aufenthalt in der Natur und zahlreiche gemeinsame Erlebnistouren den Teamgeist, das gegenseitige Vertrauen und die Kreativit\u00e4t der Mitarbeiter im Unternehmen st\u00e4rken.<\/p>\n<\/div>\n\n\n\n<div class=\"wp-block-column is-vertically-aligned-top is-layout-flow wp-block-column-is-layout-flow\" style=\"flex-basis:20%\"><\/div>\n<\/div>\n\n\n\n<div class=\"wp-block-uagb-image alignfull uagb-block-e3a826e8 wp-block-uagb-image--layout-default wp-block-uagb-image--effect-zoomin wp-block-uagb-image--align-full\"><figure class=\"wp-block-uagb-image__figure\"><img decoding=\"async\" srcset=\"https:\/\/monteriver.com\/wp-content\/uploads\/2023\/03\/shape-1.svg \" sizes=\"(max-width: 480px) 150px\" src=\"https:\/\/monteriver.com\/wp-content\/uploads\/2023\/03\/shape-1.svg\" alt=\"shape\" class=\"uag-image-558\" width=\"1200\" height=\"100\" title=\"\" loading=\"lazy\"\/><\/figure><\/div>\n\n\n\n<div class=\"wp-block-columns are-vertically-aligned-top is-layout-flex wp-container-10 wp-block-columns-is-layout-flex\">\n<div class=\"wp-block-column is-vertically-aligned-top is-layout-flow wp-block-column-is-layout-flow\" style=\"flex-basis:10px\"><\/div>\n\n\n\n<div class=\"wp-block-column is-vertically-aligned-top is-layout-flow wp-block-column-is-layout-flow\">\n<h2 class=\"wp-block-heading\">Goldmedaille f\u00fcr die Organisation von Teambuilding-Aktivit\u00e4ten<\/h2>\n\n\n\n<p class=\"has-medium-font-size\">Es ist uns eine Freude, zu loben und <strong>Eine gro\u00dfe Goldmedaille mit 53 Jahren. Novi Sad Tourismusmesse f\u00fcr au\u00dfergew\u00f6hnliche Bedingungen und umfangreiche Erfahrung in Teambuilding-Aktivit\u00e4ten<\/strong>.<\/p>\n\n\n\n<p class=\"has-medium-font-size\">Wir freuen uns sehr, dass jedes Wochenende von Mai bis Oktober mindestens ein erfolgreiches Unternehmen bei uns zu Gast ist, was unsere reiche Erfahrung in der Organisation, Durchf\u00fchrung und den Vorschl\u00e4gen f\u00fcr die sch\u00f6nsten Teambuilding-Treffen f\u00fcr Sie und Ihre Kollegen kontinuierlich verbessert.<\/p>\n<\/div>\n\n\n\n<div class=\"wp-block-column is-vertically-aligned-top is-layout-flow wp-block-column-is-layout-flow\">\n<figure class=\"wp-block-image size-full has-custom-border\"><img decoding=\"async\" loading=\"lazy\" width=\"500\" height=\"802\" src=\"https:\/\/monteriver.com\/wp-content\/uploads\/2023\/03\/medalja-teambuilding.jpg\" alt=\"Teambuilding Goldmedaille auf der Messe f\u00fcr Rafting Camp Modra Rijeka\" class=\"wp-image-402\" style=\"border-radius:8px\" srcset=\"https:\/\/monteriver.com\/wp-content\/uploads\/2023\/03\/medalja-teambuilding.jpg 500w, https:\/\/monteriver.com\/wp-content\/uploads\/2023\/03\/medalja-teambuilding-187x300.jpg 187w\" sizes=\"(max-width: 500px) 100vw, 500px\" \/><\/figure>\n<\/div>\n\n\n\n<div class=\"wp-block-column is-vertically-aligned-top is-layout-flow wp-block-column-is-layout-flow\" style=\"flex-basis:10px\"><\/div>\n<\/div>\n\n\n\n<h2 class=\"wp-block-heading has-text-align-center\">Teambuilding-Fotos<\/h2>\n\n\n\t\t\t\t\t<div\n\t\t\t\t\t\tclass=\"wp-block-uagb-image-gallery uagb-block-267a6208     \"\n\t\t\t\t\t\tstyle=\"\"\n\t\t\t\t\t>\n\t\t\t\t\t\t\t\t\t\t\t<div class=\"spectra-image-gallery spectra-image-gallery__layout--grid spectra-image-gallery__layout--grid-col-2 spectra-image-gallery__layout--grid-col-tab-2 spectra-image-gallery__layout--grid-col-mob-1\">\n\t\t\t\t\t\t\t\t\t\t\t<div class='spectra-image-gallery__media-wrapper' data-spectra-gallery-image-id='405'>\n\t\t\t\t\t\t\t<div class=\"spectra-image-gallery__media spectra-image-gallery__media--grid\">\n\t\t\t\t<picture>\n\t\t\t\t\t<source media=\"(min-width: 1024px)\" srcset=\"https:\/\/monteriver.com\/wp-content\/uploads\/2023\/03\/rafting-modra-rijeka-team-building_1.jpg\">\n\t\t\t\t\t<source media=\"(min-width: 768px)\" srcset=\"https:\/\/monteriver.com\/wp-content\/uploads\/2023\/03\/rafting-modra-rijeka-team-building_1-1024x683.jpg\">\n\t\t\t\t\t<img decoding=\"async\" class=\"spectra-image-gallery__media-thumbnail spectra-image-gallery__media-thumbnail--grid\" src=\"https:\/\/monteriver.com\/wp-content\/uploads\/2023\/03\/rafting-modra-rijeka-team-building_1.jpg\" alt=\"Rafting Tara team building za kompanije\" loading=\"lazy\" \/>\n\t\t\t\t<\/picture>\n\t\t\t\t<div class=\"spectra-image-gallery__media-thumbnail-blurrer\"><\/div>\n\t\t\t\t\t\t\t\t\t\t\t<div class=\"spectra-image-gallery__media-thumbnail-caption-wrapper spectra-image-gallery__media-thumbnail-caption-wrapper--overlay\"><\/div>\n\t\t\t\t\t\t\t\t<\/div>\n\t\t\t\t\t\t<\/div>\n\t\t\t\t\t\t<div class='spectra-image-gallery__media-wrapper' data-spectra-gallery-image-id='406'>\n\t\t\t\t\t\t\t<div class=\"spectra-image-gallery__media spectra-image-gallery__media--grid\">\n\t\t\t\t<picture>\n\t\t\t\t\t<source media=\"(min-width: 1024px)\" srcset=\"https:\/\/monteriver.com\/wp-content\/uploads\/2023\/03\/rafting-tara-team-building_1.jpg\">\n\t\t\t\t\t<source media=\"(min-width: 768px)\" srcset=\"https:\/\/monteriver.com\/wp-content\/uploads\/2023\/03\/rafting-tara-team-building_1-1024x683.jpg\">\n\t\t\t\t\t<img decoding=\"async\" class=\"spectra-image-gallery__media-thumbnail spectra-image-gallery__media-thumbnail--grid\" src=\"https:\/\/monteriver.com\/wp-content\/uploads\/2023\/03\/rafting-tara-team-building_1.jpg\" alt=\"Rafting kamp Modra Rijeka team building\" loading=\"lazy\" \/>\n\t\t\t\t<\/picture>\n\t\t\t\t<div class=\"spectra-image-gallery__media-thumbnail-blurrer\"><\/div>\n\t\t\t\t\t\t\t\t\t\t\t<div class=\"spectra-image-gallery__media-thumbnail-caption-wrapper spectra-image-gallery__media-thumbnail-caption-wrapper--overlay\"><\/div>\n\t\t\t\t\t\t\t\t<\/div>\n\t\t\t\t\t\t<\/div>\n\t\t\t\t\t\t<div class='spectra-image-gallery__media-wrapper' data-spectra-gallery-image-id='407'>\n\t\t\t\t\t\t\t<div class=\"spectra-image-gallery__media spectra-image-gallery__media--grid\">\n\t\t\t\t<picture>\n\t\t\t\t\t<source media=\"(min-width: 1024px)\" srcset=\"https:\/\/monteriver.com\/wp-content\/uploads\/2023\/03\/team-bilding-rafting-tara_1.jpg\">\n\t\t\t\t\t<source media=\"(min-width: 768px)\" srcset=\"https:\/\/monteriver.com\/wp-content\/uploads\/2023\/03\/team-bilding-rafting-tara_1-1024x683.jpg\">\n\t\t\t\t\t<img decoding=\"async\" class=\"spectra-image-gallery__media-thumbnail spectra-image-gallery__media-thumbnail--grid\" src=\"https:\/\/monteriver.com\/wp-content\/uploads\/2023\/03\/team-bilding-rafting-tara_1.jpg\" alt=\"Team building na rafting\" loading=\"lazy\" \/>\n\t\t\t\t<\/picture>\n\t\t\t\t<div class=\"spectra-image-gallery__media-thumbnail-blurrer\"><\/div>\n\t\t\t\t\t\t\t\t\t\t\t<div class=\"spectra-image-gallery__media-thumbnail-caption-wrapper spectra-image-gallery__media-thumbnail-caption-wrapper--overlay\"><\/div>\n\t\t\t\t\t\t\t\t<\/div>\n\t\t\t\t\t\t<\/div>\n\t\t\t\t\t\t<div class='spectra-image-gallery__media-wrapper' data-spectra-gallery-image-id='408'>\n\t\t\t\t\t\t\t<div class=\"spectra-image-gallery__media spectra-image-gallery__media--grid\">\n\t\t\t\t<picture>\n\t\t\t\t\t<source media=\"(min-width: 1024px)\" srcset=\"https:\/\/monteriver.com\/wp-content\/uploads\/2023\/03\/team-building-rafting-tara-1_1.jpg\">\n\t\t\t\t\t<source media=\"(min-width: 768px)\" srcset=\"https:\/\/monteriver.com\/wp-content\/uploads\/2023\/03\/team-building-rafting-tara-1_1-1024x683.jpg\">\n\t\t\t\t\t<img decoding=\"async\" class=\"spectra-image-gallery__media-thumbnail spectra-image-gallery__media-thumbnail--grid\" src=\"https:\/\/monteriver.com\/wp-content\/uploads\/2023\/03\/team-building-rafting-tara-1_1.jpg\" alt=\"Team building u rafting kampu Modra Rijeka\" loading=\"lazy\" \/>\n\t\t\t\t<\/picture>\n\t\t\t\t<div class=\"spectra-image-gallery__media-thumbnail-blurrer\"><\/div>\n\t\t\t\t\t\t\t\t\t\t\t<div class=\"spectra-image-gallery__media-thumbnail-caption-wrapper spectra-image-gallery__media-thumbnail-caption-wrapper--overlay\"><\/div>\n\t\t\t\t\t\t\t\t<\/div>\n\t\t\t\t\t\t<\/div>\n\t\t\t\t\t\t<div class='spectra-image-gallery__media-wrapper' data-spectra-gallery-image-id='409'>\n\t\t\t\t\t\t\t<div class=\"spectra-image-gallery__media spectra-image-gallery__media--grid\">\n\t\t\t\t<picture>\n\t\t\t\t\t<source media=\"(min-width: 1024px)\" srcset=\"https:\/\/monteriver.com\/wp-content\/uploads\/2023\/03\/team-building-rafting-tara-2_1.jpg\">\n\t\t\t\t\t<source media=\"(min-width: 768px)\" srcset=\"https:\/\/monteriver.com\/wp-content\/uploads\/2023\/03\/team-building-rafting-tara-2_1-1024x683.jpg\">\n\t\t\t\t\t<img decoding=\"async\" class=\"spectra-image-gallery__media-thumbnail spectra-image-gallery__media-thumbnail--grid\" src=\"https:\/\/monteriver.com\/wp-content\/uploads\/2023\/03\/team-building-rafting-tara-2_1.jpg\" alt=\"Team building na rafting Tara \" loading=\"lazy\" \/>\n\t\t\t\t<\/picture>\n\t\t\t\t<div class=\"spectra-image-gallery__media-thumbnail-blurrer\"><\/div>\n\t\t\t\t\t\t\t\t\t\t\t<div class=\"spectra-image-gallery__media-thumbnail-caption-wrapper spectra-image-gallery__media-thumbnail-caption-wrapper--overlay\"><\/div>\n\t\t\t\t\t\t\t\t<\/div>\n\t\t\t\t\t\t<\/div>\n\t\t\t\t\t\t<div class='spectra-image-gallery__media-wrapper' data-spectra-gallery-image-id='410'>\n\t\t\t\t\t\t\t<div class=\"spectra-image-gallery__media spectra-image-gallery__media--grid\">\n\t\t\t\t<picture>\n\t\t\t\t\t<source media=\"(min-width: 1024px)\" srcset=\"https:\/\/monteriver.com\/wp-content\/uploads\/2023\/03\/team-building-rafting-tara-3_1.jpg\">\n\t\t\t\t\t<source media=\"(min-width: 768px)\" srcset=\"https:\/\/monteriver.com\/wp-content\/uploads\/2023\/03\/team-building-rafting-tara-3_1-1024x683.jpg\">\n\t\t\t\t\t<img decoding=\"async\" class=\"spectra-image-gallery__media-thumbnail spectra-image-gallery__media-thumbnail--grid\" src=\"https:\/\/monteriver.com\/wp-content\/uploads\/2023\/03\/team-building-rafting-tara-3_1.jpg\" alt=\"Team building na raftingu u Crnoj Gori\" loading=\"lazy\" \/>\n\t\t\t\t<\/picture>\n\t\t\t\t<div class=\"spectra-image-gallery__media-thumbnail-blurrer\"><\/div>\n\t\t\t\t\t\t\t\t\t\t\t<div class=\"spectra-image-gallery__media-thumbnail-caption-wrapper spectra-image-gallery__media-thumbnail-caption-wrapper--overlay\"><\/div>\n\t\t\t\t\t\t\t\t<\/div>\n\t\t\t\t\t\t<\/div>\n\t\t\t\t\t\t<div class='spectra-image-gallery__media-wrapper' data-spectra-gallery-image-id='411'>\n\t\t\t\t\t\t\t<div class=\"spectra-image-gallery__media spectra-image-gallery__media--grid\">\n\t\t\t\t<picture>\n\t\t\t\t\t<source media=\"(min-width: 1024px)\" srcset=\"https:\/\/monteriver.com\/wp-content\/uploads\/2023\/03\/team-building-rafting-tara-4_1.jpg\">\n\t\t\t\t\t<source media=\"(min-width: 768px)\" srcset=\"https:\/\/monteriver.com\/wp-content\/uploads\/2023\/03\/team-building-rafting-tara-4_1-1024x683.jpg\">\n\t\t\t\t\t<img decoding=\"async\" class=\"spectra-image-gallery__media-thumbnail spectra-image-gallery__media-thumbnail--grid\" src=\"https:\/\/monteriver.com\/wp-content\/uploads\/2023\/03\/team-building-rafting-tara-4_1.jpg\" alt=\"Team building na raftingu\" loading=\"lazy\" \/>\n\t\t\t\t<\/picture>\n\t\t\t\t<div class=\"spectra-image-gallery__media-thumbnail-blurrer\"><\/div>\n\t\t\t\t\t\t\t\t\t\t\t<div class=\"spectra-image-gallery__media-thumbnail-caption-wrapper spectra-image-gallery__media-thumbnail-caption-wrapper--overlay\"><\/div>\n\t\t\t\t\t\t\t\t<\/div>\n\t\t\t\t\t\t<\/div>\n\t\t\t\t\t\t\t\t\t\t<\/div>\n\t\t\t\t\t\t\t\t\t\t\t\t\t\t\t\t\t\t<\/div>\n\t\t\t\t\t\t\t\t\t\t\t<div class='spectra-image-gallery__control-lightbox' tabindex='0'>\n\t\t\t\t\t\t\t\t\t\t\t<div class=\"swiper spectra-image-gallery__control-lightbox--main\" dir=\"\">\n\t\t\t\t\t<div class=\"swiper-wrapper\">\n\t\t\t\t\t\t\t\t\t\t\t\t\t\n\t\t\t\t\t\t\t<div class=\"swiper-slide\">\n\t\t\t\t\t\t\t\t<img class=\"swiper-lazy\" data-src=\"https:\/\/monteriver.com\/wp-content\/uploads\/2023\/03\/rafting-modra-rijeka-team-building_1.jpg\" alt=\"Rafting Tara team building za kompanije\"\/>\n\t\t\t\t\t\t\t\t<div class=\"swiper-lazy-preloader swiper-lazy-preloader-white\"><\/div>\n\t\t\t\t\t\t\t\t\t\t\t\t\t\t\t<\/div>\n\t\t\t\t\t\t\t\t\t\t\t\t\t\n\t\t\t\t\t\t\t<div class=\"swiper-slide\">\n\t\t\t\t\t\t\t\t<img class=\"swiper-lazy\" data-src=\"https:\/\/monteriver.com\/wp-content\/uploads\/2023\/03\/rafting-tara-team-building_1.jpg\" alt=\"Rafting kamp Modra Rijeka team building\"\/>\n\t\t\t\t\t\t\t\t<div class=\"swiper-lazy-preloader swiper-lazy-preloader-white\"><\/div>\n\t\t\t\t\t\t\t\t\t\t\t\t\t\t\t<\/div>\n\t\t\t\t\t\t\t\t\t\t\t\t\t\n\t\t\t\t\t\t\t<div class=\"swiper-slide\">\n\t\t\t\t\t\t\t\t<img class=\"swiper-lazy\" data-src=\"https:\/\/monteriver.com\/wp-content\/uploads\/2023\/03\/team-bilding-rafting-tara_1.jpg\" alt=\"Team building na rafting\"\/>\n\t\t\t\t\t\t\t\t<div class=\"swiper-lazy-preloader swiper-lazy-preloader-white\"><\/div>\n\t\t\t\t\t\t\t\t\t\t\t\t\t\t\t<\/div>\n\t\t\t\t\t\t\t\t\t\t\t\t\t\n\t\t\t\t\t\t\t<div class=\"swiper-slide\">\n\t\t\t\t\t\t\t\t<img class=\"swiper-lazy\" data-src=\"https:\/\/monteriver.com\/wp-content\/uploads\/2023\/03\/team-building-rafting-tara-1_1.jpg\" alt=\"Team building u rafting kampu Modra Rijeka\"\/>\n\t\t\t\t\t\t\t\t<div class=\"swiper-lazy-preloader swiper-lazy-preloader-white\"><\/div>\n\t\t\t\t\t\t\t\t\t\t\t\t\t\t\t<\/div>\n\t\t\t\t\t\t\t\t\t\t\t\t\t\n\t\t\t\t\t\t\t<div class=\"swiper-slide\">\n\t\t\t\t\t\t\t\t<img class=\"swiper-lazy\" data-src=\"https:\/\/monteriver.com\/wp-content\/uploads\/2023\/03\/team-building-rafting-tara-2_1.jpg\" alt=\"Team building na rafting Tara \"\/>\n\t\t\t\t\t\t\t\t<div class=\"swiper-lazy-preloader swiper-lazy-preloader-white\"><\/div>\n\t\t\t\t\t\t\t\t\t\t\t\t\t\t\t<\/div>\n\t\t\t\t\t\t\t\t\t\t\t\t\t\n\t\t\t\t\t\t\t<div class=\"swiper-slide\">\n\t\t\t\t\t\t\t\t<img class=\"swiper-lazy\" data-src=\"https:\/\/monteriver.com\/wp-content\/uploads\/2023\/03\/team-building-rafting-tara-3_1.jpg\" alt=\"Team building na raftingu u Crnoj Gori\"\/>\n\t\t\t\t\t\t\t\t<div class=\"swiper-lazy-preloader swiper-lazy-preloader-white\"><\/div>\n\t\t\t\t\t\t\t\t\t\t\t\t\t\t\t<\/div>\n\t\t\t\t\t\t\t\t\t\t\t\t\t\n\t\t\t\t\t\t\t<div class=\"swiper-slide\">\n\t\t\t\t\t\t\t\t<img class=\"swiper-lazy\" data-src=\"https:\/\/monteriver.com\/wp-content\/uploads\/2023\/03\/team-building-rafting-tara-4_1.jpg\" alt=\"Team building na raftingu\"\/>\n\t\t\t\t\t\t\t\t<div class=\"swiper-lazy-preloader swiper-lazy-preloader-white\"><\/div>\n\t\t\t\t\t\t\t\t\t\t\t\t\t\t\t<\/div>\n\t\t\t\t\t\t\t\t\t\t\t<\/div>\n\t\t\t\t\t<div class=\"swiper-button-next\"><\/div>\n\t\t\t\t\t<div class=\"swiper-button-prev\"><\/div>\n\t\t\t\t<\/div>\t\t\t\n\t\t\t\t\t\t\t\t\t\t\t\t\t\t\t\t\t\t\t\t\t\t\t\t\t\t\t\t\t\t\t\t<button class='spectra-image-gallery__control-lightbox--close'>\n\t\t\t\t\t\t\t\t\t\t\t\t\t<svg xmlns=\"https:\/\/www.w3.org\/2000\/svg\" viewBox= \"0 0 320 512\"><path d=\"M310.6 361.4c12.5 12.5 12.5 32.75 0 45.25C304.4 412.9 296.2 416 288 416s-16.38-3.125-22.62-9.375L160 301.3L54.63 406.6C48.38 412.9 40.19 416 32 416S15.63 412.9 9.375 406.6c-12.5-12.5-12.5-32.75 0-45.25l105.4-105.4L9.375 150.6c-12.5-12.5-12.5-32.75 0-45.25s32.75-12.5 45.25 0L160 210.8l105.4-105.4c12.5-12.5 32.75-12.5 45.25 0s12.5 32.75 0 45.25l-105.4 105.4L310.6 361.4z\"><\/path><\/svg>\n\t\t\t\t\t\t\t\t\t\t\t\t<\/button>\n\t\t\t\t\t\t\t\t\t\t\t\t\t<\/div>\n\t\t\t\t\t\t\t\t\t\n\n\n<h2 class=\"wp-block-heading alignwide has-text-align-center\" id=\"upit\" style=\"margin-top:0px;margin-right:0px;margin-bottom:0px;margin-left:0px;padding-top:var(--wp--preset--spacing--40);padding-right:var(--wp--preset--spacing--40);padding-bottom:var(--wp--preset--spacing--40);padding-left:var(--wp--preset--spacing--40)\">Teambuilding buchen<\/h2>\n\n\n\n<div class=\"wp-block-columns are-vertically-aligned-top is-layout-flex wp-container-13 wp-block-columns-is-layout-flex\">\n<div class=\"wp-block-column is-vertically-aligned-top is-layout-flow wp-block-column-is-layout-flow\">\n<p class=\"has-medium-font-size\">In Anbetracht der Tatsache, dass die Wochenenden schnell gef\u00fcllt sind, empfehlen wir Ihnen, sich so fr\u00fch wie m\u00f6glich mit Ihnen in Verbindung zu setzen, um einen Aktivit\u00e4tsplan f\u00fcr Ihr Unternehmen zu erstellen und eine ideale Kombination von Arrangements zu treffen, die f\u00fcr Sie am angenehmsten sind (<a href=\"https:\/\/monteriver.com\/de\/zweitaegiges-tara-rafting\/\" data-type=\"page\" data-id=\"201\">Rafting<\/a>, Seilrutsche, <a href=\"https:\/\/monteriver.com\/jeep-safari-durmitor\/\" data-type=\"page\" data-id=\"271\">Jeep-Safari<\/a>, <a href=\"https:\/\/monteriver.com\/jahanje-konja\/\" data-type=\"page\" data-id=\"341\">Reiten<\/a>, <a href=\"https:\/\/monteriver.com\/krstarenje-pivskim-jezerom\/\" data-type=\"page\" data-id=\"295\">Piva-See-Kreuzfahrt<\/a>, Sportwettbewerb usw.).<\/p>\n\n\n\n<p class=\"has-medium-font-size\">Nat\u00fcrlich peppen wir jede Organisation mit einer ph\u00e4nomenalen Abendunterhaltung mit Live-Musik und Geselligkeit bis sp\u00e4t in die Nacht im Restaurant Rafting Camp Modra Rijeka am Ufer des Flusses Piva auf.<\/p>\n<\/div>\n\n\n\n<div class=\"wp-block-column is-vertically-aligned-top is-layout-flow wp-block-column-is-layout-flow\"><style id=\"wpforms-css-vars-2951\">\n\t\t\t\t#wpforms-2951 {\n\t\t\t\t\n\t\t\t}\n\t\t\t<\/style><div class=\"wpforms-container wpforms-container-full wpforms-render-modern\" id=\"wpforms-2951\"><form id=\"wpforms-form-2951\" class=\"wpforms-validate wpforms-form wpforms-ajax-form\" data-formid=\"2951\" method=\"post\" enctype=\"multipart\/form-data\" action=\"\/de\/wp-json\/wp\/v2\/pages\/1734\" data-token=\"1abc551ce763874975c54f3c56aa1122\" data-token-time=\"1776369914\"><noscript class=\"wpforms-error-noscript\">Bitte aktiviere JavaScript in deinem Browser, um dieses Formular fertigzustellen.<\/noscript><div id=\"wpforms-error-noscript\" style=\"display: none;\">Bitte aktiviere JavaScript in deinem Browser, um dieses Formular fertigzustellen.<\/div><div class=\"wpforms-field-container\"><div id=\"wpforms-2951-field_0-container\" class=\"wpforms-field wpforms-field-name\" data-field-id=\"0\"><label class=\"wpforms-field-label\" for=\"wpforms-2951-field_0\">Ime \/ Name <span class=\"wpforms-required-label\" aria-hidden=\"true\">*<\/span><\/label><input type=\"text\" id=\"wpforms-2951-field_0\" class=\"wpforms-field-medium wpforms-field-required\" name=\"wpforms[fields][0]\" aria-errormessage=\"wpforms-2951-field_0-error\" required><\/div><div id=\"wpforms-2951-field_1-container\" class=\"wpforms-field wpforms-field-email\" data-field-id=\"1\"><label class=\"wpforms-field-label\" for=\"wpforms-2951-field_1\">Email <span class=\"wpforms-required-label\" aria-hidden=\"true\">*<\/span><\/label><input type=\"email\" id=\"wpforms-2951-field_1\" class=\"wpforms-field-medium wpforms-field-required\" name=\"wpforms[fields][1]\" spellcheck=\"false\" aria-errormessage=\"wpforms-2951-field_1-error\" required><\/div><div id=\"wpforms-2951-field_4-container\" class=\"wpforms-field wpforms-field-text\" data-field-id=\"4\"><label class=\"wpforms-field-label\" for=\"wpforms-2951-field_4\">Broj telefona \/ Phone number <span class=\"wpforms-required-label\" aria-hidden=\"true\">*<\/span><\/label><input type=\"text\" id=\"wpforms-2951-field_4\" class=\"wpforms-field-medium wpforms-field-required wpforms-limit-characters-enabled\" data-form-id=\"2951\" data-field-id=\"4\" data-text-limit=\"35\" name=\"wpforms[fields][4]\" aria-errormessage=\"wpforms-2951-field_4-error\" maxlength=\"35\" required><\/div><div id=\"wpforms-2951-field_2-container\" class=\"wpforms-field wpforms-field-textarea\" data-field-id=\"2\"><label class=\"wpforms-field-label\" for=\"wpforms-2951-field_2\">Poruka \/ Message <span class=\"wpforms-required-label\" aria-hidden=\"true\">*<\/span><\/label><textarea id=\"wpforms-2951-field_2\" class=\"wpforms-field-medium wpforms-field-required wpforms-limit-characters-enabled\" data-form-id=\"2951\" data-field-id=\"2\" data-text-limit=\"300\" name=\"wpforms[fields][2]\" aria-errormessage=\"wpforms-2951-field_2-error\" maxlength=\"300\" required><\/textarea><\/div><\/div><!-- .wpforms-field-container --><div class=\"wpforms-recaptcha-container wpforms-is-turnstile\" ><div class=\"wpforms-turnstile\" data-sitekey=\"0x4AAAAAAAR41itqZS3h383m\" data-action=\"FormID-2951\"><\/div><input type=\"text\" name=\"g-recaptcha-hidden\" class=\"wpforms-recaptcha-hidden\" style=\"position:absolute!important;clip:rect(0,0,0,0)!important;height:1px!important;width:1px!important;border:0!important;overflow:hidden!important;padding:0!important;margin:0!important;\" data-rule-turnstile=\"1\"><\/div><div class=\"wpforms-submit-container\" ><input type=\"hidden\" name=\"wpforms[id]\" value=\"2951\"><input type=\"hidden\" name=\"page_title\" value=\"\"><input type=\"hidden\" name=\"page_url\" value=\"https:\/\/monteriver.com\/de\/wp-json\/wp\/v2\/pages\/1734\"><input type=\"hidden\" name=\"url_referer\" value=\"\"><button type=\"submit\" name=\"wpforms[submit]\" id=\"wpforms-submit-2951\" class=\"wpforms-submit\" data-alt-text=\"Sending...\" data-submit-text=\"Po\u0161alji \/ Send\" aria-live=\"assertive\" value=\"wpforms-submit\">Po\u0161alji \/ Send<\/button><img src=\"https:\/\/monteriver.com\/wp-content\/plugins\/wpforms-lite\/assets\/images\/submit-spin.svg\" class=\"wpforms-submit-spinner\" style=\"display: none;\" width=\"26\" height=\"26\" alt=\"Wird geladen\"><\/div><\/form><\/div>  <!-- .wpforms-container -->\n<\/div>\n<\/div>\n","protected":false},"excerpt":{"rendered":"<p>Das Rafting Camp Modra Rijeka ist seit 15 Jahren ein anerkannter Ort f\u00fcr die Organisation ph\u00e4nomenaler Teambuilding-Treffen f\u00fcr die gr\u00f6\u00dften renommierten Unternehmen aus der Region. Es ist erwiesen, dass der Aufenthalt in der Natur und zahlreiche gemeinsame Erlebnistouren den Teamgeist, das gegenseitige Vertrauen und die Kreativit\u00e4t der Mitarbeiter im Unternehmen st\u00e4rken. Goldmedaille f\u00fcr die Organisation &hellip;<\/p>\n<p class=\"read-more\"> <a class=\"\" href=\"https:\/\/monteriver.com\/de\/teambildung\/\"> <span class=\"screen-reader-text\">Teambildung<\/span> Weiterlesen &raquo;<\/a><\/p>\n","protected":false},"author":1,"featured_media":0,"parent":0,"menu_order":0,"comment_status":"closed","ping_status":"closed","template":"","meta":{"_uag_custom_page_level_css":"","ub_ctt_via":"","site-sidebar-layout":"no-sidebar","site-content-layout":"plain-container","ast-global-header-display":"","ast-main-header-display":"","ast-hfb-above-header-display":"","ast-hfb-below-header-display":"","ast-hfb-mobile-header-display":"","site-post-title":"disabled","ast-breadcrumbs-content":"","ast-featured-img":"","footer-sml-layout":"","theme-transparent-header-meta":"","adv-header-id-meta":"","stick-header-meta":"","header-above-stick-meta":"","header-main-stick-meta":"","header-below-stick-meta":"","footnotes":""},"featured_image_src":null,"uagb_featured_image_src":{"full":false,"thumbnail":false,"medium":false,"medium_large":false,"large":false,"1536x1536":false,"2048x2048":false},"uagb_author_info":{"display_name":"Visitors","author_link":"https:\/\/monteriver.com\/de\/author\/modrarijeka2023_vq6wkb\/"},"uagb_comment_info":0,"uagb_excerpt":"Das Rafting Camp Modra Rijeka ist seit 15 Jahren ein anerkannter Ort f\u00fcr die Organisation ph\u00e4nomenaler Teambuilding-Treffen f\u00fcr die gr\u00f6\u00dften renommierten Unternehmen aus der Region. Es ist erwiesen, dass der Aufenthalt in der Natur und zahlreiche gemeinsame Erlebnistouren den Teamgeist, das gegenseitige Vertrauen und die Kreativit\u00e4t der Mitarbeiter im Unternehmen st\u00e4rken. Goldmedaille f\u00fcr die Organisation&hellip;","_links":{"self":[{"href":"https:\/\/monteriver.com\/de\/wp-json\/wp\/v2\/pages\/1734"}],"collection":[{"href":"https:\/\/monteriver.com\/de\/wp-json\/wp\/v2\/pages"}],"about":[{"href":"https:\/\/monteriver.com\/de\/wp-json\/wp\/v2\/types\/page"}],"author":[{"embeddable":true,"href":"https:\/\/monteriver.com\/de\/wp-json\/wp\/v2\/users\/1"}],"replies":[{"embeddable":true,"href":"https:\/\/monteriver.com\/de\/wp-json\/wp\/v2\/comments?post=1734"}],"version-history":[{"count":6,"href":"https:\/\/monteriver.com\/de\/wp-json\/wp\/v2\/pages\/1734\/revisions"}],"predecessor-version":[{"id":3218,"href":"https:\/\/monteriver.com\/de\/wp-json\/wp\/v2\/pages\/1734\/revisions\/3218"}],"wp:attachment":[{"href":"https:\/\/monteriver.com\/de\/wp-json\/wp\/v2\/media?parent=1734"}],"curies":[{"name":"wp","href":"https:\/\/api.w.org\/{rel}","templated":true}]}}