{"id":1730,"date":"2023-03-17T11:24:01","date_gmt":"2023-03-17T11:24:01","guid":{"rendered":"https:\/\/monteriver.com\/scepan-polje-i-soko-stadt\/"},"modified":"2023-04-13T21:20:36","modified_gmt":"2023-04-13T21:20:36","slug":"scepan-polje-i-soko-stadt","status":"publish","type":"page","link":"https:\/\/monteriver.com\/de\/scepan-polje-i-soko-stadt\/","title":{"rendered":"Scepan Polje i Soko Stadt"},"content":{"rendered":"\n<div class=\"wp-block-cover alignfull\" style=\"min-height:500px\"><span aria-hidden=\"true\" class=\"wp-block-cover__background has-background-dim-20 has-background-dim\"><\/span><img decoding=\"async\" loading=\"lazy\" width=\"1200\" height=\"500\" class=\"wp-block-cover__image-background wp-image-501\" alt=\"\u0160\u0107epan Polje i Soko grad u Pivi\" src=\"https:\/\/monteriver.com\/wp-content\/uploads\/2023\/03\/scepan-polje-soko-grad-piva.webp\" data-object-fit=\"cover\" srcset=\"https:\/\/monteriver.com\/wp-content\/uploads\/2023\/03\/scepan-polje-soko-grad-piva.webp 1200w, https:\/\/monteriver.com\/wp-content\/uploads\/2023\/03\/scepan-polje-soko-grad-piva-300x125.webp 300w, https:\/\/monteriver.com\/wp-content\/uploads\/2023\/03\/scepan-polje-soko-grad-piva-1024x427.webp 1024w, https:\/\/monteriver.com\/wp-content\/uploads\/2023\/03\/scepan-polje-soko-grad-piva-768x320.webp 768w\" sizes=\"(max-width: 1200px) 100vw, 1200px\" \/><div class=\"wp-block-cover__inner-container is-layout-flow wp-block-cover-is-layout-flow\">\n<h1 class=\"wp-block-heading has-text-align-center\" style=\"font-size:70px\">Scepan Polje i Soko Stadt<\/h1>\n<\/div><\/div>\n\n\n\n<div class=\"wp-block-columns alignfull are-vertically-aligned-top has-ast-global-color-5-background-color has-background is-layout-flex wp-container-5 wp-block-columns-is-layout-flex\">\n<div class=\"wp-block-column is-vertically-aligned-top is-layout-flow wp-block-column-is-layout-flow\" style=\"flex-basis:20%\"><\/div>\n\n\n\n<div class=\"wp-block-column is-vertically-aligned-top is-layout-flow wp-block-column-is-layout-flow\">\n<p class=\"has-medium-font-size\">Scepan Polje, das Zentrum des Abenteuer- und Raftingtourismus in Montenegro, ist ein kleiner Ort in der N\u00e4he des Grenz\u00fcbergangs zwischen Montenegro und Bosnien und Herzegowina (es liegt an der Hauptstra\u00dfe Podgorica &#8211; Sarajevo). Das Rafting Camp Modra Rijeka befindet sich im sch\u00f6nsten Teil von Scepan Polje, direkt am Ufer des Flusses, nur 300 m vom Zentrum von Scepan Polje entfernt.<\/p>\n\n\n\n<p class=\"has-medium-font-size\">Das Rafting Camp Modra Rijeka liegt im Herzen von Scepan Polje und doch weit genug vom Zentrum entfernt (weniger als eine Minute mit dem Auto entfernt), sodass Ihr Genuss und Ihre Entspannung in der wundersch\u00f6nen unber\u00fchrten Natur in unserem Rafting Camp garantiert sind.<\/p>\n\n\n\n<p class=\"has-medium-font-size\">Oberhalb von Scepan Polje und von der Terrasse unseres Restaurants Modra Rijeka blickt man auf die mittelalterliche Soko Grad, erbaut von Herzog Scepan Vukcic Kosaca, nach dem Scepan Polje auch seinen Namen erhielt. Von der anderen Seite des Restaurants hat man einen Blick auf die unwirklich blaue Farbe des Flusses Piva und die wundersch\u00f6ne Schlucht&#8230;<\/p>\n<\/div>\n\n\n\n<div class=\"wp-block-column is-vertically-aligned-top is-layout-flow wp-block-column-is-layout-flow\" style=\"flex-basis:20%\"><\/div>\n<\/div>\n\n\n\n<div class=\"wp-block-columns is-layout-flex wp-container-7 wp-block-columns-is-layout-flex\">\n<div class=\"wp-block-column is-layout-flow wp-block-column-is-layout-flow\"><div class=\"ub-buttons align-button-center\"  id=\"ub-button-5011350e-7ffb-4d6e-af8e-a8967a59e453\"><div class=\"ub-button-container\">\n    <a href=\"https:\/\/monteriver.com\/rafting-fotografije\/\" target=\"_self\"\n    rel=\"noopener noreferrer\"\n    class=\"ub-button-block-main ub-button-medium ub-button-flex-medium\" role=\"button\">\n    <div class=\"ub-button-content-holder\"><span class=\"ub-button-icon-holder\"><svg xmlns=\"http:\/\/www.w3.org\/2000\/svg\"height=\"30\", width=\"30\"viewBox=\"0, 0, 256, 512\"><path fill=\"currentColor\" d=\"M246.6 233.4c12.5 12.5 12.5 32.8 0 45.3l-160 160c-12.5 12.5-32.8 12.5-45.3 0s-12.5-32.8 0-45.3L178.7 256 41.4 118.6c-12.5-12.5-12.5-32.8 0-45.3s32.8-12.5 45.3 0l160 160z\"><\/svg><\/span><span class=\"ub-button-block-btn\"><strong>SIEHE FOTOS<\/strong><\/span>\n    <\/div><\/a><\/div><\/div><\/div>\n<\/div>\n","protected":false},"excerpt":{"rendered":"<p>Scepan Polje, das Zentrum des Abenteuer- und Raftingtourismus in Montenegro, ist ein kleiner Ort in der N\u00e4he des Grenz\u00fcbergangs zwischen Montenegro und Bosnien und Herzegowina (es liegt an der Hauptstra\u00dfe Podgorica &#8211; Sarajevo). Das Rafting Camp Modra Rijeka befindet sich im sch\u00f6nsten Teil von Scepan Polje, direkt am Ufer des Flusses, nur 300 m vom &hellip;<\/p>\n<p class=\"read-more\"> <a class=\"\" href=\"https:\/\/monteriver.com\/de\/scepan-polje-i-soko-stadt\/\"> <span class=\"screen-reader-text\">Scepan Polje i Soko Stadt<\/span> Weiterlesen &raquo;<\/a><\/p>\n","protected":false},"author":1,"featured_media":0,"parent":0,"menu_order":0,"comment_status":"closed","ping_status":"closed","template":"","meta":{"_uag_custom_page_level_css":"","ub_ctt_via":"","site-sidebar-layout":"default","site-content-layout":"default","ast-global-header-display":"","ast-main-header-display":"","ast-hfb-above-header-display":"","ast-hfb-below-header-display":"","ast-hfb-mobile-header-display":"","site-post-title":"disabled","ast-breadcrumbs-content":"","ast-featured-img":"","footer-sml-layout":"","theme-transparent-header-meta":"","adv-header-id-meta":"","stick-header-meta":"","header-above-stick-meta":"","header-main-stick-meta":"","header-below-stick-meta":"","footnotes":""},"featured_image_src":null,"uagb_featured_image_src":{"full":false,"thumbnail":false,"medium":false,"medium_large":false,"large":false,"1536x1536":false,"2048x2048":false},"uagb_author_info":{"display_name":"Visitors","author_link":"https:\/\/monteriver.com\/de\/author\/modrarijeka2023_vq6wkb\/"},"uagb_comment_info":0,"uagb_excerpt":"Scepan Polje, das Zentrum des Abenteuer- und Raftingtourismus in Montenegro, ist ein kleiner Ort in der N\u00e4he des Grenz\u00fcbergangs zwischen Montenegro und Bosnien und Herzegowina (es liegt an der Hauptstra\u00dfe Podgorica &#8211; Sarajevo). Das Rafting Camp Modra Rijeka befindet sich im sch\u00f6nsten Teil von Scepan Polje, direkt am Ufer des Flusses, nur 300 m vom&hellip;","_links":{"self":[{"href":"https:\/\/monteriver.com\/de\/wp-json\/wp\/v2\/pages\/1730"}],"collection":[{"href":"https:\/\/monteriver.com\/de\/wp-json\/wp\/v2\/pages"}],"about":[{"href":"https:\/\/monteriver.com\/de\/wp-json\/wp\/v2\/types\/page"}],"author":[{"embeddable":true,"href":"https:\/\/monteriver.com\/de\/wp-json\/wp\/v2\/users\/1"}],"replies":[{"embeddable":true,"href":"https:\/\/monteriver.com\/de\/wp-json\/wp\/v2\/comments?post=1730"}],"version-history":[{"count":2,"href":"https:\/\/monteriver.com\/de\/wp-json\/wp\/v2\/pages\/1730\/revisions"}],"predecessor-version":[{"id":1733,"href":"https:\/\/monteriver.com\/de\/wp-json\/wp\/v2\/pages\/1730\/revisions\/1733"}],"wp:attachment":[{"href":"https:\/\/monteriver.com\/de\/wp-json\/wp\/v2\/media?parent=1730"}],"curies":[{"name":"wp","href":"https:\/\/api.w.org\/{rel}","templated":true}]}}