{"id":1723,"date":"2023-03-16T21:41:33","date_gmt":"2023-03-16T21:41:33","guid":{"rendered":"https:\/\/monteriver.com\/beer-river\/"},"modified":"2023-04-13T21:12:58","modified_gmt":"2023-04-13T21:12:58","slug":"piva-river","status":"publish","type":"page","link":"https:\/\/monteriver.com\/de\/piva-river\/","title":{"rendered":"Piva River"},"content":{"rendered":"\n<div class=\"wp-block-cover alignfull\" style=\"min-height:500px\"><span aria-hidden=\"true\" class=\"wp-block-cover__background has-background-dim-20 has-background-dim\"><\/span><img decoding=\"async\" loading=\"lazy\" width=\"1200\" height=\"500\" class=\"wp-block-cover__image-background wp-image-482\" alt=\"Drveni most na rijeci Piva kod Pluzina\" src=\"https:\/\/monteriver.com\/wp-content\/uploads\/2023\/03\/rijeka-piva-pluzine.webp\" data-object-fit=\"cover\" srcset=\"https:\/\/monteriver.com\/wp-content\/uploads\/2023\/03\/rijeka-piva-pluzine.webp 1200w, https:\/\/monteriver.com\/wp-content\/uploads\/2023\/03\/rijeka-piva-pluzine-300x125.webp 300w, https:\/\/monteriver.com\/wp-content\/uploads\/2023\/03\/rijeka-piva-pluzine-1024x427.webp 1024w, https:\/\/monteriver.com\/wp-content\/uploads\/2023\/03\/rijeka-piva-pluzine-768x320.webp 768w\" sizes=\"(max-width: 1200px) 100vw, 1200px\" \/><div class=\"wp-block-cover__inner-container is-layout-flow wp-block-cover-is-layout-flow\">\n<h1 class=\"wp-block-heading has-text-align-center\" style=\"font-size:70px\">Piva River<\/h1>\n<\/div><\/div>\n\n\n\n<div class=\"wp-block-columns alignfull are-vertically-aligned-top has-ast-global-color-5-background-color has-background is-layout-flex wp-container-5 wp-block-columns-is-layout-flex\">\n<div class=\"wp-block-column is-vertically-aligned-top is-layout-flow wp-block-column-is-layout-flow\" style=\"flex-basis:20%\"><\/div>\n\n\n\n<div class=\"wp-block-column is-vertically-aligned-top is-layout-flow wp-block-column-is-layout-flow\">\n<p class=\"has-text-align-left has-medium-font-size\"><strong>Die Schlucht des Flusses Piva<\/strong>, der entlang des Flusses Tara einen der sch\u00f6nsten, wenn nicht den sch\u00f6nsten Fluss in Montenegro darstellt, wird durch die Berge Magli\u0107, Volujak, Pivska planina gemittelt. Die Schlucht ist ca. 33km lang und ca. 1200m tief.<\/p>\n<\/div>\n\n\n\n<div class=\"wp-block-column is-vertically-aligned-top is-layout-flow wp-block-column-is-layout-flow\" style=\"flex-basis:20%\"><\/div>\n<\/div>\n\n\n\n<div class=\"wp-block-columns alignfull is-layout-flex wp-container-10 wp-block-columns-is-layout-flex\">\n<div class=\"wp-block-column is-layout-flow wp-block-column-is-layout-flow\" style=\"flex-basis:5%\"><\/div>\n\n\n\n<div class=\"wp-block-column is-vertically-aligned-center is-layout-flow wp-block-column-is-layout-flow\">\n<p class=\"has-medium-font-size\">Das Wasserkraftwerk Piva teilte 1975 den Piva-Canyon. Der Mratinje-Staudamm ist 220 m hoch und einer der gr\u00f6\u00dften Staud\u00e4mme Europas. Der Mratinje-Staudamm ist f\u00fcr unsere G\u00e4ste \u00e4u\u00dferst interessant und bei der Ankunft im Camp nutzt jeder die Gelegenheit, sch\u00f6ne Fotos von diesem imposanten Geb\u00e4ude zu machen.<\/p>\n<\/div>\n\n\n\n<div class=\"wp-block-column is-layout-flow wp-block-column-is-layout-flow\">\n<figure class=\"wp-block-image size-full has-custom-border\"><img decoding=\"async\" loading=\"lazy\" width=\"900\" height=\"600\" src=\"https:\/\/monteriver.com\/wp-content\/uploads\/2023\/03\/rijeka-piva-crna-gora.webp\" alt=\"Fluss Piva Montenegro\" class=\"wp-image-638\" style=\"border-radius:8px\" srcset=\"https:\/\/monteriver.com\/wp-content\/uploads\/2023\/03\/rijeka-piva-crna-gora.webp 900w, https:\/\/monteriver.com\/wp-content\/uploads\/2023\/03\/rijeka-piva-crna-gora-300x200.webp 300w, https:\/\/monteriver.com\/wp-content\/uploads\/2023\/03\/rijeka-piva-crna-gora-768x512.webp 768w\" sizes=\"(max-width: 900px) 100vw, 900px\" \/><\/figure>\n<\/div>\n\n\n\n<div class=\"wp-block-column is-layout-flow wp-block-column-is-layout-flow\" style=\"flex-basis:5%\"><\/div>\n<\/div>\n\n\n\n<div class=\"wp-block-columns alignfull has-ast-global-color-0-background-color has-background is-layout-flex wp-container-15 wp-block-columns-is-layout-flex\">\n<div class=\"wp-block-column is-layout-flow wp-block-column-is-layout-flow\" style=\"flex-basis:5%\"><\/div>\n\n\n\n<div class=\"wp-block-column is-layout-flow wp-block-column-is-layout-flow\">\n<figure class=\"wp-block-image size-full has-custom-border\"><img decoding=\"async\" loading=\"lazy\" width=\"1200\" height=\"800\" src=\"https:\/\/monteriver.com\/wp-content\/uploads\/2023\/03\/pivsko-jezero.webp\" alt=\"Biersee im Naturpark Piva\" class=\"wp-image-476\" style=\"border-radius:8px\" srcset=\"https:\/\/monteriver.com\/wp-content\/uploads\/2023\/03\/pivsko-jezero.webp 1200w, https:\/\/monteriver.com\/wp-content\/uploads\/2023\/03\/pivsko-jezero-300x200.webp 300w, https:\/\/monteriver.com\/wp-content\/uploads\/2023\/03\/pivsko-jezero-1024x683.webp 1024w, https:\/\/monteriver.com\/wp-content\/uploads\/2023\/03\/pivsko-jezero-768x512.webp 768w\" sizes=\"(max-width: 1200px) 100vw, 1200px\" \/><\/figure>\n<\/div>\n\n\n\n<div class=\"wp-block-column is-vertically-aligned-center is-layout-flow wp-block-column-is-layout-flow\">\n<p class=\"has-ast-global-color-5-color has-text-color has-medium-font-size\">Der Damm schuf auch einen wundersch\u00f6nen m\u00e4rchenhaften Piva-See, der an einigen Stellen sogar bis zu 200 m tief ist.<br>Das Rafting Camp Modra Rijeka wurde nach der sch\u00f6nen, blauen Farbe des Flusses Piva benannt, an dessen Ufer es sich befindet. In unmittelbarer N\u00e4he des Rafting-Camps befinden sich die Kompositionen von Piva, Tara und Drina, als ein einzigartiger Ort auf der Welt, an dem drei sch\u00f6ne Fl\u00fcsse zu einem Punkt verschmelzen.<\/p>\n<\/div>\n\n\n\n<div class=\"wp-block-column is-layout-flow wp-block-column-is-layout-flow\" style=\"flex-basis:5%\"><\/div>\n<\/div>\n\n\n\n<div class=\"wp-block-columns alignfull is-layout-flex wp-container-20 wp-block-columns-is-layout-flex\">\n<div class=\"wp-block-column is-layout-flow wp-block-column-is-layout-flow\" style=\"flex-basis:5%\"><\/div>\n\n\n\n<div class=\"wp-block-column is-vertically-aligned-center is-layout-flow wp-block-column-is-layout-flow\">\n<p class=\"has-medium-font-size\">In der N\u00e4he des Rafting-Camps befindet sich eine sch\u00f6ne Drahtbr\u00fccke \u00fcber den Fluss Piva, die jedes Jahr von einer gro\u00dfen Anzahl von Touristen besucht wird, die die sch\u00f6ne Szene genie\u00dfen Roggen und wahrscheinlich der am meisten fotografierte Ort in der Gegend, der auf den Fotos aller Besucher festgehalten bleibt.<\/p>\n<\/div>\n\n\n\n<div class=\"wp-block-column is-layout-flow wp-block-column-is-layout-flow\">\n<figure class=\"wp-block-image size-full has-custom-border\"><img decoding=\"async\" loading=\"lazy\" width=\"1200\" height=\"800\" src=\"https:\/\/monteriver.com\/wp-content\/uploads\/2023\/03\/most-rijeka-piva.webp\" alt=\"Holzbr\u00fccke \u00fcber den Fluss Piva\" class=\"wp-image-477\" style=\"border-radius:8px\" srcset=\"https:\/\/monteriver.com\/wp-content\/uploads\/2023\/03\/most-rijeka-piva.webp 1200w, https:\/\/monteriver.com\/wp-content\/uploads\/2023\/03\/most-rijeka-piva-300x200.webp 300w, https:\/\/monteriver.com\/wp-content\/uploads\/2023\/03\/most-rijeka-piva-1024x683.webp 1024w, https:\/\/monteriver.com\/wp-content\/uploads\/2023\/03\/most-rijeka-piva-768x512.webp 768w\" sizes=\"(max-width: 1200px) 100vw, 1200px\" \/><\/figure>\n<\/div>\n\n\n\n<div class=\"wp-block-column is-layout-flow wp-block-column-is-layout-flow\" style=\"flex-basis:5%\"><\/div>\n<\/div>\n\n\n\n<div class=\"wp-block-columns is-layout-flex wp-container-22 wp-block-columns-is-layout-flex\">\n<div class=\"wp-block-column is-layout-flow wp-block-column-is-layout-flow\"><div class=\"ub-buttons align-button-center\"  id=\"ub-button-d9f46f81-1752-441d-ba43-9ffe8e2033ca\"><div class=\"ub-button-container\">\n    <a href=\"https:\/\/monteriver.com\/rafting-fotografije\/\" target=\"_self\"\n    rel=\"noopener noreferrer\"\n    class=\"ub-button-block-main ub-button-medium ub-button-flex-medium\" role=\"button\">\n    <div class=\"ub-button-content-holder\"><span class=\"ub-button-icon-holder\"><svg xmlns=\"http:\/\/www.w3.org\/2000\/svg\"height=\"30\", width=\"30\"viewBox=\"0, 0, 256, 512\"><path fill=\"currentColor\" d=\"M246.6 233.4c12.5 12.5 12.5 32.8 0 45.3l-160 160c-12.5 12.5-32.8 12.5-45.3 0s-12.5-32.8 0-45.3L178.7 256 41.4 118.6c-12.5-12.5-12.5-32.8 0-45.3s32.8-12.5 45.3 0l160 160z\"><\/svg><\/span><span class=\"ub-button-block-btn\"><strong>FOTOS<\/strong><\/span>\n    <\/div><\/a><\/div><\/div><\/div>\n<\/div>\n","protected":false},"excerpt":{"rendered":"<p>Die Schlucht des Flusses Piva, der entlang des Flusses Tara einen der sch\u00f6nsten, wenn nicht den sch\u00f6nsten Fluss in Montenegro darstellt, wird durch die Berge Magli\u0107, Volujak, Pivska planina gemittelt. Die Schlucht ist ca. 33km lang und ca. 1200m tief. Das Wasserkraftwerk Piva teilte 1975 den Piva-Canyon. Der Mratinje-Staudamm ist 220 m hoch und einer &hellip;<\/p>\n<p class=\"read-more\"> <a class=\"\" href=\"https:\/\/monteriver.com\/de\/piva-river\/\"> <span class=\"screen-reader-text\">Piva River<\/span> Weiterlesen &raquo;<\/a><\/p>\n","protected":false},"author":1,"featured_media":0,"parent":0,"menu_order":0,"comment_status":"closed","ping_status":"closed","template":"","meta":{"_uag_custom_page_level_css":"","ub_ctt_via":"","site-sidebar-layout":"default","site-content-layout":"default","ast-global-header-display":"","ast-main-header-display":"","ast-hfb-above-header-display":"","ast-hfb-below-header-display":"","ast-hfb-mobile-header-display":"","site-post-title":"disabled","ast-breadcrumbs-content":"","ast-featured-img":"","footer-sml-layout":"","theme-transparent-header-meta":"","adv-header-id-meta":"","stick-header-meta":"","header-above-stick-meta":"","header-main-stick-meta":"","header-below-stick-meta":"","footnotes":""},"featured_image_src":null,"uagb_featured_image_src":{"full":false,"thumbnail":false,"medium":false,"medium_large":false,"large":false,"1536x1536":false,"2048x2048":false},"uagb_author_info":{"display_name":"Visitors","author_link":"https:\/\/monteriver.com\/de\/author\/modrarijeka2023_vq6wkb\/"},"uagb_comment_info":0,"uagb_excerpt":"Die Schlucht des Flusses Piva, der entlang des Flusses Tara einen der sch\u00f6nsten, wenn nicht den sch\u00f6nsten Fluss in Montenegro darstellt, wird durch die Berge Magli\u0107, Volujak, Pivska planina gemittelt. Die Schlucht ist ca. 33km lang und ca. 1200m tief. Das Wasserkraftwerk Piva teilte 1975 den Piva-Canyon. Der Mratinje-Staudamm ist 220 m hoch und einer&hellip;","_links":{"self":[{"href":"https:\/\/monteriver.com\/de\/wp-json\/wp\/v2\/pages\/1723"}],"collection":[{"href":"https:\/\/monteriver.com\/de\/wp-json\/wp\/v2\/pages"}],"about":[{"href":"https:\/\/monteriver.com\/de\/wp-json\/wp\/v2\/types\/page"}],"author":[{"embeddable":true,"href":"https:\/\/monteriver.com\/de\/wp-json\/wp\/v2\/users\/1"}],"replies":[{"embeddable":true,"href":"https:\/\/monteriver.com\/de\/wp-json\/wp\/v2\/comments?post=1723"}],"version-history":[{"count":4,"href":"https:\/\/monteriver.com\/de\/wp-json\/wp\/v2\/pages\/1723\/revisions"}],"predecessor-version":[{"id":1727,"href":"https:\/\/monteriver.com\/de\/wp-json\/wp\/v2\/pages\/1723\/revisions\/1727"}],"wp:attachment":[{"href":"https:\/\/monteriver.com\/de\/wp-json\/wp\/v2\/media?parent=1723"}],"curies":[{"name":"wp","href":"https:\/\/api.w.org\/{rel}","templated":true}]}}