{"id":1717,"date":"2023-03-20T20:28:26","date_gmt":"2023-03-20T20:28:26","guid":{"rendered":"https:\/\/monteriver.com\/restaurant\/"},"modified":"2024-06-22T13:51:33","modified_gmt":"2024-06-22T13:51:33","slug":"restaurant","status":"publish","type":"page","link":"https:\/\/monteriver.com\/de\/restaurant\/","title":{"rendered":"Restaurant"},"content":{"rendered":"\n<div class=\"wp-block-cover alignfull is-light\" style=\"min-height:500px\"><span aria-hidden=\"true\" class=\"wp-block-cover__background has-background-dim-20 has-background-dim\"><\/span><img decoding=\"async\" loading=\"lazy\" width=\"1200\" height=\"500\" class=\"wp-block-cover__image-background wp-image-714\" alt=\"Smje\u0161taj u rafting kampu Modra Rijeka\" src=\"https:\/\/monteriver.com\/wp-content\/uploads\/2023\/03\/restoran-rafting-kamp-modra-rijeka.jpg\" data-object-fit=\"cover\" srcset=\"https:\/\/monteriver.com\/wp-content\/uploads\/2023\/03\/restoran-rafting-kamp-modra-rijeka.jpg 1200w, https:\/\/monteriver.com\/wp-content\/uploads\/2023\/03\/restoran-rafting-kamp-modra-rijeka-300x125.jpg 300w, https:\/\/monteriver.com\/wp-content\/uploads\/2023\/03\/restoran-rafting-kamp-modra-rijeka-1024x427.jpg 1024w, https:\/\/monteriver.com\/wp-content\/uploads\/2023\/03\/restoran-rafting-kamp-modra-rijeka-768x320.jpg 768w\" sizes=\"(max-width: 1200px) 100vw, 1200px\" \/><div class=\"wp-block-cover__inner-container is-layout-flow wp-block-cover-is-layout-flow\">\n<h1 class=\"wp-block-heading has-text-align-center\" style=\"font-size:70px\">Restaurant<\/h1>\n<\/div><\/div>\n\n\n\n<div class=\"wp-block-columns is-layout-flex wp-container-5 wp-block-columns-is-layout-flex\">\n<div class=\"wp-block-column is-layout-flow wp-block-column-is-layout-flow\" style=\"flex-basis:10%\"><\/div>\n\n\n\n<div class=\"wp-block-column is-layout-flow wp-block-column-is-layout-flow\" style=\"flex-basis:80%\">\n<p class=\"has-text-align-center has-medium-font-size\">Das Rafting-Camp Modra Rijeka ist der Gewinner der <strong>Gro\u00dfen Goldmedaille auf der Tourismusmesse Novi Sad f\u00fcr die h\u00f6chste Qualit\u00e4t der Restaurants der lokalen K\u00fcche und des Essens<\/strong>.<\/p>\n<\/div>\n\n\n\n<div class=\"wp-block-column is-layout-flow wp-block-column-is-layout-flow\" style=\"flex-basis:10%\"><\/div>\n<\/div>\n\n\n\n<div class=\"wp-block-columns alignfull is-layout-flex wp-container-10 wp-block-columns-is-layout-flex\">\n<div class=\"wp-block-column is-layout-flow wp-block-column-is-layout-flow\" style=\"flex-basis:5%\"><\/div>\n\n\n\n<div class=\"wp-block-column is-layout-flow wp-block-column-is-layout-flow\">\n<p class=\"has-medium-font-size\"><strong>Restaurant Rafting CampA Modra Rijeka verf\u00fcgt \u00fcber 150 Sitzpl\u00e4tze<\/strong> im inneren Teil, \u00fcberdachte und nicht \u00fcberdachte Terrassen. Eine besondere Atmosph\u00e4re f\u00fcr alle unsere G\u00e4ste und Rafting-Enthusiasten auf Tara ist das Servieren von Mahlzeiten auf der Terrasse am Ufer des Flusses Piva. Nirgends werden Sie ein sch\u00f6neres Abendessen und eine sch\u00f6nere Atmosph\u00e4re haben, mit einer ph\u00e4nomenalen Aussicht, die sich bis zur Schlucht eines der sch\u00f6nsten Fl\u00fcsse Europas erstreckt.<\/p>\n<\/div>\n\n\n\n<div class=\"wp-block-column is-layout-flow wp-block-column-is-layout-flow\">\n<p class=\"has-medium-font-size\">Unser Catering-Team sorgt daf\u00fcr, dass immer nationale Spezialit\u00e4ten f\u00fcr Sie bereit stehen, die Sie in vollen Z\u00fcgen genie\u00dfen k\u00f6nnen. Wir sind immer bereit, eine Vielzahl von Gerichten f\u00fcr Sie zu kreieren (Gourmet, vegetarisch, glutenfrei sowie andere Gerichte Ihrer Wahl). Fast <strong>alle Produkte sind biologischen Ursprungs<\/strong>, <strong>die von lokalen Z\u00fcchtern und Produzenten gekauft<\/strong> werden, und auf diese Weise k\u00f6nnen Sie den echten, gesunden Geschmack genie\u00dfen und sich dem Charme unserer Spezialit\u00e4ten hingeben.<\/p>\n<\/div>\n\n\n\n<div class=\"wp-block-column is-layout-flow wp-block-column-is-layout-flow\" style=\"flex-basis:5%\"><\/div>\n<\/div>\n\n\n\n<h2 class=\"wp-block-heading\">Men\u00fc<\/h2>\n\n\n\n<div class=\"wp-block-columns alignfull is-layout-flex wp-container-15 wp-block-columns-is-layout-flex\">\n<div class=\"wp-block-column is-layout-flow wp-block-column-is-layout-flow\" style=\"flex-basis:5%\"><\/div>\n\n\n\n<div class=\"wp-block-column is-vertically-aligned-center is-layout-flow wp-block-column-is-layout-flow\" style=\"flex-basis:40%\">\n<h3 class=\"wp-block-heading\">Fr\u00fchst\u00fcck, salzig und s\u00fc\u00df<\/h3>\n<\/div>\n\n\n\n<div class=\"wp-block-column is-layout-flow wp-block-column-is-layout-flow\" style=\"flex-basis:50%\"><ul class=\"ub_styled_list\" id=\"ub_styled_list-3a887b7f-9548-4c31-a2c4-eaea76d3b487\">\n<li class=\"ub_styled_list_item\">Warmes, frisches Fr\u00fchst\u00fcck mit Eiern in jeder Hinsicht, montenegrinischem Schinken, Speck, Wurst, Kulen, Zucchini, hausgemachtem K\u00e4se, Sahne\u2026<\/li>\n\n<li class=\"ub_styled_list_item\">Geb\u00e4ck mit K\u00e4se, Honig, Marmelade, Sahne, Zucker<\/li>\n<\/ul><\/div>\n\n\n\n<div class=\"wp-block-column is-layout-flow wp-block-column-is-layout-flow\" style=\"flex-basis:5%\"><\/div>\n<\/div>\n\n\n\n<div class=\"wp-block-columns alignfull has-ast-global-color-0-background-color has-background is-layout-flex wp-container-20 wp-block-columns-is-layout-flex\">\n<div class=\"wp-block-column is-layout-flow wp-block-column-is-layout-flow\" style=\"flex-basis:5%\"><\/div>\n\n\n\n<div class=\"wp-block-column is-vertically-aligned-center is-layout-flow wp-block-column-is-layout-flow\" style=\"flex-basis:40%\">\n<h3 class=\"wp-block-heading has-ast-global-color-5-color has-text-color\">Mittagessen<\/h3>\n<\/div>\n\n\n\n<div class=\"wp-block-column is-layout-flow wp-block-column-is-layout-flow\" style=\"flex-basis:50%\"><ul class=\"ub_styled_list\" id=\"ub_styled_list-606b7db2-f0c7-4adb-9b18-984083308a34\">\n<li class=\"ub_styled_list_item\">Hausgemachte Suppe aus verschiedenen Gem\u00fcsesorten<\/li>\n\n<li class=\"ub_styled_list_item\">Lamm, Kalb, Schweinefleisch in Sacha, Kartoffeln in Sacha gebacken, Reis mit Gem\u00fcse<\/li>\n\n<li class=\"ub_styled_list_item\">Forelle, Reis, Kartoffeln unter der Sonne<\/li>\n\n<li class=\"ub_styled_list_item\">Grill (W\u00fcrstchen, Kebabs, Burger, Spie\u00dfe usw.)<\/li>\n\n<li class=\"ub_styled_list_item\">Frische Salate<\/li>\n<\/ul><\/div>\n\n\n\n<div class=\"wp-block-column is-layout-flow wp-block-column-is-layout-flow\" style=\"flex-basis:5%\"><\/div>\n<\/div>\n\n\n\n<div class=\"wp-block-columns alignfull is-layout-flex wp-container-25 wp-block-columns-is-layout-flex\">\n<div class=\"wp-block-column is-layout-flow wp-block-column-is-layout-flow\" style=\"flex-basis:5%\"><\/div>\n\n\n\n<div class=\"wp-block-column is-vertically-aligned-center is-layout-flow wp-block-column-is-layout-flow\" style=\"flex-basis:40%\">\n<h3 class=\"wp-block-heading\">Abendessen<\/h3>\n<\/div>\n\n\n\n<div class=\"wp-block-column is-layout-flow wp-block-column-is-layout-flow\" style=\"flex-basis:50%\"><ul class=\"ub_styled_list\" id=\"ub_styled_list-652e3101-d846-4484-9187-a99a3f366163\">\n<li class=\"ub_styled_list_item\">Die Spezialit\u00e4t des Camps &#8211; Fleisch auf b\u00e4uerliche Art, eine unvermeidliche Wahl f\u00fcr alle, die ins Rafting Camp Modra Rijeka kommen<\/li>\n\n<li class=\"ub_styled_list_item\">Forelle, Reis, Kartoffeln unter der Sonne<\/li>\n\n<li class=\"ub_styled_list_item\">Grill (W\u00fcrstchen, Kebabs, Burger, Spie\u00dfe usw.)<\/li>\n\n<li class=\"ub_styled_list_item\">Frische Salate<\/li>\n<\/ul><\/div>\n\n\n\n<div class=\"wp-block-column is-layout-flow wp-block-column-is-layout-flow\" style=\"flex-basis:5%\"><\/div>\n<\/div>\n\n\n\n<div class=\"wp-block-columns alignfull is-layout-flex wp-container-28 wp-block-columns-is-layout-flex\">\n<div class=\"wp-block-column is-vertically-aligned-center is-layout-flow wp-block-column-is-layout-flow\">\n<h3 class=\"wp-block-heading\">REICHHALTIGES VEGETARISCHES, VEGANES UND GLUTENFREIES MEN\u00dc! <\/h3>\n\n\n\n<p class=\"has-medium-font-size\">Bitte teilen Sie uns alle Sonderw\u00fcnsche f\u00fcr Speisen nur bei der Buchung des Arrangements mit, damit wir alles rechtzeitig vorbereiten k\u00f6nnen.<\/p>\n<\/div>\n\n\n\n<div class=\"wp-block-column is-layout-flow wp-block-column-is-layout-flow\">\n<figure class=\"wp-block-image size-full has-custom-border is-style-default\"><img decoding=\"async\" loading=\"lazy\" width=\"1920\" height=\"1278\" src=\"https:\/\/monteriver.com\/wp-content\/uploads\/2023\/03\/rucak-modra-rijeka.webp\" alt=\"Reichhaltiges Mittagessen im Raftingcamp Modra Rijeka Restaurant\" class=\"wp-image-717\" style=\"border-radius:8px\" srcset=\"https:\/\/monteriver.com\/wp-content\/uploads\/2023\/03\/rucak-modra-rijeka.webp 1920w, https:\/\/monteriver.com\/wp-content\/uploads\/2023\/03\/rucak-modra-rijeka-300x200.webp 300w, https:\/\/monteriver.com\/wp-content\/uploads\/2023\/03\/rucak-modra-rijeka-1024x682.webp 1024w, https:\/\/monteriver.com\/wp-content\/uploads\/2023\/03\/rucak-modra-rijeka-768x511.webp 768w, https:\/\/monteriver.com\/wp-content\/uploads\/2023\/03\/rucak-modra-rijeka-1536x1022.webp 1536w\" sizes=\"(max-width: 1920px) 100vw, 1920px\" \/><\/figure>\n<\/div>\n<\/div>\n\n\n\n<div class=\"wp-block-columns alignfull is-layout-flex wp-container-31 wp-block-columns-is-layout-flex\">\n<div class=\"wp-block-column is-vertically-aligned-center is-layout-flow wp-block-column-is-layout-flow\">\n<figure class=\"wp-block-image size-full has-custom-border\"><img decoding=\"async\" loading=\"lazy\" width=\"1920\" height=\"1278\" src=\"https:\/\/monteriver.com\/wp-content\/uploads\/2023\/03\/hrana-modra-rijeka.webp\" alt=\"Mittagessen mit Fleisch im Restaurant des Rafting-Campingplatzes Modra Rijeka\" class=\"wp-image-716\" style=\"border-radius:8px\" srcset=\"https:\/\/monteriver.com\/wp-content\/uploads\/2023\/03\/hrana-modra-rijeka.webp 1920w, https:\/\/monteriver.com\/wp-content\/uploads\/2023\/03\/hrana-modra-rijeka-300x200.webp 300w, https:\/\/monteriver.com\/wp-content\/uploads\/2023\/03\/hrana-modra-rijeka-1024x682.webp 1024w, https:\/\/monteriver.com\/wp-content\/uploads\/2023\/03\/hrana-modra-rijeka-768x511.webp 768w, https:\/\/monteriver.com\/wp-content\/uploads\/2023\/03\/hrana-modra-rijeka-1536x1022.webp 1536w\" sizes=\"(max-width: 1920px) 100vw, 1920px\" \/><\/figure>\n<\/div>\n\n\n\n<div class=\"wp-block-column is-vertically-aligned-center is-layout-flow wp-block-column-is-layout-flow\">\n<p class=\"has-medium-font-size\">In unserem Restaurant finden Sie alle Arten von alkoholischen und alkoholfreien Getr\u00e4nken: kohlens\u00e4urehaltige und kohlens\u00e4urefreie S\u00e4fte, Biere, Weine, montenegrinische Schn\u00e4pse aller Geschmacksrichtungen usw. <\/p>\n\n\n\n<p class=\"has-medium-font-size\">Auch nur im Rafting-Camp Modra Rijeka k\u00f6nnen Sie Premier-Br\u00e4nde aus erstklassigen Fr\u00fcchten genie\u00dfen, die auf vielen Weltausstellungen Goldmedaillen gewonnen haben (Quitte, Aprikose, Williams, Pflaume, Weinrebe).<\/p>\n<\/div>\n<\/div>\n","protected":false},"excerpt":{"rendered":"<p>Das Rafting-Camp Modra Rijeka ist der Gewinner der Gro\u00dfen Goldmedaille auf der Tourismusmesse Novi Sad f\u00fcr die h\u00f6chste Qualit\u00e4t der Restaurants der lokalen K\u00fcche und des Essens. Restaurant Rafting CampA Modra Rijeka verf\u00fcgt \u00fcber 150 Sitzpl\u00e4tze im inneren Teil, \u00fcberdachte und nicht \u00fcberdachte Terrassen. Eine besondere Atmosph\u00e4re f\u00fcr alle unsere G\u00e4ste und Rafting-Enthusiasten auf Tara &hellip;<\/p>\n<p class=\"read-more\"> <a class=\"\" href=\"https:\/\/monteriver.com\/de\/restaurant\/\"> <span class=\"screen-reader-text\">Restaurant<\/span> Weiterlesen &raquo;<\/a><\/p>\n","protected":false},"author":1,"featured_media":0,"parent":0,"menu_order":0,"comment_status":"closed","ping_status":"closed","template":"","meta":{"_uag_custom_page_level_css":"","ub_ctt_via":"","site-sidebar-layout":"default","site-content-layout":"default","ast-global-header-display":"","ast-main-header-display":"","ast-hfb-above-header-display":"","ast-hfb-below-header-display":"","ast-hfb-mobile-header-display":"","site-post-title":"disabled","ast-breadcrumbs-content":"","ast-featured-img":"","footer-sml-layout":"","theme-transparent-header-meta":"","adv-header-id-meta":"","stick-header-meta":"","header-above-stick-meta":"","header-main-stick-meta":"","header-below-stick-meta":"","footnotes":""},"featured_image_src":null,"uagb_featured_image_src":{"full":false,"thumbnail":false,"medium":false,"medium_large":false,"large":false,"1536x1536":false,"2048x2048":false},"uagb_author_info":{"display_name":"Visitors","author_link":"https:\/\/monteriver.com\/de\/author\/modrarijeka2023_vq6wkb\/"},"uagb_comment_info":0,"uagb_excerpt":"Das Rafting-Camp Modra Rijeka ist der Gewinner der Gro\u00dfen Goldmedaille auf der Tourismusmesse Novi Sad f\u00fcr die h\u00f6chste Qualit\u00e4t der Restaurants der lokalen K\u00fcche und des Essens. Restaurant Rafting CampA Modra Rijeka verf\u00fcgt \u00fcber 150 Sitzpl\u00e4tze im inneren Teil, \u00fcberdachte und nicht \u00fcberdachte Terrassen. Eine besondere Atmosph\u00e4re f\u00fcr alle unsere G\u00e4ste und Rafting-Enthusiasten auf Tara&hellip;","_links":{"self":[{"href":"https:\/\/monteriver.com\/de\/wp-json\/wp\/v2\/pages\/1717"}],"collection":[{"href":"https:\/\/monteriver.com\/de\/wp-json\/wp\/v2\/pages"}],"about":[{"href":"https:\/\/monteriver.com\/de\/wp-json\/wp\/v2\/types\/page"}],"author":[{"embeddable":true,"href":"https:\/\/monteriver.com\/de\/wp-json\/wp\/v2\/users\/1"}],"replies":[{"embeddable":true,"href":"https:\/\/monteriver.com\/de\/wp-json\/wp\/v2\/comments?post=1717"}],"version-history":[{"count":5,"href":"https:\/\/monteriver.com\/de\/wp-json\/wp\/v2\/pages\/1717\/revisions"}],"predecessor-version":[{"id":3207,"href":"https:\/\/monteriver.com\/de\/wp-json\/wp\/v2\/pages\/1717\/revisions\/3207"}],"wp:attachment":[{"href":"https:\/\/monteriver.com\/de\/wp-json\/wp\/v2\/media?parent=1717"}],"curies":[{"name":"wp","href":"https:\/\/api.w.org\/{rel}","templated":true}]}}