{"id":1712,"date":"2023-03-15T20:44:41","date_gmt":"2023-03-15T20:44:41","guid":{"rendered":"https:\/\/monteriver.com\/canyon-und-tara-river\/"},"modified":"2023-04-13T21:07:22","modified_gmt":"2023-04-13T21:07:22","slug":"canyon-und-tara-river","status":"publish","type":"page","link":"https:\/\/monteriver.com\/de\/canyon-und-tara-river\/","title":{"rendered":"Canyon und Tara River"},"content":{"rendered":"\n<div class=\"wp-block-cover alignfull\" style=\"min-height:500px\"><span aria-hidden=\"true\" class=\"wp-block-cover__background has-background-dim-20 has-background-dim\"><\/span><img decoding=\"async\" loading=\"lazy\" width=\"1200\" height=\"500\" class=\"wp-block-cover__image-background wp-image-464\" alt=\"Rijeka Tara i njen veli\u010danstveni kanjon\" src=\"https:\/\/monteriver.com\/wp-content\/uploads\/2023\/03\/kanjon-rijeka-tara.jpg\" data-object-fit=\"cover\" srcset=\"https:\/\/monteriver.com\/wp-content\/uploads\/2023\/03\/kanjon-rijeka-tara.jpg 1200w, https:\/\/monteriver.com\/wp-content\/uploads\/2023\/03\/kanjon-rijeka-tara-300x125.jpg 300w, https:\/\/monteriver.com\/wp-content\/uploads\/2023\/03\/kanjon-rijeka-tara-1024x427.jpg 1024w, https:\/\/monteriver.com\/wp-content\/uploads\/2023\/03\/kanjon-rijeka-tara-768x320.jpg 768w\" sizes=\"(max-width: 1200px) 100vw, 1200px\" \/><div class=\"wp-block-cover__inner-container is-layout-flow wp-block-cover-is-layout-flow\">\n<h1 class=\"wp-block-heading has-text-align-center\" style=\"font-size:70px\">Canyon und Tara River<\/h1>\n<\/div><\/div>\n\n\n\n<div class=\"wp-block-columns alignfull are-vertically-aligned-top has-ast-global-color-5-background-color has-background is-layout-flex wp-container-5 wp-block-columns-is-layout-flex\">\n<div class=\"wp-block-column is-vertically-aligned-top is-layout-flow wp-block-column-is-layout-flow\" style=\"flex-basis:20%\"><\/div>\n\n\n\n<div class=\"wp-block-column is-vertically-aligned-top is-layout-flow wp-block-column-is-layout-flow\">\n<p class=\"has-text-align-left has-medium-font-size\"><strong>Tara<\/strong> ist der <strong>l\u00e4ngste,<\/strong> <strong>sch\u00f6nste<\/strong> und <strong>klarste<\/strong> Fluss in <strong>Montenegro<\/strong>, der in einem Gebirgszug im Norden Montenegros entspringt und 144 km flie\u00dft, bis er auf \u0160\u0107epan Polje in den Fluss Piva trifft, nach dem der <strong>Fluss<\/strong> Drina, einer der l\u00e4ngsten und gr\u00f6\u00dften Fl\u00fcsse auf dem Balkan, gebildet wird. <\/p>\n\n\n\n<p class=\"has-text-align-left has-medium-font-size\">Tara schnitt die Schlucht etwa 80 km lang, und mit ihrer gr\u00f6\u00dften Tiefe von 1300 m ist sie die tiefste in Europa und die zweittiefste Schlucht der Welt, direkt nach Colorado.<\/p>\n<\/div>\n\n\n\n<div class=\"wp-block-column is-vertically-aligned-top is-layout-flow wp-block-column-is-layout-flow\" style=\"flex-basis:20%\"><\/div>\n<\/div>\n\n\n\n<div class=\"wp-block-columns alignfull is-layout-flex wp-container-10 wp-block-columns-is-layout-flex\">\n<div class=\"wp-block-column is-layout-flow wp-block-column-is-layout-flow\" style=\"flex-basis:5%\"><\/div>\n\n\n\n<div class=\"wp-block-column is-layout-flow wp-block-column-is-layout-flow\">\n<p class=\"has-medium-font-size\"><strong>Von Mai bis Oktober<\/strong> <strong>ist<\/strong> <strong>der Fluss Tara<\/strong> das Zentrum <strong>des Abenteuer-Raftings<\/strong><strong>, von mittelschweren bis wilden Abschnitten.<\/strong> Fans von Extremsportarten und alle, die auf der Suche nach Adrenalin sind, genie\u00dfen Rafting, dessen Schwierigkeitsgrad auf der Skala vom dritten bis zum f\u00fcnften Grad reicht, was es zu einem der intensivsten und anspruchsvollsten Rafting in Europa macht. <\/p>\n<\/div>\n\n\n\n<div class=\"wp-block-column is-layout-flow wp-block-column-is-layout-flow\">\n<figure class=\"wp-block-image size-full has-custom-border\"><img decoding=\"async\" loading=\"lazy\" width=\"900\" height=\"600\" src=\"https:\/\/monteriver.com\/wp-content\/uploads\/2023\/03\/rafting-rijeka-tara-1.jpg\" alt=\"Rafting auf dem Fluss Tara in Montenegro\" class=\"wp-image-460\" style=\"border-radius:8px\" srcset=\"https:\/\/monteriver.com\/wp-content\/uploads\/2023\/03\/rafting-rijeka-tara-1.jpg 900w, https:\/\/monteriver.com\/wp-content\/uploads\/2023\/03\/rafting-rijeka-tara-1-300x200.jpg 300w, https:\/\/monteriver.com\/wp-content\/uploads\/2023\/03\/rafting-rijeka-tara-1-768x512.jpg 768w\" sizes=\"(max-width: 900px) 100vw, 900px\" \/><\/figure>\n<\/div>\n\n\n\n<div class=\"wp-block-column is-layout-flow wp-block-column-is-layout-flow\" style=\"flex-basis:5%\"><\/div>\n<\/div>\n\n\n\n<div class=\"wp-block-columns alignfull has-ast-global-color-0-background-color has-background is-layout-flex wp-container-15 wp-block-columns-is-layout-flex\">\n<div class=\"wp-block-column is-layout-flow wp-block-column-is-layout-flow\" style=\"flex-basis:5%\"><\/div>\n\n\n\n<div class=\"wp-block-column is-layout-flow wp-block-column-is-layout-flow\">\n<figure class=\"wp-block-image size-full has-custom-border\"><img decoding=\"async\" loading=\"lazy\" width=\"900\" height=\"600\" src=\"https:\/\/monteriver.com\/wp-content\/uploads\/2023\/03\/rijeka-tara-vodopad.jpg\" alt=\"Wasserfall am Fluss Tara in Montenegro\" class=\"wp-image-461\" style=\"border-radius:8px\" srcset=\"https:\/\/monteriver.com\/wp-content\/uploads\/2023\/03\/rijeka-tara-vodopad.jpg 900w, https:\/\/monteriver.com\/wp-content\/uploads\/2023\/03\/rijeka-tara-vodopad-300x200.jpg 300w, https:\/\/monteriver.com\/wp-content\/uploads\/2023\/03\/rijeka-tara-vodopad-768x512.jpg 768w\" sizes=\"(max-width: 900px) 100vw, 900px\" \/><\/figure>\n<\/div>\n\n\n\n<div class=\"wp-block-column is-vertically-aligned-center is-layout-flow wp-block-column-is-layout-flow\">\n<p class=\"has-ast-global-color-5-color has-text-color has-medium-font-size\">Das attraktivste Angebot im Rafting Camp Blue River ist ein ph\u00e4nomenales Rafting-Abenteuer auf Tara, einem der sch\u00f6nsten Fl\u00fcsse Europas, dessen Wasser im gesamten Fluss Tara zum Trinken bestimmt ist und &#8222;die Tr\u00e4ne Europas&#8220; genannt wird. <\/p>\n<\/div>\n\n\n\n<div class=\"wp-block-column is-layout-flow wp-block-column-is-layout-flow\" style=\"flex-basis:5%\"><\/div>\n<\/div>\n\n\n\n<div class=\"wp-block-columns is-layout-flex wp-container-17 wp-block-columns-is-layout-flex\">\n<div class=\"wp-block-column is-layout-flow wp-block-column-is-layout-flow\"><div class=\"ub-buttons align-button-center\"  id=\"ub-button-1afbe6d7-eb64-41b8-9a4c-d84964f44631\"><div class=\"ub-button-container\">\n    <a href=\"https:\/\/monteriver.com\/rafting-fotografije\/\" target=\"_self\"\n    rel=\"noopener noreferrer\"\n    class=\"ub-button-block-main ub-button-medium ub-button-flex-medium\" role=\"button\">\n    <div class=\"ub-button-content-holder\"><span class=\"ub-button-icon-holder\"><svg xmlns=\"http:\/\/www.w3.org\/2000\/svg\"height=\"30\", width=\"30\"viewBox=\"0, 0, 256, 512\"><path fill=\"currentColor\" d=\"M246.6 233.4c12.5 12.5 12.5 32.8 0 45.3l-160 160c-12.5 12.5-32.8 12.5-45.3 0s-12.5-32.8 0-45.3L178.7 256 41.4 118.6c-12.5-12.5-12.5-32.8 0-45.3s32.8-12.5 45.3 0l160 160z\"><\/svg><\/span><span class=\"ub-button-block-btn\"><strong>FOTOS<\/strong><\/span>\n    <\/div><\/a><\/div><\/div><\/div>\n<\/div>\n","protected":false},"excerpt":{"rendered":"<p>Tara ist der l\u00e4ngste, sch\u00f6nste und klarste Fluss in Montenegro, der in einem Gebirgszug im Norden Montenegros entspringt und 144 km flie\u00dft, bis er auf \u0160\u0107epan Polje in den Fluss Piva trifft, nach dem der Fluss Drina, einer der l\u00e4ngsten und gr\u00f6\u00dften Fl\u00fcsse auf dem Balkan, gebildet wird. Tara schnitt die Schlucht etwa 80 km &hellip;<\/p>\n<p class=\"read-more\"> <a class=\"\" href=\"https:\/\/monteriver.com\/de\/canyon-und-tara-river\/\"> <span class=\"screen-reader-text\">Canyon und Tara River<\/span> Weiterlesen &raquo;<\/a><\/p>\n","protected":false},"author":1,"featured_media":0,"parent":0,"menu_order":0,"comment_status":"closed","ping_status":"closed","template":"","meta":{"_uag_custom_page_level_css":"","ub_ctt_via":"","site-sidebar-layout":"default","site-content-layout":"default","ast-global-header-display":"","ast-main-header-display":"","ast-hfb-above-header-display":"","ast-hfb-below-header-display":"","ast-hfb-mobile-header-display":"","site-post-title":"disabled","ast-breadcrumbs-content":"","ast-featured-img":"","footer-sml-layout":"","theme-transparent-header-meta":"","adv-header-id-meta":"","stick-header-meta":"","header-above-stick-meta":"","header-main-stick-meta":"","header-below-stick-meta":"","footnotes":""},"featured_image_src":null,"uagb_featured_image_src":{"full":false,"thumbnail":false,"medium":false,"medium_large":false,"large":false,"1536x1536":false,"2048x2048":false},"uagb_author_info":{"display_name":"Visitors","author_link":"https:\/\/monteriver.com\/de\/author\/modrarijeka2023_vq6wkb\/"},"uagb_comment_info":0,"uagb_excerpt":"Tara ist der l\u00e4ngste, sch\u00f6nste und klarste Fluss in Montenegro, der in einem Gebirgszug im Norden Montenegros entspringt und 144 km flie\u00dft, bis er auf \u0160\u0107epan Polje in den Fluss Piva trifft, nach dem der Fluss Drina, einer der l\u00e4ngsten und gr\u00f6\u00dften Fl\u00fcsse auf dem Balkan, gebildet wird. Tara schnitt die Schlucht etwa 80 km&hellip;","_links":{"self":[{"href":"https:\/\/monteriver.com\/de\/wp-json\/wp\/v2\/pages\/1712"}],"collection":[{"href":"https:\/\/monteriver.com\/de\/wp-json\/wp\/v2\/pages"}],"about":[{"href":"https:\/\/monteriver.com\/de\/wp-json\/wp\/v2\/types\/page"}],"author":[{"embeddable":true,"href":"https:\/\/monteriver.com\/de\/wp-json\/wp\/v2\/users\/1"}],"replies":[{"embeddable":true,"href":"https:\/\/monteriver.com\/de\/wp-json\/wp\/v2\/comments?post=1712"}],"version-history":[{"count":4,"href":"https:\/\/monteriver.com\/de\/wp-json\/wp\/v2\/pages\/1712\/revisions"}],"predecessor-version":[{"id":1716,"href":"https:\/\/monteriver.com\/de\/wp-json\/wp\/v2\/pages\/1712\/revisions\/1716"}],"wp:attachment":[{"href":"https:\/\/monteriver.com\/de\/wp-json\/wp\/v2\/media?parent=1712"}],"curies":[{"name":"wp","href":"https:\/\/api.w.org\/{rel}","templated":true}]}}