{"id":1694,"date":"2023-03-15T20:31:45","date_gmt":"2023-03-15T20:31:45","guid":{"rendered":"https:\/\/monteriver.com\/rafting-camp-modra-rijeka\/"},"modified":"2023-04-13T20:57:07","modified_gmt":"2023-04-13T20:57:07","slug":"rafting-camp-modra-rijeka","status":"publish","type":"page","link":"https:\/\/monteriver.com\/de\/rafting-camp-modra-rijeka\/","title":{"rendered":"Rafting camp Modra Rijeka"},"content":{"rendered":"\n<div class=\"wp-block-cover alignfull\" style=\"min-height:500px\"><span aria-hidden=\"true\" class=\"wp-block-cover__background has-background-dim-20 has-background-dim\"><\/span><img decoding=\"async\" loading=\"lazy\" width=\"1200\" height=\"500\" class=\"wp-block-cover__image-background wp-image-467\" alt=\"Rafting kamp Modra Rijeka\" src=\"https:\/\/monteriver.com\/wp-content\/uploads\/2023\/03\/rafting-kamp-modra-rijeka-1.jpg\" data-object-fit=\"cover\" srcset=\"https:\/\/monteriver.com\/wp-content\/uploads\/2023\/03\/rafting-kamp-modra-rijeka-1.jpg 1200w, https:\/\/monteriver.com\/wp-content\/uploads\/2023\/03\/rafting-kamp-modra-rijeka-1-300x125.jpg 300w, https:\/\/monteriver.com\/wp-content\/uploads\/2023\/03\/rafting-kamp-modra-rijeka-1-1024x427.jpg 1024w, https:\/\/monteriver.com\/wp-content\/uploads\/2023\/03\/rafting-kamp-modra-rijeka-1-768x320.jpg 768w\" sizes=\"(max-width: 1200px) 100vw, 1200px\" \/><div class=\"wp-block-cover__inner-container is-layout-flow wp-block-cover-is-layout-flow\">\n<h1 class=\"wp-block-heading has-text-align-center\" style=\"font-size:70px\">Rafting camp Modra Rijeka<\/h1>\n\n\n\n<h2 class=\"wp-block-heading has-text-align-center\">Willkommen in unserem Camp<\/h2>\n<\/div><\/div>\n\n\n\n<div class=\"wp-block-columns alignfull are-vertically-aligned-top has-ast-global-color-0-background-color has-background is-layout-flex wp-container-5 wp-block-columns-is-layout-flex\">\n<div class=\"wp-block-column is-vertically-aligned-top is-layout-flow wp-block-column-is-layout-flow\" style=\"flex-basis:20%\"><\/div>\n\n\n\n<div class=\"wp-block-column is-vertically-aligned-top is-layout-flow wp-block-column-is-layout-flow\">\n<p class=\"has-text-align-left has-ast-global-color-5-color has-text-color has-medium-font-size\">Am Ausgangspunkt, von dem aus Sie sich auf ein unvergessliches Rafting-Abenteuer auf dem Fluss Tara begeben, in unmittelbarer N\u00e4he der Zusammensetzung von drei Fl\u00fcssen: Tara, Piva und Drina, befindet sich das Rafting-Camp Modra Rijeka.<\/p>\n<\/div>\n\n\n\n<div class=\"wp-block-column is-vertically-aligned-top is-layout-flow wp-block-column-is-layout-flow\" style=\"flex-basis:20%\"><\/div>\n<\/div>\n\n\n\n<div class=\"wp-block-uagb-image alignfull uagb-block-528ccf2d wp-block-uagb-image--layout-default wp-block-uagb-image--effect-zoomin wp-block-uagb-image--align-full\"><figure class=\"wp-block-uagb-image__figure\"><img decoding=\"async\" srcset=\"https:\/\/monteriver.com\/wp-content\/uploads\/2023\/03\/shape-1.svg \" src=\"https:\/\/monteriver.com\/wp-content\/uploads\/2023\/03\/shape-1.svg\" alt=\"shape\" class=\"uag-image-558\" width=\"\" height=\"\" title=\"\" loading=\"lazy\"\/><\/figure><\/div>\n\n\n\t\t\t<div \n\t\t\tclass=\"wp-block-uagb-google-map uagb-google-map__wrap uagb-block-14c04da8    \"\n\t\t\tstyle=\"\" >\n\t\t\t\t<iframe\n\t\t\t\t\tclass=\"uagb-google-map__iframe\"\n\t\t\t\t\ttitle=\"Google Map for \"\n\t\t\t\t\tsrc=\"https:\/\/maps.google.com\/maps?q=Rafting%20kamp%20Modra%20Rijeka&#038;z=12&#038;hl=sr&#038;t=m&#038;output=embed&#038;iwloc=near\"\n\t\t\t\t\twidth=\"640\"\n\t\t\t\t\theight=\"500\"\n\t\t\t\t\tloading=\"lazy\"\n\t\t\t\t><\/iframe>\n\t\t\t<\/div>\n\t\t\t\n\n\n<div class=\"wp-block-columns alignfull is-layout-flex wp-container-10 wp-block-columns-is-layout-flex\">\n<div class=\"wp-block-column is-layout-flow wp-block-column-is-layout-flow\" style=\"flex-basis:5%\"><\/div>\n\n\n\n<div class=\"wp-block-column is-layout-flow wp-block-column-is-layout-flow\">\n<p class=\"has-medium-font-size\">Nur 300 m von der Hauptstra\u00dfe Podgorica-Sarajevo entfernt, befindet sich diese touristische Oase, die ein wahres Juwel der montenegrinischen wilden Sch\u00f6nheit darstellt. Wenn Sie sich entscheiden, Rafting Tara zu gehen und Montenegro zu besuchen, ist das Rafting Camp Modra Rijeka der richtige Ort f\u00fcr Sie. Ein Ort, an dem Frieden und Harmonie vereint sind, genie\u00dfen Sie die unber\u00fchrte Natur des sch\u00f6nsten Teils Montenegros, mit Adrenalin und Extremsportarten, wie Rafting auf dem Fluss Tara, Canyoning auf dem Fluss Piva, Jeep-Safari-Touren rund um Durmitor und Piva Berg, Radtouren, Wanderungen, Besuche der Nevidio-Schlucht, Zip-Line-Abenteuer, Reiten und andere Sportarten.<\/p>\n<\/div>\n\n\n\n<div class=\"wp-block-column is-layout-flow wp-block-column-is-layout-flow\">\n<figure class=\"wp-block-image size-full has-custom-border\"><img decoding=\"async\" loading=\"lazy\" width=\"900\" height=\"600\" src=\"https:\/\/monteriver.com\/wp-content\/uploads\/2023\/03\/rafting-tara-kamp-modra-rijeka.jpg\" alt=\"Rafting camp Modra Rijeka in Montenegro\" class=\"wp-image-441\" style=\"border-radius:8px\" srcset=\"https:\/\/monteriver.com\/wp-content\/uploads\/2023\/03\/rafting-tara-kamp-modra-rijeka.jpg 900w, https:\/\/monteriver.com\/wp-content\/uploads\/2023\/03\/rafting-tara-kamp-modra-rijeka-300x200.jpg 300w, https:\/\/monteriver.com\/wp-content\/uploads\/2023\/03\/rafting-tara-kamp-modra-rijeka-768x512.jpg 768w\" sizes=\"(max-width: 900px) 100vw, 900px\" \/><\/figure>\n<\/div>\n\n\n\n<div class=\"wp-block-column is-layout-flow wp-block-column-is-layout-flow\" style=\"flex-basis:5%\"><\/div>\n<\/div>\n\n\n\n<div class=\"wp-block-columns alignfull has-ast-global-color-0-background-color has-background is-layout-flex wp-container-15 wp-block-columns-is-layout-flex\">\n<div class=\"wp-block-column is-layout-flow wp-block-column-is-layout-flow\" style=\"flex-basis:5%\"><\/div>\n\n\n\n<div class=\"wp-block-column is-layout-flow wp-block-column-is-layout-flow\">\n<figure class=\"wp-block-image size-full has-custom-border\"><img decoding=\"async\" loading=\"lazy\" width=\"900\" height=\"600\" src=\"https:\/\/monteriver.com\/wp-content\/uploads\/2023\/03\/most-piva.jpg\" alt=\"Br\u00fccke \u00fcber den Fluss Piva in der N\u00e4he des Rafting-Campingplatzes Modra Rijeka\" class=\"wp-image-448\" style=\"border-radius:8px\" srcset=\"https:\/\/monteriver.com\/wp-content\/uploads\/2023\/03\/most-piva.jpg 900w, https:\/\/monteriver.com\/wp-content\/uploads\/2023\/03\/most-piva-300x200.jpg 300w, https:\/\/monteriver.com\/wp-content\/uploads\/2023\/03\/most-piva-768x512.jpg 768w\" sizes=\"(max-width: 900px) 100vw, 900px\" \/><\/figure>\n<\/div>\n\n\n\n<div class=\"wp-block-column is-layout-flow wp-block-column-is-layout-flow\">\n<p class=\"has-ast-global-color-5-color has-text-color has-medium-font-size\">Seit 15 Jahren gilt das Rafting Camp &#8222;Modra Rijeka&#8220; als das sch\u00f6nste und am besten organisierte Camp in dieser Region. Ein Beweis daf\u00fcr sind die zahlreichen Auszeichnungen, die das Rafting Camp Modra Rijeka in den vergangenen Jahren erhalten hat, wie z.B. den Golden Cup f\u00fcr das beste Raftingcamp in der Region. Unsere Lage im Herzen von \u0160\u0107epan Polje, an der Stelle, an der das Rafting beginnt und wo das Tara-Rafting endet, unterscheidet uns von den anderen und macht uns zur richtigen Wahl f\u00fcr Sie und Ihre Lieben. Alles, was Sie tun m\u00fcssen, ist, Ihr Rafting-Abenteuer rechtzeitig zu buchen, und die Betreuung von Ihnen und Ihrer guten Zeit wird von unserem Team \u00fcbernommen, das denjenigen bekannt ist, die seit Jahren nach Montenegro zur\u00fcckkehren und auf dem Fluss Tara raften.<\/p>\n<\/div>\n\n\n\n<div class=\"wp-block-column is-layout-flow wp-block-column-is-layout-flow\" style=\"flex-basis:5%\"><\/div>\n<\/div>\n\n\n\n<div class=\"wp-block-columns is-layout-flex wp-container-17 wp-block-columns-is-layout-flex\">\n<div class=\"wp-block-column is-layout-flow wp-block-column-is-layout-flow\">\n<p class=\"has-medium-font-size\">Unser gro\u00dfer Parkplatz ist f\u00fcr die G\u00e4ste des Campingplatzes v\u00f6llig kostenlos, und es spielt keine Rolle, ob Sie und Ihre Freunde mit Fahrr\u00e4dern, Motorr\u00e4dern, Autos oder Bussen kommen, Ihr <strong>Parkplatz ist<\/strong> immer im Rafting-Camp Modra Rijeka reserviert.<\/p>\n\n\n<div class=\"ub-buttons align-button-center\"  id=\"ub-button-8cfd1f9c-eb32-491d-a9c3-738d2a0752ca\"><div class=\"ub-button-container\">\n    <a href=\"https:\/\/monteriver.com\/smjestaj\/\" target=\"_self\"\n    rel=\"noopener noreferrer\"\n    class=\"ub-button-block-main ub-button-medium ub-button-flex-medium\" role=\"button\">\n    <div class=\"ub-button-content-holder\"><span class=\"ub-button-icon-holder\"><svg xmlns=\"http:\/\/www.w3.org\/2000\/svg\"height=\"30\", width=\"30\"viewBox=\"0, 0, 256, 512\"><path fill=\"currentColor\" d=\"M246.6 233.4c12.5 12.5 12.5 32.8 0 45.3l-160 160c-12.5 12.5-32.8 12.5-45.3 0s-12.5-32.8 0-45.3L178.7 256 41.4 118.6c-12.5-12.5-12.5-32.8 0-45.3s32.8-12.5 45.3 0l160 160z\"><\/svg><\/span><span class=\"ub-button-block-btn\"><strong>UNTERKUNFT<\/strong><\/span>\n    <\/div><\/a><\/div><\/div><\/div>\n<\/div>\n\n\n\n<div class=\"wp-block-columns alignfull is-layout-flex wp-container-19 wp-block-columns-is-layout-flex\">\n<div class=\"wp-block-column is-layout-flow wp-block-column-is-layout-flow\">\t\t\t\t\t<div\n\t\t\t\t\t\tclass=\"wp-block-uagb-image-gallery uagb-block-1001f8a0     \"\n\t\t\t\t\t\tstyle=\"\"\n\t\t\t\t\t>\n\t\t\t\t\t\t\t\t\t\t\t<div class=\"spectra-image-gallery spectra-image-gallery__layout--grid spectra-image-gallery__layout--grid-col-2 spectra-image-gallery__layout--grid-col-tab-2 spectra-image-gallery__layout--grid-col-mob-1\">\n\t\t\t\t\t\t\t\t\t\t\t<div class='spectra-image-gallery__media-wrapper' data-spectra-gallery-image-id='447'>\n\t\t\t\t\t\t\t<div class=\"spectra-image-gallery__media spectra-image-gallery__media--grid\">\n\t\t\t\t<picture>\n\t\t\t\t\t<source media=\"(min-width: 1024px)\" srcset=\"https:\/\/monteriver.com\/wp-content\/uploads\/2023\/03\/kucice-rafting-modra-rijeka.jpg\">\n\t\t\t\t\t<source media=\"(min-width: 768px)\" srcset=\"https:\/\/monteriver.com\/wp-content\/uploads\/2023\/03\/kucice-rafting-modra-rijeka.jpg\">\n\t\t\t\t\t<img decoding=\"async\" class=\"spectra-image-gallery__media-thumbnail spectra-image-gallery__media-thumbnail--grid\" src=\"https:\/\/monteriver.com\/wp-content\/uploads\/2023\/03\/kucice-rafting-modra-rijeka.jpg\" alt=\"Smje\u0161taj u rafting kampu Modra Rijeka\" loading=\"lazy\" \/>\n\t\t\t\t<\/picture>\n\t\t\t\t<div class=\"spectra-image-gallery__media-thumbnail-blurrer\"><\/div>\n\t\t\t\t\t\t\t\t\t\t\t<div class=\"spectra-image-gallery__media-thumbnail-caption-wrapper spectra-image-gallery__media-thumbnail-caption-wrapper--overlay\"><\/div>\n\t\t\t\t\t\t\t\t<\/div>\n\t\t\t\t\t\t<\/div>\n\t\t\t\t\t\t<div class='spectra-image-gallery__media-wrapper' data-spectra-gallery-image-id='449'>\n\t\t\t\t\t\t\t<div class=\"spectra-image-gallery__media spectra-image-gallery__media--grid\">\n\t\t\t\t<picture>\n\t\t\t\t\t<source media=\"(min-width: 1024px)\" srcset=\"https:\/\/monteriver.com\/wp-content\/uploads\/2023\/03\/rafting-kamp-modra-rijeka.jpg\">\n\t\t\t\t\t<source media=\"(min-width: 768px)\" srcset=\"https:\/\/monteriver.com\/wp-content\/uploads\/2023\/03\/rafting-kamp-modra-rijeka.jpg\">\n\t\t\t\t\t<img decoding=\"async\" class=\"spectra-image-gallery__media-thumbnail spectra-image-gallery__media-thumbnail--grid\" src=\"https:\/\/monteriver.com\/wp-content\/uploads\/2023\/03\/rafting-kamp-modra-rijeka.jpg\" alt=\"Rafting kamp Modra Rijeka\" loading=\"lazy\" \/>\n\t\t\t\t<\/picture>\n\t\t\t\t<div class=\"spectra-image-gallery__media-thumbnail-blurrer\"><\/div>\n\t\t\t\t\t\t\t\t\t\t\t<div class=\"spectra-image-gallery__media-thumbnail-caption-wrapper spectra-image-gallery__media-thumbnail-caption-wrapper--overlay\"><\/div>\n\t\t\t\t\t\t\t\t<\/div>\n\t\t\t\t\t\t<\/div>\n\t\t\t\t\t\t<div class='spectra-image-gallery__media-wrapper' data-spectra-gallery-image-id='446'>\n\t\t\t\t\t\t\t<div class=\"spectra-image-gallery__media spectra-image-gallery__media--grid\">\n\t\t\t\t<picture>\n\t\t\t\t\t<source media=\"(min-width: 1024px)\" srcset=\"https:\/\/monteriver.com\/wp-content\/uploads\/2023\/03\/kucice-rafting-kamp.jpg\">\n\t\t\t\t\t<source media=\"(min-width: 768px)\" srcset=\"https:\/\/monteriver.com\/wp-content\/uploads\/2023\/03\/kucice-rafting-kamp.jpg\">\n\t\t\t\t\t<img decoding=\"async\" class=\"spectra-image-gallery__media-thumbnail spectra-image-gallery__media-thumbnail--grid\" src=\"https:\/\/monteriver.com\/wp-content\/uploads\/2023\/03\/kucice-rafting-kamp.jpg\" alt=\"Kucice rafting kamp Modra Rijeka\" loading=\"lazy\" \/>\n\t\t\t\t<\/picture>\n\t\t\t\t<div class=\"spectra-image-gallery__media-thumbnail-blurrer\"><\/div>\n\t\t\t\t\t\t\t\t\t\t\t<div class=\"spectra-image-gallery__media-thumbnail-caption-wrapper spectra-image-gallery__media-thumbnail-caption-wrapper--overlay\"><\/div>\n\t\t\t\t\t\t\t\t<\/div>\n\t\t\t\t\t\t<\/div>\n\t\t\t\t\t\t<div class='spectra-image-gallery__media-wrapper' data-spectra-gallery-image-id='441'>\n\t\t\t\t\t\t\t<div class=\"spectra-image-gallery__media spectra-image-gallery__media--grid\">\n\t\t\t\t<picture>\n\t\t\t\t\t<source media=\"(min-width: 1024px)\" srcset=\"https:\/\/monteriver.com\/wp-content\/uploads\/2023\/03\/rafting-tara-kamp-modra-rijeka.jpg\">\n\t\t\t\t\t<source media=\"(min-width: 768px)\" srcset=\"https:\/\/monteriver.com\/wp-content\/uploads\/2023\/03\/rafting-tara-kamp-modra-rijeka.jpg\">\n\t\t\t\t\t<img decoding=\"async\" class=\"spectra-image-gallery__media-thumbnail spectra-image-gallery__media-thumbnail--grid\" src=\"https:\/\/monteriver.com\/wp-content\/uploads\/2023\/03\/rafting-tara-kamp-modra-rijeka.jpg\" alt=\"Rafting kamp Modra Rijeka u Crnoj Gori\" loading=\"lazy\" \/>\n\t\t\t\t<\/picture>\n\t\t\t\t<div class=\"spectra-image-gallery__media-thumbnail-blurrer\"><\/div>\n\t\t\t\t\t\t\t\t\t\t\t<div class=\"spectra-image-gallery__media-thumbnail-caption-wrapper spectra-image-gallery__media-thumbnail-caption-wrapper--overlay\"><\/div>\n\t\t\t\t\t\t\t\t<\/div>\n\t\t\t\t\t\t<\/div>\n\t\t\t\t\t\t\t\t\t\t<\/div>\n\t\t\t\t\t\t\t\t\t\t\t\t\t\t\t\t\t\t<\/div>\n\t\t\t\t\t\t\t\t\t\t\t<div class='spectra-image-gallery__control-lightbox' tabindex='0'>\n\t\t\t\t\t\t\t\t\t\t\t<div class=\"swiper spectra-image-gallery__control-lightbox--main\" dir=\"\">\n\t\t\t\t\t<div class=\"swiper-wrapper\">\n\t\t\t\t\t\t\t\t\t\t\t\t\t\n\t\t\t\t\t\t\t<div class=\"swiper-slide\">\n\t\t\t\t\t\t\t\t<img class=\"swiper-lazy\" data-src=\"https:\/\/monteriver.com\/wp-content\/uploads\/2023\/03\/kucice-rafting-modra-rijeka.jpg\" alt=\"Smje\u0161taj u rafting kampu Modra Rijeka\"\/>\n\t\t\t\t\t\t\t\t<div class=\"swiper-lazy-preloader swiper-lazy-preloader-white\"><\/div>\n\t\t\t\t\t\t\t\t\t\t\t\t\t\t\t<\/div>\n\t\t\t\t\t\t\t\t\t\t\t\t\t\n\t\t\t\t\t\t\t<div class=\"swiper-slide\">\n\t\t\t\t\t\t\t\t<img class=\"swiper-lazy\" data-src=\"https:\/\/monteriver.com\/wp-content\/uploads\/2023\/03\/rafting-kamp-modra-rijeka.jpg\" alt=\"Rafting kamp Modra Rijeka\"\/>\n\t\t\t\t\t\t\t\t<div class=\"swiper-lazy-preloader swiper-lazy-preloader-white\"><\/div>\n\t\t\t\t\t\t\t\t\t\t\t\t\t\t\t<\/div>\n\t\t\t\t\t\t\t\t\t\t\t\t\t\n\t\t\t\t\t\t\t<div class=\"swiper-slide\">\n\t\t\t\t\t\t\t\t<img class=\"swiper-lazy\" data-src=\"https:\/\/monteriver.com\/wp-content\/uploads\/2023\/03\/kucice-rafting-kamp.jpg\" alt=\"Kucice rafting kamp Modra Rijeka\"\/>\n\t\t\t\t\t\t\t\t<div class=\"swiper-lazy-preloader swiper-lazy-preloader-white\"><\/div>\n\t\t\t\t\t\t\t\t\t\t\t\t\t\t\t<\/div>\n\t\t\t\t\t\t\t\t\t\t\t\t\t\n\t\t\t\t\t\t\t<div class=\"swiper-slide\">\n\t\t\t\t\t\t\t\t<img class=\"swiper-lazy\" data-src=\"https:\/\/monteriver.com\/wp-content\/uploads\/2023\/03\/rafting-tara-kamp-modra-rijeka.jpg\" alt=\"Rafting kamp Modra Rijeka u Crnoj Gori\"\/>\n\t\t\t\t\t\t\t\t<div class=\"swiper-lazy-preloader swiper-lazy-preloader-white\"><\/div>\n\t\t\t\t\t\t\t\t\t\t\t\t\t\t\t<\/div>\n\t\t\t\t\t\t\t\t\t\t\t<\/div>\n\t\t\t\t\t<div class=\"swiper-button-next\"><\/div>\n\t\t\t\t\t<div class=\"swiper-button-prev\"><\/div>\n\t\t\t\t<\/div>\t\t\t\n\t\t\t\t\t\t\t\t\t\t\t\t\t\t\t\t\t\t\t\t\t\t\t\t\t\t\t\t\t\t\t\t<button class='spectra-image-gallery__control-lightbox--close'>\n\t\t\t\t\t\t\t\t\t\t\t\t\t<svg xmlns=\"https:\/\/www.w3.org\/2000\/svg\" viewBox= \"0 0 320 512\"><path d=\"M310.6 361.4c12.5 12.5 12.5 32.75 0 45.25C304.4 412.9 296.2 416 288 416s-16.38-3.125-22.62-9.375L160 301.3L54.63 406.6C48.38 412.9 40.19 416 32 416S15.63 412.9 9.375 406.6c-12.5-12.5-12.5-32.75 0-45.25l105.4-105.4L9.375 150.6c-12.5-12.5-12.5-32.75 0-45.25s32.75-12.5 45.25 0L160 210.8l105.4-105.4c12.5-12.5 32.75-12.5 45.25 0s12.5 32.75 0 45.25l-105.4 105.4L310.6 361.4z\"><\/path><\/svg>\n\t\t\t\t\t\t\t\t\t\t\t\t<\/button>\n\t\t\t\t\t\t\t\t\t\t\t\t\t<\/div>\n\t\t\t\t\t\t\t\t\t<\/div>\n<\/div>\n","protected":false},"excerpt":{"rendered":"<p>Am Ausgangspunkt, von dem aus Sie sich auf ein unvergessliches Rafting-Abenteuer auf dem Fluss Tara begeben, in unmittelbarer N\u00e4he der Zusammensetzung von drei Fl\u00fcssen: Tara, Piva und Drina, befindet sich das Rafting-Camp Modra Rijeka. Nur 300 m von der Hauptstra\u00dfe Podgorica-Sarajevo entfernt, befindet sich diese touristische Oase, die ein wahres Juwel der montenegrinischen wilden Sch\u00f6nheit &hellip;<\/p>\n<p class=\"read-more\"> <a class=\"\" href=\"https:\/\/monteriver.com\/de\/rafting-camp-modra-rijeka\/\"> <span class=\"screen-reader-text\">Rafting camp Modra Rijeka<\/span> Weiterlesen &raquo;<\/a><\/p>\n","protected":false},"author":1,"featured_media":0,"parent":0,"menu_order":0,"comment_status":"closed","ping_status":"closed","template":"","meta":{"_uag_custom_page_level_css":"","ub_ctt_via":"","site-sidebar-layout":"no-sidebar","site-content-layout":"plain-container","ast-global-header-display":"","ast-main-header-display":"","ast-hfb-above-header-display":"","ast-hfb-below-header-display":"","ast-hfb-mobile-header-display":"","site-post-title":"disabled","ast-breadcrumbs-content":"","ast-featured-img":"","footer-sml-layout":"","theme-transparent-header-meta":"","adv-header-id-meta":"","stick-header-meta":"","header-above-stick-meta":"","header-main-stick-meta":"","header-below-stick-meta":"","footnotes":""},"featured_image_src":null,"uagb_featured_image_src":{"full":false,"thumbnail":false,"medium":false,"medium_large":false,"large":false,"1536x1536":false,"2048x2048":false},"uagb_author_info":{"display_name":"Visitors","author_link":"https:\/\/monteriver.com\/de\/author\/modrarijeka2023_vq6wkb\/"},"uagb_comment_info":0,"uagb_excerpt":"Am Ausgangspunkt, von dem aus Sie sich auf ein unvergessliches Rafting-Abenteuer auf dem Fluss Tara begeben, in unmittelbarer N\u00e4he der Zusammensetzung von drei Fl\u00fcssen: Tara, Piva und Drina, befindet sich das Rafting-Camp Modra Rijeka. Nur 300 m von der Hauptstra\u00dfe Podgorica-Sarajevo entfernt, befindet sich diese touristische Oase, die ein wahres Juwel der montenegrinischen wilden Sch\u00f6nheit&hellip;","_links":{"self":[{"href":"https:\/\/monteriver.com\/de\/wp-json\/wp\/v2\/pages\/1694"}],"collection":[{"href":"https:\/\/monteriver.com\/de\/wp-json\/wp\/v2\/pages"}],"about":[{"href":"https:\/\/monteriver.com\/de\/wp-json\/wp\/v2\/types\/page"}],"author":[{"embeddable":true,"href":"https:\/\/monteriver.com\/de\/wp-json\/wp\/v2\/users\/1"}],"replies":[{"embeddable":true,"href":"https:\/\/monteriver.com\/de\/wp-json\/wp\/v2\/comments?post=1694"}],"version-history":[{"count":4,"href":"https:\/\/monteriver.com\/de\/wp-json\/wp\/v2\/pages\/1694\/revisions"}],"predecessor-version":[{"id":1698,"href":"https:\/\/monteriver.com\/de\/wp-json\/wp\/v2\/pages\/1694\/revisions\/1698"}],"wp:attachment":[{"href":"https:\/\/monteriver.com\/de\/wp-json\/wp\/v2\/media?parent=1694"}],"curies":[{"name":"wp","href":"https:\/\/api.w.org\/{rel}","templated":true}]}}